{"id":99,"date":"2018-09-26T15:08:09","date_gmt":"2018-09-26T13:08:09","guid":{"rendered":"https:\/\/www.sinn-schaffen.de\/frieden\/?page_id=99"},"modified":"2020-09-07T16:32:12","modified_gmt":"2020-09-07T14:32:12","slug":"ican-protestiert-gegen-atomwaffengeschaefte-von-bnp-paribas","status":"publish","type":"page","link":"https:\/\/www.sinn-schaffen.de\/frieden\/ican-protestiert-gegen-atomwaffengeschaefte-von-bnp-paribas\/","title":{"rendered":"ICAN protestiert gegen Atomwaffengesch\u00e4fte von BNP Paribas"},"content":{"rendered":"<p><em>In Berlin haben ICAN-Aktivisten gegen die franz\u00f6sische Bank BNP Paribas protestiert. Das Institut unterst\u00fctzt Atomwaffenhersteller mit Milliardenbetr\u00e4gen. Allein im vergangenen Jahr flossen rund 1,4 Milliarden US-Dollar durch neue Kredite und andere Finanzdienstleistungen an Unternehmen, die Atombomben, Atomsprengk\u00f6pfe sowie Atomraketen produzieren oder mit der Wartung der Systeme beauftragt sind.<\/em><\/p>\n<hr>\n<p><img decoding=\"async\" class=\"alignleft wp-image-313\" title=\"Foto: ICAN, Rald Schlesener.\" src=\"https:\/\/www.sinn-schaffen.de\/frieden\/wp-content\/uploads\/sites\/16\/2018\/09\/ICAN-Ralf-Schlesener.jpg\" alt=\"\" width=\"1024\"><\/p>\n<hr>\n<p>&nbsp;<br \/>\n<strong>(Berlin, 26. September 2018)<\/strong> Mit einer Protestaktion haben Friedensaktivisten am Mittwochmorgen gegen die Atomwaffengesch\u00e4fte der Bank BNP Paribas protestiert. In Berlin entrollten Unterst\u00fctzer der Anti-Atomwaffen-Kampagne ICAN ein 20 Meter breites Transparent \u2013 auf dem Dach des Hochhauses am Kurf\u00fcrstendamm mit B\u00fcros von BNP Paribas. Unter dem Schriftzug der Bank war in roten Gro\u00dfbuchstaben zu lesen: \u201eStop investing in nuclear weapons!\u201c (auf deutsch: \u201eH\u00f6ren Sie auf, in Atomwaffen zu investieren!\u201c)<\/p>\n<p>Die franz\u00f6sische Bank BNP Paribas ist in 73 L\u00e4ndern t\u00e4tig und geh\u00f6rt mit rund 200.000 Angestellten zu den gr\u00f6\u00dften Banken weltweit. Das Institut unterst\u00fctzt Atomwaffenhersteller mit Milliardenbetr\u00e4gen. Alleine im vergangenen Jahr flossen rund 1,4 Milliarden US-Dollar durch neue Kredite und andere Finanzdienstleistungen an Unternehmen, die Atombomben, Atomsprengk\u00f6pfe sowie Atomraketen produzieren oder mit der Wartung der Systeme beauftragt sind. Die Internationale Kampagne zur Abschaffung von Atomwaffen (ICAN) hat daher f\u00fcr Mittwoch zu einem Aktionstag gegen die t\u00f6dlichen Investments von BNP Paribas aufgerufen.<\/p>\n<p>Martin Hinrichs aus dem Vorstand von ICAN Deutschland kommentiert: \u201eDie Investitionen in Atomwaffen sind unverantwortlich. BNP Paribas befeuert damit das globale Wettr\u00fcsten und nutzt das Geld der Kunden, um ihren potentiellen Tod zu finanzieren. Das muss aufh\u00f6ren.\u201c Dass es auch anders geht, zeigt die Deutsche Bank. Im Sommer hat sie eine neue Richtlinie beschlossen, die Investitionen in Atomwaffen ausschlie\u00dfen soll. In Deutschland organisiert ICAN derzeit eine Mailaktion an die Volks-, Raiffeisen- und Spardabanken, die \u00fcber ihr Zentralinstitut ebenfalls an der Finanzierung der Massenvernichtungswaffen beteiligt sind.<\/p>\n<figure class=\"wp-block-table\">\n<table class=\"has-subtle-light-gray-background-color has-background\">\n<tbody>\n<tr>\n<td width=\"25%\"><a rel=\"noopener noreferrer\" href=\"https:\/\/www.icanw.de\/uber-ican\/werwirsind\/\" target=\"_blank\"><img decoding=\"async\" class=\"aligncenter wp-image-313\" title=\" \" src=\"https:\/\/www.sinn-schaffen.de\/frieden\/wp-content\/uploads\/sites\/16\/2018\/09\/MartinHinrichs.jpg\" alt=\"\" width=\"180\"><\/a><\/td>\n<td width=\"75%\">Martin Hinrichs ist Mitglied im Vorstand von <a href=\"https:\/\/www.icanw.de\/uber-ican\/werwirsind\/\" target=\"_blank\" rel=\"noopener noreferrer\">ICAN Deutschland<\/a>.<\/td>\n<\/tr>\n<tr>\n<td><\/td>\n<td><a href=\"https:\/\/www.icanw.de\/uber-ican\/werwirsind\/\" target=\"_blank\" rel=\"noopener noreferrer\"><img decoding=\"async\" class=\"aligncenter wp-image-313\" title=\" \" src=\"https:\/\/www.sinn-schaffen.de\/frieden\/wp-content\/uploads\/sites\/16\/2018\/05\/ican.png\" alt=\"\" width=\"180\"><\/a><\/td>\n<\/tr>\n<\/tbody>\n<\/table>\n<\/figure>\n","protected":false},"excerpt":{"rendered":"<p>In Berlin haben ICAN-Aktivisten gegen die franz\u00f6sische Bank BNP Paribas protestiert. Das Institut unterst\u00fctzt Atomwaffenhersteller mit Milliardenbetr\u00e4gen. Allein im vergangenen Jahr flossen rund 1,4 Milliarden US-Dollar durch neue Kredite und andere Finanzdienstleistungen an Unternehmen, die Atombomben, Atomsprengk\u00f6pfe sowie Atomraketen produzieren oder mit der Wartung der Systeme beauftragt sind. &nbsp; (Berlin, 26. September 2018) Mit einer &hellip; <\/p>\n<p class=\"link-more\"><a href=\"https:\/\/www.sinn-schaffen.de\/frieden\/ican-protestiert-gegen-atomwaffengeschaefte-von-bnp-paribas\/\" class=\"more-link\"><span class=\"screen-reader-text\">\u201eICAN protestiert gegen Atomwaffengesch\u00e4fte von BNP Paribas\u201c<\/span> weiterlesen<\/a><\/p>\n","protected":false},"author":1,"featured_media":0,"parent":0,"menu_order":75,"comment_status":"closed","ping_status":"closed","template":"","meta":{"footnotes":""},"class_list":["post-99","page","type-page","status-publish","hentry"],"_links":{"self":[{"href":"https:\/\/www.sinn-schaffen.de\/frieden\/wp-json\/wp\/v2\/pages\/99","targetHints":{"allow":["GET"]}}],"collection":[{"href":"https:\/\/www.sinn-schaffen.de\/frieden\/wp-json\/wp\/v2\/pages"}],"about":[{"href":"https:\/\/www.sinn-schaffen.de\/frieden\/wp-json\/wp\/v2\/types\/page"}],"author":[{"embeddable":true,"href":"https:\/\/www.sinn-schaffen.de\/frieden\/wp-json\/wp\/v2\/users\/1"}],"replies":[{"embeddable":true,"href":"https:\/\/www.sinn-schaffen.de\/frieden\/wp-json\/wp\/v2\/comments?post=99"}],"version-history":[{"count":3,"href":"https:\/\/www.sinn-schaffen.de\/frieden\/wp-json\/wp\/v2\/pages\/99\/revisions"}],"predecessor-version":[{"id":373,"href":"https:\/\/www.sinn-schaffen.de\/frieden\/wp-json\/wp\/v2\/pages\/99\/revisions\/373"}],"wp:attachment":[{"href":"https:\/\/www.sinn-schaffen.de\/frieden\/wp-json\/wp\/v2\/media?parent=99"}],"curies":[{"name":"wp","href":"https:\/\/api.w.org\/{rel}","templated":true}]}}