{"id":1129,"date":"2023-04-15T15:58:54","date_gmt":"2023-04-15T13:58:54","guid":{"rendered":"https:\/\/www.sinn-schaffen.de\/hans-jochen-luhmann\/?page_id=1129"},"modified":"2023-04-15T16:02:38","modified_gmt":"2023-04-15T14:02:38","slug":"das-wachsende-ensemble-der-militaerischen-buendnisse-des-westens-wie-august-1914","status":"publish","type":"page","link":"https:\/\/www.sinn-schaffen.de\/hans-jochen-luhmann\/das-wachsende-ensemble-der-militaerischen-buendnisse-des-westens-wie-august-1914\/","title":{"rendered":"Das wachsende Ensemble der milit\u00e4rischen B\u00fcndnisse des Westens \u2013 wie August 1914?"},"content":{"rendered":"\n<p><em>Die Kolumne von Hans-Jochen Luhmann<\/em><\/p>\n\n\n\n<p>Die Katastrophe des Ersten Weltkriegs hat im August 1914 ihren Ausgang genommen. Das Geschehen wird gelegentlich so dargestellt: Es gab mehrere \u201eNetze\u201c von B\u00fcndnisverpflichtungen. Das Deutsche Reich lie\u00df dann fahrl\u00e4ssiger Weise zu, dass \u00d6sterreich sich eine Schere schnappte, um da autonom hinein zu schneiden. Das katastrophale Geschehen habe sich daraufhin gleichsam automatisch ergeben, wie bei einem Netz, dessen F\u00e4den aufgeribbelt werden.<\/p>\n\n\n\n<p>Auch heute ist ein Besorgnis erregender Stand milit\u00e4rischer B\u00fcndnisverpflichtungen erreicht. Der ist im \u00f6ffentlichen Bewusstsein erstaunlich wenig pr\u00e4sent, obwohl es im Ernstfall doch wieder um einen Blutzoll der wehrf\u00e4higen Generation gehen soll. Wie das Kaninchen auf die Schlange schaut, so wird immer nur die NATO in den Blick genommen, und da auch nur das politische B\u00fcndnis. Die verbreitete Meinung ist, mit dem ber\u00fchmten Art. 5 NATO-Vertrag werde bei einem Angriff auf ein Mitglied gleichsam automatisch der Verteidigungsfall des B\u00fcndnisses ausgel\u00f6st, als ob mit dessen Anrufung alles getriggert werde. Doch schon <a href=\"https:\/\/www.sinn-schaffen.de\/lesetipp\/zum-umgang-mit-dem-revisionismus\/\" target=\"_blank\" rel=\"noreferrer noopener\">die Vorstellung, dass die T\u00fcrkei Griechenland angreift<\/a>, k\u00f6nnte einen ins Gr\u00fcbeln st\u00fcrzen. Aus dem tragischen Automatismus im August 1914 wurde schlie\u00dflich gelernt. Insofern lohnt ein Blick auf die heutige B\u00fcndnissituation.<\/p>\n\n\n\n<p>Ich folge hier einer <a href=\"https:\/\/www.atlanticcouncil.org\/wp-content\/uploads\/2022\/06\/Entangling_Alliances__Europe_the_United_States_Asia_and_the_Risk_of_1914_.pdf\" target=\"_blank\" rel=\"noreferrer noopener\">Darstellung aus der Feder eines der versiertesten und zugleich gebildetsten K\u00f6pfe in der analytischen Sicherheitspolitik, des Franzosen Bruno Tertrais<\/a> \u2013 und ich gestehe, dass ich, der ich meinte, mindestens <a href=\"https:\/\/www.sinn-schaffen.de\/hans-jochen-luhmann\/konfliktaustrag-im-falle-ueberlappender-buendnisse-das-oestliche-mittelmeer-als-laborsituation\/\" target=\"_blank\" rel=\"noreferrer noopener\">das Bild der \u00fcberlappenden B\u00fcndnisverpflichtungen in Europa<\/a> einigerma\u00dfen vollst\u00e4ndig vor Augen zu haben, bei der Lekt\u00fcre \u00fcberrascht war.<\/p>\n\n\n\n<p><strong>In Europa<\/strong><\/p>\n\n\n\n<p>Allein f\u00fcr Europa stellt sich das Bild der B\u00fcndnisverpflichtungen nach Tertrais wie in den folgenden drei (kursiv zitierten) Abs\u00e4tzen dar, der erste zum EU-Vertrag, der zweite zu bilateralen B\u00fcndnissen von einzelnen Mitgliedstaaten und der dritte zu den Unterschieden der Verpflichtungen auf den drei Ebenen (NATO; EU; bilateral):<\/p>\n\n\n\n<ol class=\"wp-block-list\" type=\"1\">\n<li><em>In addition, the Treaty of Lisbon (2007) <strong>commits EU members to collective defense<\/strong> through <strong>Article 42.7<\/strong>. This is inherited from the aforementioned Modified Brussels Treaty of 1954. While the obligation is generally considered secondary given that most concerned countries are members of NATO, Article 42.7 was nevertheless activated by France after the terrorist attacks of November 2015 in Paris. <strong>Contrary to NATO\u2019s Article 5, the EU\u2019s Article 42.7 does not require consensus<\/strong>: any EU country can invoke it to support an attacked member.<br><\/em>Dieser Absatz hebt durch Vergleich hervor: Art. 5 NATO-Vertrag hat nichts Mechanistisches an sich, welches an die desastr\u00f6se Netz-Gesetzm\u00e4\u00dfigkeit von 1914 erinnert, wohl aber hat dies der B\u00fcndnis-Artikel im EU-Vertrag. Zu gew\u00e4rtigen hat man zudem die unterschiedliche \u00dcberlappung beider B\u00fcndnisse: Im hypothetischen Fall eines Angriffs der innenpolitisch revanchistisch aufgestellten T\u00fcrkei auf griechische Inseln ist die NATO mit ihrem Konsens-Prinzip gel\u00e4hmt, w\u00e4hrend die EU-Staaten Griechenland zu Hilfe kommen m\u00fcssen. Vor diesem Hintergrund ist es zudem verst\u00f6rend, dass die Debatte um die Aufnahme von Moldawien, Georgien und der Ukraine in die EU unter Absehung der b\u00fcndnispolitischen Implikation gef\u00fchrt wird. Anders formuliert: Was sind das f\u00fcr nationale \u00d6ffentlichkeiten, welche der Ukraine z.B. B\u00fcndnissolidarit\u00e4t anbieten, ohne davon zu wissen?<\/li>\n\n\n\n<li><strong><em>Intra-European defense solidarity<\/em><\/strong><em> was further reinforced by <strong>two new bilateral defense clauses<\/strong>: <strong>one<\/strong> between <strong>Germany and France<\/strong> through the Aachen Treaty of 2019 (which includes a particularly strong mutual commitment), and <strong>another<\/strong> between <strong>Greece and France<\/strong> through a strategic partnership agreement signed in 2021.<br><\/em>Dieser Absatz besagt: Es gibt neuerdings eine Tendenz zu einer dritten-Puppen-in der Puppe-Ebene, zu EU-internen bilateralen milit\u00e4rischen Beistandspakten. <a href=\"https:\/\/www.sinn-schaffen.de\/hans-jochen-luhmann\/konfliktaustrag-im-falle-ueberlappender-buendnisse-das-oestliche-mittelmeer-als-laborsituation\/\" target=\"_blank\" rel=\"noreferrer noopener\">Die umfassen auch einen gr\u00f6\u00dferen Bestand des \u201eStaatsgebietes\u201c<\/a> \u2013 relevant ist das im Falle der Ex-Kolonialmacht Frankreich mit ihren Besitzungen im pazifischen Raum (daneben in S\u00fcdamerika). Die garantierte Schutzerstreckung des B\u00fcndnisgebietes wird so f\u00fcr Frankreich gegen\u00fcber der in Art. 42.7 erheblich erweitert. Deutschland ist Schutzverpflichtungen im pazifischen Raum eingegangen.<\/li>\n\n\n\n<li><em>These countries are thus <strong>now protected by concentric circles of alliances<\/strong> resembling a <strong>set of matryoshka dolls<\/strong>. For countries that are members of both the European Union and NATO, Article 42.7 is <strong>a sort of \u201cbackstop\u201d<\/strong> in case consensus could not be achieved within the North Atlantic Council (NAC) to trigger Article 5; and the France-Greece agreement is a backstop for Greece in case 42.7 could not be invoked.<\/em><br>Dieser Absatz besagt: Die Funktion der bis zu zweifachen Unterlegung einer B\u00fcndnisverpflichtung f\u00fcr dieselbe Staatenkonstellation ist eine \u201ehilfsweise\u201c-Garantie f\u00fcr den Fall, dass das \u00fcbergeordnete (multilaterale) B\u00fcndnis im Ernstfall den erbetenen Schutz (zweimal) versagt. Insofern wird mit dieser nur scheinbaren Doppelung schon etwas kommuniziert, was explizit unsagbar ist: Man geht realistisch davon aus, dass B\u00fcndnis-Zusagen der kollektiven Verteidigung nicht blind zum Nennwert genommen werden d\u00fcrfen; dass die eingangs erw\u00e4hnte Netzmechanik, wie aus August 1914 bekannt, im Ernstfall doch nicht spielen k\u00f6nnte.<\/li>\n<\/ol>\n\n\n\n<p>Zudem gibt es den folgenden Bestand: Die f\u00fcnf Nordischen Staaten haben im Jahre 2009, au\u00dferhalb der NATO, einen <a href=\"https:\/\/www.nordefco.org\/the-basics-about-nordefco\" target=\"_blank\" rel=\"noreferrer noopener\">gemeinsamen Rahmen f\u00fcr Verteidigungs-Kooperation (NORDEFCO)<\/a> aufgesetzt. Drei von ihnen (D\u00e4nemark, Norwegen und Schweden) haben <a href=\"https:\/\/www.government.se\/press-releases\/2022\/11\/defence-ministers-of-finland-norway-and-sweden-signed-an-updated-trilateral-statement-of-intent\/\" target=\"_blank\" rel=\"noreferrer noopener\">im September 2021 sich auf ein Statement of Intent f\u00fcr eine weitergehende operationelle Kooperation<\/a> geeinigt. Besonders bemerkenswert ist der Vorgang, kurz vor der Invasion Russlands in die Ukraine, dass Gro\u00dfbritannien, Polen und Ukraine ank\u00fcndigten, <a href=\"https:\/\/www.reuters.com\/world\/europe\/britain-poland-ukraine-preparing-trilateral-security-pact-kyiv-says-2022-02-01\/\" target=\"_blank\" rel=\"noreferrer noopener\">ein \u201e<em>new regional format of cooperation Ukraine-Poland-UK<\/em>\u201c auflegen zu wollen<\/a>.<\/p>\n\n\n\n<p><strong>B\u00fcndnis-Netz der NATO<\/strong><\/p>\n\n\n\n<p>Bislang ist der Fokus der Debatten auf den f\u00f6rmlichen Bestand der NATO und dessen Expansion gerichtet \u2013 <a href=\"https:\/\/crp-infotec.de\/nato-entwicklung-mitgliedschaft\/\" target=\"_blank\" rel=\"noreferrer noopener\">im Ma\u00df formeller Mitgliedschaft ist sie im Zeitraum 1991 bis 2020 gewachsen um 14 Staaten<\/a> \u2013 mit Finnland und Schweden wird die Verdoppelung erreicht. \u00dcbersehen wird dabei, dass dieses Wachstum nur ein Symptom des Wachstums von etwas Umfassenderem ist, das ist der generellen Bundesgenossenschaft mit dem Zentrum \u201eUSA\u201c.<\/p>\n\n\n\n<p>Wenig bekannt ist die Expansion der NATO jenseits der puren Mitgliedschaft. Das Wachstum fand statt in den beiden folgenden Dimensionen.<\/p>\n\n\n\n<p>a) in Form von einer Erweiterung der Anl\u00e4sse eines B\u00fcndnisfalls (<em>could qualify as an armed attack and trigger Article 5<\/em>), der gilt inzwischen auch f\u00fcr folgende F\u00e4lle:<\/p>\n\n\n\n<ol class=\"wp-block-list\" type=\"1\">\n<li>nicht-traditionelle Aggressionsformen (jenseits von Terrorismus),<\/li>\n\n\n\n<li>in der Cyber-Sph\u00e4re (2014) sowie<\/li>\n\n\n\n<li>\u201c<em>to, from, or within outer space<\/em>\u201d (2021)<\/li>\n<\/ol>\n\n\n\n<p>und b) in Form eines Netzes von Sicherheits-Partnerschaften der NATO mit einer Vielzahl von Staaten:<\/p>\n\n\n\n<ul class=\"wp-block-list\">\n<li>15 \u201c<em>partners for peace<\/em>\u201d,<\/li>\n\n\n\n<li>7 Mitglieder des Mittelmeer-Dialogs,<\/li>\n\n\n\n<li>4 Golf-Staaten der Istanbul Cooperation Initiative, und schlie\u00dflich<\/li>\n\n\n\n<li>9 \u201c<em>partners across the globe<\/em>\u201d. Nicht nur Schweden und Finnland, auch die Ukraine und Georgien waren der NATO Response Force beigetreten.<\/li>\n<\/ul>\n\n\n\n<p>Die NATO war vor dem Ukraine-Krieg zunehmend dabei, ihren \u201eSicherheitsschirm\u201c, so die Sprechweise, \u00fcber Europ\u00e4ische Nicht-NATO-Staaten auszubreiten. Der Ukraine-Krieg hat die Doppelb\u00f6digkeit dieser Sprechweise erwiesen.<\/p>\n\n\n\n<p>Zudem gilt: Die NATO ist nicht nur weltweit das gr\u00f6\u00dfte f\u00f6rmliche B\u00fcndnis gemessen in Mitgliedschaften, sie ist auch das einzige von zweien, das \u00fcber ein permanentes milit\u00e4risches Kommando verf\u00fcgt (das andere ist das der <em>ROK\/US Combined Forces Korea<\/em>).<\/p>\n\n\n\n<p><strong>Das Weben der USA an B\u00fcndnis-Netzen<\/strong><\/p>\n\n\n\n<p>Dass die USA dabei sind, im s\u00fcdostasiatischen\/pazifischen Raum B\u00fcndnisse zu schmieden, soll hier nicht betrachtet werden. Hier soll es um anderes gehen. \u00dcberraschend ist vielleicht, von diesen beiden Vertiefungsvorhaben zu erfahren.<\/p>\n\n\n\n<p><em>\u201e&#8230; US lawmakers have asked the Biden Administration to consider an <strong>enlargement of the \u201cFive Eyes\u201d intelligence-sharing group<\/strong> (involving Australia, Canada, New Zealand, the United Kingdom, and the United States) <strong>to include<\/strong> South Korea, Japan, India, and <strong>Germany<\/strong>.<\/em>\u201c<\/p>\n\n\n\n<p>Das gibt eine Vorstellung vom intendierten inneren Zirkel des globalen B\u00fcndnis-Netzwerk der USA.<\/p>\n\n\n\n<p>\u201e<em>It is also noteworthy that the <strong>US nuclear umbrella<\/strong> has been <strong>discreetly expanded in the past decade<\/strong>. <strong>Since<\/strong> the Nuclear Posture Review of <strong>2010<\/strong>, <strong>nuclear extended deterrence explicitly covers not only allies but also \u201cpartners\u201d <\/strong>\u2014 a formulation kept deliberately vague. This shift was <strong>confirmed the 2018<\/strong> Nuclear Posture Review. <strong>US nuclear weapons thus protect some&nbsp; fifty countries, or about one-quarter of the world\u2019s total<\/strong>.<\/em>\u201c<\/p>\n\n\n\n<p>Dazu liegen mir bislang keine weitergehenden Informationen vor.<\/p>\n\n\n\n<p><strong>Zusammenfassung<\/strong><\/p>\n\n\n\n<p>Tertrais fasst seine Tour d\u2018horizon mit der folgenden Feststellung zusammen.<\/p>\n\n\n\n<p>\u201e<em>The <strong>US system of alliances<\/strong> is \u201cunique in human history.\u201d It is institutionalized like no other. A few years ago, a scholar calculated that US alliances <strong>covered some 25 percent of the world\u2019s population and 75 percent of its gross domestic product<\/strong>.<\/em>\u201c<\/p>\n\n\n\n<p>Damit deutet Tertrais an: Der Hegemon USA hat ein B\u00fcndnissystem einer Minderheit, und zwar der Reichen, geschaffen \u2013 die \u00dcberlappung mit demokratisch regierten Staatswesen, wenn sie denn eine valide Behauptung ist, ist des Nachdenkens wert. Ob ein so fokussiertes B\u00fcndnis \u00fcberlebensf\u00e4hig ist, ist zweifelhaft \u2013 denn die nat\u00fcrliche Reaktion ist, dass die Armen es ablehnen \u2013 und die haben die Mehrheit.<\/p>\n\n\n\n<div class=\"wp-block-columns is-layout-flex wp-container-core-columns-is-layout-9d6595d7 wp-block-columns-is-layout-flex\">\n<div class=\"wp-block-column is-layout-flow wp-block-column-is-layout-flow\" style=\"flex-basis:33.33%\">\n<figure class=\"wp-block-image size-large\"><a href=\"https:\/\/wupperinst.org\/c\/wi\/c\/s\/cd\/70\/\" target=\"_blank\" rel=\"noreferrer noopener\"><img loading=\"lazy\" decoding=\"async\" width=\"1024\" height=\"853\" src=\"https:\/\/www.sinn-schaffen.de\/hans-jochen-luhmann\/wp-content\/uploads\/sites\/12\/2020\/10\/Luhmann_Jochen_FG1_farb-1024x853.jpg\" alt=\"\" class=\"wp-image-827\"\/><\/a><\/figure>\n<\/div>\n\n\n\n<div class=\"wp-block-column is-layout-flow wp-block-column-is-layout-flow\" style=\"flex-basis:66.66%\">\n<p>Dr. Hans-Jochen Luhmann ist Senior Expert am <a href=\"http:\/\/wupperinst.org\" target=\"_blank\" rel=\"noreferrer noopener\">Wuppertal Institut f\u00fcr Klima, Umwelt, Energie GmbH<\/a>.<\/p>\n<\/div>\n<\/div>\n\n\n\n\n\n<div class=\"wp-block-columns is-layout-flex wp-container-core-columns-is-layout-9d6595d7 wp-block-columns-is-layout-flex\">\n<div class=\"wp-block-column is-layout-flow wp-block-column-is-layout-flow\" style=\"flex-basis:33.33%\">\n<figure class=\"wp-block-image size-full\"><a href=\"https:\/\/www.atlanticcouncil.org\/wp-content\/uploads\/2022\/06\/Entangling_Alliances__Europe_the_United_States_Asia_and_the_Risk_of_1914_.pdf\" target=\"_blank\" rel=\"noreferrer noopener\"><img loading=\"lazy\" decoding=\"async\" width=\"616\" height=\"796\" src=\"https:\/\/www.sinn-schaffen.de\/hans-jochen-luhmann\/wp-content\/uploads\/sites\/12\/2023\/04\/Entangling_Alliances__Europe_the_United_States_Asia_and_the_Risk_of_1914_-T.jpg\" alt=\"\" class=\"wp-image-1126\"\/><\/a><\/figure>\n<\/div>\n\n\n\n<div class=\"wp-block-column is-layout-flow wp-block-column-is-layout-flow\" style=\"flex-basis:66.66%\">\n<p>Die Analyse &#8222;Entangling Alliances? Europe, the United States, Asia, and the Risk of 1914&#8220; von Bruno Tertrais steht <a href=\"https:\/\/www.atlanticcouncil.org\/wp-content\/uploads\/2022\/06\/Entangling_Alliances__Europe_the_United_States_Asia_and_the_Risk_of_1914_.pdf\" target=\"_blank\" rel=\"noreferrer noopener\">\u00fcber diesen Link zum Download als PDF<\/a> bereit.<\/p>\n<\/div>\n<\/div>\n","protected":false},"excerpt":{"rendered":"<p>Die Kolumne von Hans-Jochen Luhmann Die Katastrophe des Ersten Weltkriegs hat im August 1914 ihren Ausgang genommen. Das Geschehen wird gelegentlich so dargestellt: Es gab mehrere \u201eNetze\u201c von B\u00fcndnisverpflichtungen. Das Deutsche Reich lie\u00df dann fahrl\u00e4ssiger Weise zu, dass \u00d6sterreich sich eine Schere schnappte, um da autonom hinein zu schneiden. Das katastrophale Geschehen habe sich daraufhin &hellip; <\/p>\n<p class=\"link-more\"><a href=\"https:\/\/www.sinn-schaffen.de\/hans-jochen-luhmann\/das-wachsende-ensemble-der-militaerischen-buendnisse-des-westens-wie-august-1914\/\" class=\"more-link\"><span class=\"screen-reader-text\">\u201eDas wachsende Ensemble der milit\u00e4rischen B\u00fcndnisse des Westens \u2013 wie August 1914?\u201c<\/span> weiterlesen<\/a><\/p>\n","protected":false},"author":1,"featured_media":0,"parent":0,"menu_order":24,"comment_status":"closed","ping_status":"closed","template":"","meta":{"footnotes":""},"class_list":["post-1129","page","type-page","status-publish","hentry"],"_links":{"self":[{"href":"https:\/\/www.sinn-schaffen.de\/hans-jochen-luhmann\/wp-json\/wp\/v2\/pages\/1129","targetHints":{"allow":["GET"]}}],"collection":[{"href":"https:\/\/www.sinn-schaffen.de\/hans-jochen-luhmann\/wp-json\/wp\/v2\/pages"}],"about":[{"href":"https:\/\/www.sinn-schaffen.de\/hans-jochen-luhmann\/wp-json\/wp\/v2\/types\/page"}],"author":[{"embeddable":true,"href":"https:\/\/www.sinn-schaffen.de\/hans-jochen-luhmann\/wp-json\/wp\/v2\/users\/1"}],"replies":[{"embeddable":true,"href":"https:\/\/www.sinn-schaffen.de\/hans-jochen-luhmann\/wp-json\/wp\/v2\/comments?post=1129"}],"version-history":[{"count":3,"href":"https:\/\/www.sinn-schaffen.de\/hans-jochen-luhmann\/wp-json\/wp\/v2\/pages\/1129\/revisions"}],"predecessor-version":[{"id":1133,"href":"https:\/\/www.sinn-schaffen.de\/hans-jochen-luhmann\/wp-json\/wp\/v2\/pages\/1129\/revisions\/1133"}],"wp:attachment":[{"href":"https:\/\/www.sinn-schaffen.de\/hans-jochen-luhmann\/wp-json\/wp\/v2\/media?parent=1129"}],"curies":[{"name":"wp","href":"https:\/\/api.w.org\/{rel}","templated":true}]}}