{"id":1319,"date":"2025-06-17T16:39:27","date_gmt":"2025-06-17T14:39:27","guid":{"rendered":"https:\/\/www.sinn-schaffen.de\/hans-jochen-luhmann\/?page_id=1319"},"modified":"2025-06-17T16:39:32","modified_gmt":"2025-06-17T14:39:32","slug":"die-zentrale-rolle-der-multi-domain-task-forces-mdtf-im-neuen-kriegsfuehrungskonzept-des-westens","status":"publish","type":"page","link":"https:\/\/www.sinn-schaffen.de\/hans-jochen-luhmann\/die-zentrale-rolle-der-multi-domain-task-forces-mdtf-im-neuen-kriegsfuehrungskonzept-des-westens\/","title":{"rendered":"Die zentrale Rolle der Multi Domain Task Forces (MDTF) im neuen Kriegsf\u00fchrungskonzept des Westens"},"content":{"rendered":"\n<p><em>Die Kolumne von Hans-Jochen Luhmann (Juni 2025)<\/em><\/p>\n\n\n\n<p>\u201e<em>Die R\u00fcckkehr von Mittelstreckenraketen nach Europa<\/em>\u201c \u2013 so hat das <a href=\"https:\/\/friedensgutachten.de\/user\/pages\/02.2025\/02.ausgabe\/07.ruestungsdynamiken\/FGA2025_3.pdf\" data-type=\"link\" data-id=\"https:\/\/friedensgutachten.de\/user\/pages\/02.2025\/02.ausgabe\/07.ruestungsdynamiken\/FGA2025_3.pdf\" target=\"_blank\" rel=\"noreferrer noopener\">Friedensgutachten 2025 das einschl\u00e4gige Kapitel 3.3<\/a> betitelt. Ausl\u00f6ser f\u00fcr den Titel-Satz ist die unauff\u00e4llige Vereinbarung vom Juli 2024 zwischen Washington und Berlin, <a href=\"https:\/\/www.sinn-schaffen.de\/hans-jochen-luhmann\/die-entscheidung-der-bundesregierung-zur-entwicklung-und-stationierung-von-abstandsfaehigen-praezisionswaffen\/\" target=\"_blank\" rel=\"noreferrer noopener\">ab 2026 konventionelle bodengest\u00fctzte ballistische Raketen und Marschflugk\u00f6rper mittlerer Reichweite (bis etwa 3.000 Kilometer) in Deutschland zu stationieren<\/a>. Dieses Arsenal steht unter dem Befehl der <em>Multi-Domain Task Force<\/em> (MDTF), des US-Verbands, der die sogenannten \u201e<em>Long Range Weapons<\/em>\u201c (Marschflugk\u00f6rper und (ballistische) Raketen mit Mittelstreckenreichweite) vom Boden aus zum Einsatz zu bringen vermag. Zur Rolle dieser MDTF ist k\u00fcrzlich ein bemerkenswert offenherziger Artikel erschienen. Autor ist ein deutscher General (Ulf H\u00e4ussler), der bei der NATO im Einsatz ist. Ich hebe vier Punkte hervor.<\/p>\n\n\n\n<h1 class=\"wp-block-heading\">1.&nbsp;&nbsp;&nbsp;&nbsp;&nbsp; Auferstehung der \u201c<em>nuklearen Artillerie\u201c<\/em><\/h1>\n\n\n\n<p>Bei der MDTF handelt es sich bekanntlich um einen Verband der US-Landstreitkr\u00e4fte. Die US Army erlangt damit ebenfalls die F\u00e4higkeit zum Einsatz von \u201e<em>Long Range Weapons<\/em>\u201c, \u00fcber welche die Luftwaffe und die Marine der USA seit langem verf\u00fcgen. Das INF-Abkommen hatte in Europa eben allein die landgest\u00fctzten Versionen von \u201e<em>Long Range Weapons<\/em>\u201c in Europa untersagt. Nachdem das INF-Abkommen abger\u00e4umt wurde, findet in diesem Waffenbereich nun das nachholende Wettr\u00fcsten in hoher Geschwindigkeit statt.<\/p>\n\n\n\n<p>Die Truppenbezeichnungen, die f\u00fcr die Verb\u00e4nde der neuen Formation der Landstreitkr\u00e4fte, MDTF, verwendet werden, kn\u00fcpfen interessanterweise an an jene aus der Zeit des Kalten Krieges \u2013 seinerzeit gab es sie in den modernen reichweitenstarken Versionen noch nicht, also wurden sie umgangssprachlich als \u00bb(<em>nukleare) Artillerie<\/em>\u00ab bezeichnet. Bei den heutigen Versionen braucht man das \u201eNukleare\u201c nicht mehr, weil die Digitalisierung inzwischen einen Grad der Zielgenauigkeit erm\u00f6glicht hat, der fr\u00fcher fehlte. Damals wurde die mangelnde Treffgenauigkeit durch die weit h\u00f6here Sprengkraft der nuklearen Best\u00fcckung ausgeglichen.<\/p>\n\n\n\n<p>Die Bezeichnung ist historisch bemerkenswert. Anlass f\u00fcr die \u201eG\u00f6ttinger Erkl\u00e4rung\u201c f\u00fchrender Atomwissenschaftler, achtzehn an der Zahl, war eine Bemerkung des damaligen Bundeskanzlers Konrad Adenauer, es handele sich bei Nuklearwaffen um eine Art von Artillerie-Geschossen. Er suchte die taktischen Atomwaffen, die seinerzeit zur Stationierung vorgesehen waren und in deutscher Verf\u00fcgung gewesen w\u00e4ren, zu verharmlosen. Deswegen bezeichnete er sie auf einer ber\u00fchmt-ber\u00fcchtigten Pressekonferenz am 5. April 1957 als \u201e<em>Fortentwicklung der Artillerie<\/em>\u201c. Damit erreichte er jedoch das Gegenteil: Er l\u00f6ste eine Welle der \u00f6ffentlichen Emp\u00f6rung aus, welche die angestrebte Entwicklung hin zur autonomen Verf\u00fcgbarkeit nuklearer Waffen Deutschlands stoppte.<\/p>\n\n\n\n<h1 class=\"wp-block-heading\">2.&nbsp;&nbsp;&nbsp;&nbsp;&nbsp; Das neue operative Paradigma \u00bbMulti Domain Operations\u00ab<\/h1>\n\n\n\n<p>Bei der Indienststellung der MDTF seitens der USA in Europa handelt es sich nicht um einen isolierten Vorgang, sie ist vielmehr einer von vielen Beitr\u00e4gen zur Umsetzung des seit Mitte der 2010er Jahre in Etablierung begriffenen neuen operativen Paradigmas \u00bb<em>Multi Domain Operations<\/em>\u00ab (MDO). Das f\u00fchre zu einer Ver\u00e4nderung, die die Streitkr\u00e4fte in Europa systemisch erfasst. Es geht somit um das Kriegsbild, welches mit der Wahl spezifischer Waffen verfolgt wird. Die \u00f6ffentliche Debatte weicht einer Befassung mit dem Waffen-spezifischen Kriegsbild bislang aus, die leitenden Begriffe, unter die ein Mehr an Waffen subsumiert werden, das ist \u201eAbschreckung\u201c und \u201eSt\u00e4rke\u201c, sind genau solche, die erlauben, die Frage nach \u201eWarum gerade diese Waffen?\u201c zu \u00fcbergehen. Man will nicht hinschauen, dass es Alternativen gibt.<\/p>\n\n\n\n<p>H\u00e4ussler spricht von einem \u201eParadigmenwechsel\u201c (im Kriegsbild). Der dr\u00fcckt sich aus in ver\u00e4nderten Aktivit\u00e4ten der Verteidigungsplanung. Dazu geh\u00f6rt die Entwicklung neuer F\u00e4higkeiten und Doktrinen der Kriegsf\u00fchrung. Dazu geh\u00f6ren weiter R\u00fcstungsaktivit\u00e4ten von der Erprobung bis zur Beschaffung neuer F\u00e4higkeitstr\u00e4ger sowie der erforderliche Aufwuchs an Personal.<\/p>\n\n\n\n<p>Worum es geht, wird von Milit\u00e4rs den Nicht-Fachleuten <a href=\"https:\/\/www.blog-der-republik.de\/neues-erklaervideo-der-bundeswehr-zur-us-raketenstationierung\/\" target=\"_blank\" rel=\"noreferrer noopener\">durch ein einfaches Bild zu erkl\u00e4ren versucht<\/a>. Es lautet, man habe <a href=\"https:\/\/www.defenseone.com\/threats\/2025\/06\/move-faster-share-things-former-nato-transformation-chief-previews-summit\/405904\/?oref=d1-category-lander-river\" target=\"_blank\" rel=\"noreferrer noopener\">drei Optionen im Umgang mit einem feindlichen Bogensch\u00fctzen (\u201e<em>archer<\/em>\u201c)<\/a>:<\/p>\n\n\n\n<ul class=\"wp-block-list\">\n<li>\u201e<em>You can <strong>deter<\/strong> the archer from doing something,<\/em><\/li>\n\n\n\n<li><em>you can <strong>hit the arrow<\/strong>, but<\/em><\/li>\n\n\n\n<li><em>you can also <strong>hit the archer<\/strong>.<\/em>\u201c<\/li>\n<\/ul>\n\n\n\n<p>Option (1) ist defensiv, allerdings lediglich intentional. Option (2) ist die Flugabwehr, scheint also materiell defensiv zu sein \u2013 wenn da nicht die Dualit\u00e4t w\u00e4re, dass man mindestens die Launcher, aber auch etliche sogenannte \u201eLand-Luft-Abwehrraketen\u201c auch gegen Landziele, also offensiv, einsetzen kann. Option (3) ist explizit offensiv, denn ob der gegnerische Sch\u00fctze schie\u00dfen wird, weiss man ja nicht, er kann ja auch lediglich eine Abschreckungsintention haben. Hier kommt das sogenannte \u201ePr\u00e4emptive\u201c ins Spiel, das hei\u00dft der Zwang oder die Verf\u00fchrung, jemanden\/etwas \u201avorsichtshalber\u2018 auszuschalten, also als erster zu schie\u00dfen, weil der Gegner dem Anschein nach offensive Absichten habe und man ja selbst \u201eSch\u00fctze\u201c ist, also beim Gegner dieselben Kalk\u00fcle zu unterstellen hat, die man selbst hat.<\/p>\n\n\n\n<h1 class=\"wp-block-heading\">3.&nbsp;&nbsp;&nbsp;&nbsp;&nbsp; .Hintergrund zu \u00bbMulti Domain Operations\u00ab<\/h1>\n\n\n\n<p>Das MDO-Paradigma wurde seit Mitte der 2010er Jahre innerhalb der NATO entwickelt. Die <strong>USA<\/strong> hatten, wie \u00fcblich, eine <strong>Vorreiterrolle<\/strong> \u00fcbernommen. Ein erstes Doktrinenhandbuch hat das <em>U.S. Army Training and Doctrine Command<\/em> am 6. Dezember 2018 eingef\u00fchrt.<br>Im selben Jahr, ebenfalls 2018, wurde das MDO-Paradigma innerhalb der <strong>NATO<\/strong> aufgegriffen. Das erste Strategiepapier dazu war die \u00bb<em>Joint Air Power Strategy<\/em>\u00ab vom 26. Juni 2018.<\/p>\n\n\n\n<p>Der <strong>NATO<\/strong>-Milit\u00e4rausschuss habe im Juli 2022 das \u2013 nicht \u00f6ffentlich zug\u00e4ngliche \u2013 \u00bb<em>NATO Initial Concept for Multi-Domain Operations<\/em>\u00abbeschlossen. Politischerseits hat die NATO das MDO-Paradigma in den Gipfelerkl\u00e4rungen von 2022, 2023 und 2024 zur Grundlage ihrer Vorgaben f\u00fcr Verteidigungsplanung, F\u00e4higkeitsentwicklung, Beschaffung sowie Abschreckung und Verteidigung gemacht.<\/p>\n\n\n\n<p>Die <strong>Bundeswehr<\/strong> hat \u2026 mit ihrer <strong>Umsetzung des MDO-Paradigmas begonnen<\/strong>. Hierzu dient \u2026 das gemeinsam von BMVg und BwConsulting (der Inhouse-Beratungsgesellschaft der Bundeswehr) aufgesetzte Projekt<strong> \u00bb<\/strong><em>Operationelle Architektur<\/em><strong>\u00ab.<\/strong> Eine belastbare MDO-Bef\u00e4higung f\u00fcr die Bundeswehr erfordert \u2026 eine Architekturl\u00f6sung, die \u00fcber die von den bisherigen F\u00fchrungs- und Waffeneinsatzsystemen vermittelte F\u00fchrungsf\u00e4higkeit hinaus die Landes- und B\u00fcndnisverteidigung in einem<em> \u00bbhybriden, hochdynamischen, diffusen Bedrohungsszenario\u00ab<\/em> abdeckt,was die gesamte Bundeswehr ebenso wie die Gesamtheit der B\u00fcndnispartner und \u2013 b\u00fcndnisweit \u2013 die F\u00fchrungsf\u00e4higkeit des zivilen Bereichs betrifft.<\/p>\n\n\n\n<h1 class=\"wp-block-heading\">4.&nbsp;&nbsp;&nbsp;&nbsp;&nbsp; Ein Beispiel f\u00fcr eine Einsatz-Option<\/h1>\n\n\n\n<p>Der Sinn der neuen Option wird vom Autor an einem Beispiel eingef\u00fchrt:<\/p>\n\n\n\n<p>\u201e<em>Ein Beispiel w\u00e4re &lt;das Ziel einer&gt;\u2026<strong> Neutralisierung einer Nuklearwaffenbasis<\/strong> im gegnerischen Hinterland.\u201c<\/em><\/p>\n\n\n\n<p>Um dieses Ziel zu erreichen stehen drei Optionen von Seiten unterschiedlicher Waffengattungen zur Verf\u00fcgung:<\/p>\n\n\n\n<ul class=\"wp-block-list\">\n<li><em>\u201edurch eine <strong>Cyberoperation<\/strong>, die die Steuerungssysteme der Tr\u00e4gersysteme funktionsunf\u00e4hig macht,<\/em><\/li>\n\n\n\n<li><em>durch eine<strong> kinetische Operation <\/strong>mit bunkerbrechenden hypersonischen Systemen, oder<\/em><\/li>\n\n\n\n<li><em>durch eine <strong>Spezialkr\u00e4fteoperation<\/strong>.\u201c<\/em><\/li>\n<\/ul>\n\n\n\n<p>Angenommen, die Verantwortlichen entscheiden sich f\u00fcr die Wahl einer kinetischen Operation, so<em> \u201ek\u00f6nnte die angestrebte Wirkung <strong>sowohl mittels landgest\u00fctzter Systeme<\/strong> als auch <strong>aus der Luft oder von See<\/strong> \u2013 oder <strong>von Systemen mehrerer Dimensionsverantwortlicher konzertiert<\/strong> \u2013 erzeugt werden.<\/em>\u201c<\/p>\n\n\n\n<p>Das ist ein Beispiel, welches Zweierlei best\u00e4tigt:<\/p>\n\n\n\n<ul class=\"wp-block-list\">\n<li>Es geht um Interferenz der Long Range Systems, auch wenn (einstweilen) nur konventionell best\u00fcckt, mit der sog. strategischen Ebene, die nach bisherigem Denken Nuklearwaffen vorbehalten ist.<\/li>\n\n\n\n<li>\u00a0Es geht um zielgenaue Wirkung bei hochverbunkerten Anlagen mittels \u201ekonzertierter\u201c Einwirkung, im Konzert des Einsatzes von Mitteln unterschiedlicher Waffengattungen. Man kann eben auch mit geringer Sprengkraft hochverbunkerte Anlagen \u201aknacken\u2018. Man muss dazu nur zielgenau 20 Mal auf dieselbe Stelle treffen \u2013 Israels Streitkr\u00e4fte haben es mit der T\u00f6tung des Hisbollah-Generalsekret\u00e4rs Hassan Nasrallah samt der Riege seiner Parteispitzen im 20 Meter tiefen F\u00fchrungsbunker gezeigt.<\/li>\n<\/ul>\n\n\n\n<div class=\"wp-block-columns is-layout-flex wp-container-core-columns-is-layout-9d6595d7 wp-block-columns-is-layout-flex\">\n<div class=\"wp-block-column is-layout-flow wp-block-column-is-layout-flow\" style=\"flex-basis:33.33%\">\n<figure class=\"wp-block-image size-large\"><a href=\"https:\/\/vdw-ev.de\/ueber-uns\/studiengruppen\/europ-sicherheit-frieden\/\" target=\"_blank\" rel=\"noreferrer noopener\"><img loading=\"lazy\" decoding=\"async\" width=\"1024\" height=\"853\" src=\"https:\/\/www.sinn-schaffen.de\/hans-jochen-luhmann\/wp-content\/uploads\/sites\/12\/2020\/10\/Luhmann_Jochen_FG1_farb-1024x853.jpg\" alt=\"\" class=\"wp-image-827\" title=\"Foto: Hans-Jochen Luhmann\"\/><\/a><\/figure>\n<\/div>\n\n\n\n<div class=\"wp-block-column is-layout-flow wp-block-column-is-layout-flow\" style=\"flex-basis:66.66%\">\n<p><\/p>\n\n\n\n<p>Hans-Jochen Luhmann, Mitglied der Studiengruppe \u201eFrieden und Europ\u00e4ische Sicherheit\u201c der <a href=\"https:\/\/vdw-ev.de\/\" data-type=\"link\" data-id=\"https:\/\/vdw-ev.de\/\" target=\"_blank\" rel=\"noreferrer noopener\">Vereinigung Deutscher Wissenschaftler (VDW)<\/a>.<\/p>\n<\/div>\n<\/div>\n","protected":false},"excerpt":{"rendered":"<p>Die Kolumne von Hans-Jochen Luhmann (Juni 2025) \u201eDie R\u00fcckkehr von Mittelstreckenraketen nach Europa\u201c \u2013 so hat das Friedensgutachten 2025 das einschl\u00e4gige Kapitel 3.3 betitelt. Ausl\u00f6ser f\u00fcr den Titel-Satz ist die unauff\u00e4llige Vereinbarung vom Juli 2024 zwischen Washington und Berlin, ab 2026 konventionelle bodengest\u00fctzte ballistische Raketen und Marschflugk\u00f6rper mittlerer Reichweite (bis etwa 3.000 Kilometer) in Deutschland &hellip; <\/p>\n<p class=\"link-more\"><a href=\"https:\/\/www.sinn-schaffen.de\/hans-jochen-luhmann\/die-zentrale-rolle-der-multi-domain-task-forces-mdtf-im-neuen-kriegsfuehrungskonzept-des-westens\/\" class=\"more-link\"><span class=\"screen-reader-text\">\u201eDie zentrale Rolle der Multi Domain Task Forces (MDTF) im neuen Kriegsf\u00fchrungskonzept des Westens\u201c<\/span> weiterlesen<\/a><\/p>\n","protected":false},"author":1,"featured_media":0,"parent":0,"menu_order":0,"comment_status":"closed","ping_status":"closed","template":"","meta":{"footnotes":""},"class_list":["post-1319","page","type-page","status-publish","hentry"],"_links":{"self":[{"href":"https:\/\/www.sinn-schaffen.de\/hans-jochen-luhmann\/wp-json\/wp\/v2\/pages\/1319","targetHints":{"allow":["GET"]}}],"collection":[{"href":"https:\/\/www.sinn-schaffen.de\/hans-jochen-luhmann\/wp-json\/wp\/v2\/pages"}],"about":[{"href":"https:\/\/www.sinn-schaffen.de\/hans-jochen-luhmann\/wp-json\/wp\/v2\/types\/page"}],"author":[{"embeddable":true,"href":"https:\/\/www.sinn-schaffen.de\/hans-jochen-luhmann\/wp-json\/wp\/v2\/users\/1"}],"replies":[{"embeddable":true,"href":"https:\/\/www.sinn-schaffen.de\/hans-jochen-luhmann\/wp-json\/wp\/v2\/comments?post=1319"}],"version-history":[{"count":1,"href":"https:\/\/www.sinn-schaffen.de\/hans-jochen-luhmann\/wp-json\/wp\/v2\/pages\/1319\/revisions"}],"predecessor-version":[{"id":1320,"href":"https:\/\/www.sinn-schaffen.de\/hans-jochen-luhmann\/wp-json\/wp\/v2\/pages\/1319\/revisions\/1320"}],"wp:attachment":[{"href":"https:\/\/www.sinn-schaffen.de\/hans-jochen-luhmann\/wp-json\/wp\/v2\/media?parent=1319"}],"curies":[{"name":"wp","href":"https:\/\/api.w.org\/{rel}","templated":true}]}}