{"id":170,"date":"2018-06-20T19:05:23","date_gmt":"2018-06-20T17:05:23","guid":{"rendered":"https:\/\/www.sinn-schaffen.de\/hans-jochen-luhmann\/?page_id=170"},"modified":"2020-09-12T16:30:59","modified_gmt":"2020-09-12T14:30:59","slug":"lautlos-entsteht-europas-militaerisch-industrieller-komplex-ii","status":"publish","type":"page","link":"https:\/\/www.sinn-schaffen.de\/hans-jochen-luhmann\/lautlos-entsteht-europas-militaerisch-industrieller-komplex-ii\/","title":{"rendered":"Lautlos entsteht Europas milit\u00e4risch-industrieller Komplex II"},"content":{"rendered":"<p><em>Die Kolumne von Hans-Jochen Luhmann<\/em><\/p>\n<p><a href=\"https:\/\/www.sinn-schaffen.de\/hans-jochen-luhmann\/lautlos-entsteht-europas-militaerisch-industrieller-komplex-i\/\">Im Mai 2016 habe ich auf die eher fachlichen Vorbereitungen f\u00fcr eine Europ\u00e4ische Verteidigungs-Gemeinschaft (EVU) hingewiesen<\/a>. Schl\u00fcsselausl\u00f6ser f\u00fcr die Erweckung einer seit langem in den europ\u00e4ischen Vertr\u00e4gen festgehaltenen Option war Dreierlei:<\/p>\n<ul>\n<li>Die historische Neuerung, dass die USA es sind, die den Wunsch \u00e4u\u00dfern, dass Europa sich sicherheitspolitisch auf eigene Beine stellt, unabh\u00e4ngig von den USA, also letztlich ohne die NATO. Dass sie auf die \u201eKontrolle\u201c Europas, zuv\u00f6rderst Deutschlands, sich entschlossen haben zu verzichten.<\/li>\n<li>Das russische Agieren in Reaktion auf den Wechsel der Ukraine im Februar 2014 in das westliche Lager \u2013 das ist das Aufkommen einer neuen Bedrohung, die zu dem, was Europas Milit\u00e4rs meinen bek\u00e4mpfen k\u00f6nnen, so pr\u00e4zise zu passen scheint.<\/li>\n<li>Die europ\u00e4ischen Eliten wollen Europa einigen \u2013 also nutzen sie eine jede Krise dazu, den Zusammenhalt in der EU zu st\u00e4rken, die diesbez\u00fcgliche Politk-S\u00e4ule vertiefend auszubauen. Nun ist die Sicherheitspolitik dran \u2013 \u201ePutin sei Dank\u201c. Nach dem plebiszit\u00e4ren Brexit-Votum in Gro\u00dfbritanien gilt das erst recht.<\/li>\n<\/ul>\n<p>Es scheint, dass nun, nach konzeptioneller Vorbereitung, die ersten politischen Schritte gegangen werden. Auf zwei davon weise ich hier hin.<\/p>\n<p><strong>(i) Der EVP-Vorsto\u00df <\/strong><\/p>\n<p>Die Fraktion der Europ\u00e4ischen Volkspartei (EVP beziehungsweise EPP) im Europ\u00e4ischen Parlament hat dazu <a href=\"http:\/\/www.eppgroup.eu\/system\/files_force\/publications\/2015\/11\/EPP_Position_Paper_European_Defence_Union_EN.pdf\" target=\"_blank\" rel=\"noopener noreferrer\">am 22. Juni 2016 ein Positionspapier verabschiedet<\/a>. Joseph Daul, der Pr\u00e4sident dieser EU-Kopf-Partei, der in Deutschland CDU und CSU angeh\u00f6ren und in deren Vorstand der ehemalige CDU-Generalsekret\u00e4r Peter Hintze ist, hat dies parallel <a href=\"http:\/\/www.epp.eu\/press-releases\/the-european-union-must-have-military-instruments-to-protect-its-citizens\/\" target=\"_blank\" rel=\"noopener noreferrer\">in einem pers\u00f6nlichen Statement unterstrichen<\/a>.<\/p>\n<p>Stichw\u00f6rter in den Forderungen sind inhaltlich immer \u201e<em>permanentes Hauptquartier<\/em>\u201c sowie \u201e<em>EU-Kampfgruppen<\/em>\u201c (&#8218;EU Battle Corps&#8216;). Formal, was die politischen Strukturen angeht, sind <a href=\"http:\/\/www.spiegel.de\/politik\/ausland\/europaeische-union-konservative-provozieren-briten-mit-armee-plaenen-a-1094905.html\" target=\"_blank\" rel=\"noopener noreferrer\">die Hauptforderungen<\/a><\/p>\n<p><em>.. &#8230; die <strong>Einf\u00fchrung von Mehrheitsentscheidungen<\/strong> in diesem Gebiet und die Ernennung eines Europ\u00e4ischen <strong>Kommissars f\u00fcr Verteidigung<\/strong>\u201c.<\/em><\/p>\n<p>Parallel legte der wissenschaftliche Dienst des Europ\u00e4ischen Parlaments eine Ausarbeitung vor, in der ein <a href=\"http:\/\/www.europarl.europa.eu\/RegData\/etudes\/STUD\/2016\/535011\/EXPO_STU(2016)535011_EN.pdf\" target=\"_blank\" rel=\"noopener noreferrer\">\u201eEurop\u00e4isches Wei\u00dfbuch\u201c f\u00fcr eine Europ\u00e4ische Verteidigungs-Union<\/a> skizziert wird.<\/p>\n<p><strong>(ii) Der Mogherini-Vorsto\u00df<\/strong><\/p>\n<p>Zeitlich orchestriert ist das alles um den Tag nach der Brexit-Entscheidung herum. Am Tage danach legte die Au\u00dfen- und Sicherheitsbeauftragte der EU, Federica Mogherini, ihre lange erwartete Ausarbeitung unter dem Titel \u201eA Global Strategy for the European Union\u2019s Foreign And Security Policy\u201c vor. Auch da m\u00fcsste das Thema EVU gegebenenfalls, wenn es schon reif genug ist, auftauchen, und dort ist der angemessene Ort.<\/p>\n<p><a href=\"https:\/\/www.sinn-schaffen.de\/hans-jochen-luhmann\/wp-content\/uploads\/sites\/12\/2018\/06\/EXPO_STU2016535011_EN.pdf\" target=\"_blank\" rel=\"noopener noreferrer\"><img loading=\"lazy\" decoding=\"async\" class=\"alignright wp-image-171\" src=\"https:\/\/www.sinn-schaffen.de\/hans-jochen-luhmann\/wp-content\/uploads\/sites\/12\/2018\/06\/EXPO_STU2016535011_EN-T.jpg\" alt=\"\" width=\"310\" height=\"391\"><\/a>Doch die Ausarbeitung bleibt sehr abstrakt \u2013 eben deshalb das Dr\u00e4ngen von Seiten der Konservativen Parteien. Das Stichwort \u201eEVU\u201c erscheint nicht. Betont wird immer die Zusammenarbeit mit der NATO, wobei die offenkundigen (potentiellen) Doppelstrukturen das Hauptproblem darstellen. Am weitesten geht der Satz, im Anschluss an ein wiederholtes Bekenntnis zur Kooperation innerhalb der NATO:<\/p>\n<p><em>\u201eEuropeans must be better equipped, trained and organised [&#8230;], as well as <strong>to act autonomously<\/strong> if and when necessary.\u201c (p. 20)<\/em><\/p>\n<p>\u201eto act autonomously\u201c ist nur eine Formel, die f\u00fcr einzelne Operationen tr\u00e4gt. Das ist noch nicht eine Formel, die den Europ\u00e4ern erlaubt, den europ\u00e4ischen Sicherheitsraum \u201eautonom\u201c zu gestalten.<\/p>\n<p>Zu der Grundsatzentscheidung der USA, die Europ\u00e4er \u201evom Haken zu lassen\u201c, ist im Mogherini-Papier keine Rede. Frau Mogherini hat in einem <a href=\"http:\/\/www.sueddeutsche.de\/politik\/federica-mogherini-das-referendum-kann-ein-weckruf-sein-1.3053554?reduced=true\" target=\"_blank\" rel=\"noopener noreferrer\">Interview mit der S\u00fcddeutschen Zeitung<\/a> aber sehr deutlich die Schl\u00fcsselentscheidung, die in den USA getroffen zu sein scheint, bekanntgegeben. Hier ihre Formulierung:<\/p>\n<p><em>\u201eZum ersten Mal in der Geschichte h\u00f6ren wir von der anderen Seite des Atlantiks den Wunsch, die europ\u00e4ische Verteidigung gest\u00e4rkt zu sehen.\u201c<\/em><\/p>\n<p>Das ist zweideutig. Man k\u00f6nnte diesen Satz als Hinweis darauf verstehen, dass die Europ\u00e4er, absprachegem\u00e4\u00df, mehr Geld f\u00fcr milit\u00e4rische Zwecke bereitstellen sollten. Das aber ist eindeutig nicht gemeint, denn diese Forderung ist geschichtlich nicht neu sondern ein alter Hut. Neu ist allein die Erlaubnis der USA, dass Europa sich milit\u00e4risch auf eigene Beine stellt.<\/p>\n<figure class=\"wp-block-table\">\n<table class=\"has-subtle-light-gray-background-color has-background\">\n<tbody>\n<tr>\n<td width=\"25%\"><a rel=\"noopener noreferrer\" href=\"http:\/\/wupperinst.org\/home\/\" target=\"_blank\"><img decoding=\"async\" title=\" \" class=\"aligncenter wp-image-313\" src=\"https:\/\/www.sinn-schaffen.de\/hans-jochen-luhmann\/wp-content\/uploads\/sites\/12\/2018\/05\/Luhmann-g11-270x300.jpg\" alt=\"\" width=\"180\"><\/a><\/td>\n<td width=\"75%\">Dr. Hans-Jochen Luhmann ist Senior Expert am <a href=\"http:\/\/wupperinst.org\/home\/\" target=\"_blank\" rel=\"noopener noreferrer\">Wuppertal Institut f\u00fcr Klima, Umwelt, Energie GmbH<\/a>.<\/td>\n<\/tr>\n<\/tbody>\n<\/table>\n<\/figure>\n<p>Gegeben die populistischen Str\u00f6mungen in den westlichen Industriestaaten, auch in den USA, die sich dort in dem Wahlkampferfolg Trumps niederschlagen, kann es eines Tages sehr schnell gehen mit dem weitergehenden Signal aus Washington: Wir wollen nicht mehr. Kehrt den Dreck vor Eurer Haust\u00fcr alleine zusammen.<\/p>\n<p>Voraussetzung daf\u00fcr aber ist, dass die USA auf das Feindbild Russland verzichten k\u00f6nnen. Auch damit kann es sehr schnell gehen. Es reicht ja das Feindbild China \u2013 wenn denn, nach aller historischen Erfahrung, ein Feindbild selbst zur Selbststabilisierung eines Weltreiches unverzichtbar ist.<\/p>\n<p>&nbsp;<\/p>\n<p>&nbsp;<\/p>\n<p><a href=\"#_ftnref1\" name=\"_ftn1\"><\/a><\/p>\n<p><a href=\"#_ftnref2\" name=\"_ftn2\"><\/a><\/p>\n","protected":false},"excerpt":{"rendered":"<p>Die Kolumne von Hans-Jochen Luhmann Im Mai 2016 habe ich auf die eher fachlichen Vorbereitungen f\u00fcr eine Europ\u00e4ische Verteidigungs-Gemeinschaft (EVU) hingewiesen. Schl\u00fcsselausl\u00f6ser f\u00fcr die Erweckung einer seit langem in den europ\u00e4ischen Vertr\u00e4gen festgehaltenen Option war Dreierlei: Die historische Neuerung, dass die USA es sind, die den Wunsch \u00e4u\u00dfern, dass Europa sich sicherheitspolitisch auf eigene Beine &hellip; <\/p>\n<p class=\"link-more\"><a href=\"https:\/\/www.sinn-schaffen.de\/hans-jochen-luhmann\/lautlos-entsteht-europas-militaerisch-industrieller-komplex-ii\/\" class=\"more-link\"><span class=\"screen-reader-text\">\u201eLautlos entsteht Europas milit\u00e4risch-industrieller Komplex II\u201c<\/span> weiterlesen<\/a><\/p>\n","protected":false},"author":1,"featured_media":0,"parent":0,"menu_order":111,"comment_status":"closed","ping_status":"closed","template":"","meta":{"footnotes":""},"class_list":["post-170","page","type-page","status-publish","hentry"],"_links":{"self":[{"href":"https:\/\/www.sinn-schaffen.de\/hans-jochen-luhmann\/wp-json\/wp\/v2\/pages\/170","targetHints":{"allow":["GET"]}}],"collection":[{"href":"https:\/\/www.sinn-schaffen.de\/hans-jochen-luhmann\/wp-json\/wp\/v2\/pages"}],"about":[{"href":"https:\/\/www.sinn-schaffen.de\/hans-jochen-luhmann\/wp-json\/wp\/v2\/types\/page"}],"author":[{"embeddable":true,"href":"https:\/\/www.sinn-schaffen.de\/hans-jochen-luhmann\/wp-json\/wp\/v2\/users\/1"}],"replies":[{"embeddable":true,"href":"https:\/\/www.sinn-schaffen.de\/hans-jochen-luhmann\/wp-json\/wp\/v2\/comments?post=170"}],"version-history":[{"count":4,"href":"https:\/\/www.sinn-schaffen.de\/hans-jochen-luhmann\/wp-json\/wp\/v2\/pages\/170\/revisions"}],"predecessor-version":[{"id":763,"href":"https:\/\/www.sinn-schaffen.de\/hans-jochen-luhmann\/wp-json\/wp\/v2\/pages\/170\/revisions\/763"}],"wp:attachment":[{"href":"https:\/\/www.sinn-schaffen.de\/hans-jochen-luhmann\/wp-json\/wp\/v2\/media?parent=170"}],"curies":[{"name":"wp","href":"https:\/\/api.w.org\/{rel}","templated":true}]}}