{"id":146,"date":"2019-08-17T14:42:09","date_gmt":"2019-08-17T12:42:09","guid":{"rendered":"https:\/\/www.sinn-schaffen.de\/heiderose-gaertner-schultz\/?page_id=146"},"modified":"2019-08-17T14:42:10","modified_gmt":"2019-08-17T12:42:10","slug":"kindererziehung-12-august-2019","status":"publish","type":"page","link":"https:\/\/www.sinn-schaffen.de\/heiderose-gaertner-schultz\/kindererziehung-12-august-2019\/","title":{"rendered":"Kindererziehung, 12. August 2019"},"content":{"rendered":"\n<p>Wenn man\nverschiedene L\u00e4nder in Europa bereist, erlebt man, dass das Leben in jedem Land\nsozusagen unterschiedlich spielt.Nicht nur andere Landschaften und Sprachen\nerwarten einen, auch das Leben der Menschen tickt anders.<\/p>\n\n\n\n<p>Eine junge\nungarische Familie lebte einige Jahre in Deutschland, wo der Mann gutes Geld\nverdienen konnte. Es wurden zwei Kinder geboren, die eine ist vier und der\nandere ist ein und ein halbes Jahr alt. Sie f\u00fchlten sich in Deutschland wohl, waren\nauch der deutschen Sprache m\u00e4chtig.<\/p>\n\n\n\n<p>Jetzt leben sie\nwieder in Ungarn. Hier ist das Geldverdienen f\u00fcr den Vater nicht so leicht, er\nversucht sich als Hausmeister bei den deutschsprachigen Bewohnern. Ein\nHausmeister, der mit einem gro\u00dfen Mercedes vorf\u00e4hrt \u2013 das hat doch was!<\/p>\n\n\n\n<p>Warum ist die\nFamilie nach Ungarn zur\u00fcckgegangen? Die junge Frau gab den Ausschlag. Ihre\nTochter ging in den deutschen Kindergarten, und ihr gefiel es nicht, was ihre\nTochter dort mitbekam. Die Eltern dr\u00fcckten ihren Entschluss mir gegen\u00fcber wie\nfolgt aus: \u201eIn Deutschland ist das Kind K\u00f6nig \u2011 in Ungarn die Eltern.\u201c Sie\nwollten offensichtlich, dass ihren Kindern ein anderes Elternbild vermittelt\nwird. \u201eDas geht so nicht weiter, wir m\u00fcssen zur\u00fcckgehen\u201c, meinte die junge\nFrau.<\/p>\n\n\n\n<p>In Ungarn geht die\nGrundschule, in der auch Fremdsprachen vermittelt werden bis zur achten Klasse.\nDanach ist eine Lehre oder eine weiterf\u00fchrende Schule m\u00f6glich. Dies gefiel den\nungarischen Eltern auch besser. Ich argumentierte dagegen und f\u00fchrte an, dass zum\nBeispiel nach vier Jahren Grundschule die Begabungen der Kinder schon gut zu\nerkennen seien, und erz\u00e4hlte von den drei Enkelkindern, von denen jedes auf\neine andere weiterf\u00fchrende Schule, gem\u00e4\u00df ihren Begabungen, geht.<\/p>\n\n\n\n<p>\u201eDa wei\u00df man doch noch gar nicht, was man will\u201c, meinte der Vater. So unterschiedlich sind die Einsch\u00e4tzungen.<\/p>\n\n\n\n<div class=\"wp-block-image\"><figure class=\"aligncenter\"><img loading=\"lazy\" decoding=\"async\" width=\"1024\" height=\"768\" src=\"https:\/\/www.sinn-schaffen.de\/heiderose-gaertner-schultz\/wp-content\/uploads\/sites\/20\/2019\/08\/190812-Kindererziehung-1024x768.jpg\" alt=\"\" class=\"wp-image-145\" srcset=\"https:\/\/www.sinn-schaffen.de\/heiderose-gaertner-schultz\/wp-content\/uploads\/sites\/20\/2019\/08\/190812-Kindererziehung-1024x768.jpg 1024w, https:\/\/www.sinn-schaffen.de\/heiderose-gaertner-schultz\/wp-content\/uploads\/sites\/20\/2019\/08\/190812-Kindererziehung-300x225.jpg 300w, https:\/\/www.sinn-schaffen.de\/heiderose-gaertner-schultz\/wp-content\/uploads\/sites\/20\/2019\/08\/190812-Kindererziehung-768x576.jpg 768w, https:\/\/www.sinn-schaffen.de\/heiderose-gaertner-schultz\/wp-content\/uploads\/sites\/20\/2019\/08\/190812-Kindererziehung.jpg 1387w\" sizes=\"auto, (max-width: 1024px) 100vw, 1024px\" \/><\/figure><\/div>\n","protected":false},"excerpt":{"rendered":"<p>Wenn man verschiedene L\u00e4nder in Europa bereist, erlebt man, dass das Leben in jedem Land sozusagen unterschiedlich spielt.Nicht nur andere Landschaften und Sprachen erwarten einen, auch das Leben der Menschen tickt anders. Eine junge ungarische Familie lebte einige Jahre in Deutschland, wo der Mann gutes Geld verdienen konnte. Es wurden zwei Kinder geboren, die eine <a href='https:\/\/www.sinn-schaffen.de\/heiderose-gaertner-schultz\/kindererziehung-12-august-2019\/' class='excerpt-more'>[&#8230;]<\/a><\/p>\n","protected":false},"author":1,"featured_media":0,"parent":0,"menu_order":9,"comment_status":"closed","ping_status":"closed","template":"","meta":{"footnotes":""},"class_list":["post-146","page","type-page","status-publish","hentry","post-seq-1","post-parity-odd","meta-position-left-pullout","fix"],"_links":{"self":[{"href":"https:\/\/www.sinn-schaffen.de\/heiderose-gaertner-schultz\/wp-json\/wp\/v2\/pages\/146","targetHints":{"allow":["GET"]}}],"collection":[{"href":"https:\/\/www.sinn-schaffen.de\/heiderose-gaertner-schultz\/wp-json\/wp\/v2\/pages"}],"about":[{"href":"https:\/\/www.sinn-schaffen.de\/heiderose-gaertner-schultz\/wp-json\/wp\/v2\/types\/page"}],"author":[{"embeddable":true,"href":"https:\/\/www.sinn-schaffen.de\/heiderose-gaertner-schultz\/wp-json\/wp\/v2\/users\/1"}],"replies":[{"embeddable":true,"href":"https:\/\/www.sinn-schaffen.de\/heiderose-gaertner-schultz\/wp-json\/wp\/v2\/comments?post=146"}],"version-history":[{"count":1,"href":"https:\/\/www.sinn-schaffen.de\/heiderose-gaertner-schultz\/wp-json\/wp\/v2\/pages\/146\/revisions"}],"predecessor-version":[{"id":148,"href":"https:\/\/www.sinn-schaffen.de\/heiderose-gaertner-schultz\/wp-json\/wp\/v2\/pages\/146\/revisions\/148"}],"wp:attachment":[{"href":"https:\/\/www.sinn-schaffen.de\/heiderose-gaertner-schultz\/wp-json\/wp\/v2\/media?parent=146"}],"curies":[{"name":"wp","href":"https:\/\/api.w.org\/{rel}","templated":true}]}}