{"id":160,"date":"2020-01-02T15:37:55","date_gmt":"2020-01-02T14:37:55","guid":{"rendered":"https:\/\/www.sinn-schaffen.de\/heiderose-gaertner-schultz\/?page_id=160"},"modified":"2020-01-02T15:39:38","modified_gmt":"2020-01-02T14:39:38","slug":"weihnachten-in-ungarn","status":"publish","type":"page","link":"https:\/\/www.sinn-schaffen.de\/heiderose-gaertner-schultz\/weihnachten-in-ungarn\/","title":{"rendered":"Weihnachten in Ungarn, 24. Dezember 2019"},"content":{"rendered":"\n<p>Eine amerikanische\noder deutsche Weihnachtsmarkt\u201ckultur\u201c beispielsweise findet sich in Ungarn nicht,\nausgenommen ist die Gro\u00dfstadt Budapest.<\/p>\n\n\n\n<p>Es gibt\nvereinzelte Weihnachtsm\u00e4rkte, die nur einen Tag dauern und deren Gr\u00f6\u00dfenordnung\nmit unseren auch in den kleineren St\u00e4dten oder D\u00f6rfern, wie Deidesheim in der\nPfalz, nicht zu vergleichen sind, denn sie sind viel kleiner. Auch gibt es\nkeine Hinweisschilder, die auf die Veranstaltungen aufmerksam machen. In\nZeitungen werden sie manchmal angek\u00fcndigt, das scheint als Information zu\nreichen. Ortsunkundige m\u00fcssen suchen. In einen fremden Ort fahren und auf\nSchilder hoffen, das kann man zwar tun, aber man wird keine finden.<\/p>\n\n\n\n<p>Was ich zu Beginn\nmeines Dienstes in Ungarn noch vergeblich suchte, waren Adventskalender, die bei\nuns Zuhause in Deutschland zuhauf verkauft werden oder deren T\u00fcrchen im Radio,\nan der Haust\u00fcr (lebendiger Adventskalender), in der Zeitung ge\u00f6ffnet werden. In\ndem Teil Ungarns, in dem wir leben, habe ich sie in den Gesch\u00e4ften vergeblich\ngesucht. Inzwischen verkaufen die gro\u00dfen Discounter Adventskalender aus\nDeutschland. Auch der Brauch, die H\u00e4user mit Lichterketten zu schm\u00fccken, hat\nerst in den letzten Jahren Einzug gehalten.<\/p>\n\n\n\n<p>Weihnachten ist in\nden Gemeinden in Deutschland immer etwas Besonderes, die Kirchen sind voll. Was\nMenschen zu diesem Zeitpunkt in die Kirchen treibt, ist sehr unterschiedlich.\nAuf jeden Fall ist es eine Suche nach etwas, nach Geborgenheit, Heilsein oder\nwas auch immer. F\u00fcr manche geh\u00f6rt der Besuch des Gottesdienstes einfach nur\ndazu.<\/p>\n\n\n\n<p>In den\nAuslandsgemeinden ist man st\u00e4rker aufeinander angewiesen als in den Gemeinden\nin Deutschland. Das erkl\u00e4rt mir, dass hier bei uns in unserer Auslandgemeinde,\nWeihnachten Gestalt annimmt, so wie ich es mir vorstelle.<\/p>\n\n\n\n<p>Unterwegs zu einem\nHausbesuch werden wir im Auto durch Winken angehalten, ein Ungar bedeutet uns,\ndass er etwas f\u00fcr uns hat. Seine deutschen Nachbarn, die in der Heimat sind,\nhaben ihn beauftragt, uns abzupassen. Er hat uns zwei schwere und prall\ngef\u00fcllte T\u00fcten mit Nahrungsmitteln und S\u00fc\u00dfigkeiten \u00fcberreicht. Wir sollten sie\nMenschen aus der Gemeinde zukommen lassen, die eine Zuwendung gebrauchen\nk\u00f6nnten. Als wir die T\u00fcten in den H\u00e4nden hielten, fielen uns sofort die Namen\nder Menschen ein, die sich sehr freuen w\u00fcrden.<\/p>\n\n\n\n<p>Dass Weihnachten\nGemeinschaft bedeutet, zeigt sich daran, dass sich einige von den Deutschen,\ndie Weihnachten in Ungarn verbringen, zusammenfinden, um das Fest gemeinsam zu\nbegehen. Das sind private Initiativen. In den Nachrichten aus Deutschland\nwerden gerade Obdachlosenspeisungen besonders hervorgehoben, weil sie auf einer\nrein privaten Initiative beruhen. Bei uns muss alles privat organisiert werden.<\/p>\n\n\n\n<p>Die Gemeinde\nrichtet jeden der vier Sonntage ein Adventscaf\u00e9 aus und organisiert einen gro\u00dfen\nWeihnachtsmarkt nach heimatlichem Vorbild. Viele Residenten und auch Ungarn\nnahmen daran teil, die weihnachtliche Stimmung erreichte jedes Herz. Ebenso\nbesonders gut besucht ist der Heilig-Abend-Gottesdienst, in dem das Licht von\nBetlehem weitergegeben wird.<\/p>\n\n\n\n<div class=\"wp-block-image\"><figure class=\"alignright\"><img loading=\"lazy\" decoding=\"async\" width=\"364\" height=\"367\" src=\"https:\/\/www.sinn-schaffen.de\/heiderose-gaertner-schultz\/wp-content\/uploads\/sites\/20\/2020\/01\/191224-Weihnachten-in-Ungarn-1.jpg\" alt=\"\" class=\"wp-image-157\" srcset=\"https:\/\/www.sinn-schaffen.de\/heiderose-gaertner-schultz\/wp-content\/uploads\/sites\/20\/2020\/01\/191224-Weihnachten-in-Ungarn-1.jpg 364w, https:\/\/www.sinn-schaffen.de\/heiderose-gaertner-schultz\/wp-content\/uploads\/sites\/20\/2020\/01\/191224-Weihnachten-in-Ungarn-1-150x150.jpg 150w, https:\/\/www.sinn-schaffen.de\/heiderose-gaertner-schultz\/wp-content\/uploads\/sites\/20\/2020\/01\/191224-Weihnachten-in-Ungarn-1-298x300.jpg 298w, https:\/\/www.sinn-schaffen.de\/heiderose-gaertner-schultz\/wp-content\/uploads\/sites\/20\/2020\/01\/191224-Weihnachten-in-Ungarn-1-96x96.jpg 96w, https:\/\/www.sinn-schaffen.de\/heiderose-gaertner-schultz\/wp-content\/uploads\/sites\/20\/2020\/01\/191224-Weihnachten-in-Ungarn-1-24x24.jpg 24w, https:\/\/www.sinn-schaffen.de\/heiderose-gaertner-schultz\/wp-content\/uploads\/sites\/20\/2020\/01\/191224-Weihnachten-in-Ungarn-1-36x36.jpg 36w, https:\/\/www.sinn-schaffen.de\/heiderose-gaertner-schultz\/wp-content\/uploads\/sites\/20\/2020\/01\/191224-Weihnachten-in-Ungarn-1-48x48.jpg 48w, https:\/\/www.sinn-schaffen.de\/heiderose-gaertner-schultz\/wp-content\/uploads\/sites\/20\/2020\/01\/191224-Weihnachten-in-Ungarn-1-64x64.jpg 64w\" sizes=\"auto, (max-width: 364px) 100vw, 364px\" \/><\/figure><\/div>\n\n\n\n<p>Bei den Reformierten und Lutheranern\nin Ungarn ist ein Gottesdienst zum 24.12. nicht selbstverst\u00e4ndlich oder besser\ngesagt: un\u00fcblich. Der eigentliche Weihnachtsgottesdienst findet am 25.12.\nmorgens statt. Am 25. und 26. Dezember wird durch das Land gereist und die\nVerwandtschaft besucht.<\/p>\n\n\n\n<p>Am 24.12. wird im engsten Familienkreis\ngefeiert. Es ist nicht \u00fcblich mit Freunden und Bekannten Weihnachten zu feiern.\nEs gibt keinen Kartoffelsalat mit W\u00fcrstchen. Am Abend wird Fischsuppe, Fisch\naller Art, allerdings kein Meeresfisch und\/oder Kohlroulade und als Nachspeise Bejgli\n[Walnussrolle (Di\u00f3s bejgli) oder Mohnrolle (M\u00e1kos bejgli)] verspeist. Bejgli\nkommen aus der schlesischen K\u00fcche und werden in Ungarn traditionell zur\nWeihnachtszeit gegessen.<\/p>\n\n\n\n<div class=\"wp-block-image\"><figure class=\"alignleft\"><img loading=\"lazy\" decoding=\"async\" width=\"200\" height=\"200\" src=\"https:\/\/www.sinn-schaffen.de\/heiderose-gaertner-schultz\/wp-content\/uploads\/sites\/20\/2020\/01\/191224-Weihnachten-in-Ungarn-2.jpg\" alt=\"\" class=\"wp-image-158\" srcset=\"https:\/\/www.sinn-schaffen.de\/heiderose-gaertner-schultz\/wp-content\/uploads\/sites\/20\/2020\/01\/191224-Weihnachten-in-Ungarn-2.jpg 200w, https:\/\/www.sinn-schaffen.de\/heiderose-gaertner-schultz\/wp-content\/uploads\/sites\/20\/2020\/01\/191224-Weihnachten-in-Ungarn-2-150x150.jpg 150w, https:\/\/www.sinn-schaffen.de\/heiderose-gaertner-schultz\/wp-content\/uploads\/sites\/20\/2020\/01\/191224-Weihnachten-in-Ungarn-2-96x96.jpg 96w, https:\/\/www.sinn-schaffen.de\/heiderose-gaertner-schultz\/wp-content\/uploads\/sites\/20\/2020\/01\/191224-Weihnachten-in-Ungarn-2-24x24.jpg 24w, https:\/\/www.sinn-schaffen.de\/heiderose-gaertner-schultz\/wp-content\/uploads\/sites\/20\/2020\/01\/191224-Weihnachten-in-Ungarn-2-36x36.jpg 36w, https:\/\/www.sinn-schaffen.de\/heiderose-gaertner-schultz\/wp-content\/uploads\/sites\/20\/2020\/01\/191224-Weihnachten-in-Ungarn-2-48x48.jpg 48w, https:\/\/www.sinn-schaffen.de\/heiderose-gaertner-schultz\/wp-content\/uploads\/sites\/20\/2020\/01\/191224-Weihnachten-in-Ungarn-2-64x64.jpg 64w\" sizes=\"auto, (max-width: 200px) 100vw, 200px\" \/><\/figure><\/div>\n\n\n\n<p>Die \u00fcbliche ungarische Weihnachtsdekoration besteht aus Waln\u00fcssen, Haseln\u00fcssen, Strohsternen und Strohfiguren, getrockneten Orangenscheiben\/ Orangenringen, \u00c4pfeln und \u201eSalonzucker\u201c, das ist eine einzeln verpackte S\u00fc\u00dfigkeit, die es \u00fcberall zu kaufen gibt. <\/p>\n\n\n\n<p>Der deutsche Stollen ist unbekannt. Es\nwerden auch Tannenzapfen an den Baum geh\u00e4ngt. Fr\u00fcher waren Wunderkerzen und\nechte kleine Kerzen am Baum gebr\u00e4uchlich, das erinnert an das Weihnachten der 1950er\nJahre in Deutschland. Was w\u00fcnschen sich die Ungarn zu Weihnachten\n(Weihnachtsgru\u00df)? Traditionell hei\u00dft es:<\/p>\n\n\n\n<ul class=\"wp-block-list\"><li>(gesegnete\nWeihnachten)<\/li><li>\u00c1ldott,\nb\u00e9k\u00e9s Kar\u00e1csonyt (gesegnete friedliche Weihnachten).<\/li><\/ul>\n\n\n\n<p>Heutzutage oft:<\/p>\n\n\n\n<ul class=\"wp-block-list\"><li>Kellemes \u00fcnnepeket (angenehme Feiertage)<\/li><li>Boldog Kar\u00e1csonyi \u00fcnnepeket (Gl\u00fcckliche Weihnachtsfeiertage).<\/li><\/ul>\n\n\n\n<p>In unserer Auslandsgemeinde am Balaton und in H\u00e9viz bringen die Vertreter der Pfadfinder jedes Jahr das Weihnachtslicht aus Jerusalem, die weltweite Verbundenheit wird sichtbar und auch sp\u00fcrbar. Die deutschen Weihnachtlieder bezaubern alle durch den Klang der Heimat.<\/p>\n\n\n\n<p>Weihnachten feiern, bedeutet Heimat zu sp\u00fcren, Gemeinschaft und Zusammenhalt im Glauben.<\/p>\n\n\n\n<figure class=\"wp-block-image\"><img loading=\"lazy\" decoding=\"async\" width=\"1024\" height=\"576\" src=\"https:\/\/www.sinn-schaffen.de\/heiderose-gaertner-schultz\/wp-content\/uploads\/sites\/20\/2020\/01\/191224-Weihnachten-in-Ungarn-3-1024x576.jpg\" alt=\"\" class=\"wp-image-159\" srcset=\"https:\/\/www.sinn-schaffen.de\/heiderose-gaertner-schultz\/wp-content\/uploads\/sites\/20\/2020\/01\/191224-Weihnachten-in-Ungarn-3-1024x576.jpg 1024w, https:\/\/www.sinn-schaffen.de\/heiderose-gaertner-schultz\/wp-content\/uploads\/sites\/20\/2020\/01\/191224-Weihnachten-in-Ungarn-3-300x169.jpg 300w, https:\/\/www.sinn-schaffen.de\/heiderose-gaertner-schultz\/wp-content\/uploads\/sites\/20\/2020\/01\/191224-Weihnachten-in-Ungarn-3-768x432.jpg 768w, https:\/\/www.sinn-schaffen.de\/heiderose-gaertner-schultz\/wp-content\/uploads\/sites\/20\/2020\/01\/191224-Weihnachten-in-Ungarn-3.jpg 1599w\" sizes=\"auto, (max-width: 1024px) 100vw, 1024px\" \/><\/figure>\n","protected":false},"excerpt":{"rendered":"<p>Eine amerikanische oder deutsche Weihnachtsmarkt\u201ckultur\u201c beispielsweise findet sich in Ungarn nicht, ausgenommen ist die Gro\u00dfstadt Budapest. Es gibt vereinzelte Weihnachtsm\u00e4rkte, die nur einen Tag dauern und deren Gr\u00f6\u00dfenordnung mit unseren auch in den kleineren St\u00e4dten oder D\u00f6rfern, wie Deidesheim in der Pfalz, nicht zu vergleichen sind, denn sie sind viel kleiner. Auch gibt es keine <a href='https:\/\/www.sinn-schaffen.de\/heiderose-gaertner-schultz\/weihnachten-in-ungarn\/' class='excerpt-more'>[&#8230;]<\/a><\/p>\n","protected":false},"author":1,"featured_media":0,"parent":0,"menu_order":6,"comment_status":"closed","ping_status":"closed","template":"","meta":{"footnotes":""},"class_list":["post-160","page","type-page","status-publish","hentry","post-seq-1","post-parity-odd","meta-position-left-pullout","fix"],"_links":{"self":[{"href":"https:\/\/www.sinn-schaffen.de\/heiderose-gaertner-schultz\/wp-json\/wp\/v2\/pages\/160","targetHints":{"allow":["GET"]}}],"collection":[{"href":"https:\/\/www.sinn-schaffen.de\/heiderose-gaertner-schultz\/wp-json\/wp\/v2\/pages"}],"about":[{"href":"https:\/\/www.sinn-schaffen.de\/heiderose-gaertner-schultz\/wp-json\/wp\/v2\/types\/page"}],"author":[{"embeddable":true,"href":"https:\/\/www.sinn-schaffen.de\/heiderose-gaertner-schultz\/wp-json\/wp\/v2\/users\/1"}],"replies":[{"embeddable":true,"href":"https:\/\/www.sinn-schaffen.de\/heiderose-gaertner-schultz\/wp-json\/wp\/v2\/comments?post=160"}],"version-history":[{"count":3,"href":"https:\/\/www.sinn-schaffen.de\/heiderose-gaertner-schultz\/wp-json\/wp\/v2\/pages\/160\/revisions"}],"predecessor-version":[{"id":163,"href":"https:\/\/www.sinn-schaffen.de\/heiderose-gaertner-schultz\/wp-json\/wp\/v2\/pages\/160\/revisions\/163"}],"wp:attachment":[{"href":"https:\/\/www.sinn-schaffen.de\/heiderose-gaertner-schultz\/wp-json\/wp\/v2\/media?parent=160"}],"curies":[{"name":"wp","href":"https:\/\/api.w.org\/{rel}","templated":true}]}}