{"id":39,"date":"2018-08-13T16:07:33","date_gmt":"2018-08-13T14:07:33","guid":{"rendered":"https:\/\/www.sinn-schaffen.de\/heiderose-gaertner-schultz\/?page_id=39"},"modified":"2018-08-13T16:11:40","modified_gmt":"2018-08-13T14:11:40","slug":"heilige-25-juli-2018","status":"publish","type":"page","link":"https:\/\/www.sinn-schaffen.de\/heiderose-gaertner-schultz\/heilige-25-juli-2018\/","title":{"rendered":"Heilige\u2026, 25. Juli 2018"},"content":{"rendered":"<p>Heiligen sind wir bei unserer Tourismusseelsorge zuletzt auf der griechischen Insel Rhodos begegnet. Ihnen wird in orthodoxen Gegenden viel Aufmerksamkeit geschenkt. Dort sind sie allgegenw\u00e4rtig in Bildern, Ikonen und an ihren Namenstagen, die intensiv gefeiert werden. In Ungarn, einem vorwiegend katholischen Land, st\u00f6\u00dft man dann auf sie, wenn sie sich auch um Ungarn verdient gemacht haben, wie zum Beispiel der Heilige Stephan I. (um 1000 n. Chr.) Er wird als apostelgleicher Gr\u00fcnder des christlichen Reiches gesehen und als Schutzpatron Ungarns verehrt; die Stephanskrone gilt als Heiligtum. Sein Festtag ist in Ungarn der Begr\u00e4bnistag, der 20. August. Ein hoher Nationalfeiertag. Die Verehrung Stephans ist grundlegend f\u00fcr das ungarische Selbstverst\u00e4ndnis.<\/p>\n<p>Heilige\u2026 ein un-evangelisches Thema, oder doch nicht? Luther meinte, dass wir zwar keine Heiligenverehrung betreiben, aber Glaubensvorbilder geb\u00fchrend ehren sollten.<\/p>\n<p>Ab und an begegnet mir auf meiner Recherche im Internet das katholische Heiligenlexikon, in das ich dann auch nur zu gerne hineinschaue. Am 9. August ist der Heiligengedenktag von der Nonne, j\u00fcdischer Herkunft, Edith Stein, die auch eine Zeitlang in der Pfalz lebte. Und siehe da, bei meiner Suche nach ihr erfuhr ich, dass es einen Evangelischen Namenkalender gibt, der \u00e4hnlich dem Heiligenlexikon aufgebaut ist und in dem eben auch Edith Stein verzeichnet ist. Er enth\u00e4lt Namen und Informationen \u00fcber vorreformatorische Pers\u00f6nlichkeiten und Personen des Protestantismus. Er wurde in der ersten H\u00e4lfte des 20. Jahrhunderts unter Federf\u00fchrung der Evangelischen Michaelsbruderschaft entworfen. Seit 1969 ist er vom Rat der EKD offiziell abgesegnet. Im Gegensatz zu seinem katholischen Gegenst\u00fcck konnte sich der Evangelische Namenkalender im kirchlichen Leben nie wirklich etablieren.<\/p>\n<p>Luthers Rat, Glaubensvorbilder in das eigene Leben zu integrieren und sich ihr Leben zu Herzen zu nehmen, will ich befolgen. Ich werde am 5. August, dem Sonntag, der dem Ged\u00e4chtnis der Zerst\u00f6rung Jerusalems gedenkt, das Beispiel von Edith Stein als Wanderin zwischen religi\u00f6sen Welten aufgreifen. Das Fenster in der Kuppel unserer Kirche symbolisiert die Pr\u00e4senz Gottes, sowie die Ikonenbilder uns ihrer versichern.<\/p>\n<p><img loading=\"lazy\" decoding=\"async\" class=\"aligncenter wp-image-40 size-full\" title=\"Foto: Heiderose G\u00e4rtner-Schultz.\" src=\"https:\/\/www.sinn-schaffen.de\/heiderose-gaertner-schultz\/wp-content\/uploads\/sites\/20\/2018\/08\/HeiligeKorr.jpg\" alt=\"\" width=\"497\" height=\"609\" srcset=\"https:\/\/www.sinn-schaffen.de\/heiderose-gaertner-schultz\/wp-content\/uploads\/sites\/20\/2018\/08\/HeiligeKorr.jpg 497w, https:\/\/www.sinn-schaffen.de\/heiderose-gaertner-schultz\/wp-content\/uploads\/sites\/20\/2018\/08\/HeiligeKorr-245x300.jpg 245w\" sizes=\"auto, (max-width: 497px) 100vw, 497px\" \/><\/p>\n<p>&nbsp;<\/p>\n","protected":false},"excerpt":{"rendered":"<p>Heiligen sind wir bei unserer Tourismusseelsorge zuletzt auf der griechischen Insel Rhodos begegnet. Ihnen wird in orthodoxen Gegenden viel Aufmerksamkeit geschenkt. Dort sind sie allgegenw\u00e4rtig in Bildern, Ikonen und an ihren Namenstagen, die intensiv gefeiert werden. In Ungarn, einem vorwiegend katholischen Land, st\u00f6\u00dft man dann auf sie, wenn sie sich auch um Ungarn verdient gemacht <a href='https:\/\/www.sinn-schaffen.de\/heiderose-gaertner-schultz\/heilige-25-juli-2018\/' class='excerpt-more'>[&#8230;]<\/a><\/p>\n","protected":false},"author":1,"featured_media":0,"parent":0,"menu_order":30,"comment_status":"closed","ping_status":"closed","template":"","meta":{"footnotes":""},"class_list":["post-39","page","type-page","status-publish","hentry","post-seq-1","post-parity-odd","meta-position-left-pullout","fix"],"_links":{"self":[{"href":"https:\/\/www.sinn-schaffen.de\/heiderose-gaertner-schultz\/wp-json\/wp\/v2\/pages\/39","targetHints":{"allow":["GET"]}}],"collection":[{"href":"https:\/\/www.sinn-schaffen.de\/heiderose-gaertner-schultz\/wp-json\/wp\/v2\/pages"}],"about":[{"href":"https:\/\/www.sinn-schaffen.de\/heiderose-gaertner-schultz\/wp-json\/wp\/v2\/types\/page"}],"author":[{"embeddable":true,"href":"https:\/\/www.sinn-schaffen.de\/heiderose-gaertner-schultz\/wp-json\/wp\/v2\/users\/1"}],"replies":[{"embeddable":true,"href":"https:\/\/www.sinn-schaffen.de\/heiderose-gaertner-schultz\/wp-json\/wp\/v2\/comments?post=39"}],"version-history":[{"count":1,"href":"https:\/\/www.sinn-schaffen.de\/heiderose-gaertner-schultz\/wp-json\/wp\/v2\/pages\/39\/revisions"}],"predecessor-version":[{"id":41,"href":"https:\/\/www.sinn-schaffen.de\/heiderose-gaertner-schultz\/wp-json\/wp\/v2\/pages\/39\/revisions\/41"}],"wp:attachment":[{"href":"https:\/\/www.sinn-schaffen.de\/heiderose-gaertner-schultz\/wp-json\/wp\/v2\/media?parent=39"}],"curies":[{"name":"wp","href":"https:\/\/api.w.org\/{rel}","templated":true}]}}