{"id":183,"date":"2018-08-03T14:31:29","date_gmt":"2018-08-03T12:31:29","guid":{"rendered":"https:\/\/www.sinn-schaffen.de\/juergen-zubiller\/?page_id=183"},"modified":"2018-08-03T15:01:30","modified_gmt":"2018-08-03T13:01:30","slug":"juergen-zubiller-die-voelklinger-huette-i","status":"publish","type":"page","link":"https:\/\/www.sinn-schaffen.de\/juergen-zubiller\/juergen-zubiller-die-voelklinger-huette-i\/","title":{"rendered":"J\u00fcrgen Zubiller: Die V\u00f6lklinger H\u00fctte, I"},"content":{"rendered":"<div id=\"metaslider-id-167\" style=\"max-width: 700px;\" class=\"ml-slider-3-98-0 metaslider metaslider-flex metaslider-167 ml-slider ml-slider-lightbox-1-13-4 firelight-lightbox-2-3-15 ms-theme-default\" role=\"region\" aria-roledescription=\"Slideshow\" aria-label=\"V\u00f6lklinger H\u00fctte I\" data-width=\"700\">\n    <div id=\"metaslider_container_167\">\n        <div id=\"metaslider_167\">\n            <ul class='slides'>\n                <li style=\"display: block; width: 100%;\" class=\"slide-168 ms-image \" aria-roledescription=\"slide\" aria-label=\"slide-168\" data-date=\"2018-08-03 14:29:02\"><a href=\"https:\/\/www.sinn-schaffen.de\/juergen-zubiller\/wp-content\/uploads\/sites\/11\/2018\/08\/JuergenZubillerVoelklingen0101.jpg\" target=\"_self\" aria-label=\"View Slide Details\" class=\"metaslider_image_link\" rel=\"lightbox[167]\"><img loading=\"lazy\" decoding=\"async\" width=\"681\" height=\"1024\" src=\"https:\/\/www.sinn-schaffen.de\/juergen-zubiller\/wp-content\/uploads\/sites\/11\/2018\/08\/JuergenZubillerVoelklingen0101.jpg\" class=\"slider-167 slide-168\" alt=\"\" rel=\"\" title=\"JuergenZubillerVoelklingen0101\" style=\"margin: 0 auto; width: 47.502790178571%\" sizes=\"auto, 100vw\" \/><\/a><\/li>\n                <li style=\"display: none; width: 100%;\" class=\"slide-169 ms-image \" aria-roledescription=\"slide\" aria-label=\"slide-169\" data-date=\"2018-08-03 14:29:02\"><a href=\"https:\/\/www.sinn-schaffen.de\/juergen-zubiller\/wp-content\/uploads\/sites\/11\/2018\/08\/JuergenZubillerVoelklingen0102.jpg\" target=\"_self\" aria-label=\"View Slide Details\" class=\"metaslider_image_link\" rel=\"lightbox[167]\"><img loading=\"lazy\" decoding=\"async\" width=\"680\" height=\"1024\" src=\"https:\/\/www.sinn-schaffen.de\/juergen-zubiller\/wp-content\/uploads\/sites\/11\/2018\/08\/JuergenZubillerVoelklingen0102.jpg\" class=\"slider-167 slide-169\" alt=\"\" rel=\"\" title=\"JuergenZubillerVoelklingen0102\" style=\"margin: 0 auto; width: 47.433035714286%\" sizes=\"auto, 100vw\" \/><\/a><\/li>\n                <li style=\"display: none; width: 100%;\" class=\"slide-170 ms-image \" aria-roledescription=\"slide\" aria-label=\"slide-170\" data-date=\"2018-08-03 14:29:02\"><a href=\"https:\/\/www.sinn-schaffen.de\/juergen-zubiller\/wp-content\/uploads\/sites\/11\/2018\/08\/JuergenZubillerVoelklingen0103.jpg\" target=\"_self\" aria-label=\"View Slide Details\" class=\"metaslider_image_link\" rel=\"lightbox[167]\"><img loading=\"lazy\" decoding=\"async\" width=\"1024\" height=\"680\" src=\"https:\/\/www.sinn-schaffen.de\/juergen-zubiller\/wp-content\/uploads\/sites\/11\/2018\/08\/JuergenZubillerVoelklingen0103.jpg\" class=\"slider-167 slide-170\" alt=\"\" rel=\"\" title=\"JuergenZubillerVoelklingen0103\" style=\"margin-top: 2.5111607142857%\" sizes=\"auto, 100vw\" \/><\/a><\/li>\n                <li style=\"display: none; width: 100%;\" class=\"slide-171 ms-image \" aria-roledescription=\"slide\" aria-label=\"slide-171\" data-date=\"2018-08-03 14:29:02\"><a href=\"https:\/\/www.sinn-schaffen.de\/juergen-zubiller\/wp-content\/uploads\/sites\/11\/2018\/08\/JuergenZubillerVoelklingen0104.jpg\" target=\"_self\" aria-label=\"View Slide Details\" class=\"metaslider_image_link\" rel=\"lightbox[167]\"><img loading=\"lazy\" decoding=\"async\" width=\"680\" height=\"1024\" src=\"https:\/\/www.sinn-schaffen.de\/juergen-zubiller\/wp-content\/uploads\/sites\/11\/2018\/08\/JuergenZubillerVoelklingen0104.jpg\" class=\"slider-167 slide-171\" alt=\"\" rel=\"\" title=\"JuergenZubillerVoelklingen0104\" style=\"margin: 0 auto; width: 47.433035714286%\" sizes=\"auto, 100vw\" \/><\/a><\/li>\n                <li style=\"display: none; width: 100%;\" class=\"slide-172 ms-image \" aria-roledescription=\"slide\" aria-label=\"slide-172\" data-date=\"2018-08-03 14:29:02\"><a href=\"https:\/\/www.sinn-schaffen.de\/juergen-zubiller\/wp-content\/uploads\/sites\/11\/2018\/08\/JuergenZubillerVoelklingen0105.jpg\" target=\"_self\" aria-label=\"View Slide Details\" class=\"metaslider_image_link\" rel=\"lightbox[167]\"><img loading=\"lazy\" decoding=\"async\" width=\"768\" height=\"768\" src=\"https:\/\/www.sinn-schaffen.de\/juergen-zubiller\/wp-content\/uploads\/sites\/11\/2018\/08\/JuergenZubillerVoelklingen0105.jpg\" class=\"slider-167 slide-172\" alt=\"\" rel=\"\" title=\"JuergenZubillerVoelklingen0105\" style=\"margin: 0 auto; width: 71.428571428571%\" sizes=\"auto, 100vw\" \/><\/a><\/li>\n                <li style=\"display: none; width: 100%;\" class=\"slide-173 ms-image \" aria-roledescription=\"slide\" aria-label=\"slide-173\" data-date=\"2018-08-03 14:29:02\"><a href=\"https:\/\/www.sinn-schaffen.de\/juergen-zubiller\/wp-content\/uploads\/sites\/11\/2018\/08\/JuergenZubillerVoelklingen0106.jpg\" target=\"_self\" aria-label=\"View Slide Details\" class=\"metaslider_image_link\" rel=\"lightbox[167]\"><img loading=\"lazy\" decoding=\"async\" width=\"768\" height=\"1024\" src=\"https:\/\/www.sinn-schaffen.de\/juergen-zubiller\/wp-content\/uploads\/sites\/11\/2018\/08\/JuergenZubillerVoelklingen0106.jpg\" class=\"slider-167 slide-173\" alt=\"\" rel=\"\" title=\"JuergenZubillerVoelklingen0106\" style=\"margin: 0 auto; width: 53.571428571429%\" sizes=\"auto, 100vw\" \/><\/a><\/li>\n                <li style=\"display: none; width: 100%;\" class=\"slide-174 ms-image \" aria-roledescription=\"slide\" aria-label=\"slide-174\" data-date=\"2018-08-03 14:29:02\"><a href=\"https:\/\/www.sinn-schaffen.de\/juergen-zubiller\/wp-content\/uploads\/sites\/11\/2018\/08\/JuergenZubillerVoelklingen0107.jpg\" target=\"_self\" aria-label=\"View Slide Details\" class=\"metaslider_image_link\" rel=\"lightbox[167]\"><img loading=\"lazy\" decoding=\"async\" width=\"681\" height=\"1024\" src=\"https:\/\/www.sinn-schaffen.de\/juergen-zubiller\/wp-content\/uploads\/sites\/11\/2018\/08\/JuergenZubillerVoelklingen0107.jpg\" class=\"slider-167 slide-174\" alt=\"\" rel=\"\" title=\"JuergenZubillerVoelklingen0107\" style=\"margin: 0 auto; width: 47.502790178571%\" sizes=\"auto, 100vw\" \/><\/a><\/li>\n                <li style=\"display: none; width: 100%;\" class=\"slide-175 ms-image \" aria-roledescription=\"slide\" aria-label=\"slide-175\" data-date=\"2018-08-03 14:29:02\"><a href=\"https:\/\/www.sinn-schaffen.de\/juergen-zubiller\/wp-content\/uploads\/sites\/11\/2018\/08\/JuergenZubillerVoelklingen0108.jpg\" target=\"_self\" aria-label=\"View Slide Details\" class=\"metaslider_image_link\" rel=\"lightbox[167]\"><img loading=\"lazy\" decoding=\"async\" width=\"768\" height=\"768\" src=\"https:\/\/www.sinn-schaffen.de\/juergen-zubiller\/wp-content\/uploads\/sites\/11\/2018\/08\/JuergenZubillerVoelklingen0108.jpg\" class=\"slider-167 slide-175\" alt=\"\" rel=\"\" title=\"JuergenZubillerVoelklingen0108\" style=\"margin: 0 auto; width: 71.428571428571%\" sizes=\"auto, 100vw\" \/><\/a><\/li>\n                <li style=\"display: none; width: 100%;\" class=\"slide-176 ms-image \" aria-roledescription=\"slide\" aria-label=\"slide-176\" data-date=\"2018-08-03 14:29:02\"><a href=\"https:\/\/www.sinn-schaffen.de\/juergen-zubiller\/wp-content\/uploads\/sites\/11\/2018\/08\/JuergenZubillerVoelklingen0109.jpg\" target=\"_self\" aria-label=\"View Slide Details\" class=\"metaslider_image_link\" rel=\"lightbox[167]\"><img loading=\"lazy\" decoding=\"async\" width=\"681\" height=\"1024\" src=\"https:\/\/www.sinn-schaffen.de\/juergen-zubiller\/wp-content\/uploads\/sites\/11\/2018\/08\/JuergenZubillerVoelklingen0109.jpg\" class=\"slider-167 slide-176\" alt=\"\" rel=\"\" title=\"JuergenZubillerVoelklingen0109\" style=\"margin: 0 auto; width: 47.502790178571%\" sizes=\"auto, 100vw\" \/><\/a><\/li>\n                <li style=\"display: none; width: 100%;\" class=\"slide-177 ms-image \" aria-roledescription=\"slide\" aria-label=\"slide-177\" data-date=\"2018-08-03 14:29:02\"><a href=\"https:\/\/www.sinn-schaffen.de\/juergen-zubiller\/wp-content\/uploads\/sites\/11\/2018\/08\/JuergenZubillerVoelklingen0110.jpg\" target=\"_self\" aria-label=\"View Slide Details\" class=\"metaslider_image_link\" rel=\"lightbox[167]\"><img loading=\"lazy\" decoding=\"async\" width=\"680\" height=\"1024\" src=\"https:\/\/www.sinn-schaffen.de\/juergen-zubiller\/wp-content\/uploads\/sites\/11\/2018\/08\/JuergenZubillerVoelklingen0110.jpg\" class=\"slider-167 slide-177\" alt=\"\" rel=\"\" title=\"JuergenZubillerVoelklingen0110\" style=\"margin: 0 auto; width: 47.433035714286%\" sizes=\"auto, 100vw\" \/><\/a><\/li>\n                <li style=\"display: none; width: 100%;\" class=\"slide-178 ms-image \" aria-roledescription=\"slide\" aria-label=\"slide-178\" data-date=\"2018-08-03 14:29:02\"><a href=\"https:\/\/www.sinn-schaffen.de\/juergen-zubiller\/wp-content\/uploads\/sites\/11\/2018\/08\/JuergenZubillerVoelklingen0111.jpg\" target=\"_self\" aria-label=\"View Slide Details\" class=\"metaslider_image_link\" rel=\"lightbox[167]\"><img loading=\"lazy\" decoding=\"async\" width=\"680\" height=\"1024\" src=\"https:\/\/www.sinn-schaffen.de\/juergen-zubiller\/wp-content\/uploads\/sites\/11\/2018\/08\/JuergenZubillerVoelklingen0111.jpg\" class=\"slider-167 slide-178\" alt=\"\" rel=\"\" title=\"JuergenZubillerVoelklingen0111\" style=\"margin: 0 auto; width: 47.433035714286%\" sizes=\"auto, 100vw\" \/><\/a><\/li>\n                <li style=\"display: none; width: 100%;\" class=\"slide-179 ms-image \" aria-roledescription=\"slide\" aria-label=\"slide-179\" data-date=\"2018-08-03 14:29:02\"><a href=\"https:\/\/www.sinn-schaffen.de\/juergen-zubiller\/wp-content\/uploads\/sites\/11\/2018\/08\/JuergenZubillerVoelklingen0112.jpg\" target=\"_self\" aria-label=\"View Slide Details\" class=\"metaslider_image_link\" rel=\"lightbox[167]\"><img loading=\"lazy\" decoding=\"async\" width=\"680\" height=\"1024\" src=\"https:\/\/www.sinn-schaffen.de\/juergen-zubiller\/wp-content\/uploads\/sites\/11\/2018\/08\/JuergenZubillerVoelklingen0112.jpg\" class=\"slider-167 slide-179\" alt=\"\" rel=\"\" title=\"JuergenZubillerVoelklingen0112\" style=\"margin: 0 auto; width: 47.433035714286%\" sizes=\"auto, 100vw\" \/><\/a><\/li>\n                <li style=\"display: none; width: 100%;\" class=\"slide-180 ms-image \" aria-roledescription=\"slide\" aria-label=\"slide-180\" data-date=\"2018-08-03 14:29:02\"><a href=\"https:\/\/www.sinn-schaffen.de\/juergen-zubiller\/wp-content\/uploads\/sites\/11\/2018\/08\/JuergenZubillerVoelklingen0113.jpg\" target=\"_self\" aria-label=\"View Slide Details\" class=\"metaslider_image_link\" rel=\"lightbox[167]\"><img loading=\"lazy\" decoding=\"async\" width=\"1024\" height=\"681\" src=\"https:\/\/www.sinn-schaffen.de\/juergen-zubiller\/wp-content\/uploads\/sites\/11\/2018\/08\/JuergenZubillerVoelklingen0113.jpg\" class=\"slider-167 slide-180\" alt=\"\" rel=\"\" title=\"JuergenZubillerVoelklingen0113\" style=\"margin-top: 2.4623325892857%\" sizes=\"auto, 100vw\" \/><\/a><\/li>\n                <li style=\"display: none; width: 100%;\" class=\"slide-181 ms-image \" aria-roledescription=\"slide\" aria-label=\"slide-181\" data-date=\"2018-08-03 14:29:02\"><a href=\"https:\/\/www.sinn-schaffen.de\/juergen-zubiller\/wp-content\/uploads\/sites\/11\/2018\/08\/JuergenZubillerVoelklingen0114.jpg\" target=\"_self\" aria-label=\"View Slide Details\" class=\"metaslider_image_link\" rel=\"lightbox[167]\"><img loading=\"lazy\" decoding=\"async\" width=\"680\" height=\"1024\" src=\"https:\/\/www.sinn-schaffen.de\/juergen-zubiller\/wp-content\/uploads\/sites\/11\/2018\/08\/JuergenZubillerVoelklingen0114.jpg\" class=\"slider-167 slide-181\" alt=\"\" rel=\"\" title=\"JuergenZubillerVoelklingen0114\" style=\"margin: 0 auto; width: 47.433035714286%\" sizes=\"auto, 100vw\" \/><\/a><\/li>\n                <li style=\"display: none; width: 100%;\" class=\"slide-182 ms-image \" aria-roledescription=\"slide\" aria-label=\"slide-182\" data-date=\"2018-08-03 14:29:02\"><a href=\"https:\/\/www.sinn-schaffen.de\/juergen-zubiller\/wp-content\/uploads\/sites\/11\/2018\/08\/JuergenZubillerVoelklingen0115.jpg\" target=\"_self\" aria-label=\"View Slide Details\" class=\"metaslider_image_link\" rel=\"lightbox[167]\"><img loading=\"lazy\" decoding=\"async\" width=\"1024\" height=\"680\" src=\"https:\/\/www.sinn-schaffen.de\/juergen-zubiller\/wp-content\/uploads\/sites\/11\/2018\/08\/JuergenZubillerVoelklingen0115.jpg\" class=\"slider-167 slide-182\" alt=\"\" rel=\"\" title=\"JuergenZubillerVoelklingen0115\" style=\"margin-top: 2.5111607142857%\" sizes=\"auto, 100vw\" \/><\/a><\/li>\n            <\/ul>\n        <\/div>\n        \n    <\/div>\n<\/div>\n<p>\u00a9 2016 J\u00fcrgen Zubiller, Kaiserslautern.<\/p>\n","protected":false},"excerpt":{"rendered":"<p>\u00a9 2016 J\u00fcrgen Zubiller, Kaiserslautern.<\/p>\n","protected":false},"author":1,"featured_media":0,"parent":0,"menu_order":12,"comment_status":"closed","ping_status":"closed","template":"","meta":{"footnotes":""},"class_list":["post-183","page","type-page","status-publish","hentry"],"_links":{"self":[{"href":"https:\/\/www.sinn-schaffen.de\/juergen-zubiller\/wp-json\/wp\/v2\/pages\/183","targetHints":{"allow":["GET"]}}],"collection":[{"href":"https:\/\/www.sinn-schaffen.de\/juergen-zubiller\/wp-json\/wp\/v2\/pages"}],"about":[{"href":"https:\/\/www.sinn-schaffen.de\/juergen-zubiller\/wp-json\/wp\/v2\/types\/page"}],"author":[{"embeddable":true,"href":"https:\/\/www.sinn-schaffen.de\/juergen-zubiller\/wp-json\/wp\/v2\/users\/1"}],"replies":[{"embeddable":true,"href":"https:\/\/www.sinn-schaffen.de\/juergen-zubiller\/wp-json\/wp\/v2\/comments?post=183"}],"version-history":[{"count":3,"href":"https:\/\/www.sinn-schaffen.de\/juergen-zubiller\/wp-json\/wp\/v2\/pages\/183\/revisions"}],"predecessor-version":[{"id":324,"href":"https:\/\/www.sinn-schaffen.de\/juergen-zubiller\/wp-json\/wp\/v2\/pages\/183\/revisions\/324"}],"wp:attachment":[{"href":"https:\/\/www.sinn-schaffen.de\/juergen-zubiller\/wp-json\/wp\/v2\/media?parent=183"}],"curies":[{"name":"wp","href":"https:\/\/api.w.org\/{rel}","templated":true}]}}