{"id":1073,"date":"2025-06-30T18:24:09","date_gmt":"2025-06-30T16:24:09","guid":{"rendered":"https:\/\/www.sinn-schaffen.de\/klima\/?page_id=1073"},"modified":"2025-06-30T18:25:38","modified_gmt":"2025-06-30T16:25:38","slug":"deutsche-umwelthilfe-deckt-mit-vertraulichem-auftragsdokument-geplante-klimaschutz-und-innovationsblockade-von-katherina-reiche-auf","status":"publish","type":"page","link":"https:\/\/www.sinn-schaffen.de\/klima\/deutsche-umwelthilfe-deckt-mit-vertraulichem-auftragsdokument-geplante-klimaschutz-und-innovationsblockade-von-katherina-reiche-auf\/","title":{"rendered":"Deutsche Umwelthilfe deckt mit vertraulichem Auftragsdokument geplante Klimaschutz- und Innovationsblockade von Katherina Reiche auf"},"content":{"rendered":"\n<p><em>Aus der Leistungsbeschreibung f\u00fcr das &#8222;Monitoring der Energiewende&#8220; aus dem Wirtschaftsministerium ergibt sich, dass der Stromverbrauch 2030 und damit der Ausbaubedarf f\u00fcr Erneuerbare Energien kleingerechnet werden soll. Statt innovative Technologien voranzubringen, setzt Ministerin Reiche auf Stillstand und Stagnation. Die Deutsche Umwelthilfe fordert eine Auseinandersetzung mit dringenden Fragen wie der Elektrifizierung von Schl\u00fcsselsektoren und der Integration von Speichern.<\/em><\/p>\n\n\n\n<figure class=\"wp-block-image size-large\"><img loading=\"lazy\" decoding=\"async\" width=\"1024\" height=\"538\" src=\"https:\/\/www.sinn-schaffen.de\/klima\/wp-content\/uploads\/sites\/17\/2025\/06\/250630-NU-Energiewende-Q-1024x538.png\" alt=\"\" class=\"wp-image-1070\" title=\"Foto: Nata Uchava, Magdeburg\"\/><\/figure>\n\n\n\n<p><strong>(Berlin, 30. Juni 2025)<\/strong> Der Deutschen Umwelthilfe liegt mit der Leistungsbeschreibung f\u00fcr den sogenannten \u201eRealit\u00e4tscheck der Energiewende\u201c schwarz auf wei\u00df vor, wie Wirtschaftsministerin Katherina Reiche Klimaschutz, Erneuerbare Energien und Innovationen blockieren will. Demnach wurden die Studiennehmer beauftragt, den Strombedarf f\u00fcr 2030 und somit den Bedarf f\u00fcr Netzausbau und Erneuerbare Energien de facto kleinzurechnen. So sollen zur Absch\u00e4tzung des Strombedarfs ausschlie\u00dflich bestehende Entwicklungen analysiert werden. Wie innovative Technologien wie E-Mobilit\u00e4t, Rechenzentren, Speicher und W\u00e4rmepumpen sowie die Modernisierung des Wirtschaftsstandorts weiter ausgebaut werden k\u00f6nnen, spielt hingegen keine Rolle.<\/p>\n\n\n\n<p>Sascha M\u00fcller-Kraenner, Bundesgesch\u00e4ftsf\u00fchrer der Deutschen Umwelthilfe: \u201eDiese Studie ist eine Verschwendung von Zeit und Steuergeld. Katherina Reiche hat ideologische Scheuklappen auf: Anstatt Innovationen und die Erneuerung des Wirtschaftsstandorts in Schl\u00fcsselbereichen voranzubringen, m\u00f6chte sie offenbar Stillstand und Stagnation verwalten. Wo sind die Pl\u00e4ne f\u00fcr den Ausbau von klimafreundlichem Stahl, Speichern, W\u00e4rmepumpen, E-Mobilit\u00e4t, f\u00fcr gr\u00fcnes Wachstum oder KI-Rechenzentren? Wir fordern die Wirtschaftsministerin auf, sich mit den wirklich dr\u00e4ngenden Fragen zu besch\u00e4ftigen \u2013 etwa wie die Elektrifizierung von Schl\u00fcsselsektoren gelingen und damit die Abh\u00e4ngigkeit von teurem und unsicherem \u00d6l und Gas reduziert werden kann.\u201c<\/p>\n\n\n\n<p>Aus der Leistungsbeschreibung wird deutlich, dass Wirtschaftsministerin Reiche den Ausbau der Erneuerbaren Energien nicht der Dynamik des Marktes \u00fcberlassen will:<\/p>\n\n\n\n<ul class=\"wp-block-list\">\n<li>Die Studie soll Vorgaben f\u00fcr Wind an Land und See, Dach- und Freifl\u00e4chenphotovoltaik sowie Biogas und -methan entwickeln.<\/li>\n\n\n\n<li>Die Abscheidung und Speicherung von CO2 (CCS) soll als Alternative zu Elektrifizierung betrachtet werden.<\/li>\n\n\n\n<li>Bei den Energieeffizienzzielen im Geb\u00e4udesektor sollen die Auftragnehmer von vorneherein mit einer Verfehlung rechnen.<\/li>\n\n\n\n<li>F\u00fcr die Erzeugung von Wasserstoff sollen statt der Klimafolgen die Kosten ma\u00dfgeblich sein, womit Wasserstoff aus fossilem Gas in Stellung gebracht wird.<\/li>\n<\/ul>\n\n\n\n<p>Unklar bleibt zudem, wie Kosten durch das Ausbremsen von Erneuerbaren eingespart werden sollen, wenn f\u00fcr die gesetzlichen Klimaziele ab 2030 umso schneller ausgebaut werden muss.<\/p>\n\n\n\n<p>Constantin Zerger, Leiter Energie und Klimaschutz der Deutschen Umwelthilfe: \u201eStatt die Dynamik der kosteng\u00fcnstigen Erneuerbaren Energien zu nutzen, m\u00f6chte Frau Reiche Wind- und Sonnenenergie mit planwirtschaftlichen Vorgaben ma\u00dfregeln und ausbremsen. Nebenbei bringt sie fossile Technologien wie CCS und Wasserstoff aus Erdgas neu in Stellung und beerdigt die Effizienzziele im Geb\u00e4udebereich. Neue Klimaschutzma\u00dfnahmen oder die Vereinfachung der Genehmigung von Speichern oder Energy-Sharing-Modellen werden komplett ausgeblendet. Industrie sowie Verbraucherinnen und Verbraucher werden es teuer bezahlen, wenn die Wirtschaftsministerin die Modernisierung der deutschen Wirtschaft verschl\u00e4ft.\u201c<\/p>\n\n\n\n<div class=\"wp-block-columns is-layout-flex wp-container-core-columns-is-layout-9d6595d7 wp-block-columns-is-layout-flex\">\n<div class=\"wp-block-column is-layout-flow wp-block-column-is-layout-flow\" style=\"flex-basis:33.33%\">\n<figure class=\"wp-block-image size-full\"><a href=\"https:\/\/www.duh.de\/ueberuns\/team-der-duh\/\" target=\"_blank\" rel=\" noreferrer noopener\"><img loading=\"lazy\" decoding=\"async\" width=\"300\" height=\"212\" src=\"https:\/\/www.sinn-schaffen.de\/klima\/wp-content\/uploads\/sites\/17\/2019\/12\/Sascha_Mueller-Kraenner-300.jpg\" alt=\"\" class=\"wp-image-231\" title=\"Foto: deutsche Umwelthilfe\"\/><\/a><\/figure>\n<\/div>\n\n\n\n<div class=\"wp-block-column is-layout-flow wp-block-column-is-layout-flow\" style=\"flex-basis:66.66%\">\n<p><\/p>\n\n\n\n<p>Sascha M\u00fcller-Kraenner ist Bundesgesch\u00e4ftsf\u00fchrer der <a href=\"https:\/\/www.duh.de\/\" target=\"_blank\" rel=\"noreferrer noopener\">Deutschen Umwelthilfe<\/a>.<\/p>\n\n\n\n<figure class=\"wp-block-image size-large is-resized\"><a href=\"https:\/\/www.duh.de\/\" target=\"_blank\" rel=\" noreferrer noopener\"><img loading=\"lazy\" decoding=\"async\" width=\"1024\" height=\"125\" src=\"https:\/\/www.sinn-schaffen.de\/klima\/wp-content\/uploads\/sites\/17\/2019\/01\/DUHLogo-1024x125.png\" alt=\"\" class=\"wp-image-104\" style=\"width:173px;height:auto\"\/><\/a><\/figure>\n<\/div>\n<\/div>\n\n\n\n<div class=\"wp-block-columns is-layout-flex wp-container-core-columns-is-layout-9d6595d7 wp-block-columns-is-layout-flex\">\n<div class=\"wp-block-column is-layout-flow wp-block-column-is-layout-flow\" style=\"flex-basis:33.33%\">\n<figure class=\"wp-block-image size-full\"><a href=\"https:\/\/www.duh.de\/fileadmin\/user_upload\/download\/Projektinformation\/Energiewende\/250630_Energiewendemonitoring.pdf\" target=\"_blank\" rel=\" noreferrer noopener\"><img loading=\"lazy\" decoding=\"async\" width=\"599\" height=\"846\" src=\"https:\/\/www.sinn-schaffen.de\/klima\/wp-content\/uploads\/sites\/17\/2025\/06\/250630_Energiewendemonitoring-T.jpg\" alt=\"\" class=\"wp-image-1071\"\/><\/a><\/figure>\n<\/div>\n\n\n\n<div class=\"wp-block-column is-layout-flow wp-block-column-is-layout-flow\" style=\"flex-basis:66.66%\">\n<p><\/p>\n\n\n\n<p>Die Leistungsbeschreibung f\u00fcr das &#8222;Monitoring der Energiewende&#8220; steht <a href=\"https:\/\/www.duh.de\/fileadmin\/user_upload\/download\/Projektinformation\/Energiewende\/250630_Energiewendemonitoring.pdf\" target=\"_blank\" rel=\"noreferrer noopener\">\u00fcber diesen Link zum Download als PDF-Datei<\/a> bereit.<\/p>\n<\/div>\n<\/div>\n","protected":false},"excerpt":{"rendered":"<p>Aus der Leistungsbeschreibung f\u00fcr das &#8222;Monitoring der Energiewende&#8220; aus dem Wirtschaftsministerium ergibt sich, dass der Stromverbrauch 2030 und damit der Ausbaubedarf f\u00fcr Erneuerbare Energien kleingerechnet werden soll. Statt innovative Technologien voranzubringen, setzt Ministerin Reiche auf Stillstand und Stagnation. Die Deutsche Umwelthilfe fordert eine Auseinandersetzung mit dringenden Fragen wie der Elektrifizierung von Schl\u00fcsselsektoren und der Integration &hellip; <\/p>\n<p class=\"link-more\"><a href=\"https:\/\/www.sinn-schaffen.de\/klima\/deutsche-umwelthilfe-deckt-mit-vertraulichem-auftragsdokument-geplante-klimaschutz-und-innovationsblockade-von-katherina-reiche-auf\/\" class=\"more-link\"><span class=\"screen-reader-text\">\u201eDeutsche Umwelthilfe deckt mit vertraulichem Auftragsdokument geplante Klimaschutz- und Innovationsblockade von Katherina Reiche auf\u201c<\/span> weiterlesen<\/a><\/p>\n","protected":false},"author":1,"featured_media":0,"parent":0,"menu_order":0,"comment_status":"closed","ping_status":"closed","template":"","meta":{"footnotes":""},"class_list":["post-1073","page","type-page","status-publish","hentry"],"_links":{"self":[{"href":"https:\/\/www.sinn-schaffen.de\/klima\/wp-json\/wp\/v2\/pages\/1073","targetHints":{"allow":["GET"]}}],"collection":[{"href":"https:\/\/www.sinn-schaffen.de\/klima\/wp-json\/wp\/v2\/pages"}],"about":[{"href":"https:\/\/www.sinn-schaffen.de\/klima\/wp-json\/wp\/v2\/types\/page"}],"author":[{"embeddable":true,"href":"https:\/\/www.sinn-schaffen.de\/klima\/wp-json\/wp\/v2\/users\/1"}],"replies":[{"embeddable":true,"href":"https:\/\/www.sinn-schaffen.de\/klima\/wp-json\/wp\/v2\/comments?post=1073"}],"version-history":[{"count":1,"href":"https:\/\/www.sinn-schaffen.de\/klima\/wp-json\/wp\/v2\/pages\/1073\/revisions"}],"predecessor-version":[{"id":1074,"href":"https:\/\/www.sinn-schaffen.de\/klima\/wp-json\/wp\/v2\/pages\/1073\/revisions\/1074"}],"wp:attachment":[{"href":"https:\/\/www.sinn-schaffen.de\/klima\/wp-json\/wp\/v2\/media?parent=1073"}],"curies":[{"name":"wp","href":"https:\/\/api.w.org\/{rel}","templated":true}]}}