{"id":1088,"date":"2025-07-11T16:46:55","date_gmt":"2025-07-11T14:46:55","guid":{"rendered":"https:\/\/www.sinn-schaffen.de\/klima\/?page_id=1088"},"modified":"2025-07-11T16:47:00","modified_gmt":"2025-07-11T14:47:00","slug":"betriebsraete-warnen-energiepolitik-der-bundesregierung-gefaehrdet-arbeitsplaetze","status":"publish","type":"page","link":"https:\/\/www.sinn-schaffen.de\/klima\/betriebsraete-warnen-energiepolitik-der-bundesregierung-gefaehrdet-arbeitsplaetze\/","title":{"rendered":"Betriebsr\u00e4te warnen: Energiepolitik der Bundesregierung gef\u00e4hrdet Arbeitspl\u00e4tze"},"content":{"rendered":"\n<p><em>Die Pl\u00e4ne der Bundesregierung, den Ausbau der deutschen Stromnetze wesentlich \u00fcber \u00f6ffentlich-private Partnerschaften mit privatem Eigenkapital zu finanzieren, ist laut einer Studie der Hans-B\u00f6ckler-Stiftung ineffizient. Bis 2037 drohe ein gesamtwirtschaftlicher Verlust von insgesamt 220 Milliarden Euro, wenn die im Koalitionsvertrag angek\u00fcndigten entsprechenden Vorhaben umgesetzt w\u00fcrden, denn private Investoren wie Beteiligungsgesellschaften oder Banken fordern hohe Renditen f\u00fcr ihren Kapitaleinsatz. Weitaus g\u00fcnstiger w\u00e4re es, den Netzausbau ausschlie\u00dflich durch \u00f6ffentliche Beteiligungsgesellschaften zu finanzieren, die Finanzmittel g\u00fcnstig vom Bund oder von den Bundesl\u00e4ndern erhalten.<\/em><\/p>\n\n\n\n<figure class=\"wp-block-image size-large\"><img loading=\"lazy\" decoding=\"async\" width=\"1024\" height=\"683\" src=\"https:\/\/www.sinn-schaffen.de\/klima\/wp-content\/uploads\/sites\/17\/2025\/07\/250711-NU-ig-metall-1024x683.png\" alt=\"\" class=\"wp-image-1084\" title=\"Foto: Nata Uchava, Magdeburg\"\/><\/figure>\n\n\n\n<p><strong>(Frankfurt am Main, 11. Juli 2025)<\/strong> Arbeitnehmervertreter aus den Branchen der Energie- und W\u00e4rmetechnologie erwarten von der Bundesregierung Verl\u00e4sslichkeit in der Energieversorgung. Jedes politische Signal, das Unternehmen verunsichert, ist Gift f\u00fcr die heimischen Arbeitspl\u00e4tze, so das Fazit der Betriebsr\u00e4te auf einer Branchenkonferenz der IG Metall in Berlin. Notwendig seien aber klare Local-Content-Vorgaben f\u00fcr die Branchen, betont J\u00fcrgen Kerner, Zweiter Vorsitzender der IG Metall: \u201eEs braucht kluge Regelungen, damit die heimische Industrie beim Kapazit\u00e4ts- und Netzausbau fair ber\u00fccksichtigt wird. Die Bundesregierung muss sicherstellen, dass die deutsche Energiepolitik auch Besch\u00e4ftigung in Deutschland sichert und f\u00f6rdert.\u201c<\/p>\n\n\n\n<p>Die Diskussion um das sogenannte Heizungsgesetz sorgt schon lange f\u00fcr gro\u00dfe Verunsicherung: Der Absatz von W\u00e4rmepumpen ist 2024 im Vergleich zum Boomjahr 2023 um fast die H\u00e4lfte eingebrochen. Zuletzt hatte die neue Bundeswirtschaftsministerin Katherina Reiche die Branchen irritiert. Teilweise war der Eindruck entstanden, die seit langem festgelegten Klima- und Ausbauziele k\u00f6nnten revidiert werden.<\/p>\n\n\n\n<p>Angesichts dieser Debatte mahnt Kerner mehr Verl\u00e4sslichkeit an: \u201eDie Investitions- und Planungszeitr\u00e4ume gerade im Bereich Energieanlagen und Netzinfrastruktur sind lang. Die Unternehmen m\u00fcssen sich darum auf Zielvorgaben und Strategien verlassen. Sie brauchen klare und langfristige Entscheidungen. Ein politischer Schlingerkurs bei der Energiewende ist fatal, er gef\u00e4hrdet Tausende Arbeitspl\u00e4tze und schadet dem Industriestandort Deutschland nachhaltig.\u201c<\/p>\n\n\n\n<p>Hintergrund der Debatten sind unter anderem die hohen Kosten, die der Ausbau von Netzen und Kapazit\u00e4ten mit sich bringt. Die IG Metall verweist in diesem Zusammenhang auf eine aktuelle Studie der Hans-B\u00f6ckler-Stiftung, die den Einsatz von privatem Kapital beim Ausbau der Stromnetze als wesentlichen Kostentreiber identifiziert.<\/p>\n\n\n\n<p>Demnach sind die Pl\u00e4ne der Bundesregierung, den Ausbau der deutschen Stromnetze wesentlich \u00fcber \u00f6ffentlich-private Partnerschaften mit privatem Eigenkapital zu finanzieren, ineffizient. Bis 2037 drohe ein gesamtwirtschaftlicher Verlust von insgesamt 220 Milliarden Euro, wenn die im Koalitionsvertrag angek\u00fcndigten entsprechenden Vorhaben umgesetzt w\u00fcrden, so die Forscher. Das liege daran, dass private Investoren wie Beteiligungsgesellschaften oder Banken hohe Renditen f\u00fcr ihren Kapitaleinsatz fordern. Weitaus g\u00fcnstiger w\u00e4re es, den Netzausbau ausschlie\u00dflich durch \u00f6ffentliche Beteiligungsgesellschaften zu finanzieren, die Finanzmittel g\u00fcnstig vom Bund oder von den Bundesl\u00e4ndern erhalten.<\/p>\n\n\n\n<p>Anl\u00e4sslich der IG Metall-Fachtagung hebt Kerner die Bedeutung der Branchen hervor: \u201eDie Branchen der Energie- und W\u00e4rmetechnologie sind zentral f\u00fcr Klimaziele und sichere Energieversorgung. Hier steckt Potenzial f\u00fcr zukunftstr\u00e4chtige Innovationen und damit f\u00fcr gute und sichere Arbeitspl\u00e4tze heute und morgen. Daf\u00fcr m\u00fcssen die Unternehmen jetzt investieren.\u201c<\/p>\n\n\n\n<p>Zur IG Metall-Branchenkonferenz f\u00fcr Energie- und W\u00e4rmetechnologien trafen sich an diesem Donnerstag und Freitag Betriebsr\u00e4te aus Unternehmen des konventionellen Energieanlagen- und Kraftwerkbaus sowie der Heizungs-, Solar- und Windindustrie in Berlin. Zwei Tage lang diskutierten sie mit Vertretern aus Wissenschaft und Politik die aktuellen Herausforderungen ihrer Branchen aus Arbeitnehmersicht.<\/p>\n\n\n\n<div class=\"wp-block-columns is-layout-flex wp-container-core-columns-is-layout-9d6595d7 wp-block-columns-is-layout-flex\">\n<div class=\"wp-block-column is-layout-flow wp-block-column-is-layout-flow\" style=\"flex-basis:33.33%\">\n<figure class=\"wp-block-image size-full\"><a href=\"https:\/\/www.igmetall.de\/presse\/ig-metall-vorstand\/juergen-kerner\" target=\"_blank\" rel=\" noreferrer noopener\"><img loading=\"lazy\" decoding=\"async\" width=\"600\" height=\"320\" src=\"https:\/\/www.sinn-schaffen.de\/klima\/wp-content\/uploads\/sites\/17\/2024\/10\/Juergen-Kerner-IG-Metall-Q.jpg\" alt=\"\" class=\"wp-image-947\" title=\"Foto: IG Metall\"\/><\/a><\/figure>\n<\/div>\n\n\n\n<div class=\"wp-block-column is-layout-flow wp-block-column-is-layout-flow\" style=\"flex-basis:66.66%\">\n<p><\/p>\n\n\n\n<p>J\u00fcrgen Kerner ist Zweiter Vorsitzender der <a href=\"https:\/\/www.igmetall.de\/\" target=\"_blank\" rel=\"noreferrer noopener\">IG Metall<\/a>.<\/p>\n\n\n\n<figure class=\"wp-block-image size-large is-resized\"><a href=\"https:\/\/www.igmetall.de\/\" target=\"_blank\" rel=\" noreferrer noopener\"><img loading=\"lazy\" decoding=\"async\" width=\"1024\" height=\"1024\" src=\"https:\/\/www.sinn-schaffen.de\/klima\/wp-content\/uploads\/sites\/17\/2024\/10\/IGMetall-Logo-1024x1024.jpg\" alt=\"\" class=\"wp-image-946\" style=\"width:143px;height:auto\"\/><\/a><\/figure>\n<\/div>\n<\/div>\n\n\n\n<div class=\"wp-block-columns is-layout-flex wp-container-core-columns-is-layout-9d6595d7 wp-block-columns-is-layout-flex\">\n<div class=\"wp-block-column is-layout-flow wp-block-column-is-layout-flow\" style=\"flex-basis:33.33%\">\n<figure class=\"wp-block-image size-full\"><a href=\"https:\/\/www.boeckler.de\/de\/faust-detail.htm?produkt=HBS-009163\" target=\"_blank\" rel=\" noreferrer noopener\"><img loading=\"lazy\" decoding=\"async\" width=\"599\" height=\"846\" src=\"https:\/\/www.sinn-schaffen.de\/klima\/wp-content\/uploads\/sites\/17\/2025\/07\/p_fofoe_WP_373_2025-T.jpg\" alt=\"\" class=\"wp-image-1085\"\/><\/a><\/figure>\n<\/div>\n\n\n\n<div class=\"wp-block-column is-layout-flow wp-block-column-is-layout-flow\" style=\"flex-basis:66.66%\">\n<p><\/p>\n\n\n\n<p>Die Studie &#8222;\u00d6ffentliche Beteiligungsgesellschaften zur effizienten Finanzierung der Infrastruktur und Daseinsvorsorge&#8220; der Hans-B\u00f6ckler-Stiftung steht <a href=\"https:\/\/www.boeckler.de\/de\/faust-detail.htm?produkt=HBS-009163\" target=\"_blank\" rel=\"noreferrer noopener\">\u00fcber diesen Link zum Download als PDF-Datei<\/a> bereit.<\/p>\n<\/div>\n<\/div>\n","protected":false},"excerpt":{"rendered":"<p>Die Pl\u00e4ne der Bundesregierung, den Ausbau der deutschen Stromnetze wesentlich \u00fcber \u00f6ffentlich-private Partnerschaften mit privatem Eigenkapital zu finanzieren, ist laut einer Studie der Hans-B\u00f6ckler-Stiftung ineffizient. Bis 2037 drohe ein gesamtwirtschaftlicher Verlust von insgesamt 220 Milliarden Euro, wenn die im Koalitionsvertrag angek\u00fcndigten entsprechenden Vorhaben umgesetzt w\u00fcrden, denn private Investoren wie Beteiligungsgesellschaften oder Banken fordern hohe Renditen &hellip; <\/p>\n<p class=\"link-more\"><a href=\"https:\/\/www.sinn-schaffen.de\/klima\/betriebsraete-warnen-energiepolitik-der-bundesregierung-gefaehrdet-arbeitsplaetze\/\" class=\"more-link\"><span class=\"screen-reader-text\">\u201eBetriebsr\u00e4te warnen: Energiepolitik der Bundesregierung gef\u00e4hrdet Arbeitspl\u00e4tze\u201c<\/span> weiterlesen<\/a><\/p>\n","protected":false},"author":1,"featured_media":0,"parent":0,"menu_order":0,"comment_status":"closed","ping_status":"closed","template":"","meta":{"footnotes":""},"class_list":["post-1088","page","type-page","status-publish","hentry"],"_links":{"self":[{"href":"https:\/\/www.sinn-schaffen.de\/klima\/wp-json\/wp\/v2\/pages\/1088","targetHints":{"allow":["GET"]}}],"collection":[{"href":"https:\/\/www.sinn-schaffen.de\/klima\/wp-json\/wp\/v2\/pages"}],"about":[{"href":"https:\/\/www.sinn-schaffen.de\/klima\/wp-json\/wp\/v2\/types\/page"}],"author":[{"embeddable":true,"href":"https:\/\/www.sinn-schaffen.de\/klima\/wp-json\/wp\/v2\/users\/1"}],"replies":[{"embeddable":true,"href":"https:\/\/www.sinn-schaffen.de\/klima\/wp-json\/wp\/v2\/comments?post=1088"}],"version-history":[{"count":1,"href":"https:\/\/www.sinn-schaffen.de\/klima\/wp-json\/wp\/v2\/pages\/1088\/revisions"}],"predecessor-version":[{"id":1089,"href":"https:\/\/www.sinn-schaffen.de\/klima\/wp-json\/wp\/v2\/pages\/1088\/revisions\/1089"}],"wp:attachment":[{"href":"https:\/\/www.sinn-schaffen.de\/klima\/wp-json\/wp\/v2\/media?parent=1088"}],"curies":[{"name":"wp","href":"https:\/\/api.w.org\/{rel}","templated":true}]}}