{"id":1107,"date":"2025-10-30T16:10:18","date_gmt":"2025-10-30T15:10:18","guid":{"rendered":"https:\/\/www.sinn-schaffen.de\/klima\/?page_id=1107"},"modified":"2025-10-30T16:12:01","modified_gmt":"2025-10-30T15:12:01","slug":"die-klimakrise-ist-eine-krise-der-ungleichheit","status":"publish","type":"page","link":"https:\/\/www.sinn-schaffen.de\/klima\/die-klimakrise-ist-eine-krise-der-ungleichheit\/","title":{"rendered":"Die Klimakrise ist eine Krise der Ungleichheit"},"content":{"rendered":"\n<p><em>Eine Person aus dem reichsten 0,1 Prozent der Weltbev\u00f6lkerung verursacht an einem Tag so viel CO2-Emissionen wie eine Person der \u00e4rmsten H\u00e4lfte im ganzen Jahr, in erster Linie durch Investitionen in klimasch\u00e4dliche Sektoren wie \u00d6l und Gas. Superreiche sollten als Hauptverursacher der Klimakrise einen finanziellen Beitrag zu ihrer Bew\u00e4ltigung leisten, in Deutschland sollte ein sozial gestaffeltes Klimageld die notwendigen Transformationen gerecht umsetzen.<\/em><\/p>\n\n\n\n<figure class=\"wp-block-image size-large\"><img loading=\"lazy\" decoding=\"async\" width=\"1024\" height=\"683\" src=\"https:\/\/www.sinn-schaffen.de\/klima\/wp-content\/uploads\/sites\/17\/2025\/10\/251030-NU-oxfam-1024x683.jpg\" alt=\"\" class=\"wp-image-1099\" title=\"Foto: Nata Uchava, Magdeburg\"\/><\/figure>\n\n\n\n<p><strong>(Berlin, 29. Oktober 2025)<\/strong> Neue Berechnungen der Menschenrechts- und Entwicklungsorganisation Oxfam zeigen, wie Superreiche global und in Deutschland durch ihre Konsum- und Investitionsemissionen die Klimakrise eskalieren. Im neuen Bericht \u201eClimate Plunder\u201c zeigt Oxfam die drastischen Unterschiede zwischen reichen und \u00e4rmeren Bev\u00f6lkerungsschichten bei den weltweiten CO2-Emissionen auf:<\/p>\n\n\n\n<ul class=\"wp-block-list\">\n<li>Eine Person aus dem reichsten 0,1 Prozent der Weltbev\u00f6lkerung verursacht t\u00e4glich \u00fcber 800 Kilogramm CO2. In Deutschland sind es sogar 840 Kilogramm CO2.<\/li>\n\n\n\n<li>Im Gegensatz dazu verursacht ein Mensch aus der \u00e4rmeren H\u00e4lfte der Weltbev\u00f6lkerung im Schnitt nur 2 Kilogramm CO2 pro Tag.<\/li>\n<\/ul>\n\n\n\n<p>Die anstehende Weltklimakonferenz COP30 vom 10. bis 21. November 2025 im brasilianischen Bel\u00e9m markiert den zehnten Jahrestag des Pariser Abkommens, in dem eine Begrenzung der Erderw\u00e4rmung auf 1,5 Grad Celsius festgelegt wurde. In diesen zehn Jahren hat das reichste Prozent der Welt mehr als doppelt so viel vom CO2-Budget verbraucht, wie die gesamte \u00e4rmere H\u00e4lfte der Menschheit. Das reichste 0,1 Prozent m\u00fcsste seine durchschnittlichen Pro-Kopf-Emissionen bis 2030 um 99 Prozent reduzieren, um sie auf ein mit dem 1,5 Grad-Celsius-Ziel vereinbares Niveau zu bringen.<\/p>\n\n\n\n<p>Allen voran sind Milliard\u00e4r*innen f\u00fcr enorme Mengen an CO2-Emissionen durch ihre Investitionen in Unternehmen verantwortlich. 308 Milliard\u00e4r*innen verantworten mehr Emissionen als 118 L\u00e4nder zusammen. Dabei gehen fast 60 Prozent ihrer Investitionen in klimasch\u00e4dliche Sektoren wie \u00d6l und Gas.<\/p>\n\n\n\n<p>Die Zahlen machten klar: \u201eDie Klimakrise ist eine Krise der Ungleichheit. Superreiche setzen unseren Planeten in Brand, w\u00e4hrend die \u00c4rmsten, die am wenigsten zur Klimakrise beitragen, schon heute massiv von ihren Folgen getroffen werden\u201c, sagt Manuel Schmitt, Referent f\u00fcr soziale Ungleichheit bei Oxfam Deutschland.<\/p>\n\n\n\n<h2 class=\"wp-block-heading\">Extreme Emissionsungleichheit auch in Deutschland<\/h2>\n\n\n\n<p>Auch in Deutschland ist die Kluft enorm:<\/p>\n\n\n\n<ul class=\"wp-block-list\">\n<li>Ein Mensch aus dem reichsten 0,1 Prozent verursacht mit 307 Tonnen CO2 j\u00e4hrlich 52-mal mehr Emissionen als ein Mensch aus den \u00e4rmsten 50 Prozent in Deutschland.<\/li>\n\n\n\n<li>W\u00e4hrend die \u00e4rmsten 50 Prozent Pro-Kopf Emissionen aufweisen, die mit 5,9 Tonnen CO2 vergleichsweise nahe an der 1,5 Grad kompatiblen Grenze von 2,1 Tonnen CO2 pro Kopf und Jahr liegen, steigen die durchschnittlichen Emissionen bei den reichsten Bev\u00f6lkerungsgruppen \u00fcberproportional steil an.<\/li>\n<\/ul>\n\n\n\n<p>\u201eKlimagerechtigkeit bedeutet auch soziale Gerechtigkeit \u2013 und daf\u00fcr brauchen wir endlich entschiedene politische Ma\u00dfnahmen\u201d, sagt Schmitt. \u201cDie Bundesregierung muss daf\u00fcr sorgen, dass insbesondere reiche Bev\u00f6lkerungsschichten und Superreiche den Planeten nicht weiter verheizen und als Hauptverursacher der Klimakrise einen finanziellen Beitrag zu ihrer Bew\u00e4ltigung leisten. Ein erster Schritt w\u00e4re die im Rahmen der G20 diskutierte Mindeststeuer von zwei Prozent f\u00fcr Multimillion\u00e4r* innen und Milliard\u00e4r*innen.\u201d<\/p>\n\n\n\n<p>Dar\u00fcber hinaus fordert Oxfam die massive Reduktion von CO2 -Emissionen und die Transformation besonders klimasch\u00e4dlicher Sektoren. Zudem bedarf es einer Transformation unseres Wirtschaftssystems weg von allein markt-basierten und auf so genanntes gr\u00fcnes Wachstum fokussierten Ans\u00e4tzen hin zu einer gemeinwohlorientierten Wirtschaft innerhalb der planetaren Grenzen. Wirtschaftlich benachteiligte L\u00e4nder und \u00e4rmere Bev\u00f6lkerungsschichten m\u00fcssen bei der Bew\u00e4ltigung der Klimakrise angemessen unterst\u00fctzt werden. Dazu muss die Bundesregierung ihre aktuellen K\u00fcrzungen in der Entwicklungszusammenarbeit zur\u00fccknehmen und in Deutschland, beginnend mit der Einf\u00fchrung eines sozial gestaffelten Klimagelds, die Transformation sozial gerecht umsetzen.<\/p>\n\n\n\n<div class=\"wp-block-columns is-layout-flex wp-container-core-columns-is-layout-9d6595d7 wp-block-columns-is-layout-flex\">\n<div class=\"wp-block-column is-layout-flow wp-block-column-is-layout-flow\" style=\"flex-basis:33.33%\">\n<figure class=\"wp-block-image size-full\"><a href=\"https:\/\/www.oxfam.de\/themen\/soziale-ungleichheit\" target=\"_blank\" rel=\" noreferrer noopener\"><img loading=\"lazy\" decoding=\"async\" width=\"279\" height=\"372\" src=\"https:\/\/www.sinn-schaffen.de\/klima\/wp-content\/uploads\/sites\/17\/2025\/10\/Manuel-Schmitt-oxfam.jpg\" alt=\"\" class=\"wp-image-1108\" title=\"Foto: oxfam\"\/><\/a><\/figure>\n<\/div>\n\n\n\n<div class=\"wp-block-column is-layout-flow wp-block-column-is-layout-flow\" style=\"flex-basis:66.66%\">\n<p><\/p>\n\n\n\n<p>Manuel Schmitt ist Referent f\u00fcr soziale Ungleichheit bei <a href=\"https:\/\/www.oxfam.de\/\" data-type=\"link\" data-id=\"https:\/\/www.oxfam.de\/\" target=\"_blank\" rel=\"noreferrer noopener\">Oxfam Deutschland<\/a>.<\/p>\n\n\n\n<figure class=\"wp-block-image size-full is-resized\"><a href=\"https:\/\/www.oxfam.de\/\" target=\"_blank\" rel=\" noreferrer noopener\"><img loading=\"lazy\" decoding=\"async\" width=\"390\" height=\"144\" src=\"https:\/\/www.sinn-schaffen.de\/klima\/wp-content\/uploads\/sites\/17\/2019\/09\/OXFAM.png\" alt=\"\" class=\"wp-image-207\" style=\"width:185px;height:auto\"\/><\/a><\/figure>\n<\/div>\n<\/div>\n\n\n\n<div class=\"wp-block-columns is-layout-flex wp-container-core-columns-is-layout-9d6595d7 wp-block-columns-is-layout-flex\">\n<div class=\"wp-block-column is-layout-flow wp-block-column-is-layout-flow\" style=\"flex-basis:33.33%\">\n<figure class=\"wp-block-image size-full\"><a href=\"https:\/\/www.oxfam.de\/system\/files?file=documents\/2025-10\/oxfam-climate-inequality-report-climate-plunder.pdf\" target=\"_blank\" rel=\" noreferrer noopener\"><img loading=\"lazy\" decoding=\"async\" width=\"595\" height=\"842\" src=\"https:\/\/www.sinn-schaffen.de\/klima\/wp-content\/uploads\/sites\/17\/2025\/10\/Climate-Plunder-251020-1.jpg\" alt=\"\" class=\"wp-image-1100\"\/><\/a><\/figure>\n<\/div>\n\n\n\n<div class=\"wp-block-column is-layout-flow wp-block-column-is-layout-flow\" style=\"flex-basis:66.66%\">\n<p><\/p>\n\n\n\n<p>Der Bericht &#8222;Climate Plunder&#8220; steht <a href=\"https:\/\/www.oxfam.de\/system\/files?file=documents\/2025-10\/oxfam-climate-inequality-report-climate-plunder.pdf\" target=\"_blank\" rel=\"noreferrer noopener\">\u00fcber diesen Link zum Download als PDF-Datei<\/a> bereit.<\/p>\n<\/div>\n<\/div>\n\n\n\n<div class=\"wp-block-columns is-layout-flex wp-container-core-columns-is-layout-9d6595d7 wp-block-columns-is-layout-flex\">\n<div class=\"wp-block-column is-layout-flow wp-block-column-is-layout-flow\" style=\"flex-basis:33.33%\">\n<figure class=\"wp-block-image size-full\"><a href=\"https:\/\/www.oxfam.de\/system\/files?file=documents\/2025-10\/oxfam-klimakluft-factsheet.pdf\" target=\"_blank\" rel=\" noreferrer noopener\"><img loading=\"lazy\" decoding=\"async\" width=\"595\" height=\"842\" src=\"https:\/\/www.sinn-schaffen.de\/klima\/wp-content\/uploads\/sites\/17\/2025\/10\/Klimakluft-251030-1.jpg\" alt=\"\" class=\"wp-image-1102\"\/><\/a><\/figure>\n<\/div>\n\n\n\n<div class=\"wp-block-column is-layout-flow wp-block-column-is-layout-flow\" style=\"flex-basis:66.66%\">\n<p><\/p>\n\n\n\n<p>Die Analyse f\u00fcr Deutschland: &#8222;Klimakluft &#8211; Wie Reiche das Klima belasten&#8220; steht <a href=\"https:\/\/www.oxfam.de\/system\/files?file=documents\/2025-10\/oxfam-klimakluft-factsheet.pdf\" target=\"_blank\" rel=\"noreferrer noopener\">\u00fcber diesen Link zum Download als PDF-Datei<\/a> bereit.<\/p>\n<\/div>\n<\/div>\n\n\n\n<div class=\"wp-block-columns is-layout-flex wp-container-core-columns-is-layout-9d6595d7 wp-block-columns-is-layout-flex\">\n<div class=\"wp-block-column is-layout-flow wp-block-column-is-layout-flow\" style=\"flex-basis:33.33%\">\n<figure class=\"wp-block-image size-full\"><a href=\"https:\/\/www.oxfam.de\/system\/files?file=documents\/2025-10\/oxfam-climate-inequality-report-climate-plunder-methodology-note.pdf\" target=\"_blank\" rel=\" noreferrer noopener\"><img loading=\"lazy\" decoding=\"async\" width=\"529\" height=\"753\" src=\"https:\/\/www.sinn-schaffen.de\/klima\/wp-content\/uploads\/sites\/17\/2025\/10\/Climate-Plunder-Methoden-251030.jpg\" alt=\"\" class=\"wp-image-1104\"\/><\/a><\/figure>\n<\/div>\n\n\n\n<div class=\"wp-block-column is-layout-flow wp-block-column-is-layout-flow\" style=\"flex-basis:66.66%\">\n<p><\/p>\n\n\n\n<p>Informationen zu den globalen Berechnungen und weitere Hinweise zu Berechnungsmethoden im Bericht &#8222;Climate Plunder&#8220; stehen <a href=\"https:\/\/www.oxfam.de\/system\/files?file=documents\/2025-10\/oxfam-climate-inequality-report-climate-plunder-methodology-note.pdf\" target=\"_blank\" rel=\"noreferrer noopener\">\u00fcber diesen Link zum Download als PDF-Datei<\/a> bereit.<\/p>\n<\/div>\n<\/div>\n","protected":false},"excerpt":{"rendered":"<p>Eine Person aus dem reichsten 0,1 Prozent der Weltbev\u00f6lkerung verursacht an einem Tag so viel CO2-Emissionen wie eine Person der \u00e4rmsten H\u00e4lfte im ganzen Jahr, in erster Linie durch Investitionen in klimasch\u00e4dliche Sektoren wie \u00d6l und Gas. Superreiche sollten als Hauptverursacher der Klimakrise einen finanziellen Beitrag zu ihrer Bew\u00e4ltigung leisten, in Deutschland sollte ein sozial &hellip; <\/p>\n<p class=\"link-more\"><a href=\"https:\/\/www.sinn-schaffen.de\/klima\/die-klimakrise-ist-eine-krise-der-ungleichheit\/\" class=\"more-link\"><span class=\"screen-reader-text\">\u201eDie Klimakrise ist eine Krise der Ungleichheit\u201c<\/span> weiterlesen<\/a><\/p>\n","protected":false},"author":1,"featured_media":0,"parent":0,"menu_order":0,"comment_status":"closed","ping_status":"closed","template":"","meta":{"footnotes":""},"class_list":["post-1107","page","type-page","status-publish","hentry"],"_links":{"self":[{"href":"https:\/\/www.sinn-schaffen.de\/klima\/wp-json\/wp\/v2\/pages\/1107","targetHints":{"allow":["GET"]}}],"collection":[{"href":"https:\/\/www.sinn-schaffen.de\/klima\/wp-json\/wp\/v2\/pages"}],"about":[{"href":"https:\/\/www.sinn-schaffen.de\/klima\/wp-json\/wp\/v2\/types\/page"}],"author":[{"embeddable":true,"href":"https:\/\/www.sinn-schaffen.de\/klima\/wp-json\/wp\/v2\/users\/1"}],"replies":[{"embeddable":true,"href":"https:\/\/www.sinn-schaffen.de\/klima\/wp-json\/wp\/v2\/comments?post=1107"}],"version-history":[{"count":2,"href":"https:\/\/www.sinn-schaffen.de\/klima\/wp-json\/wp\/v2\/pages\/1107\/revisions"}],"predecessor-version":[{"id":1110,"href":"https:\/\/www.sinn-schaffen.de\/klima\/wp-json\/wp\/v2\/pages\/1107\/revisions\/1110"}],"wp:attachment":[{"href":"https:\/\/www.sinn-schaffen.de\/klima\/wp-json\/wp\/v2\/media?parent=1107"}],"curies":[{"name":"wp","href":"https:\/\/api.w.org\/{rel}","templated":true}]}}