{"id":1144,"date":"2026-02-11T16:09:09","date_gmt":"2026-02-11T15:09:09","guid":{"rendered":"https:\/\/www.sinn-schaffen.de\/klima\/?page_id=1144"},"modified":"2026-02-11T22:25:20","modified_gmt":"2026-02-11T21:25:20","slug":"humanitaere-katastrophen-die-kaum-schlagzeilen-machen","status":"publish","type":"page","link":"https:\/\/www.sinn-schaffen.de\/klima\/humanitaere-katastrophen-die-kaum-schlagzeilen-machen\/","title":{"rendered":"Humanit\u00e4re Katastrophen, die kaum Schlagzeilen machen"},"content":{"rendered":"\n<p><em>2025 gab es 1.532 Online-Artikel zur Krise in der Zentralafrikanischen Republik, zu Jeff Bezos&#8216; Hochzeit in Venedig waren es 96.927. Konflikte, Hunger und die Folgen extremer Wetterereignisse zerst\u00f6ren Existenzen in L\u00e4ndern wie der Zentralafrikanischen Republik, Sambia oder Honduras, dennoch dominieren andere Meldungen die globale Berichterstattung. Und wo Krisen unsichtbar bleiben, fehlt oft auch die finanzielle Unterst\u00fctzung.<\/em><\/p>\n\n\n\n<figure class=\"wp-block-image size-large\"><img loading=\"lazy\" decoding=\"async\" width=\"1024\" height=\"683\" src=\"https:\/\/www.sinn-schaffen.de\/klima\/wp-content\/uploads\/sites\/17\/2026\/02\/260211-NU-CARE-1024x683.jpg\" alt=\"\" class=\"wp-image-1140\" title=\"Foto: Nata Uchava, Magdeburg\"\/><\/figure>\n\n\n\n<p><strong>(Bonn, 28. Januar 2026)<\/strong> Zum zehnten Mal ver\u00f6ffentlicht die internationale Hilfsorganisation <a href=\"https:\/\/www.care.de\/\" target=\"_blank\" rel=\"noreferrer noopener\">CARE (Cooperative for Assistance and Relief Everywhere)<\/a> in Zusammenarbeit mit dem internationalen Medienbeobachtungsdienst Meltwater den CARE-Krisenreport \u00fcber die zehn humanit\u00e4ren Katastrophen, die jeweils im Vorjahr kaum Schlagzeilen machten. <a href=\"https:\/\/www.care.de\/\" target=\"_blank\" rel=\"noreferrer noopener\">CARE<\/a> listet zun\u00e4chst alle humanit\u00e4ren Krisen und Katastrophen auf, von denen jeweils mehr als eine Million Menschen betroffen sind. Anschlie\u00dfend pr\u00fcft Meltwater, wie h\u00e4ufig \u00fcber jede dieser Krisen im Zeitraum vom 1. Januar bis 30. September 2025 berichtet wurde.<\/p>\n\n\n\n<p>Insgesamt f\u00fcnf Millionen Medienberichte wurden erhoben und den L\u00e4ndern zugeordnet. Daraus ergibt sich die Rangfolge. Ber\u00fccksichtigt wurde ausschlie\u00dflich die Online-Berichterstattung in den Sprachen Englisch, Franz\u00f6sisch, Deutsch, Spanisch und Arabisch.<\/p>\n\n\n\n<h2 class=\"wp-block-heading\">2025 gab es 1.532 Online-Artikel zur Krise in der Zentralafrikanischen Republik \u2011 zu Jeff Bezos\u2018 Hochzeit in Venedig waren es 96.927<\/h2>\n\n\n\n<p>Konflikte, Hunger und die Folgen extremer Wetterereignisse zerst\u00f6ren Existenzen in L\u00e4ndern wie der Zentralafrikanischen Republik, Sambia oder Honduras. Dennoch dominieren andere Krisen die globale Berichterstattung. Die CARE-Medienanalyse zeigt: Von f\u00fcnf Millionen ausgewerteten Online-Artikeln zu humanit\u00e4ren Notlagen handeln rund zwei Millionen, also fast die H\u00e4lfte, von dem Konflikt in Gaza und der Westbank. Das Ungleichgewicht in der Berichterstattung ist erheblich \u2013 und es hat Folgen.<\/p>\n\n\n\n<p>Denn wo Krisen unsichtbar bleiben, fehlt oft auch die finanzielle Unterst\u00fctzung. 2025 war gepr\u00e4gt von einer besorgniserregenden Entwicklung: Weltweit wurden und werden Mittel f\u00fcr humanit\u00e4re Hilfe und Entwicklungszusammenarbeit gek\u00fcrzt. F\u00fcr Menschen in Krisenregionen bedeutet das unter anderem weniger Nahrung, weniger medizinische Versorgung, weniger Hoffnung.<\/p>\n\n\n\n<h2 class=\"wp-block-heading\">Folgen des Klimawandels<\/h2>\n\n\n\n<p>Die Medien k\u00f6nnen nicht \u00fcber alle Krisen gleicherma\u00dfen berichten. Gleichzeitig h\u00e4ufen sich Notlagen, weil f\u00fcr langanhaltende Krisen keine L\u00f6sungen gefunden werden. Das Ergebnis ist, dass einige Krisen vernachl\u00e4ssigt werden. Der Klimawandel verschlimmert die Situation dramatisch.<\/p>\n\n\n\n<p>Heute sind Konflikte der gr\u00f6\u00dfte Verursacher f\u00fcr Vertreibung, aber in wenigen Jahren k\u00f6nnten klimabedingte Katastrophen diejenigen Krisen, die bereits heute wenig Medienaufmerksamkeit erhalten, weiter isolieren. Fast alle langwierigen humanit\u00e4ren Krisen haben politische Ursachen \u2013 und dauern an, weil es keine politischen L\u00f6sungen gibt.<\/p>\n\n\n\n<h2 class=\"wp-block-heading\">Vergessene Krisen<\/h2>\n\n\n\n<p>Die Europ\u00e4ische Union definiert eine \u201evergessene Krise\u201c als \u201eeine schwere, lang andauernde humanit\u00e4re Krise, in der die betroffene Bev\u00f6lkerung nur unzureichende oder gar keine internationale Hilfe erh\u00e4lt\u201c. Typischerweise fehlt es zudem an politischem Willen zur Beilegung der Krise sowie an medialer Aufmerksamkeit. Die EU identifiziert solche Krisen im Rahmen des sogenannten \u201eForgotten Crisis Assessment\u201c.<\/p>\n\n\n\n<div class=\"wp-block-columns is-layout-flex wp-container-core-columns-is-layout-9d6595d7 wp-block-columns-is-layout-flex\">\n<div class=\"wp-block-column is-layout-flow wp-block-column-is-layout-flow\" style=\"flex-basis:33.33%\">\n<figure class=\"wp-block-image size-full\"><a href=\"https:\/\/www.care.de\/media\/websitedateien\/care-allgemeines\/publikationen\/care-krisenreport-2025-final.pdf\" target=\"_blank\" rel=\" noreferrer noopener\"><img loading=\"lazy\" decoding=\"async\" width=\"599\" height=\"846\" src=\"https:\/\/www.sinn-schaffen.de\/klima\/wp-content\/uploads\/sites\/17\/2026\/02\/care-krisenreport-2025-T.jpg\" alt=\"\" class=\"wp-image-1141\"\/><\/a><\/figure>\n<\/div>\n\n\n\n<div class=\"wp-block-column is-layout-flow wp-block-column-is-layout-flow\" style=\"flex-basis:66.66%\">\n<p><\/p>\n\n\n\n<p>Der aktuelle &#8222;CARE-Krisenreport&#8220; steht <a href=\"https:\/\/www.care.de\/media\/websitedateien\/care-allgemeines\/publikationen\/care-krisenreport-2025-final.pdf\" target=\"_blank\" rel=\"noreferrer noopener\">\u00fcber diesen Link zum Download als PDF-Datei<\/a> bereit.<\/p>\n<\/div>\n<\/div>\n","protected":false},"excerpt":{"rendered":"<p>2025 gab es 1.532 Online-Artikel zur Krise in der Zentralafrikanischen Republik, zu Jeff Bezos&#8216; Hochzeit in Venedig waren es 96.927. Konflikte, Hunger und die Folgen extremer Wetterereignisse zerst\u00f6ren Existenzen in L\u00e4ndern wie der Zentralafrikanischen Republik, Sambia oder Honduras, dennoch dominieren andere Meldungen die globale Berichterstattung. Und wo Krisen unsichtbar bleiben, fehlt oft auch die finanzielle &hellip; <\/p>\n<p class=\"link-more\"><a href=\"https:\/\/www.sinn-schaffen.de\/klima\/humanitaere-katastrophen-die-kaum-schlagzeilen-machen\/\" class=\"more-link\"><span class=\"screen-reader-text\">\u201eHumanit\u00e4re Katastrophen, die kaum Schlagzeilen machen\u201c<\/span> weiterlesen<\/a><\/p>\n","protected":false},"author":1,"featured_media":0,"parent":0,"menu_order":0,"comment_status":"closed","ping_status":"closed","template":"","meta":{"footnotes":""},"class_list":["post-1144","page","type-page","status-publish","hentry"],"_links":{"self":[{"href":"https:\/\/www.sinn-schaffen.de\/klima\/wp-json\/wp\/v2\/pages\/1144","targetHints":{"allow":["GET"]}}],"collection":[{"href":"https:\/\/www.sinn-schaffen.de\/klima\/wp-json\/wp\/v2\/pages"}],"about":[{"href":"https:\/\/www.sinn-schaffen.de\/klima\/wp-json\/wp\/v2\/types\/page"}],"author":[{"embeddable":true,"href":"https:\/\/www.sinn-schaffen.de\/klima\/wp-json\/wp\/v2\/users\/1"}],"replies":[{"embeddable":true,"href":"https:\/\/www.sinn-schaffen.de\/klima\/wp-json\/wp\/v2\/comments?post=1144"}],"version-history":[{"count":2,"href":"https:\/\/www.sinn-schaffen.de\/klima\/wp-json\/wp\/v2\/pages\/1144\/revisions"}],"predecessor-version":[{"id":1146,"href":"https:\/\/www.sinn-schaffen.de\/klima\/wp-json\/wp\/v2\/pages\/1144\/revisions\/1146"}],"wp:attachment":[{"href":"https:\/\/www.sinn-schaffen.de\/klima\/wp-json\/wp\/v2\/media?parent=1144"}],"curies":[{"name":"wp","href":"https:\/\/api.w.org\/{rel}","templated":true}]}}