{"id":1157,"date":"2026-03-12T17:44:23","date_gmt":"2026-03-12T16:44:23","guid":{"rendered":"https:\/\/www.sinn-schaffen.de\/klima\/?page_id=1157"},"modified":"2026-03-12T17:44:23","modified_gmt":"2026-03-12T16:44:23","slug":"sofortmassnahme-gegen-steigende-spritpreise-deutsche-umwelthilfe-fordert-deutschlandticket-fuer-maximal-49-euro","status":"publish","type":"page","link":"https:\/\/www.sinn-schaffen.de\/klima\/sofortmassnahme-gegen-steigende-spritpreise-deutsche-umwelthilfe-fordert-deutschlandticket-fuer-maximal-49-euro\/","title":{"rendered":"Sofortma\u00dfnahme gegen steigende Spritpreise: Deutsche Umwelthilfe fordert Deutschlandticket f\u00fcr maximal 49 Euro"},"content":{"rendered":"\n<p><em>Statt immer wieder \u00fcber staatliche Entlastungen beim Spritpreis zu diskutieren, sollten Bund und L\u00e4nder den Preis des Deutschlandtickets dauerhaft senken mit zus\u00e4tzlichen Verg\u00fcnstigungen f\u00fcr Kinder und Jugendliche, Auszubildende und Studierende, Rentnerinnen und Rentner. Deutschland braucht einen bezahlbaren, zuverl\u00e4ssigen und gut ausgebauten \u00f6ffentlichen Verkehr. Investitionen in Bus und Bahn entlasten Haushalte, sch\u00fctzen Klima und Gesundheit und sparen der Volkswirtschaft Milliardenkosten \u2013 im Gegensatz zur Subventionierung fossiler Kraftstoffe.<\/em><\/p>\n\n\n\n<figure class=\"wp-block-image size-large\"><img loading=\"lazy\" decoding=\"async\" width=\"1024\" height=\"684\" src=\"https:\/\/www.sinn-schaffen.de\/klima\/wp-content\/uploads\/sites\/17\/2026\/03\/260312-NU-DUH-1024x684.jpg\" alt=\"\" class=\"wp-image-1155\" title=\"Foto: Nata Uchava, Magdeburg\"\/><\/figure>\n\n\n\n<p><strong>(Berlin, 10. M\u00e4rz 2026)<\/strong> Angesichts steigender Spritpreise fordert die Deutsche Umwelthilfe, den Preis des Deutschlandtickets wieder auf maximal 49 Euro zu senken. Das w\u00fcrde Millionen Menschen finanziell entlasten, die Abh\u00e4ngigkeit von fossilem \u00d6l reduzieren, gleichzeitig das Klima sch\u00fctzen und die Volkswirtschaft f\u00f6rdern.<\/p>\n\n\n\n<p>Dazu J\u00fcrgen Resch, Bundesgesch\u00e4ftsf\u00fchrer der Deutschen Umwelthilfe: \u201eDie extrem hohen Spritpreise f\u00fchren vielen Menschen gerade schmerzhaft vor Augen, wie teuer sie die Abh\u00e4ngigkeit vom fossil-betriebenen Auto zu stehen kommt. Wer t\u00e4glich mobil sein muss, braucht eine verl\u00e4ssliche und bezahlbare Alternative. Genau daf\u00fcr wurde das Deutschlandticket geschaffen. Die Preiserh\u00f6hung auf 63 Euro war ein Fehler und droht, dieses Erfolgsmodell Schritt f\u00fcr Schritt auszuh\u00f6hlen. Statt immer wieder \u00fcber staatliche Entlastungen beim Spritpreis zu diskutieren, m\u00fcssen Bund und L\u00e4nder den Preis des Deutschlandtickets wieder dauerhaft auf maximal 49 Euro senken. Au\u00dferdem braucht es zus\u00e4tzliche Verg\u00fcnstigungen f\u00fcr Kinder und Jugendliche, Auszubildende und Studierende, Rentnerinnen und Rentner. F\u00fcr sie sollte das Ticket maximal 29 Euro kosten. \u00d6ffentliche Mittel sollten nicht in die Subventionierung fossiler Kraftstoffe flie\u00dfen, sondern in einen starken \u00f6ffentlichen Verkehr. Deutschland braucht einen bezahlbaren, zuverl\u00e4ssigen und gut ausgebauten \u00f6ffentlichen Verkehr. Investitionen in Bus und Bahn entlasten Haushalte, sch\u00fctzen Klima und Gesundheit und sparen der Volkswirtschaft Milliardenkosten durch weniger Staus, Luftverschmutzung und Klimasch\u00e4den. Bund und L\u00e4nder m\u00fcssen Bus und Bahn endlich zur echten Alternative zum Auto machen.\u201c<\/p>\n\n\n\n<div class=\"wp-block-columns is-layout-flex wp-container-core-columns-is-layout-9d6595d7 wp-block-columns-is-layout-flex\">\n<div class=\"wp-block-column is-layout-flow wp-block-column-is-layout-flow\" style=\"flex-basis:33.33%\">\n<figure class=\"wp-block-image size-full\"><a href=\"https:\/\/www.duh.de\/ueberuns\/team-der-duh\/\" target=\"_blank\" rel=\" noreferrer noopener\"><img loading=\"lazy\" decoding=\"async\" width=\"800\" height=\"819\" src=\"https:\/\/www.sinn-schaffen.de\/klima\/wp-content\/uploads\/sites\/17\/2019\/01\/ReschDUHkl.jpg\" alt=\"\" class=\"wp-image-103\" title=\"Foto: Deutsche Umwelthilfe\"\/><\/a><\/figure>\n<\/div>\n\n\n\n<div class=\"wp-block-column is-layout-flow wp-block-column-is-layout-flow\" style=\"flex-basis:66.66%\">\n<p><\/p>\n\n\n\n<p>J\u00fcrgen Resch ist Bundesgesch\u00e4ftsf\u00fchrer der <a href=\"https:\/\/www.duh.de\/\" target=\"_blank\" rel=\"noreferrer noopener\">Deutschen Umwelthilfe<\/a>.<\/p>\n\n\n\n<figure class=\"wp-block-image size-large is-resized\"><a href=\"https:\/\/www.duh.de\/\" target=\"_blank\" rel=\" noreferrer noopener\"><img loading=\"lazy\" decoding=\"async\" width=\"1024\" height=\"125\" src=\"https:\/\/www.sinn-schaffen.de\/klima\/wp-content\/uploads\/sites\/17\/2019\/01\/DUHLogo-1024x125.png\" alt=\"\" class=\"wp-image-104\" style=\"aspect-ratio:8.191387559808613;width:207px;height:auto\"\/><\/a><\/figure>\n<\/div>\n<\/div>\n\n\n\n<p><\/p>\n","protected":false},"excerpt":{"rendered":"<p>Statt immer wieder \u00fcber staatliche Entlastungen beim Spritpreis zu diskutieren, sollten Bund und L\u00e4nder den Preis des Deutschlandtickets dauerhaft senken mit zus\u00e4tzlichen Verg\u00fcnstigungen f\u00fcr Kinder und Jugendliche, Auszubildende und Studierende, Rentnerinnen und Rentner. Deutschland braucht einen bezahlbaren, zuverl\u00e4ssigen und gut ausgebauten \u00f6ffentlichen Verkehr. Investitionen in Bus und Bahn entlasten Haushalte, sch\u00fctzen Klima und Gesundheit und &hellip; <\/p>\n<p class=\"link-more\"><a href=\"https:\/\/www.sinn-schaffen.de\/klima\/sofortmassnahme-gegen-steigende-spritpreise-deutsche-umwelthilfe-fordert-deutschlandticket-fuer-maximal-49-euro\/\" class=\"more-link\"><span class=\"screen-reader-text\">\u201eSofortma\u00dfnahme gegen steigende Spritpreise: Deutsche Umwelthilfe fordert Deutschlandticket f\u00fcr maximal 49 Euro\u201c<\/span> weiterlesen<\/a><\/p>\n","protected":false},"author":1,"featured_media":0,"parent":0,"menu_order":0,"comment_status":"closed","ping_status":"closed","template":"","meta":{"footnotes":""},"class_list":["post-1157","page","type-page","status-publish","hentry"],"_links":{"self":[{"href":"https:\/\/www.sinn-schaffen.de\/klima\/wp-json\/wp\/v2\/pages\/1157","targetHints":{"allow":["GET"]}}],"collection":[{"href":"https:\/\/www.sinn-schaffen.de\/klima\/wp-json\/wp\/v2\/pages"}],"about":[{"href":"https:\/\/www.sinn-schaffen.de\/klima\/wp-json\/wp\/v2\/types\/page"}],"author":[{"embeddable":true,"href":"https:\/\/www.sinn-schaffen.de\/klima\/wp-json\/wp\/v2\/users\/1"}],"replies":[{"embeddable":true,"href":"https:\/\/www.sinn-schaffen.de\/klima\/wp-json\/wp\/v2\/comments?post=1157"}],"version-history":[{"count":1,"href":"https:\/\/www.sinn-schaffen.de\/klima\/wp-json\/wp\/v2\/pages\/1157\/revisions"}],"predecessor-version":[{"id":1158,"href":"https:\/\/www.sinn-schaffen.de\/klima\/wp-json\/wp\/v2\/pages\/1157\/revisions\/1158"}],"wp:attachment":[{"href":"https:\/\/www.sinn-schaffen.de\/klima\/wp-json\/wp\/v2\/media?parent=1157"}],"curies":[{"name":"wp","href":"https:\/\/api.w.org\/{rel}","templated":true}]}}