{"id":147,"date":"2019-05-24T17:50:16","date_gmt":"2019-05-24T15:50:16","guid":{"rendered":"https:\/\/www.sinn-schaffen.de\/klima\/?page_id=147"},"modified":"2020-09-09T15:11:36","modified_gmt":"2020-09-09T13:11:36","slug":"aufruf-zu-churches-for-future","status":"publish","type":"page","link":"https:\/\/www.sinn-schaffen.de\/klima\/aufruf-zu-churches-for-future\/","title":{"rendered":"Aufruf zu &#8222;Churches for Future&#8220;"},"content":{"rendered":"\n<p><em>Aus Solidarit\u00e4t mit der weltweiten \u201cFridays for Future\u201d-Bewegung haben Mitglieder des \u00d6kumenischen Netzwerks Klimagerechtigkeit den Aufruf \u201cChurches for Future\u201d initiiert. Das \u00d6kumenische Netzwerk regt an, regional den Kontakt mit den Initiatoren von \u201cFridays for Future\u201d zu suchen, um zu erfahren, ob und wenn ja welche Unterst\u00fctzung durch Kirchen, kirchliche Organisationen und Initiativen sie brauchen. Dem Netzwerk haben sich inzwischen 21 katholische Bist\u00fcmer, evangelische (Landes)Kirchen, kirchliche Organisationen und Initiativen sowie Entwicklungsorganisationen angeschlossen; sie bitten \u201cdie Mitglieder unserer Kirchen und kirchlichen Organisationen ihr Engagement f\u00fcr Klimagerechtigkeit [\u2026] deutlich zu verst\u00e4rken\u201d.<\/em><\/p>\n\n\n\n<hr>\n<img decoding=\"async\" class=\"alignleft wp-image-313\" title=\"Foto: Nata Uchava, Freiburg.\" src=\"https:\/\/www.sinn-schaffen.de\/klima\/wp-content\/uploads\/sites\/17\/2019\/05\/NU-Churches-For-Future.jpg\" alt=\"\" width=\"1024\">\n<hr>\n&nbsp;\n\n\n\n<p><strong>(Aachen, 22. Mai 2019)<\/strong> Aus Solidarit\u00e4t mit der weltweiten \u201eFridays for Future\u201c-Bewegung haben Mitglieder des \u00d6kumenischen Netzwerks Klimagerechtigkeit den <a rel=\"noreferrer noopener\" aria-label=\"Aufruf \u201eChurches for Future\u201c (\u00f6ffnet in neuem Tab)\" href=\"https:\/\/www.kirchen-fuer-klimagerechtigkeit.de\/fileadmin\/kfk_redaktion\/pdf\/2019\/OENK_Churches_for_Future.pdf\" target=\"_blank\">Aufruf \u201eChurches for Future\u201c<\/a> initiiert. \u201eWir als Kirchen und kirchliche Organisationen zollen den Protestierenden gro\u00dfen Respekt und unterst\u00fctzen die Anliegen der jungen Generation. Wir bitten daher die Mitglieder unserer Kirchen und kirchlichen Organisationen ihr Engagement f\u00fcr Klimagerechtigkeit sowohl im pers\u00f6nlichen als auch im kirchlichen und gesellschaftlichen Leben deutlich zu verst\u00e4rken. Werden Sie zu \u201eChurches for Future\u201c!\u201c, hei\u00dft es in einem Schreiben.<\/p>\n\n\n\n<div class=\"wp-block-image\"><figure class=\"alignright is-resized\"><a href=\"https:\/\/www.kirchen-fuer-klimagerechtigkeit.de\/fileadmin\/kfk_redaktion\/pdf\/2019\/OENK_Churches_for_Future.pdf\" target=\"_blank\" rel=\"noreferrer noopener\"><img decoding=\"async\" src=\"https:\/\/www.sinn-schaffen.de\/klima\/wp-content\/uploads\/sites\/17\/2019\/05\/OENK_Churches_for_Future-T.jpg\" alt=\"\" class=\"wp-image-144\" width=\"318\"\/><\/a><\/figure><\/div>\n\n\n\n<p>Bislang unterst\u00fctzen 16 Landeskirchen, kirchliche\nEinrichtungen und Organisationen diesen Aufruf:<\/p>\n\n\n\n<ul class=\"wp-block-list\"><li>Das Amt f\u00fcr Mission, \u00d6kumene und kirchliche\nWeltverantwortung (M\u00d6We),<\/li><li>das Bisch\u00f6fliches Hilfswerk MISEREOR e.V.,<\/li><li>das Bistum Speyer,<\/li><li>die Bisch\u00f6fliche Aktion Adveniat e.V.,<\/li><li>Brot f\u00fcr die Welt,<\/li><li>der Bund der Deutschen Katholischen Jugend\n(BDKJ),<\/li><li>die Evangelische Kirche der Pfalz,<\/li><li>die Evangelische Kirche in Deutschland (EKD),\nOKR Dr. Ruth G\u00fctter,<\/li><li>die Evangelische Kirche in Hessen und Nassau,<\/li><li>die Evangelische Kirche von Kurhessen-Waldeck,<\/li><li>der Ev.-Luth. Kirchenkreis Rantzau-M\u00fcnsterdorf,\nNordkirche,<\/li><li>die Gesch\u00e4ftsstelle der Kommunalen \u00d6kumene\nTreptow-K\u00f6penick,<\/li><li>das Institut f\u00fcr Kirche und Gesellschaft der\nEKvW,<\/li><li>die Katholische Landvolkbewegung Deutschland\n(KLB), Bundesstelle,<\/li><li>die Katholische Landjugendbewegung Deutschlands\n(KLJB) e.V.,<\/li><li>die Pilgerbasis Paris 2015, Wolfgang L\u00f6bnitz,\nJens Kn\u00f6lker, Wolfgang Eber, Christian Seidel,<\/li><li>das UmweltHaus am Sch\u00fcberg, Ev.-Luth.\nKirchenkreis Hamburg-Ost, Nordkirche,<\/li><li>sowie das Zentrum f\u00fcr Mission und \u00d6kumene \u2011\nNordkirche weltweit.<\/li><\/ul>\n\n\n\n<p>Neben F\u00fcrbitten f\u00fcr die Teilnehmenden der Demonstrationen\nregt das \u00d6kumenische Netzwerk auch an, regional den Kontakt mit den Initiatoren\nvon Fridays for Future zu suchen, um zu erfahren, ob und wenn ja welche\nUnterst\u00fctzung durch Kirchen, kirchliche Organisationen und Initiativen sie\nbrauchen.<\/p>\n\n\n\n<p>In dem 2018 gegr\u00fcndeten <a rel=\"noreferrer noopener\" aria-label=\"\u00d6kumenischen Netzwerk Klimagerechtigkeit (\u00f6ffnet in neuem Tab)\" href=\"http:\/\/www.kirchen-fuer-klimagerechtigkeit.de\/\" target=\"_blank\">\u00d6kumenischen Netzwerk Klimagerechtigkeit<\/a> haben sich inzwischen 21 katholische Bist\u00fcmer, evangelische (Landes)Kirchen, kirchliche Organisationen und Initiativen sowie Entwicklungsorganisationen zusammengeschlossen.<\/p>\n\n\n\n<figure class=\"wp-block-table\"><table class=\"has-subtle-light-gray-background-color has-background\"><tbody><tr><td width=\"25%\"><a rel=\"noopener noreferrer\" href=\"https:\/\/www.kirchen-fuer-klimagerechtigkeit.de\/\" target=\"_blank\"><img decoding=\"async\" width=\"180\" class=\"aligncenter wp-image-313\" title=\"Foto: Netzwerk Klimagerechtigkeit.\" src=\"https:\/\/www.sinn-schaffen.de\/klima\/wp-content\/uploads\/sites\/17\/2019\/05\/Chris-B\u00f6er-T.jpg\" alt=\"\"><\/a><\/td><td width=\"75%\">Chris B\u00f6er ist Koordinator des <a href=\"https:\/\/www.kirchen-fuer-klimagerechtigkeit.de\/\" target=\"_blank\" rel=\"noopener noreferrer\">\u00d6kumenischen Netzwerks Klimagerechtigkeit<\/a> im B\u00fcro Hamburg.<\/td><\/tr><tr><td><\/td><td><a href=\"https:\/\/www.kirchen-fuer-klimagerechtigkeit.de\/\" target=\"_blank\" rel=\"noopener noreferrer\"><img decoding=\"async\" class=\"aligncenter wp-image-313\" title=\" \" src=\"https:\/\/www.sinn-schaffen.de\/klima\/wp-content\/uploads\/sites\/17\/2019\/05\/Netzwerk-Klimagerechtigkeit.jpg\" alt=\"\" width=\"180\"><\/a><\/td><\/tr><\/tbody><\/table><\/figure>\n","protected":false},"excerpt":{"rendered":"<p>Aus Solidarit\u00e4t mit der weltweiten \u201cFridays for Future\u201d-Bewegung haben Mitglieder des \u00d6kumenischen Netzwerks Klimagerechtigkeit den Aufruf \u201cChurches for Future\u201d initiiert. Das \u00d6kumenische Netzwerk regt an, regional den Kontakt mit den Initiatoren von \u201cFridays for Future\u201d zu suchen, um zu erfahren, ob und wenn ja welche Unterst\u00fctzung durch Kirchen, kirchliche Organisationen und Initiativen sie brauchen. Dem &hellip; <\/p>\n<p class=\"link-more\"><a href=\"https:\/\/www.sinn-schaffen.de\/klima\/aufruf-zu-churches-for-future\/\" class=\"more-link\"><span class=\"screen-reader-text\">\u201eAufruf zu &#8222;Churches for Future&#8220;\u201c<\/span> weiterlesen<\/a><\/p>\n","protected":false},"author":1,"featured_media":0,"parent":0,"menu_order":115,"comment_status":"closed","ping_status":"closed","template":"","meta":{"footnotes":""},"class_list":["post-147","page","type-page","status-publish","hentry"],"_links":{"self":[{"href":"https:\/\/www.sinn-schaffen.de\/klima\/wp-json\/wp\/v2\/pages\/147","targetHints":{"allow":["GET"]}}],"collection":[{"href":"https:\/\/www.sinn-schaffen.de\/klima\/wp-json\/wp\/v2\/pages"}],"about":[{"href":"https:\/\/www.sinn-schaffen.de\/klima\/wp-json\/wp\/v2\/types\/page"}],"author":[{"embeddable":true,"href":"https:\/\/www.sinn-schaffen.de\/klima\/wp-json\/wp\/v2\/users\/1"}],"replies":[{"embeddable":true,"href":"https:\/\/www.sinn-schaffen.de\/klima\/wp-json\/wp\/v2\/comments?post=147"}],"version-history":[{"count":5,"href":"https:\/\/www.sinn-schaffen.de\/klima\/wp-json\/wp\/v2\/pages\/147\/revisions"}],"predecessor-version":[{"id":379,"href":"https:\/\/www.sinn-schaffen.de\/klima\/wp-json\/wp\/v2\/pages\/147\/revisions\/379"}],"wp:attachment":[{"href":"https:\/\/www.sinn-schaffen.de\/klima\/wp-json\/wp\/v2\/media?parent=147"}],"curies":[{"name":"wp","href":"https:\/\/api.w.org\/{rel}","templated":true}]}}