{"id":181,"date":"2019-08-19T14:52:29","date_gmt":"2019-08-19T12:52:29","guid":{"rendered":"https:\/\/www.sinn-schaffen.de\/klima\/?page_id=181"},"modified":"2020-09-09T15:05:15","modified_gmt":"2020-09-09T13:05:15","slug":"ein-jahr-fridays-for-future-umfassende-studie-veroeffentlicht","status":"publish","type":"page","link":"https:\/\/www.sinn-schaffen.de\/klima\/ein-jahr-fridays-for-future-umfassende-studie-veroeffentlicht\/","title":{"rendered":"Ein Jahr Fridays For Future: umfassende Studie ver\u00f6ffentlicht"},"content":{"rendered":"\n<p><em>Die Fridays for Future-Bewegung mobilisiert junge Menschen und nimmt die Politik in die Verantwortung, der Klimakrise eine entschiedene, \u00f6kologische und sozial ausgewogene Transformation entgegenzustellen. Bisher pr\u00e4gten Mutma\u00dfungen, Vorurteile oder Spekulationen die Sicht auf Fridays for Future, jetzt liegt eine erste empirische Untersuchung vor, die Auskunft gibt \u00fcber das politische Profil, die Mobilisierungswege und die Ziele der Bewegung: Zum Jahrestag des ersten Schulstreiks f\u00fcr das Klima durch Greta Thunberg vor dem schwedischen Parlament am Freitag, den 20. August 2018, hat das Institut f\u00fcr Protest- und Bewegungsforschung die erste umfassende Studie zur Bewegung in Deutschland vorgelegt.<\/em><\/p>\n\n\n\n<hr>\n<img decoding=\"async\" class=\"alignleft wp-image-313\" title=\"Foto: Nata Uchava, Freiburg.\" src=\"https:\/\/www.sinn-schaffen.de\/klima\/wp-content\/uploads\/sites\/17\/2019\/08\/NU-heinrich-boel-fff.jpg\" alt=\"\" width=\"1024\">\n<hr>\n&nbsp;\n\n\n\n<p><strong>(Berlin, Frankfurt am Main, 19. August 2018)<\/strong> Der erste \u201eSchulstreik f\u00fcr das Klima\u201c Greta Thunbergs vor dem schwedischen Parlament am Freitag, den 20. August 2018 markierte den Startpunkt f\u00fcr eine globale Kampagne, die ein Jahr sp\u00e4ter als Fridays For Future (FFF) Hunderttausende auf die Stra\u00dfe bringt. Zum Jahrestag haben die Forscher\/innen des <a rel=\"noreferrer noopener\" aria-label=\"Instituts f\u00fcr Protest- und Bewegungsforschung (\u00f6ffnet in neuem Tab)\" href=\"https:\/\/protestinstitut.eu\/\" target=\"_blank\">Instituts f\u00fcr Protest- und Bewegungsforschung<\/a> Moritz Sommer, Dieter Rucht, Sebastian Haunss und Sabrina Zajak heute die erste umfassende, deutschsprachige Studie zur Bewegung in Deutschland vorgelegt.<\/p>\n\n\n\n<div class=\"wp-block-image\"><figure class=\"alignright is-resized\"><a href=\"https:\/\/www.boell.de\/sites\/default\/files\/fridays_for_future_studie_ipb.pdf?dimension1=division_iup\" target=\"_blank\" rel=\"noreferrer noopener\"><img decoding=\"async\" src=\"https:\/\/www.sinn-schaffen.de\/klima\/wp-content\/uploads\/sites\/17\/2019\/08\/fridays_for_future_studie_ipb-T.jpg\" alt=\"\" class=\"wp-image-178\" width=\"320\"\/><\/a><\/figure><\/div>\n\n\n\n<p>Laut der von der <a rel=\"noreferrer noopener\" aria-label=\"Heinrich-B\u00f6ll-Stiftung (\u00f6ffnet in neuem Tab)\" href=\"https:\/\/www.boell.de\/de\/\" target=\"_blank\">Heinrich-B\u00f6ll-Stiftung<\/a> und der <a href=\"https:\/\/www.otto-brenner-stiftung.de\/\" target=\"_blank\" rel=\"noreferrer noopener\" aria-label=\"Otto Brenner Stiftung (\u00f6ffnet in neuem Tab)\">Otto Brenner Stiftung<\/a> unterst\u00fctzten Studie werden die FFF-Proteste vor allem von jungen, gut gebildeten Demonstrierenden und von Frauen getragen. Viele der Jugendlichen protestierten am 15. M\u00e4rz zum ersten Mal. Sie wollen die Politik unter Druck setzen, klimapolitische Versprechen einzul\u00f6sen und sind zugleich davon \u00fcberzeugt, dass eine Ver\u00e4nderung der Lebensweise und des Konsums einen wichtigen Beitrag zum Kampf gegen den Klimawandel leistet. Die Demonstrierenden sind keineswegs hoffnungslos, sondern vielmehr handlungsbereit, politisiert und zuversichtlich, dass ihr Protest Ver\u00e4nderungen hervorrufen kann. F\u00fcr die Mobilisierung waren pers\u00f6nliche Kontakte entscheidender als soziale Medien.<\/p>\n\n\n\n<p>Grundlage der Studie sind Ergebnisse von Erhebungen in\nBerlin und Bremen am 15. M\u00e4rz 2019 im Rahmen einer europaweiten Befragung der\nglobalen Klimademonstrationen. Im europ\u00e4ischen Vergleich ist die Kampagne nach\nden Autor\/innen sowohl hinsichtlich der Zusammensetzung der Teilnehmer\/innen\nals auch in der Einsch\u00e4tzung von L\u00f6sungswegen heterogener als das gemeinsame\nLeitmotiv vermuten l\u00e4sst.<\/p>\n\n\n\n<p>Barbara Unm\u00fc\u00dfig, Vorstand der Heinrich-B\u00f6ll-Stiftung, sagt:\n\u201eDie Fridays for Future-Bewegung politisiert die Klimafrage in Deutschland\nmittlerweile gesellschafts\u00fcbergreifend. Die Bewegung mobilisiert junge Menschen\nund nimmt die Politik in die Verantwortung, tatkr\u00e4ftig zu handeln: Sie fordern\nunmissverst\u00e4ndlich, dass die Politik der Klimakrise eine entschiedene,\n\u00f6kologische, aber sozial ausgewogene Transformation entgegenstellt. Das sind\nauch aus unserer Sicht die richtigen Forderungen an die richtigen Adressaten \u2013\ndie Politik muss endlich wieder ihre Kern-Aufgaben erf\u00fcllen.\u201c<\/p>\n\n\n\n<p>Jupp Legrand, Gesch\u00e4ftsf\u00fchrer der Otto Brenner Stiftung, hebt hervor, dass es in der \u00d6ffentlichkeit trotz der medialen Dauerpr\u00e4senz bisher wenig gesichertes Wissen \u00fcber die neue Protestbewegung gab. \u201eBisher pr\u00e4gten Mutma\u00dfungen, Vorurteile oder Spekulationen die Sicht auf Fridays for Future\u201c. Jetzt, so Legrand weiter, \u201eliegt eine erste empirische Untersuchung vor, die Auskunft gibt \u00fcber das politische Profil, die Mobilisierungswege und die Ziele der Bewegung\u201c. Mit dieser Untersuchung\u201c, so Legrand zusammenfassend, \u201ewird ein vielschichtiges und farbiges Bild von FFF gezeichnet, das uns allen hilft, dieses gesellschaftspolitische Ph\u00e4nomen besser verstehen und \u00fcberzeugender einordnen zu k\u00f6nnen\u201c.<\/p>\n\n\n\n<figure class=\"wp-block-table\"><table class=\"has-subtle-light-gray-background-color has-background\"><tbody><tr><td width=\"25%\"><a rel=\"noopener noreferrer\" href=\"https:\/\/www.boell.de\/de\/person\/barbara-unmuessig\" target=\"_blank\"><img decoding=\"async\" width=\"180\" class=\"aligncenter wp-image-313\" title=\" \" src=\"https:\/\/www.sinn-schaffen.de\/klima\/wp-content\/uploads\/sites\/17\/2018\/10\/BarbaraUnmuessig2T.jpg\" alt=\"\"><\/a><\/td><td width=\"75%\">Barbara Unm\u00fc\u00dfig ist Vorstand der <a href=\"https:\/\/www.boell.de\/de\/\" target=\"_blank\" rel=\"noopener noreferrer\">Heinrich-B\u00f6ll-Stiftung.<\/a><\/td><\/tr><tr><td><\/td><td><a href=\"https:\/\/www.boell.de\/de\" target=\"_blank\" rel=\"noopener noreferrer\"><img decoding=\"async\" class=\"aligncenter wp-image-313\" title=\" \" src=\"https:\/\/www.sinn-schaffen.de\/klima\/wp-content\/uploads\/sites\/17\/2018\/05\/LogoHBS-300x148.jpg\" alt=\"\" width=\"180\"><\/a><\/td><\/tr><\/tbody><\/table><\/figure>\n\n\n\n<p><strong>Die wesentlichen\nErgebnisse der Studie zusammengefasst:<\/strong><\/p>\n\n\n\n<ul class=\"wp-block-list\"><li>Die FFF-Proteste werden von jungen, gut\ngebildeten Menschen und \u00fcberraschend stark von jungen Frauen getragen. Viele\nder demonstrierenden Jugendlichen, von denen sich die Mehrheit im linken\nSpektrum verortet, protestierten am 15. M\u00e4rz zum ersten Mal.<\/li><li>Bei der Mobilisierung zum Protest waren direkte\npers\u00f6nliche Kontakte mit Freund*innen und Bekannten noch wichtiger als digitale\nsoziale Medien.<\/li><li>Die Demonstrierenden wollen die Politik unter\nDruck setzen, klimapolitische Versprechen einzul\u00f6sen. Vor allem die jungen\nDemonstrierenden sind aber auch davon \u00fcberzeugt, dass eine Ver\u00e4nderung der Lebensweise\nund des Konsums einen wichtigen Beitrag zum Kampf gegen den Klimawandel\nleistet.<\/li><li>Die Demonstrierenden sind keineswegs\nhoffnungslos, sondern vielmehr handlungsbereit, politisiert und zuversichtlich,\ndass ihr Protest Ver\u00e4nderungen hervorrufen kann.<\/li><li>\u00dcber die H\u00e4lfte der Sch\u00fclerinnen geben an, dass\nGreta Thunberg ihr Interesse am Klimawandel verst\u00e4rkt hat.<\/li><li>Im europ\u00e4ischen Vergleich ist die Kampagne\nsowohl hinsichtlich der Zusammensetzung der Teilnehmer*innen als auch in der\nEinsch\u00e4tzung von L\u00f6sungswegen heterogener als der gemeinsame Rahmen vermuten\nl\u00e4sst.<\/li><\/ul>\n\n\n\n<figure class=\"wp-block-table\"><table class=\"has-subtle-light-gray-background-color has-background\"><tbody><tr><td width=\"25%\"><a rel=\"noopener noreferrer\" href=\"https:\/\/www.boell.de\/sites\/default\/files\/fridays_for_future_studie_ipb.pdf?dimension1=division_iup\" target=\"_blank\"><img decoding=\"async\" title=\" \" width=\"180\" class=\"aligncenter wp-image-313\" src=\"https:\/\/www.sinn-schaffen.de\/klima\/wp-content\/uploads\/sites\/17\/2019\/08\/fridays_for_future_studie_ipb-T.jpg\" alt=\"\"><\/a><\/td><td width=\"75%\">Die Studie &#8222;Fridays for Future &#8211; Profil, Entstehung und Perspektiven der Protestbewegung in Deutschland&#8220; steht <a href=\"https:\/\/www.boell.de\/sites\/default\/files\/fridays_for_future_studie_ipb.pdf?dimension1=division_iup\" target=\"_blank\" rel=\"noopener noreferrer\">\u00fcber diesen Link als PDF-Datei zum Download<\/a> bereit.<\/td><\/tr><\/tbody><\/table><\/figure>\n","protected":false},"excerpt":{"rendered":"<p>Die Fridays for Future-Bewegung mobilisiert junge Menschen und nimmt die Politik in die Verantwortung, der Klimakrise eine entschiedene, \u00f6kologische und sozial ausgewogene Transformation entgegenzustellen. Bisher pr\u00e4gten Mutma\u00dfungen, Vorurteile oder Spekulationen die Sicht auf Fridays for Future, jetzt liegt eine erste empirische Untersuchung vor, die Auskunft gibt \u00fcber das politische Profil, die Mobilisierungswege und die Ziele &hellip; <\/p>\n<p class=\"link-more\"><a href=\"https:\/\/www.sinn-schaffen.de\/klima\/ein-jahr-fridays-for-future-umfassende-studie-veroeffentlicht\/\" class=\"more-link\"><span class=\"screen-reader-text\">\u201eEin Jahr Fridays For Future: umfassende Studie ver\u00f6ffentlicht\u201c<\/span> weiterlesen<\/a><\/p>\n","protected":false},"author":1,"featured_media":0,"parent":0,"menu_order":110,"comment_status":"closed","ping_status":"closed","template":"","meta":{"footnotes":""},"class_list":["post-181","page","type-page","status-publish","hentry"],"_links":{"self":[{"href":"https:\/\/www.sinn-schaffen.de\/klima\/wp-json\/wp\/v2\/pages\/181","targetHints":{"allow":["GET"]}}],"collection":[{"href":"https:\/\/www.sinn-schaffen.de\/klima\/wp-json\/wp\/v2\/pages"}],"about":[{"href":"https:\/\/www.sinn-schaffen.de\/klima\/wp-json\/wp\/v2\/types\/page"}],"author":[{"embeddable":true,"href":"https:\/\/www.sinn-schaffen.de\/klima\/wp-json\/wp\/v2\/users\/1"}],"replies":[{"embeddable":true,"href":"https:\/\/www.sinn-schaffen.de\/klima\/wp-json\/wp\/v2\/comments?post=181"}],"version-history":[{"count":7,"href":"https:\/\/www.sinn-schaffen.de\/klima\/wp-json\/wp\/v2\/pages\/181\/revisions"}],"predecessor-version":[{"id":369,"href":"https:\/\/www.sinn-schaffen.de\/klima\/wp-json\/wp\/v2\/pages\/181\/revisions\/369"}],"wp:attachment":[{"href":"https:\/\/www.sinn-schaffen.de\/klima\/wp-json\/wp\/v2\/media?parent=181"}],"curies":[{"name":"wp","href":"https:\/\/api.w.org\/{rel}","templated":true}]}}