{"id":252,"date":"2020-01-16T17:28:15","date_gmt":"2020-01-16T16:28:15","guid":{"rendered":"https:\/\/www.sinn-schaffen.de\/klima\/?page_id=252"},"modified":"2020-09-09T14:51:10","modified_gmt":"2020-09-09T12:51:10","slug":"referendum-ueber-empfehlungen-des-klima-buergerrates-in-frankreich","status":"publish","type":"page","link":"https:\/\/www.sinn-schaffen.de\/klima\/referendum-ueber-empfehlungen-des-klima-buergerrates-in-frankreich\/","title":{"rendered":"Referendum \u00fcber Empfehlungen des Klima-B\u00fcrgerrates in Frankreich"},"content":{"rendered":"\n<p><strong>Geloste B\u00fcrgerversammlungen sollen zur dritten Kammer der Republik werden<\/strong><\/p>\n\n\n\n<p><em>In Frankreich wird es ein Referendum \u00fcber die Ergebnisse des derzeit dort laufenden Klima-B\u00fcrgerrates geben. Der Fachverband Mehr Demokratie begr\u00fc\u00dft die Entwicklung in Frankreich: \u201cPr\u00e4sident Macron hat nach den wiederholten Protesten gegen seine Politik verstanden, dass es ohne die B\u00fcrgerinnen und B\u00fcrger nicht mehr geht. Auch unsere deutsche Politik braucht dringend eine beratende B\u00fcrgerinstanz, die dem Bundestag Entscheidungen erleichtert.\u201d Der Klima-B\u00fcrgerrat besteht aus 150 nach dem Zufallsverfahren ausgelosten B\u00fcrgerinnen und B\u00fcrgern und ist von Geschlecht, Alter, Bildung, Wohnort und Migrationshintergrund her ein Abbild der franz\u00f6sischen Gesellschaft.<\/em><\/p>\n\n\n\n<hr>\n<img decoding=\"async\" class=\"alignleft wp-image-313\" title=\"Foto: Nata Uchava, Freiburg.\" src=\"https:\/\/www.sinn-schaffen.de\/klima\/wp-content\/uploads\/sites\/17\/2020\/01\/NU-Klimar%C3%A4te-Frankreich.jpg\" alt=\"\" width=\"1024\">\n<hr>\n&nbsp;\n\n\n\n<p><strong>(Berlin, 13. Januar 2020)<\/strong> In Frankreich wird es ein Referendum \u00fcber die Ergebnisse des derzeit dort laufenden Klima-B\u00fcrgerrates geben. Das k\u00fcndigte Pr\u00e4sident Emmanuel Macron am vergangenen Wochenende an. Au\u00dferdem sollen per Zufallsverfahren ausgeloste B\u00fcrgerr\u00e4te zur dauerhaften eingerichteten dritten Kammer der Republik werden.<\/p>\n\n\n\n<p>Der Fachverband Mehr Demokratie begr\u00fc\u00dft die Entwicklung in\nFrankreich. \u201eDas ist eine europ\u00e4ische Sensation! Pr\u00e4sident Macron hat nach den\nwiederholten Protesten gegen seine Politik verstanden, dass es ohne die\nB\u00fcrgerinnen und B\u00fcrger nicht mehr geht\u201c, sagt Claudine Nierth,\nBundesvorstandssprecherin von Mehr Demokratie. \u201eAuch unsere deutsche Politik\nbraucht dringend eine beratende B\u00fcrgerinstanz, die dem Bundestag Entscheidungen\nerleichtert.\u201c<\/p>\n\n\n\n<p>Ein Mini-Frankreich in Form eines B\u00fcrgerrates sei nach\nAnsicht von Mehr Demokratie deshalb ebenso eine richtige Idee wie die\nAbstimmung aller B\u00fcrger \u00fcber wichtige politische Fragen wie die Klimapolitik.\nB\u00fcrgerr\u00e4te k\u00f6nnten der gesellschaftlichen Polarisierung entgegenwirken und\npolitische Blockaden aufl\u00f6sen.<\/p>\n\n\n\n<p>Macron hatte sich am Freitag den Fragen des seit Oktober\n2019 tagenden nationalen Klima-B\u00fcrgerrates gestellt. Die 150 nach dem\nZufallsverfahren ausgelosten B\u00fcrgerinnen und B\u00fcrger hatten das Staatsoberhaupt\nzur vierten ihrer sieben Sitzungen eingeladen. Dabei hatte der Pr\u00e4sident\nangek\u00fcndigt, alle Franzosen in einem Referendum \u00fcber die Empfehlungen des\nB\u00fcrgerrates entscheiden zu lassen. Au\u00dferdem soll der Rat f\u00fcr Wirtschaft,\nSoziales und Umwelt (CESE) reformiert und zur Heimat zuk\u00fcnftiger B\u00fcrgerr\u00e4te zu\nanderen Themen werden. Der CESE ist derzeit die Kammer der organisierten\nZivilgesellschaft mit Vertretern etwa aus Gewerkschaften und\nNichtregierungsorganisationen. Ihre Zukunft stand zuletzt infrage.<\/p>\n\n\n\n<p>\u201eUnsere Demokratie muss das Vertrauen in die politische Entscheidungsfindung wiederentdecken. Eine deliberative Demokratie, wie Sie sie praktizieren, kann dazu beitragen\u201c, begr\u00fcndete Macron gegen\u00fcber dem Klima-B\u00fcrgerrat seine Initiative.<\/p>\n\n\n\n<figure class=\"wp-block-table\"><table class=\"has-subtle-light-gray-background-color has-background\"><tbody><tr><td width=\"25%\"><a rel=\"noopener noreferrer\" href=\"https:\/\/www.mehr-demokratie.de\/ueber-uns\/organisation\/vorstand\/\" target=\"_blank\"><img decoding=\"async\" width=\"180\" class=\"aligncenter wp-image-313\" title=\"Foto: Mehr Demokratie.\" src=\"https:\/\/www.sinn-schaffen.de\/klima\/wp-content\/uploads\/sites\/17\/2020\/01\/Claudine-Nierth.jpg\" alt=\"\"><\/a><\/td><td width=\"75%\">Claudine Nierth ist Bundesvorstandssprecherin von <a href=\"https:\/\/www.mehr-demokratie.de\/\" target=\"_blank\" rel=\"noopener noreferrer\">Mehr Demokratie<\/a>.<\/td><\/tr><tr><td><\/td><td><a href=\"https:\/\/www.mehr-demokratie.de\/\" target=\"_blank\" rel=\"noopener noreferrer\"><img decoding=\"async\" class=\"aligncenter wp-image-313\" title=\" \" src=\"https:\/\/www.sinn-schaffen.de\/klima\/wp-content\/uploads\/sites\/17\/2020\/01\/logo_mehr-demokratie.gif\" alt=\"\" width=\"180\"><\/a><\/td><\/tr><\/tbody><\/table><\/figure>\n\n\n\n<p>\u201eAuch in Deutschland w\u00e4re eine Institutionalisierung von\nB\u00fcrgerr\u00e4ten w\u00fcnschenswert\u201c, meint Mehr Demokratie-Sprecherin Nierth. Sie\nverweist auf bereits existierende Beispiele von B\u00fcrgerr\u00e4ten in Irland,\nOstbelgien und im \u00f6sterreichischen Vorarlberg. Im September 2019 hatte auf\nInitiative von Mehr Demokratie und Sch\u00f6pflin Stiftung in Leipzig der erste\nbundesweite B\u00fcrgerrat zum Thema Demokratie stattgefunden. Dessen Empfehlungen\nwurden am 15. November 2019 von Bundestagspr\u00e4sident Sch\u00e4uble entgegengenommen.<\/p>\n\n\n\n<p>Der B\u00fcrgerrat zum Klimaschutz ist der erste seiner Art in\nFrankreich. Er ist von Geschlecht, Alter, Bildung, Wohnort und\nMigrationshintergrund her ein Abbild der Gesellschaft. Das Spektrum reicht von\n16-j\u00e4hrigen Sch\u00fclern \u00fcber Pfleger und Shuttle-Busfahrer bis hin zum\npensionierten Bahnarbeiter. Im April 2020 wird die B\u00fcrgerversammlung ihre\nEmpfehlungen zur zuk\u00fcnftigen Klimaschutzpolitik des Landes vorlegen.<\/p>\n\n\n\n<p>Mehr Informationen: <a href=\"https:\/\/www.buergerrat.de\/aktuelles\/referendum-nach-klima-buergerrat\/\" target=\"_blank\" rel=\"noreferrer noopener\" aria-label=\"Referendum nach Klima-B\u00fcrgerrat (\u00f6ffnet in neuem Tab)\">Referendum nach Klima-B\u00fcrgerrat<\/a>.<\/p>\n","protected":false},"excerpt":{"rendered":"<p>Geloste B\u00fcrgerversammlungen sollen zur dritten Kammer der Republik werden In Frankreich wird es ein Referendum \u00fcber die Ergebnisse des derzeit dort laufenden Klima-B\u00fcrgerrates geben. Der Fachverband Mehr Demokratie begr\u00fc\u00dft die Entwicklung in Frankreich: \u201cPr\u00e4sident Macron hat nach den wiederholten Protesten gegen seine Politik verstanden, dass es ohne die B\u00fcrgerinnen und B\u00fcrger nicht mehr geht. Auch &hellip; <\/p>\n<p class=\"link-more\"><a href=\"https:\/\/www.sinn-schaffen.de\/klima\/referendum-ueber-empfehlungen-des-klima-buergerrates-in-frankreich\/\" class=\"more-link\"><span class=\"screen-reader-text\">\u201eReferendum \u00fcber Empfehlungen des Klima-B\u00fcrgerrates in Frankreich\u201c<\/span> weiterlesen<\/a><\/p>\n","protected":false},"author":1,"featured_media":0,"parent":0,"menu_order":100,"comment_status":"closed","ping_status":"closed","template":"","meta":{"footnotes":""},"class_list":["post-252","page","type-page","status-publish","hentry"],"_links":{"self":[{"href":"https:\/\/www.sinn-schaffen.de\/klima\/wp-json\/wp\/v2\/pages\/252","targetHints":{"allow":["GET"]}}],"collection":[{"href":"https:\/\/www.sinn-schaffen.de\/klima\/wp-json\/wp\/v2\/pages"}],"about":[{"href":"https:\/\/www.sinn-schaffen.de\/klima\/wp-json\/wp\/v2\/types\/page"}],"author":[{"embeddable":true,"href":"https:\/\/www.sinn-schaffen.de\/klima\/wp-json\/wp\/v2\/users\/1"}],"replies":[{"embeddable":true,"href":"https:\/\/www.sinn-schaffen.de\/klima\/wp-json\/wp\/v2\/comments?post=252"}],"version-history":[{"count":3,"href":"https:\/\/www.sinn-schaffen.de\/klima\/wp-json\/wp\/v2\/pages\/252\/revisions"}],"predecessor-version":[{"id":349,"href":"https:\/\/www.sinn-schaffen.de\/klima\/wp-json\/wp\/v2\/pages\/252\/revisions\/349"}],"wp:attachment":[{"href":"https:\/\/www.sinn-schaffen.de\/klima\/wp-json\/wp\/v2\/media?parent=252"}],"curies":[{"name":"wp","href":"https:\/\/api.w.org\/{rel}","templated":true}]}}