{"id":280,"date":"2020-05-14T18:10:53","date_gmt":"2020-05-14T16:10:53","guid":{"rendered":"https:\/\/www.sinn-schaffen.de\/klima\/?page_id=280"},"modified":"2020-09-09T14:41:51","modified_gmt":"2020-09-09T12:41:51","slug":"umfrage-nachhaltige-unternehmen-resilienter-in-der-krise","status":"publish","type":"page","link":"https:\/\/www.sinn-schaffen.de\/klima\/umfrage-nachhaltige-unternehmen-resilienter-in-der-krise\/","title":{"rendered":"Umfrage: Nachhaltige Unternehmen resilienter in der Krise"},"content":{"rendered":"\n<p><em>Nachhaltige Unternehmen und Investments sind resilienter gegen\u00fcber Krisen, weil sie ihre Risiken langfristiger und entsprechend einer ganzheitlichen Betrachtung von Auswirkungen auf Mensch und Umwelt managen. BlackRock-Chef Larry Fink geht davon aus, dass sich durch die Coronakrise der Trend hin zur nachhaltigen Geldanlage verst\u00e4rken wird. UnternehmensGr\u00fcn, der Bundesverband der gr\u00fcnen Wirtschaft, stellt den Neustart der Wirtschaft unter die Vorzeichen einer solidarischen und \u00f6kologischen Transformation \u2013 und fordert entsprechende Ma\u00dfnahmen von der Regierung.<\/em><\/p>\n\n\n\n<hr>\n<img decoding=\"async\" class=\"alignleft wp-image-313\" title=\"Grafik: Nata Uchava, Michael Wildberger.\" src=\"https:\/\/www.sinn-schaffen.de\/klima\/wp-content\/uploads\/sites\/17\/2020\/05\/NU-200514-unternehmensgruen.jpg\" alt=\"\" width=\"1024\">\n<hr>\n&nbsp;\n\n\n\n<p><strong>(Berlin, 13. Mai 2020)<\/strong> Die Corona-Krise und die damit ausgel\u00f6ste Ausnahmesituation stellt die Wirtschaft weltweit vor enorme Herausforderungen. Auch in Deutschland sind viele Betriebe und Unternehmen stark unter Druck. Aber die Krisensituation macht auch deutlich: Nachhaltige Unternehmen sind resilienter in der Krise, wie eine aktuelle Umfrage von UnternehmensGr\u00fcn und verschiedene Studien zeigen.<\/p>\n\n\n\n<div class=\"wp-block-image\"><figure class=\"alignright size-large is-resized\"><a href=\"https:\/\/www.sinn-schaffen.de\/klima\/wp-content\/uploads\/sites\/17\/2020\/05\/workingpaper20-02.pdf\" target=\"_blank\" rel=\"noopener noreferrer\"><img decoding=\"async\" src=\"https:\/\/www.sinn-schaffen.de\/klima\/wp-content\/uploads\/sites\/17\/2020\/05\/workingpaper20-02-T.jpg\" alt=\"\" class=\"wp-image-288\" width=\"320\"\/><\/a><\/figure><\/div>\n\n\n\n<p>\u201eNachhaltige Unternehmen und Investments sind resilienter gegen\u00fcber Krisen, weil sie ihre Risiken langfristiger und entsprechend einer ganzheitlichen Betrachtung von Auswirkungen auf Mensch und Umwelt managen\u201c, ist Dr. Katharina Reuter, Gesch\u00e4ftsf\u00fchrerin von UnternehmensGr\u00fcn, dem Bundesverband der gr\u00fcnen Wirtschaft, \u00fcberzeugt. Einer Umfrage des Bundesverbandes zufolge gaben die Unternehmen an, dass sich ihre nachhaltig ausgerichteten Gesch\u00e4ftsmodelle auch in der Krise von Vorteil erweisen. Gleichzeitig herrscht eine gro\u00dfe Zuversicht, die Ausnahmesituation erfolgreich zu bew\u00e4ltigen \u2013 mehr als 84 Prozent sind sehr zuversichtlich beziehungsweise zuversichtlich, die Herausforderungen der Krise zu meistern. Der Bundesverband UnternehmensGr\u00fcn e.V. hat im Verlauf des April seine Mitgliedsunternehmen zu den Auswirkungen der Coronakrise befragt.<\/p>\n\n\n\n<p><strong>Nachhaltige Portfolios stabiler<\/strong><\/p>\n\n\n\n<p>Und tats\u00e4chlich: Die Krise zeigt, dass nachhaltig ausgerichtete Portfolios bessere Ergebnisse erzielten als traditionelle. Die Ergebnisse der Scope-Studie legen dies ebenfalls nahe: <a href=\"https:\/\/boerse.ard.de\/anlageformen\/fonds\/nachhaltige-fonds-sind-krisenfester100.html?fbclid=IwAR3pLFuMLaWnwHVMUpVjVtE4EM9Ta0XG41jz004vFeRmErrvt4spv3Hn2Ew\" target=\"_blank\" aria-label=\"Aktienfonds mit ESG-Kriterien verloren im ersten Quartal 2020 weniger an Wert als ihre konventionellen Konkurrenten (opens in a new tab)\" rel=\"noreferrer noopener\" class=\"rank-math-link\">Aktienfonds mit ESG-Kriterien verloren im ersten Quartal 2020 weniger an Wert als ihre konventionellen Konkurrenten<\/a>. Die ESG-Kriterien stehen f\u00fcr<\/p>\n\n\n\n<ul class=\"wp-block-list\"><li><strong>E<\/strong>nvironment (Umwelt),<\/li><li><strong>S<\/strong>ocial (Soziales) und<\/li><li><strong>G<\/strong>overnance (Unternehmensf\u00fchrung).<\/li><\/ul>\n\n\n\n<p>BlackRock-Chef Larry Fink geht davon aus, dass sich durch die Coronakrise der Trend hin zur nachhaltigen Geldanlage verst\u00e4rken wird. <a aria-label=\"Die B\u00f6rsenzeitung zitiert Fink (opens in a new tab)\" href=\"https:\/\/www.boersen-zeitung.de\/index.php?li=1&amp;artid=2020085830&amp;artsubm=&amp;subm\" target=\"_blank\" rel=\"noreferrer noopener\" class=\"rank-math-link\">Die B\u00f6rsenzeitung zitiert Fink<\/a> mit den Worten, dass nach der Krise die M\u00f6glichkeit best\u00fcnde, eine nachhaltigere Welt zu schaffen.<\/p>\n\n\n\n<p><strong>Aktuelle Herausforderungen in den Unternehmen<\/strong><\/p>\n\n\n\n<p>Die Unternehmen sehen sich vor allem mit diesen Herausforderungen konfrontiert:<\/p>\n\n\n\n<ul class=\"wp-block-list\"><li>abnehmende Nachfrage (55 Prozent)<\/li><li>Absage von Veranstaltungen (55 Prozent)<\/li><li>schwindende Liquidit\u00e4t (34 Prozent)<\/li><li>Schutz der Mitarbeitenden (29 Prozent)<\/li><li>steigende Nachfrage (23 Prozent)<\/li><\/ul>\n\n\n\n<p>Im Zuge der Corona-Krise sind fast zwei Drittel der Befragten zumindest teilweise auf Homeoffice \u00fcbergegangen und rund 27 Prozent haben das Angebot beziehungsweise die Vertriebswege umgestellt. \u00dcber drei Viertel der Befragten greifen auf staatliche Unterst\u00fctzungsangebote (Soforthilfe und Kurzarbeit) zur\u00fcck. Diese werden \u00fcberwiegend positiv bewertet. F\u00fcr kommende Konjunkturprogramme w\u00fcnschen sich die Unternehmen eine strikte Klimaschutzorientierung (Einhaltung des Pariser Klimaziels) und eine Einbindung in den Green Deal der EU.<\/p>\n\n\n\n<figure class=\"wp-block-table\"><table class=\"has-subtle-light-gray-background-color has-background\"><tbody><tr><td width=\"25%\"><a rel=\"noopener noreferrer\" href=\"https:\/\/www.unternehmensgruen.org\/ueber-uns\/geschaeftsstelle\/\" target=\"_blank\"><img decoding=\"async\" width=\"180\" class=\"aligncenter wp-image-313\" title=\"Foto: UnternehmensGr\u00fcn e.V.\" src=\"https:\/\/www.sinn-schaffen.de\/klima\/wp-content\/uploads\/sites\/17\/2019\/07\/KatharinaReuterK.jpg\" alt=\"\"><\/a><\/td><td width=\"75%\">Dr. Katharina Reuter ist Gesch\u00e4ftsf\u00fchrerin von <a href=\"https:\/\/www.unternehmensgruen.org\" target=\"_blank\" rel=\"noopener noreferrer\">UnternehmensGr\u00fcn e.V.<\/a><\/td><\/tr><tr><td><\/td><td><a href=\"https:\/\/www.unternehmensgruen.org\/\" target=\"_blank\" rel=\"noopener noreferrer\"><img decoding=\"async\" class=\"aligncenter wp-image-313\" title=\" \" src=\"https:\/\/www.sinn-schaffen.de\/klima\/wp-content\/uploads\/sites\/17\/2019\/07\/logoUnternehmensgruen.png\" alt=\"\" width=\"180\"><\/a><\/td><\/tr><\/tbody><\/table><\/figure>\n\n\n\n<p><strong>Mit nachhaltigen Stimulusprogrammen auf Erfolgskurs<\/strong><\/p>\n\n\n\n<p>UnternehmensGr\u00fcn fordert von der Bundesregierung eine nachhaltige Ausgestaltung der Konjunkturprogramme. Konjunkturpakete, die Synergien zwischen Klima- und Wirtschaftszielen anstreben, haben bessere Aussichten, den nationalen Wohlstand langfristig zu steigern. Das <a aria-label=\"Workingpaper der Smith School of Enterprise and the Environment der Universit\u00e4t Oxford (opens in a new tab)\" href=\"https:\/\/www.smithschool.ox.ac.uk\/publications\/wpapers\/workingpaper20-02.pdf\" target=\"_blank\" rel=\"noreferrer noopener\" class=\"rank-math-link\">Workingpaper der Smith School of Enterprise and the Environment der Universit\u00e4t Oxford<\/a> zeigt beispielsweise, dass gr\u00fcne Projekte mehr Arbeitspl\u00e4tze schaffen, pro ausgegebenem Dollar h\u00f6here kurzfristige Renditen bringen und langfristig zu h\u00f6heren Kostenersparnissen f\u00fchren als traditionelle Konjunkturpakete.<\/p>\n\n\n\n<p><a aria-label=\"Auch die Leopoldina geht davon aus, dass sich alle politischen Ma\u00dfnahmen, die nicht der unmittelbaren Rettung von Unternehmen dienen, an dem Prinzip der Nachhaltigkeit orientieren m\u00fcssen (opens in a new tab)\" href=\"https:\/\/www.leopoldina.org\/uploads\/tx_leopublication\/2020_04_13_Coronavirus-Pandemie-Die_Krise_nachhaltig_%C3%BCberwinden_final.pdf\" target=\"_blank\" rel=\"noreferrer noopener\" class=\"rank-math-link\">Auch die Leopoldina geht davon aus, dass sich alle politischen Ma\u00dfnahmen, die nicht der unmittelbaren Rettung von Unternehmen dienen, an dem Prinzip der Nachhaltigkeit orientieren m\u00fcssen<\/a>.<\/p>\n\n\n\n<p><strong>Klima- und Corona-Krise nicht gegeneinander ausspielen<\/strong><\/p>\n\n\n\n<p>Immer mehr Unternehmen verleihen dem Klimaschutz ihre Stimme. Dem UnternehmensGr\u00fcn-Aufruf <a href=\"https:\/\/nachhaltig-zusammen.de\/\" target=\"_blank\" aria-label=\"NACHHALTIG ZUSAMMEN (opens in a new tab)\" rel=\"noreferrer noopener\" class=\"rank-math-link\">NACHHALTIG ZUSAMMEN<\/a> haben sich schon mehr als 660+ Unternehmen angeschlossen.<\/p>\n\n\n\n<p>\u201eWir wollen als Unternehmerinnen und Unternehmer dazu beitragen, die Daseinsvorsorge unserer Gesellschaft zu sichern und die Wirtschaft so zu gestalten, dass sie zukunftsf\u00e4hig ist. Daher stellen wir den Neustart der Wirtschaft unter die Vorzeichen einer solidarischen und \u00f6kologischen Transformation \u2013 und fordern entsprechende Ma\u00dfnahmen von der Regierung\u201c, so UnternehmensGr\u00fcn-Vorst\u00e4ndin Martina Merz, die ebenfalls zu den Unterzeichner_innen geh\u00f6rt.<\/p>\n","protected":false},"excerpt":{"rendered":"<p>Nachhaltige Unternehmen und Investments sind resilienter gegen\u00fcber Krisen, weil sie ihre Risiken langfristiger und entsprechend einer ganzheitlichen Betrachtung von Auswirkungen auf Mensch und Umwelt managen. BlackRock-Chef Larry Fink geht davon aus, dass sich durch die Coronakrise der Trend hin zur nachhaltigen Geldanlage verst\u00e4rken wird. UnternehmensGr\u00fcn, der Bundesverband der gr\u00fcnen Wirtschaft, stellt den Neustart der Wirtschaft &hellip; <\/p>\n<p class=\"link-more\"><a href=\"https:\/\/www.sinn-schaffen.de\/klima\/umfrage-nachhaltige-unternehmen-resilienter-in-der-krise\/\" class=\"more-link\"><span class=\"screen-reader-text\">\u201eUmfrage: Nachhaltige Unternehmen resilienter in der Krise\u201c<\/span> weiterlesen<\/a><\/p>\n","protected":false},"author":1,"featured_media":0,"parent":0,"menu_order":95,"comment_status":"closed","ping_status":"closed","template":"","meta":{"footnotes":""},"class_list":["post-280","page","type-page","status-publish","hentry"],"_links":{"self":[{"href":"https:\/\/www.sinn-schaffen.de\/klima\/wp-json\/wp\/v2\/pages\/280","targetHints":{"allow":["GET"]}}],"collection":[{"href":"https:\/\/www.sinn-schaffen.de\/klima\/wp-json\/wp\/v2\/pages"}],"about":[{"href":"https:\/\/www.sinn-schaffen.de\/klima\/wp-json\/wp\/v2\/types\/page"}],"author":[{"embeddable":true,"href":"https:\/\/www.sinn-schaffen.de\/klima\/wp-json\/wp\/v2\/users\/1"}],"replies":[{"embeddable":true,"href":"https:\/\/www.sinn-schaffen.de\/klima\/wp-json\/wp\/v2\/comments?post=280"}],"version-history":[{"count":8,"href":"https:\/\/www.sinn-schaffen.de\/klima\/wp-json\/wp\/v2\/pages\/280\/revisions"}],"predecessor-version":[{"id":337,"href":"https:\/\/www.sinn-schaffen.de\/klima\/wp-json\/wp\/v2\/pages\/280\/revisions\/337"}],"wp:attachment":[{"href":"https:\/\/www.sinn-schaffen.de\/klima\/wp-json\/wp\/v2\/media?parent=280"}],"curies":[{"name":"wp","href":"https:\/\/api.w.org\/{rel}","templated":true}]}}