{"id":322,"date":"2020-07-18T16:07:26","date_gmt":"2020-07-18T14:07:26","guid":{"rendered":"https:\/\/www.sinn-schaffen.de\/klima\/?page_id=322"},"modified":"2020-09-09T14:33:50","modified_gmt":"2020-09-09T12:33:50","slug":"studie-zeigt-europaeische-investitionsbank-ist-noch-lange-keine-klimabank","status":"publish","type":"page","link":"https:\/\/www.sinn-schaffen.de\/klima\/studie-zeigt-europaeische-investitionsbank-ist-noch-lange-keine-klimabank\/","title":{"rendered":"Studie zeigt: Europ\u00e4ische Investitionsbank ist noch lange keine &#8222;Klimabank&#8220;"},"content":{"rendered":"\n<p><em>Eine Studie der europ\u00e4ischen NGO-Koalition Counter Balance zeigt, dass die Europ\u00e4ische Investitionsbank (EIB) noch weit von ihrem Anspruch als einer \u201cEU-Klimabank\u201d entfernt ist. Die Europ\u00e4ische Investitionsbank hat im Zeitraum 2016 bis 2019 besonders klimasch\u00e4dliche Projekte im Energie- und Transportsektor in einem Umfang von 28,7 Milliarden Euro gef\u00f6rdert. Ihre wichtige Rolle bei der wirtschaftlichen Erholung nach der Corona-Krise sollte die EIB f\u00fcr einen gerechten und fairen Wandel einsetzen, der nicht auf Kosten ihrer Klimaverpflichtungen gehen darf.<\/em><\/p>\n\n\n\n<hr>\n<img decoding=\"async\" class=\"alignleft wp-image-313\" title=\"Grafik: Nata Uchava, Michael Wildberger.\" src=\"https:\/\/www.sinn-schaffen.de\/klima\/wp-content\/uploads\/sites\/17\/2020\/07\/NU-200718-eib-klimabank.jpg\" alt=\"\" width=\"1024\">\n<hr>\n&nbsp;\n\n\n\n<p><strong>(Berlin, Br\u00fcssel 7. Juli 2020)<\/strong> Eine neue Studie der europ\u00e4ischen NGO-Koalition Counter Balance, zu der urgewald geh\u00f6rt, zeigt, dass die Europ\u00e4ische Investitionsbank (EIB) noch weit von ihrem Anspruch einer \u201eEU-Klimabank\u201c entfernt ist. Derzeit erarbeitet die gr\u00f6\u00dfte multilaterale Geldgeberin der Welt eine Klimastrategie. <a aria-label=\"Die Studie unter dem Titel \u201eThe EU Climate Bank \u2013 Greenwashing or a banking revolution? (opens in a new tab)\" rel=\"noreferrer noopener\" href=\"https:\/\/www.sinn-schaffen.de\/klima\/wp-content\/uploads\/sites\/17\/2020\/07\/EU-Climate-Bank-Report.pdf\" target=\"_blank\" class=\"rank-math-link\">Die Studie unter dem Titel \u201eThe EU Climate Bank \u2013 Greenwashing or a banking revolution?<\/a>\u201c gibt daf\u00fcr wichtige Impulse. Die Studie zeigt, dass die Europ\u00e4ische Investitionsbank im Zeitraum 2016 bis 2019 besonders klimasch\u00e4dliche Projekte im Energie- und Transportsektor in einem Umfang von 28,7 Milliarden Euro gef\u00f6rdert hat.<\/p>\n\n\n\n<ul class=\"wp-block-list\"><li>Im Transportsektor vergab sie unter anderem Kredite in H\u00f6he von 2,8 Milliarden Euro f\u00fcr den Schifffahrtssektor,<\/li><li>4 Milliarden Euro f\u00fcr die Erweiterung von Flugh\u00e4fen und<\/li><li>10,7 Milliarden Euro f\u00fcr den Bau oder die Erweiterung von Stra\u00dfen und Autobahnen.<\/li><\/ul>\n\n\n\n<p>Solche Gesch\u00e4fte sind von der neuen EIB-Energierichtlinie von Ende 2019, die fossile Geldvergabe weitgehend ausschlie\u00dft, nicht erfasst. Xavier Sol, Gesch\u00e4ftsf\u00fchrer von Counter Balance, kommentiert:<\/p>\n\n\n\n<p>\u201eWenn die EIB ernsthaft die \u201aEU-Klimabank\u2018 werden will, muss sie sicherstellen, dass ihre Investitionen keine zus\u00e4tzlichen Sch\u00e4den f\u00fcr Mensch und Umwelt bedeuten. Ihre wichtige Rolle bei der wirtschaftlichen Erholung nach der Corona-Krise sollte die EIB f\u00fcr einen gerechten und fairen Wandel einsetzen, der nicht auf Kosten ihrer Klimaverpflichtungen gehen darf.\u201c<\/p>\n\n\n\n<div class=\"wp-block-image\"><figure class=\"alignright size-large is-resized\"><a href=\"https:\/\/www.sinn-schaffen.de\/klima\/wp-content\/uploads\/sites\/17\/2020\/07\/EU-Climate-Bank-Report.pdf\" target=\"_blank\" rel=\"noopener noreferrer\"><img decoding=\"async\" src=\"https:\/\/www.sinn-schaffen.de\/klima\/wp-content\/uploads\/sites\/17\/2020\/07\/EU-Climate-Bank-Report-T.jpg\" alt=\"\" class=\"wp-image-319\" width=\"320\"\/><\/a><\/figure><\/div>\n\n\n\n<p>Deutschland hat laut der Studie zuletzt Geld von der EIB unter anderem f\u00fcr vier Autobahnprojekte erhalten, die die \u00f6ffentliche Hand gemeinsam mit Privatunternehmen als so genannte \u00d6ffentlich-Private Partnerschaft (\u00d6PP) umsetzt. Konkret geht es um die A3, A6, A10 und A24. Allein f\u00fcr den Ausbau der A3 in Bayern zwischen Biebelried und F\u00fcrth\/Erlangen sagte die EIB 400 Millionen Euro zu. <a aria-label=\"Es ist Deutschlands gr\u00f6\u00dftes \u00d6PP-Projekt (opens in a new tab)\" href=\"https:\/\/www.eib.org\/en\/press\/all\/2020-102-eib-supports-upgrade-to-a3-motorway-in-bavaria\" target=\"_blank\" rel=\"noreferrer noopener\" class=\"rank-math-link\">Es ist Deutschlands gr\u00f6\u00dftes \u00d6PP-Projekt<\/a>. Der Flughafen in Frankfurt erhielt <a aria-label=\"600 Millionen Euro von der EIB f\u00fcr sein neues Terminal 3 (opens in a new tab)\" href=\"https:\/\/www.eib.org\/en\/projects\/loans\/all\/20120310\" target=\"_blank\" rel=\"noreferrer noopener\" class=\"rank-math-link\">600 Millionen Euro von der EIB f\u00fcr sein neues Terminal 3<\/a>, das unter anderem wegen seiner Klimafolgen massiv in der Kritik steht.<\/p>\n\n\n\n<p>Regine Richter, Energie-Campaignerin bei urgewald, sagt:<\/p>\n\n\n\n<p>\u201eImmer gr\u00f6\u00dfere Flugh\u00e4fen und Autobahnen passen nicht zu einer Klimabank und nicht zum von Kommissionschefin Von der Leyen ausgerufenen \u201aEuropean Green Deal\u2018. Die EIB muss aufh\u00f6ren den Klimawandel in Beton zu gie\u00dfen. Sie sollte Deutschland dabei helfen, sich von alten Transportinfrastrukturen zu verabschieden und in eine klimaschonende Zukunft zu steuern. Wir brauchen mehr Radwege und Bahnstrecken, nicht mehr Auto- und Flugverkehr.\u201c<\/p>\n\n\n\n<p><a aria-label=\"Die EIB verabschiedete Ende vergangenen Jahres eine neue Energierichtlinie (opens in a new tab)\" href=\"https:\/\/urgewald.org\/medien\/europaeische-investitionsbank-setzt-massstaebe-fuer-klimaschutz-finanzsystem\" target=\"_blank\" rel=\"noreferrer noopener\" class=\"rank-math-link\">Die EIB verabschiedete Ende vergangenen Jahres eine neue Energierichtlinie<\/a>, die fast s\u00e4mtliche Geldvergaben f\u00fcr fossile Energietr\u00e4ger ab 2022 beendet und einen klaren Fokus auf Erneuerbare Energietr\u00e4ger und Energieeffizienz legt. Nach den Einschr\u00e4nkungen f\u00fcr fossile Gelder soll <a aria-label=\"die nun erarbeitete Klimastrategie kl\u00e4ren, wie die EIB ab 2021 ihre gesamten Gesch\u00e4fte auf die Pariser Klimaziele (opens in a new tab)\" href=\"https:\/\/urgewald.org\/medien\/europaeische-investitionsbank-setzt-massstaebe-fuer-klimaschutz-finanzsystem\" target=\"_blank\" rel=\"noreferrer noopener\" class=\"rank-math-link\">die nun erarbeitete Klimastrategie kl\u00e4ren, wie die EIB ab 2021 ihre gesamten Gesch\u00e4fte auf die Pariser Klimaziele<\/a> ausrichten kann.<\/p>\n\n\n\n<p>Die Studie zeigt die Schlupfl\u00f6cher der EIB-Energierichtlinie, die es der Bank zum Beispiel erlauben, weiterhin Infrastruktur f\u00fcr Atomkraft und Erdgas zu unterst\u00fctzen. Im Falle von Gas gibt die Bank lediglich vor, dass Kraftwerke bestimmte Emissionswerte nicht \u00fcberschreiten und Pipelines auch vermeintlich \u201egr\u00fcnes\u201c Erdgas transportieren k\u00f6nnen. Ein weiteres Problem, das die Studie behandelt: Auch explizit im Klimabereich vergebene Mittel der Europ\u00e4ischen Investitionsbank schaden dem Klima. <a aria-label=\"Ende Juni 2020 forderten 34 NGOs EIB-Pr\u00e4sident Werner Hoyer auf, die Regeln zu sch\u00e4rfen (opens in a new tab)\" rel=\"noreferrer noopener\" href=\"https:\/\/urgewald.org\/medien\/europaeische-investitionsbank-setzt-massstaebe-fuer-klimaschutz-finanzsystem\" target=\"_blank\" class=\"rank-math-link\">Ende Juni 2020 forderten 34 NGOs EIB-Pr\u00e4sident Werner Hoyer auf, die Regeln zu sch\u00e4rfen<\/a>.<\/p>\n\n\n\n<figure class=\"wp-block-table\"><table class=\"has-subtle-light-gray-background-color has-background\"><tbody><tr><td width=\"25%\"><a rel=\"noopener noreferrer\" href=\"https:\/\/urgewald.org\/team\/regine-richter\" target=\"_blank\"><img decoding=\"async\" width=\"180\" class=\"aligncenter wp-image-313\" title=\"Foto: urgewald.\" src=\"https:\/\/www.sinn-schaffen.de\/klima\/wp-content\/uploads\/sites\/17\/2019\/03\/Regine-Richter.png\" alt=\"\"><\/a><\/td><td width=\"75%\">Regine Richter leitet Kampagnen zu \u00f6ffentlichen Banken bei <a href=\"https:\/\/urgewald.org\/\" target=\"_blank\" rel=\"noopener noreferrer\">urgewald.<\/a><\/td><\/tr><tr><td><\/td><td><a href=\"https:\/\/urgewald.org\/\" target=\"_blank\" rel=\"noopener noreferrer\"><img decoding=\"async\" class=\"aligncenter wp-image-313\" title=\" \" src=\"https:\/\/www.sinn-schaffen.de\/klima\/wp-content\/uploads\/sites\/17\/2018\/11\/urgewaldLogo.jpg\" alt=\"\" width=\"180\"><\/a><\/td><\/tr><\/tbody><\/table><\/figure>\n\n","protected":false},"excerpt":{"rendered":"<p>Eine Studie der europ\u00e4ischen NGO-Koalition Counter Balance zeigt, dass die Europ\u00e4ische Investitionsbank (EIB) noch weit von ihrem Anspruch als einer \u201cEU-Klimabank\u201d entfernt ist. Die Europ\u00e4ische Investitionsbank hat im Zeitraum 2016 bis 2019 besonders klimasch\u00e4dliche Projekte im Energie- und Transportsektor in einem Umfang von 28,7 Milliarden Euro gef\u00f6rdert. Ihre wichtige Rolle bei der wirtschaftlichen Erholung nach &hellip; <\/p>\n<p class=\"link-more\"><a href=\"https:\/\/www.sinn-schaffen.de\/klima\/studie-zeigt-europaeische-investitionsbank-ist-noch-lange-keine-klimabank\/\" class=\"more-link\"><span class=\"screen-reader-text\">\u201eStudie zeigt: Europ\u00e4ische Investitionsbank ist noch lange keine &#8222;Klimabank&#8220;\u201c<\/span> weiterlesen<\/a><\/p>\n","protected":false},"author":1,"featured_media":0,"parent":0,"menu_order":90,"comment_status":"closed","ping_status":"closed","template":"","meta":{"footnotes":""},"class_list":["post-322","page","type-page","status-publish","hentry"],"_links":{"self":[{"href":"https:\/\/www.sinn-schaffen.de\/klima\/wp-json\/wp\/v2\/pages\/322","targetHints":{"allow":["GET"]}}],"collection":[{"href":"https:\/\/www.sinn-schaffen.de\/klima\/wp-json\/wp\/v2\/pages"}],"about":[{"href":"https:\/\/www.sinn-schaffen.de\/klima\/wp-json\/wp\/v2\/types\/page"}],"author":[{"embeddable":true,"href":"https:\/\/www.sinn-schaffen.de\/klima\/wp-json\/wp\/v2\/users\/1"}],"replies":[{"embeddable":true,"href":"https:\/\/www.sinn-schaffen.de\/klima\/wp-json\/wp\/v2\/comments?post=322"}],"version-history":[{"count":3,"href":"https:\/\/www.sinn-schaffen.de\/klima\/wp-json\/wp\/v2\/pages\/322\/revisions"}],"predecessor-version":[{"id":327,"href":"https:\/\/www.sinn-schaffen.de\/klima\/wp-json\/wp\/v2\/pages\/322\/revisions\/327"}],"wp:attachment":[{"href":"https:\/\/www.sinn-schaffen.de\/klima\/wp-json\/wp\/v2\/media?parent=322"}],"curies":[{"name":"wp","href":"https:\/\/api.w.org\/{rel}","templated":true}]}}