{"id":415,"date":"2020-11-05T16:20:18","date_gmt":"2020-11-05T15:20:18","guid":{"rendered":"https:\/\/www.sinn-schaffen.de\/klima\/?page_id=415"},"modified":"2020-11-05T16:20:19","modified_gmt":"2020-11-05T15:20:19","slug":"ob-wir-das-schaffen-eine-andere-bessere-welt","status":"publish","type":"page","link":"https:\/\/www.sinn-schaffen.de\/klima\/ob-wir-das-schaffen-eine-andere-bessere-welt\/","title":{"rendered":"Ob wir das schaffen &#8211; eine andere, bessere Welt?"},"content":{"rendered":"\n<p><em>Ein Pl\u00e4doyer von Gero Jenner<\/em><\/p>\n\n\n\n<p><strong>(November 2020)<\/strong> Wir k\u00f6nnen es schaffen, wenn wir die Fakten kennen. Sie sind so gut gesichert, dass 196 Staaten auf der Pariser Konferenz von 2015 ein Abkommen unterzeichnet haben, das, einmal umgesetzt, das wirtschaftliche, soziale und politische Leben auf dem Globus grundlegend neugestaltet. Bis sp\u00e4testens 2050 wollen die Vertragsstaaten die Nutzung fossiler Brennstoffe auf null reduzieren, um die Erh\u00f6hung der globalen Temperatur auf ein Maximum von 2 Grad zu begrenzen. Um dieses Ziel zu erreichen, m\u00fcsste allerdings ein globaler Lockdown den CO2-Aussto\u00df so reduzieren, wie das im April 2020 aufgrund von Corona geschah \u2011 so die Folgerung einer in Nature erschienenen Untersuchung.<\/p>\n\n\n\n<p>William E. Rees, zusammen mit Mathis Wackernagel der Erfinder des \u00f6kologischen Fu\u00dfabdrucks, hat dieser Forderung noch zus\u00e4tzlichen Nachdruck verliehen, als er den Nachweis erbrachte, dass die Menschheit bei derzeitigem Ressourcenverbrauch die Marke von zwei Milliarden nicht \u00fcberschreiten d\u00fcrfte, wenn sie nachhaltig wirtschaften will. Andernfalls w\u00fcrde sie f\u00fcnf oder mehr Planeten ben\u00f6tigen \u2011 das allerdings sei ohne \u00f6kologischen Kollaps nicht durchzuhalten. Aus dieser Erkenntnis des kanadischen \u00d6kologen l\u00e4sst sich unschwer die Folgerung ableiten, dass eine Bev\u00f6lkerung von bald zehn Milliarden ihren gegenw\u00e4rtigen Ressourcenverbrauch auf wenigstens ein F\u00fcnftel reduzieren muss, um den \u00f6kologischen Kollaps bis zum Ende des 21. Jahrhunderts zu vermeiden.<\/p>\n\n\n\n<p>Inzwischen haben die USA sich aus dem Pariser Abkommen zur\u00fcckgezogen, andere Staaten halten sich nicht an dessen Forderungen. Ein nicht unbedeutender Teil der \u00d6ffentlichkeit scheint sich \u00fcberhaupt mit der Klimakrise abgefunden zu haben oder leugnet sie einfach und ist durch keine noch so guten Argumente zu \u00fcberzeugen. Tats\u00e4chlich hat die Situation sich inzwischen dramatisch versch\u00e4rft: Wir haben bereits einen Punkt erreicht, wo uns nur noch eine einzige Dekade \/zehn Jahre!\/ oder 420 Gigatonnen CO2 \u00fcbrigbleibt, um die Klimaerw\u00e4rmung nicht \u00fcber 1,5 Grad hinausschie\u00dfen zu lassen. Die Bedrohlichkeit dieser Situation wird keinesfalls dadurch gemildert, dass neuere Berechnungen der Klimaforscher die zu erwartende maximale Temperatursteigerung etwas niedriger ansetzen.<\/p>\n\n\n\n<p>Es ist eine Ungeheuerlichkeit, dass wir zwar ganz genau wissen, was eigentlich getan werden m\u00fcsste, aber unf\u00e4hig sind, dementsprechend zu handeln. Daf\u00fcr muss es schwerwiegende Gr\u00fcnde geben. Es ist sogar zu vermuten, dass diese Gr\u00fcnde ebenso elementar und wohl auch genauso einleuchtend sind wie jene, die uns zur Umkehr dr\u00e4ngen. Ich sehe meine Aufgabe darin, die Gr\u00fcnde f\u00fcr diese Abwehr aufzusp\u00fcren und sie exakt zu benennen. Nur wenn wir die Widerst\u00e4nde kennen, gegen die wir ank\u00e4mpfen m\u00fcssen, besteht Hoffnung, dass wir sie \u00fcberwinden. Erschwert wird die Frage nach den Gr\u00fcnden allerdings dadurch, dass viele mit Steven Pinker der \u00dcberzeugung sind, gerade heute in der besten aller Welten zu leben.<\/p>\n\n\n\n<p>Es kann angesichts der \u00f6kologischen Krise \u00fcberm\u00e4\u00dfigen Ressourcenverbrauchs und \u00fcberm\u00e4\u00dfiger Verm\u00fcllung der \u00d6kosph\u00e4re nur eine gemeinsame L\u00f6sung geben. Es ergibt keinen Sinn, wenn einzelne Staaten \u00f6kologisch vorbildlich handeln, solange andere daraus f\u00fcr sich den Vorteil ableiten, die Natur ihrerseits dann umso st\u00e4rker zu belasten. Lokales Handeln bleibt wirkungslos, wenn es nicht mit einem globalen Umdenken einhergeht. Der Wettbewerb zwischen den Nationen, der uns mit Krieg um versiegende Ressourcen bedroht, muss in Kooperation \u00fcbergehen. Doch Kooperation ist in einer politisch und sozial tief gespaltenen Welt die schwierigste Aufgabe \u00fcberhaupt.<\/p>\n\n\n\n<p>Von den USA ausgehend ist der Protest der Massen gegen Rassismus auf Europa und S\u00fcdamerika \u00fcbergesprungen. Zuvor hatte Greta Thunberg eine \u00e4hnliche Protestbewegung initiiert. In der ganzen Welt muss es das Bewusstsein von dr\u00e4ngender Gefahr auch im Hinblick auf die uns elementar bedrohende \u00f6kologische Katastrophe geben. Ohne den Aufstand der Massen \u00fcberall in der Welt wird es keine Wende geben, denn erst ein solcher Protest bewirkt auch die Bereitschaft, die n\u00f6tigen Opfer daf\u00fcr zu bringen. Nicht nur Politiker und wissenschaftliche Experten sondern alle Bewohner des Globus m\u00fcssen sich dar\u00fcber im klaren und einig sein, dass die Menschheit zum ersten Mal in ihrer Geschichte vor Problemen steht, die sie nur noch durch gemeinsames Wollen und Handeln zu bew\u00e4ltigen vermag.<\/p>\n\n\n\n<figure class=\"wp-block-table\"><table class=\"has-subtle-light-gray-background-color has-background\"><tbody><tr><td width=\"25%\"><a rel=\"noopener noreferrer\" href=\"https:\/\/www.gerojenner.com\/wp\/biographie-gero-jenner\/\" target=\"_blank\"><img decoding=\"async\" class=\"aligncenter wp-image-313\" title=\"Foto: Gero Jenner.\" src=\"https:\/\/www.sinn-schaffen.de\/klima\/wp-content\/uploads\/sites\/17\/2020\/11\/Homepagebild3-210x300-1.jpg\" alt=\"\" width=\"180\"><\/a><\/td><td width=\"75%\">Gero Jenner ist Autor und Publizist.<\/td><\/tr><\/tbody><\/table><\/figure>\n\n\n\n<figure class=\"wp-block-table\"><table class=\"has-subtle-light-gray-background-color has-background\"><tbody><tr><td width=\"25%\"><a rel=\"noopener noreferrer\" href=\"https:\/\/www.amazon.de\/dp\/B08LJZLPXF\" target=\"_blank\"><img decoding=\"async\" title=\" \" width=\"180\" class=\"aligncenter wp-image-313\" src=\"https:\/\/www.sinn-schaffen.de\/klima\/wp-content\/uploads\/sites\/17\/2020\/11\/Gero-Jenner.jpg\" alt=\"\"><\/a><\/td><td width=\"75%\">&#8222;OB WIR DAS SCHAFFEN?: Eine andere, bessere Welt?&#8220; von Gero Jenner l\u00e4sst sich \u00fcber <a href=\"https:\/\/www.amazon.de\/dp\/B08LJZLPXF\" target=\"_blank\" rel=\"noopener noreferrer\">diesen Link bestellen<\/a>.<\/td><\/tr><\/tbody><\/table><\/figure>\n","protected":false},"excerpt":{"rendered":"<p>Ein Pl\u00e4doyer von Gero Jenner (November 2020) Wir k\u00f6nnen es schaffen, wenn wir die Fakten kennen. Sie sind so gut gesichert, dass 196 Staaten auf der Pariser Konferenz von 2015 ein Abkommen unterzeichnet haben, das, einmal umgesetzt, das wirtschaftliche, soziale und politische Leben auf dem Globus grundlegend neugestaltet. Bis sp\u00e4testens 2050 wollen die Vertragsstaaten die &hellip; <\/p>\n<p class=\"link-more\"><a href=\"https:\/\/www.sinn-schaffen.de\/klima\/ob-wir-das-schaffen-eine-andere-bessere-welt\/\" class=\"more-link\"><span class=\"screen-reader-text\">\u201eOb wir das schaffen &#8211; eine andere, bessere Welt?\u201c<\/span> weiterlesen<\/a><\/p>\n","protected":false},"author":1,"featured_media":0,"parent":0,"menu_order":89,"comment_status":"closed","ping_status":"closed","template":"","meta":{"footnotes":""},"class_list":["post-415","page","type-page","status-publish","hentry"],"_links":{"self":[{"href":"https:\/\/www.sinn-schaffen.de\/klima\/wp-json\/wp\/v2\/pages\/415","targetHints":{"allow":["GET"]}}],"collection":[{"href":"https:\/\/www.sinn-schaffen.de\/klima\/wp-json\/wp\/v2\/pages"}],"about":[{"href":"https:\/\/www.sinn-schaffen.de\/klima\/wp-json\/wp\/v2\/types\/page"}],"author":[{"embeddable":true,"href":"https:\/\/www.sinn-schaffen.de\/klima\/wp-json\/wp\/v2\/users\/1"}],"replies":[{"embeddable":true,"href":"https:\/\/www.sinn-schaffen.de\/klima\/wp-json\/wp\/v2\/comments?post=415"}],"version-history":[{"count":1,"href":"https:\/\/www.sinn-schaffen.de\/klima\/wp-json\/wp\/v2\/pages\/415\/revisions"}],"predecessor-version":[{"id":416,"href":"https:\/\/www.sinn-schaffen.de\/klima\/wp-json\/wp\/v2\/pages\/415\/revisions\/416"}],"wp:attachment":[{"href":"https:\/\/www.sinn-schaffen.de\/klima\/wp-json\/wp\/v2\/media?parent=415"}],"curies":[{"name":"wp","href":"https:\/\/api.w.org\/{rel}","templated":true}]}}