{"id":607,"date":"2022-02-16T17:13:09","date_gmt":"2022-02-16T16:13:09","guid":{"rendered":"https:\/\/www.sinn-schaffen.de\/klima\/?page_id=607"},"modified":"2022-02-16T17:15:46","modified_gmt":"2022-02-16T16:15:46","slug":"klimaschaedliche-plug-in-hybride-und-e-fuel-fantasien-verkehrsminister-wissing-torpediert-klimaschutz-im-verkehr","status":"publish","type":"page","link":"https:\/\/www.sinn-schaffen.de\/klima\/klimaschaedliche-plug-in-hybride-und-e-fuel-fantasien-verkehrsminister-wissing-torpediert-klimaschutz-im-verkehr\/","title":{"rendered":"Klimasch\u00e4dliche Plug-In-Hybride und E-Fuel-Fantasien: Verkehrsminister Wissing torpediert Klimaschutz im Verkehr"},"content":{"rendered":"\n<p><em>Laut Deutscher Umwelthilfe steht Verkehrsminister Wissing &#8222;genauso unter der Fuchtel der Autolobby wie seine CSU-Vorg\u00e4nger&#8220;. Die Richtlinien der Klimapolitik im Verkehrsbereich w\u00fcrden, auf Kosten des Klimas, weiter in den Konzernzentralen r\u00fcckw\u00e4rtsgewandter Autokonzerne festgelegt. Wissing will die dringend n\u00f6tige Versch\u00e4rfung der europ\u00e4ischen CO2-Flottengrenzwerte f\u00fcr Neuwagen verhindern \u2013 zum Schaden des Klimas ebenso wie von Verbraucherinnen und Verbrauchern.<\/em><\/p>\n\n\n\n<hr class=\"wp-block-separator\"\/>\n\n\n\n<figure class=\"wp-block-image size-full\"><img loading=\"lazy\" decoding=\"async\" width=\"1024\" height=\"413\" src=\"https:\/\/www.sinn-schaffen.de\/klima\/wp-content\/uploads\/sites\/17\/2022\/02\/NU-220216-duh.jpg\" alt=\"\" class=\"wp-image-599\" title=\"Foto: Nata Uchava, Freiburg\"\/><\/figure>\n\n\n\n<hr class=\"wp-block-separator\"\/>\n\n\n\n<p><strong>(Berlin, 15. Februar 2022)<\/strong> Angesichts seiner j\u00fcngsten \u00c4u\u00dferungen zu zentralen klimapolitischen Weichenstellungen im Verkehrssektor warnt die Deutsche Umwelthilfe (DUH) Bundesverkehrsminister Wissing davor, sich die Klimaschutz-Blockadehaltung der Autolobby zu eigen zu machen. Wissing will die dringend n\u00f6tige Versch\u00e4rfung der europ\u00e4ischen CO2-Flottengrenzwerte f\u00fcr Neuwagen verhindern. Das im Koalitionsvertrag verankerte Ziel von 15 Millionen vollelektrischen Fahrzeugen bis 2030 soll nach seinem Wunsch durch Einrechnung von Plug-In-Hybriden faktisch halbiert werden. Anders als noch im Januar angek\u00fcndigt, h\u00e4lt er zudem offenbar ineffiziente synthetische Kraftstoffe f\u00fcr eine ernst zu nehmende Option im Pkw-Segment.<\/p>\n\n\n\n<p>Dazu J\u00fcrgen Resch, Bundesgesch\u00e4ftsf\u00fchrer der Deutschen Umwelthilfe: \u201eVerkehrsminister Wissing ist erst wenige Monate im Amt und schon ist klar: Er steht genauso unter der Fuchtel der Autolobby wie seine CSU-Vorg\u00e4nger. Die Richtlinien der Klimapolitik im Verkehrsbereich werden weiter in den Konzernzentralen r\u00fcckw\u00e4rtsgewandter Autokonzerne festgelegt \u2013 auf Kosten des Klimas. Wissing bricht mit diesem Kurs nicht nur zum Teil den Koalitionsvertrag, sondern nimmt auch in Kauf, dass die L\u00fccke zu den verpflichtenden Zielen des deutschen Klimaschutzgesetzes immer gr\u00f6\u00dfer wird. Die Koalitionspartner SPD und Gr\u00fcne m\u00fcssen jetzt eingreifen und verhindern, dass Klimaschutz den kurzfristigen Profitinteressen der Autoindustrie zum Opfer f\u00e4llt.\u201c<\/p>\n\n\n\n<p>Der letzte Projektionsbericht der Bundesregierung zur Entwicklung der Treibhausgasemissionen zeigt, dass f\u00fcr weitere Verz\u00f6gerungen absolut keine Zeit mehr ist. Demnach wird die L\u00fccke zu den verbindlichen Klimazielen im Verkehr in den kommenden Jahren immer weiterwachsen und im Jahr 2030 mehr als 40 Millionen Tonnen CO2 betragen \u2013 das w\u00e4ren fast 50 Prozent mehr Emissionen als das Klimaschutzgesetz erlaubt. Eine deutliche Versch\u00e4rfung der CO2-Flottengrenzwerte der EU ist ein wichtiger Hebel, um dem entgegenzuwirken. Der bisherige Vorschlag der EU-Kommission w\u00fcrde in diesem Jahrzehnt praktisch keine weitere Emissionsminderung bringen: Die meisten Hersteller werden die f\u00fcr 2025 vorgeschlagene CO2-Reduktion von 15 Prozent bereits im kommenden Jahr ohne gr\u00f6\u00dfere Anstrengungen erreichen. Wenn dann der n\u00e4chste Grenzwert wie vorgesehen erst in 2030 greift, w\u00fcrden die Emissionen bis dahin auf hohem Niveau stagnieren.<\/p>\n\n\n\n<p>\u201eDie EU-weit geltenden CO2-Flottengrenzwerte f\u00fcr Neuwagen sind eines der zentralen Instrumente, um die Antriebswende und damit Klimaschutz im Stra\u00dfenverkehr durchzusetzen\u201c, so Dorothee Saar, Leiterin des Bereiches Verkehr und Luftreinhaltung der Deutschen Umwelthilfe. \u201eMinister Wissing sollte wissen: Je schw\u00e4cher die Revision ausf\u00e4llt und je mehr CO2 Neuwagen k\u00fcnftig noch emittieren d\u00fcrfen, desto gr\u00f6\u00dfer m\u00fcssen die nationalen Anstrengungen ausfallen, um die verbindlichen Klimaschutzziele einzuhalten. Lasche Vorgaben schaden dem Klima ebenso wie Verbraucherinnen und Verbrauchern. Auch die Pl\u00e4ne mit Blick auf Plug-In-Hybride und E-Fuels sind alles andere als wirksame Klimapolitik. Dabei k\u00f6nnen wir uns gerade im Verkehrssektor, der bislang nichts zum Klimaschutz beitr\u00e4gt, keine Verz\u00f6gerung mehr leisten!\u201c<\/p>\n\n\n\n<p>Plug-In-Hybride, deren Kaufpr\u00e4mien erst k\u00fcrzlich verl\u00e4ngert wurden, verursachen im Realbetrieb ein Vielfaches der Treibhausgasemissionen, die der Hersteller formal angibt. E-Fuels sind in der Herstellung enorm energie- und kostenintensiv. Sie werden in den kommenden Jahrzehnten nur in \u00e4u\u00dferst begrenztem Umfang zur Verf\u00fcgung stehen und dann f\u00fcr die Schifffahrt und den Flugverkehr ben\u00f6tigt.<\/p>\n\n\n\n<div class=\"wp-block-columns is-layout-flex wp-container-core-columns-is-layout-9d6595d7 wp-block-columns-is-layout-flex\">\n<div class=\"wp-block-column is-layout-flow wp-block-column-is-layout-flow\" style=\"flex-basis:33.33%\">\n<figure class=\"wp-block-image size-full\"><a href=\"https:\/\/www.duh.de\/\" target=\"_blank\" rel=\"noopener\"><img loading=\"lazy\" decoding=\"async\" width=\"450\" height=\"508\" src=\"https:\/\/www.sinn-schaffen.de\/klima\/wp-content\/uploads\/sites\/17\/2022\/02\/Dorothee_Saar-duh-c-DUH-Heidi-Scherm-T.jpg\" alt=\"\" class=\"wp-image-598\" title=\"Foto: Deutsche Umwelthilfe, Heidi Scherm\"\/><\/a><\/figure>\n<\/div>\n\n\n\n<div class=\"wp-block-column is-layout-flow wp-block-column-is-layout-flow\" style=\"flex-basis:66.66%\">\n<p>Dorothee Saar ist Leiterin des Bereiches Verkehr und Luftreinhaltung der <a href=\"https:\/\/www.duh.de\/\" target=\"_blank\" rel=\"noreferrer noopener\">Deutschen Umwelthilfe<\/a>.<\/p>\n\n\n\n<figure class=\"wp-block-image size-large is-resized\"><a href=\"https:\/\/www.duh.de\/\" target=\"_blank\" rel=\"noopener\"><img loading=\"lazy\" decoding=\"async\" src=\"https:\/\/www.sinn-schaffen.de\/klima\/wp-content\/uploads\/sites\/17\/2019\/01\/DUHLogo-1024x125.png\" alt=\"\" class=\"wp-image-104\" width=\"394\" height=\"48\"\/><\/a><\/figure>\n<\/div>\n<\/div>\n\n\n\n<div class=\"wp-block-columns is-layout-flex wp-container-core-columns-is-layout-9d6595d7 wp-block-columns-is-layout-flex\">\n<div class=\"wp-block-column is-layout-flow wp-block-column-is-layout-flow\" style=\"flex-basis:33.33%\">\n<figure class=\"wp-block-image size-full\"><a href=\"https:\/\/www.duh.de\/fileadmin\/user_upload\/download\/Projektinformation\/Verkehr\/CO2-Minderung\/CO2-Revision_Verb%C3%A4ndepapier_final.pdf\" target=\"_blank\" rel=\"noopener\"><img loading=\"lazy\" decoding=\"async\" width=\"567\" height=\"386\" src=\"https:\/\/www.sinn-schaffen.de\/klima\/wp-content\/uploads\/sites\/17\/2022\/02\/CO2-Revision-Verbaendepapier-T.jpg\" alt=\"\" class=\"wp-image-600\"\/><\/a><\/figure>\n<\/div>\n\n\n\n<div class=\"wp-block-column is-layout-flow wp-block-column-is-layout-flow\" style=\"flex-basis:66.66%\">\n<p>Die Positionen von Umweltverb\u00e4nden zur Revision der CO2-Flottengrenzwerte stehen <a href=\"https:\/\/www.duh.de\/fileadmin\/user_upload\/download\/Projektinformation\/Verkehr\/CO2-Minderung\/CO2-Revision_Verb%C3%A4ndepapier_final.pdf\" target=\"_blank\" rel=\"noreferrer noopener\">\u00fcber diesen Link zum Download als PDF<\/a> bereit.<\/p>\n<\/div>\n<\/div>\n\n\n\n<div class=\"wp-block-columns is-layout-flex wp-container-core-columns-is-layout-9d6595d7 wp-block-columns-is-layout-flex\">\n<div class=\"wp-block-column is-layout-flow wp-block-column-is-layout-flow\" style=\"flex-basis:33.33%\">\n<figure class=\"wp-block-image size-full\"><a href=\"https:\/\/www.duh.de\/fileadmin\/user_upload\/download\/Pressemitteilungen\/Energie\/Wasserstoff\/210622_Mythenpapier_E-Fuel.pdf\" target=\"_blank\" rel=\"noopener\"><img loading=\"lazy\" decoding=\"async\" width=\"599\" height=\"846\" src=\"https:\/\/www.sinn-schaffen.de\/klima\/wp-content\/uploads\/sites\/17\/2022\/02\/Mythenpapier-E-Fuel-T.jpg\" alt=\"\" class=\"wp-image-602\"\/><\/a><\/figure>\n<\/div>\n\n\n\n<div class=\"wp-block-column is-layout-flow wp-block-column-is-layout-flow\" style=\"flex-basis:66.66%\">\n<p>Ein Papier der Deutschen Umwelthilfe zu E-Fuels steht <a href=\"https:\/\/www.duh.de\/fileadmin\/user_upload\/download\/Pressemitteilungen\/Energie\/Wasserstoff\/210622_Mythenpapier_E-Fuel.pdf\" target=\"_blank\" rel=\"noreferrer noopener\">\u00fcber diesen Link zum Download als PDF<\/a> bereit.<\/p>\n<\/div>\n<\/div>\n\n\n\n<div class=\"wp-block-columns is-layout-flex wp-container-core-columns-is-layout-9d6595d7 wp-block-columns-is-layout-flex\">\n<div class=\"wp-block-column is-layout-flow wp-block-column-is-layout-flow\" style=\"flex-basis:33.33%\">\n<figure class=\"wp-block-image size-full\"><a href=\"https:\/\/www.duh.de\/fileadmin\/user_upload\/download\/Projektinformation\/Verkehr\/CO2-Minderung\/Hintergrundpapier_Plug-in-Hybride_final.pdf\" target=\"_blank\" rel=\"noopener\"><img loading=\"lazy\" decoding=\"async\" width=\"599\" height=\"846\" src=\"https:\/\/www.sinn-schaffen.de\/klima\/wp-content\/uploads\/sites\/17\/2022\/02\/Hintergrundpapier-Plug-in-Hybride-T.jpg\" alt=\"\" class=\"wp-image-604\"\/><\/a><\/figure>\n<\/div>\n\n\n\n<div class=\"wp-block-column is-layout-flow wp-block-column-is-layout-flow\" style=\"flex-basis:66.66%\">\n<p>Ein Hintergrundpapier zu Plug-in-Hybriden steht <a href=\"https:\/\/www.duh.de\/fileadmin\/user_upload\/download\/Projektinformation\/Verkehr\/CO2-Minderung\/Hintergrundpapier_Plug-in-Hybride_final.pdf\" target=\"_blank\" rel=\"noreferrer noopener\">\u00fcber diesen Link zum Download als PDF<\/a> bereit.<\/p>\n<\/div>\n<\/div>\n","protected":false},"excerpt":{"rendered":"<p>Laut Deutscher Umwelthilfe steht Verkehrsminister Wissing &#8222;genauso unter der Fuchtel der Autolobby wie seine CSU-Vorg\u00e4nger&#8220;. Die Richtlinien der Klimapolitik im Verkehrsbereich w\u00fcrden, auf Kosten des Klimas, weiter in den Konzernzentralen r\u00fcckw\u00e4rtsgewandter Autokonzerne festgelegt. Wissing will die dringend n\u00f6tige Versch\u00e4rfung der europ\u00e4ischen CO2-Flottengrenzwerte f\u00fcr Neuwagen verhindern \u2013 zum Schaden des Klimas ebenso wie von Verbraucherinnen und &hellip; <\/p>\n<p class=\"link-more\"><a href=\"https:\/\/www.sinn-schaffen.de\/klima\/klimaschaedliche-plug-in-hybride-und-e-fuel-fantasien-verkehrsminister-wissing-torpediert-klimaschutz-im-verkehr\/\" class=\"more-link\"><span class=\"screen-reader-text\">\u201eKlimasch\u00e4dliche Plug-In-Hybride und E-Fuel-Fantasien: Verkehrsminister Wissing torpediert Klimaschutz im Verkehr\u201c<\/span> weiterlesen<\/a><\/p>\n","protected":false},"author":1,"featured_media":0,"parent":0,"menu_order":67,"comment_status":"closed","ping_status":"closed","template":"","meta":{"footnotes":""},"class_list":["post-607","page","type-page","status-publish","hentry"],"_links":{"self":[{"href":"https:\/\/www.sinn-schaffen.de\/klima\/wp-json\/wp\/v2\/pages\/607","targetHints":{"allow":["GET"]}}],"collection":[{"href":"https:\/\/www.sinn-schaffen.de\/klima\/wp-json\/wp\/v2\/pages"}],"about":[{"href":"https:\/\/www.sinn-schaffen.de\/klima\/wp-json\/wp\/v2\/types\/page"}],"author":[{"embeddable":true,"href":"https:\/\/www.sinn-schaffen.de\/klima\/wp-json\/wp\/v2\/users\/1"}],"replies":[{"embeddable":true,"href":"https:\/\/www.sinn-schaffen.de\/klima\/wp-json\/wp\/v2\/comments?post=607"}],"version-history":[{"count":2,"href":"https:\/\/www.sinn-schaffen.de\/klima\/wp-json\/wp\/v2\/pages\/607\/revisions"}],"predecessor-version":[{"id":610,"href":"https:\/\/www.sinn-schaffen.de\/klima\/wp-json\/wp\/v2\/pages\/607\/revisions\/610"}],"wp:attachment":[{"href":"https:\/\/www.sinn-schaffen.de\/klima\/wp-json\/wp\/v2\/media?parent=607"}],"curies":[{"name":"wp","href":"https:\/\/api.w.org\/{rel}","templated":true}]}}