{"id":624,"date":"2022-04-07T17:17:16","date_gmt":"2022-04-07T15:17:16","guid":{"rendered":"https:\/\/www.sinn-schaffen.de\/klima\/?page_id=624"},"modified":"2022-04-07T17:18:34","modified_gmt":"2022-04-07T15:18:34","slug":"defuel-russias-war-machine-schluesselt-weltweite-joint-ventures-mit-russischen-oel-und-gasunternehmen-und-finanzierer-der-fossilen-industrie-russlands-auf","status":"publish","type":"page","link":"https:\/\/www.sinn-schaffen.de\/klima\/defuel-russias-war-machine-schluesselt-weltweite-joint-ventures-mit-russischen-oel-und-gasunternehmen-und-finanzierer-der-fossilen-industrie-russlands-auf\/","title":{"rendered":"&#8222;Defuel Russia\u2019s War Machine&#8220; schl\u00fcsselt weltweite Joint Ventures mit russischen \u00d6l- und Gasunternehmen und Finanzierer der fossilen Industrie Russlands auf"},"content":{"rendered":"\n<p><em>Recherchen der deutschen Umwelt- und Menschenrechtsorganisation urgewald und der russischen Umwelt-NGO Ecodefense zu dem russischen fossilen Sektor und den Banken und Investoren hinter ihr sind nicht in Einklang zu bringen mit den Solidarit\u00e4tsbekundungen der globalen Finanzindustrie mit der Ukraine. Nur eine Handvoll Energieunternehmen haben den R\u00fcckzug aus Russland angek\u00fcndigt, die Mehrheit macht weiter wie bisher. Die Gesch\u00e4ftsf\u00fchrerin von urgewald: &#8222;Diese Unternehmen gef\u00e4hrden schon lange unser Klima, nun unterst\u00fctzen sie auch Putins grausamen Krieg gegen die Ukraine.&#8220;<\/em><\/p>\n\n\n\n<hr class=\"wp-block-separator\"\/>\n\n\n\n<figure class=\"wp-block-image size-full\"><img loading=\"lazy\" decoding=\"async\" width=\"1024\" height=\"413\" src=\"https:\/\/www.sinn-schaffen.de\/klima\/wp-content\/uploads\/sites\/17\/2022\/04\/NU-220407-urgewald.jpg\" alt=\"\" class=\"wp-image-620\" title=\"Foto: Nata Uchava, Freiburg\"\/><\/figure>\n\n\n\n<hr class=\"wp-block-separator\"\/>\n\n\n\n<p><strong>(Berlin, 4. April 2022)<\/strong> Die deutsche Umwelt- und Menschenrechtsorganisation urgewald und die russische Umwelt-NGO Ecodefense haben heute den zweiten Teil ihrer <a href=\"https:\/\/defuel-russias-war.org\/\" target=\"_blank\" rel=\"noreferrer noopener\">Kampagnen-Webseite \u201eDefuel Russia&#8217;s War Machine\u201c <\/a>ver\u00f6ffentlicht. Neben den wichtigsten EU-Importeuren von russischen Energietr\u00e4gern werden nun auch Joint Ventures internationaler Energieunternehmen mit den vier gr\u00f6\u00dften russischen \u00d6l- und Gasunternehmen Gazprom, Novatek, Rosneft und Lukoil offengelegt. Zudem werden die Verbindungen der globalen Finanzindustrie zum fossilen Sektor Russlands transparent gemacht.<\/p>\n\n\n\n<p>\u201eDie neuesten Rechercheergebnisse zu dem russischen fossilen Sektor und den Banken und Investoren hinter ihr sind nicht in Einklang zu bringen mit den Solidarit\u00e4tsbekundungen der globalen Finanzindustrie mit der Ukraine\u201c, sagt Katrin Ganswindt, Leiterin Finanzrecherche bei urgewald. \u201eDie globale Finanzindustrie hat mit Krediten f\u00fcr und Investitionen in die russische fossile Industrie einen fatalen Beitrag zur St\u00fctzung eines verbrecherischen Regimes geleistet. Wir fordern internationale Banken und Investoren auf, sich sofort aus Russland und speziell aus russischen fossilen Firmen endg\u00fcltig zur\u00fcckzuziehen. Fossile Firmen, die ihre Joint Ventures mit russischen Unternehmen nicht beenden, sollten von Finanzinstituten ebenfalls ausgeschlossen werden, wenn wir wirklich versuchen wollen, mit allen m\u00f6glichen Mitteln Putins Machtapparat zu schw\u00e4chen.\u201c<\/p>\n\n\n\n<p>urgewald und Ecodefense fordern einen sofortigen und vollst\u00e4ndigen Importstopp f\u00fcr Energietr\u00e4ger aus Russland. Putins j\u00fcngsten Ank\u00fcndigungen zu Gaszahlungen in Rubel oder Euro beziehungsweise US-Dollar zeigen klar, welchen sensiblen Punkt ein EU-Importstopp treffen w\u00fcrde \u2013 und welche Bedeutung diese Versch\u00e4rfung der Sanktionen f\u00fcr eine Beendigung des Kriegs in der Ukraine spielen k\u00f6nnte.<\/p>\n\n\n\n<p>Heffa Sch\u00fccking, Gesch\u00e4ftsf\u00fchrerin von urgewald kommentiert: \u201eSeit der Invasion Russlands in die Ukraine haben wir zahlreiche Solidarit\u00e4tsbekundungen von internationalen und speziell westlichen Energie- und Finanzunternehmen geh\u00f6rt. Unsere Recherchen zeigen aber, dass die meisten von ihnen weiterhin Profite vor die Moral stellen. Nur eine Handvoll Energieunternehmen haben den R\u00fcckzug aus Russland angek\u00fcndigt, die Mehrheit macht weiter wie bisher. Diese Unternehmen gef\u00e4hrden schon lange unser Klima, nun unterst\u00fctzen sie auch Putins grausamen Krieg gegen die Ukraine. Diese wirtschaftliche R\u00fcckendeckung f\u00fcr einen brutalen Diktator und Kriegsverbrecher muss sofort beendet werden.\u201c<\/p>\n\n\n\n<p><strong>Defuel Russia\u2019s War Machine deckt internationale Beteiligung an \u00d6l- und Gas Joint Ventures mit russischen Partnern auf<\/strong><\/p>\n\n\n\n<p>Bis heute (4. April 2022) haben nur Shell, BP, Exxon und Equinor \u00f6ffentlich den R\u00fcckzug aus dem russischen Markt bekannt gegeben. 20 internationale \u00d6l- und Gasunternehmen sind weiterhin im russischen Markt in 14 Joint Ventures aktiv und sp\u00fclen damit Gelder in Putins Kriegskasse in Form von Lizenzgeb\u00fchren und Steuern.<\/p>\n\n\n\n<p>Bisher hat auch kein einziges Energieunternehmen seine internationalen Joint Ventures mit russischer Beteiligung aufgek\u00fcndigt. Im Rahmen von 34 Joint Ventures kooperieren 41 internationale Energieunternehmen mit Gazprom, Novatek, Rosneft oder Lukoil, um \u00d6l und Gas in 20 L\u00e4ndern jenseits Russlands zu f\u00f6rdern. Hier herrscht \u201ebusiness as usual\u201c, obwohl auch diese internationalen Kooperationen letztlich Putins fossile Macht st\u00fctzen.<\/p>\n\n\n\n<p>Ganz oben im Ranking steht die italienische Eni: sie kommt in den Recherchen von urgewald und Ecodefense auf 11 aktive Joint Ventures zur \u00d6l- und Gasf\u00f6rderung weltweit (jenseits des russischen Marktes) mit Lukoil, Rosneft und Novatek. Oft handelt es sich hierbei um besonders umweltsch\u00e4dliche Offshore-F\u00f6rderung. TotalEnergies und Wintershall Dea folgen mit jeweils sechs entsprechenden Joint Ventures au\u00dferhalb Russlands. Und obwohl Shell und BP angek\u00fcndigt haben, sich aus Projekten mit Rosneft im russischen Markt zur\u00fcckzuziehen, sind beide noch an mehreren Joint Ventures zur \u00d6l- und Gasf\u00f6rderung in Asien und dem Mittleren Osten beteiligt, in denen auch Lukoil involviert ist.<\/p>\n\n\n\n<p>\u201eAus deutscher Perspektive f\u00e4llt Wintershall Dea und die enge Verbindung zu Gazprom auf. Knapp die H\u00e4lfte von Wintershalls \u00d6l- und Gasproduktion stammt aus den Joint Ventures mit Gazprom in Russland\u201d, sagt Sonja Meister, Energie-Kampaignerin bei urgewald. \u201eAber das ist nur die eine Seite der Medaille: Zusammen produzieren die beiden auch \u00d6l und Gas in Gro\u00dfbritannien und den Niederlanden im Rahmen von Joint Ventures. Es ist unverantwortlich, dass Wintershall Dea mit Gazprom weiterhin kooperiert und damit Putins Krieg gegen die Ukraine finanziell mittr\u00e4gt. Wir fordern Wintershall und alle anderen in unserer Recherche identifizierten internationalen Energieunternehmen dazu auf, sofort jegliche Kooperation mit russischen Partnern weltweit zu beenden.\u201d<\/p>\n\n\n\n<p><strong>Defuel Russia\u2019s War Machine enth\u00fcllt Banken und Investoren hinter der russischen fossilen Industrie<\/strong><\/p>\n\n\n\n<p>Eine Finanzrecherche im Rahmen der \u201eDefuel Russia\u2019s War Machine\u201c-Kampagne kommt zu folgendem Bild:<\/p>\n\n\n\n<p><em>Russisches \u00d6l und Gas<\/em><\/p>\n\n\n\n<ul class=\"wp-block-list\"><li>Zwischen Januar 2019 und M\u00e4rz 2022 haben Banken insgesamt 72,7 Milliarden US-Dollar an die acht gr\u00f6\u00dften russischen \u00d6l und Gasunternehmen in Form von Krediten und Underwriting-Mandaten geleitet (28,8 Milliarden US-Dollar in Krediten und 43,8 Milliarden US-Dollar in Underwriting-Mandaten). JPMorgan Chase f\u00fchrt das Ranking mit \u00fcber 5 Milliarden US-Dollar an, gefolgt von der chinesischen Export-Importbank und der China Development Bank mit jeweils rund 2,5 Milliarden US-Dollar. Die Deutsche Bank f\u00fchrt bei den deutschen Finanzinstituten das Ranking an mit Krediten in H\u00f6he von insgesamt rund 714 Millionen US-Dollar (entspricht Platz 23 im internationalen Ranking).<\/li><li>Anfang M\u00e4rz 2022 hielten Investoren Anleihen und Aktien der russischen \u00d6l- und Gasindustrie im Wert von respektive 1,5 Milliarden US-Dollar und 71,1 Milliarden US-Dollar (Gesamt: 72,6 Milliarden US-Dollar). Die Qatar Investment Authority war der gr\u00f6\u00dfte Investor in russisches \u00d6l und Gas mit Aktien im Wert von 15,3 Milliarden US-Dollar allein in Rosneft. Die Deutsche Bank ist mit rund 517 Millionen US-Dollar unter den Top 30 Investoren weltweit.<\/li><\/ul>\n\n\n\n<p><em>Russische Kohle<\/em><\/p>\n\n\n\n<ul class=\"wp-block-list\"><li>Zwischen 2019 und 2021 hat der russische Kohlesektor insgesamt 8,6 Milliarden US-Dollar in Krediten und Underwriting-Mandaten durch die globale Finanzindustrie erhalten. Die deutsche Commerzbank f\u00fchrte hierbei das Ranking der nicht-russischen Banken an mit 462 Millionen US-Dollar f\u00fcr den Untersuchungszeitraum, gefolgt von der franz\u00f6sischen Soci\u00e9t\u00e9 G\u00e9n\u00e9rale mit 448 Millionen US-Dollar (Die neue Kohlerichtlinie der Commerzbank, die seit Januar 2022 greift, sollte eine weitere Unterst\u00fctzung vom gr\u00f6\u00dften russischen Bestandskunden SUEK verhindern.).<\/li><li>Mit Stand Dezember 2021 waren die f\u00fchrenden Investoren in den russischen Kohlesektor Vanguard und BlackRock aus den USA mit respektive 338 Millionen US-Dollar und 204 Millionen US-Dollar in Aktien. Es wurde kein nennenswerter Anleihenbesitz bei Investoren identifiziert.<\/li><\/ul>\n\n\n\n<div class=\"wp-block-columns is-layout-flex wp-container-core-columns-is-layout-9d6595d7 wp-block-columns-is-layout-flex\">\n<div class=\"wp-block-column is-layout-flow wp-block-column-is-layout-flow\" style=\"flex-basis:33.33%\">\n<figure class=\"wp-block-image size-full\"><a href=\"https:\/\/www.urgewald.org\/team\/heffa-schuecking\" target=\"_blank\" rel=\"noopener\"><img loading=\"lazy\" decoding=\"async\" width=\"462\" height=\"308\" src=\"https:\/\/www.sinn-schaffen.de\/klima\/wp-content\/uploads\/sites\/17\/2022\/04\/Heffa-Schuecking.png\" alt=\"\" class=\"wp-image-621\" title=\"Foto: urgewald\"\/><\/a><\/figure>\n<\/div>\n\n\n\n<div class=\"wp-block-column is-layout-flow wp-block-column-is-layout-flow\" style=\"flex-basis:66.66%\">\n<p><a href=\"https:\/\/www.urgewald.org\/team\/heffa-schuecking\" target=\"_blank\" rel=\"noreferrer noopener\">Heffa Sch\u00fccking<\/a> ist Gesch\u00e4ftsf\u00fchrerin von <a href=\"https:\/\/www.urgewald.org\/\" target=\"_blank\" rel=\"noreferrer noopener\">urgewald<\/a>.<\/p>\n\n\n\n<figure class=\"wp-block-image size-full is-resized\"><a href=\"https:\/\/www.urgewald.org\/\" target=\"_blank\" rel=\"noopener\"><img loading=\"lazy\" decoding=\"async\" src=\"https:\/\/www.sinn-schaffen.de\/klima\/wp-content\/uploads\/sites\/17\/2018\/11\/urgewaldLogo.jpg\" alt=\"\" class=\"wp-image-101\" width=\"224\" height=\"115\"\/><\/a><\/figure>\n<\/div>\n<\/div>\n","protected":false},"excerpt":{"rendered":"<p>Recherchen der deutschen Umwelt- und Menschenrechtsorganisation urgewald und der russischen Umwelt-NGO Ecodefense zu dem russischen fossilen Sektor und den Banken und Investoren hinter ihr sind nicht in Einklang zu bringen mit den Solidarit\u00e4tsbekundungen der globalen Finanzindustrie mit der Ukraine. Nur eine Handvoll Energieunternehmen haben den R\u00fcckzug aus Russland angek\u00fcndigt, die Mehrheit macht weiter wie bisher. &hellip; <\/p>\n<p class=\"link-more\"><a href=\"https:\/\/www.sinn-schaffen.de\/klima\/defuel-russias-war-machine-schluesselt-weltweite-joint-ventures-mit-russischen-oel-und-gasunternehmen-und-finanzierer-der-fossilen-industrie-russlands-auf\/\" class=\"more-link\"><span class=\"screen-reader-text\">\u201e&#8222;Defuel Russia\u2019s War Machine&#8220; schl\u00fcsselt weltweite Joint Ventures mit russischen \u00d6l- und Gasunternehmen und Finanzierer der fossilen Industrie Russlands auf\u201c<\/span> weiterlesen<\/a><\/p>\n","protected":false},"author":1,"featured_media":0,"parent":0,"menu_order":64,"comment_status":"closed","ping_status":"closed","template":"","meta":{"footnotes":""},"class_list":["post-624","page","type-page","status-publish","hentry"],"_links":{"self":[{"href":"https:\/\/www.sinn-schaffen.de\/klima\/wp-json\/wp\/v2\/pages\/624","targetHints":{"allow":["GET"]}}],"collection":[{"href":"https:\/\/www.sinn-schaffen.de\/klima\/wp-json\/wp\/v2\/pages"}],"about":[{"href":"https:\/\/www.sinn-schaffen.de\/klima\/wp-json\/wp\/v2\/types\/page"}],"author":[{"embeddable":true,"href":"https:\/\/www.sinn-schaffen.de\/klima\/wp-json\/wp\/v2\/users\/1"}],"replies":[{"embeddable":true,"href":"https:\/\/www.sinn-schaffen.de\/klima\/wp-json\/wp\/v2\/comments?post=624"}],"version-history":[{"count":2,"href":"https:\/\/www.sinn-schaffen.de\/klima\/wp-json\/wp\/v2\/pages\/624\/revisions"}],"predecessor-version":[{"id":626,"href":"https:\/\/www.sinn-schaffen.de\/klima\/wp-json\/wp\/v2\/pages\/624\/revisions\/626"}],"wp:attachment":[{"href":"https:\/\/www.sinn-schaffen.de\/klima\/wp-json\/wp\/v2\/media?parent=624"}],"curies":[{"name":"wp","href":"https:\/\/api.w.org\/{rel}","templated":true}]}}