{"id":680,"date":"2022-11-04T17:56:08","date_gmt":"2022-11-04T16:56:08","guid":{"rendered":"https:\/\/www.sinn-schaffen.de\/klima\/?page_id=680"},"modified":"2022-11-04T17:56:10","modified_gmt":"2022-11-04T16:56:10","slug":"oxfam-geberlaender-rechnen-klima-hilfen-schoen-arme-laender-erhalten-deutlich-weniger-klima-hilfen-als-die-zahlen-der-geberlaender-suggerieren","status":"publish","type":"page","link":"https:\/\/www.sinn-schaffen.de\/klima\/oxfam-geberlaender-rechnen-klima-hilfen-schoen-arme-laender-erhalten-deutlich-weniger-klima-hilfen-als-die-zahlen-der-geberlaender-suggerieren\/","title":{"rendered":"Oxfam: Geberl\u00e4nder rechnen Klima-Hilfen sch\u00f6n, arme L\u00e4nder erhalten deutlich weniger Klima-Hilfen als die Zahlen der Geberl\u00e4nder suggerieren"},"content":{"rendered":"\n<p><em>Eine gro\u00dfz\u00fcgige Anrechnungspraxis f\u00fcr die Klima-Hilfen f\u00fchrt auf dem Papier zu beeindruckenden Zahlen, die mit der tats\u00e4chlichen Unterst\u00fctzungsleistung nur wenig zu tun haben. So werden beispielsweise auch solche Programme gro\u00dfz\u00fcgig angerechnet, deren Klima-Fokus eher gering ausgepr\u00e4gt ist. Rund 70 Prozent der bereitgestellten \u00f6ffentlichen Mittel kommen in Form von Darlehen bei den Empf\u00e4ngerl\u00e4ndern an, sodass die einkommensschwachen L\u00e4nder f\u00fcr die Programme letztlich selber aufkommen, wenn sie die Kredite abbezahlen \u2013 obwohl sie oft kaum oder gar nicht zur Klimakrise beigetragen haben.<\/em><\/p>\n\n\n\n<figure class=\"wp-block-image size-full\"><img loading=\"lazy\" decoding=\"async\" width=\"1024\" height=\"413\" src=\"https:\/\/www.sinn-schaffen.de\/klima\/wp-content\/uploads\/sites\/17\/2022\/11\/NU-221104-oxfam.jpg\" alt=\"\" class=\"wp-image-674\" title=\"Foto: Nata Uchava, Freiburg\"\/><\/figure>\n\n\n\n<p><strong>(Berlin, 19.Oktober 2022)<\/strong> Kurz vor der anstehenden UN-Weltklimakonferenz COP27 im \u00e4gyptischen Sharm El Sheikh nimmt eine Analyse der Nothilfe- und Entwicklungsorganisation Oxfam die finanziellen Hilfen f\u00fcr Klimaschutz und Anpassung an klimatische Ver\u00e4nderungen, mit denen Industriel\u00e4nder einkommensschwache L\u00e4nder unterst\u00fctzen, unter die Lupe. Nach den Oxfam-Berechnungen k\u00f6nnte die tats\u00e4chliche Unterst\u00fctzungsleistung etwa zwei Drittel unter den offiziell berichteten Zahlen der Geberl\u00e4nder liegen.<\/p>\n\n\n\n<p>Die OECD hatte im Juli auf Basis der Angaben der Geberl\u00e4nder berichtet, dass im Jahr 2020 die Industriel\u00e4nder insgesamt rund 83,3 Milliarden US-Dollar bereitgestellt oder mobilisiert h\u00e4tten, davon rund 68,3 Milliarden US-Dollar an \u00f6ffentlichen Geldern. Nicht nur haben die Geberl\u00e4nder damit ihr zw\u00f6lf Jahre altes Ziel nicht erreicht, die Klima-Hilfen bis 2020 auf j\u00e4hrlich 100 Milliarden US-Dollar zu steigern. In der heute vorgelegten Analyse \u201eClimate Finance Short-Changed\u201d sch\u00e4tzt Oxfam den tats\u00e4chlichen Wert der Unterst\u00fctzung der Industriel\u00e4nder im Jahr 2020 auf lediglich 21 bis 24,5 Milliarden US-Dollar.<\/p>\n\n\n\n<p>Jan Kowalzig, Referent f\u00fcr Klimapolitik bei Oxfam, kommentiert: \u201eSchlimm genug, dass die Industriel\u00e4nder ihr altes Versprechen gebrochen haben. Hinzu kommt, dass eine gro\u00dfz\u00fcgige Anrechnungspraxis f\u00fcr die Klima-Hilfen auf dem Papier zu beeindruckenden Zahlen f\u00fchrt, die mit der tats\u00e4chlichen Unterst\u00fctzungsleistung nur wenig zu tun haben. Damit zeichnen die Industriel\u00e4nder, etwa auf den allj\u00e4hrlichen UN-Klimakonferenzen, ein \u00fcbertrieben rosiges Bild ihrer Unterst\u00fctzung f\u00fcr die einkommensschwachen L\u00e4nder, denen es gleichzeitig an allen Ecken und Enden fehlt, um die sich stetig verschlimmernde Klimakrise zu bew\u00e4ltigen.\u201d<\/p>\n\n\n\n<p>In der Oxfam-Analyse \u201eClimate Finance Short-Changed\u201d betrachtet Oxfam zwei wesentliche Faktoren, die zur \u00dcberwertung der geleisteten Klima-Hilfen f\u00fchren:<\/p>\n\n\n\n<ul class=\"wp-block-list\"><li>Zum einen werden auch solche Programme gro\u00dfz\u00fcgig angerechnet, deren Klima-Fokus eher gering ausgepr\u00e4gt ist.<\/li><li>Zum anderen werden zum Beispiel Kredite nach ihrem Nennwert und nicht nach ihrem Mehrwert angerechnet, der sich f\u00fcr ein Empf\u00e4ngerland etwa aus der Zinsverg\u00fcnstigung eines Entwicklungsdarlehens gegen\u00fcber einem Kredit zu markt\u00fcblichen Konditionen ergibt.<\/li><\/ul>\n\n\n\n<p>Beides wird in der Oxfam-Analyse abgesch\u00e4tzt und erlaubt eine Neubewertung des tats\u00e4chlichen Wertes der bereitgestellten und spezifisch auf Klimaschutz oder Anpassung ausgerichteten Unterst\u00fctzung.<\/p>\n\n\n\n<p>Die Analyse kritisiert zudem, dass rund 70 Prozent der bereitgestellten \u00f6ffentlichen Mittel in Form von Darlehen bei den Empf\u00e4ngerl\u00e4ndern ankommen und die einkommensschwachen L\u00e4nder so f\u00fcr die Programme letztlich also selber aufkommen, wenn sie die Kredite abbezahlen, obwohl sie oft kaum oder gar nicht zur Klimakrise beigetragen haben.<\/p>\n\n\n\n<p>Jan Kowalzig weiter: \u201eDas ist ungerecht und widerspricht zudem den Prinzipien der UN-Klimarahmenkonvention. Au\u00dferdem treiben Klima-Kredite die Schuldenberge der oft von Armut geplagten L\u00e4nder weiter in die H\u00f6he \u2011 und das, w\u00e4hrend schlimme D\u00fcrren oder Hitzewellen einer galoppierenden Klimakrise die Pflanzen auf den Feldern verdorren lassen oder \u00dcberschwemmungen das Land verw\u00fcsten.\u201d<\/p>\n\n\n\n<p>F\u00fcr die kommende UN-Klimakonferenz COP27 fordert Oxfam deutlich engagiertere Zusagen der Industriel\u00e4nder, um das 100-Milliarden-Ziel vor allem durch die Bereitstellung von Zusch\u00fcssen mit klarer Ausrichtung auf Klimaschutz oder zur Anpassung an die Ver\u00e4nderungen zu erf\u00fcllen. Die Anrechnungspraxis der Gebel\u00e4nder m\u00fcsse zudem gr\u00fcndlich \u00fcberpr\u00fcft werden.<\/p>\n\n\n\n<p>Jan Kowalzig: \u201eAuch Deutschland steht in der Pflicht. Zum G7-Gipfel 2021 hatte die Bundesregierung verk\u00fcndet, die Klima-Hilfen bis sp\u00e4testens 2025 auf j\u00e4hrlich sechs Milliarden Euro zu erh\u00f6hen. Passiert ist seitdem nichts. 2022 und 2023 sollen die Gelder auf dem bisherigen Niveau verharren. Kurz vor der COP27 ist das kein Vertrauen schaffendes Signal an die besonders betroffenen, einkommensschwachen L\u00e4nder des Globalen S\u00fcdens.\u201d<\/p>\n\n\n\n<div class=\"wp-block-columns is-layout-flex wp-container-core-columns-is-layout-9d6595d7 wp-block-columns-is-layout-flex\">\n<div class=\"wp-block-column is-layout-flow wp-block-column-is-layout-flow\" style=\"flex-basis:33.33%\">\n<figure class=\"wp-block-image size-full\"><a href=\"https:\/\/www.oxfam.de\/blog\/autor_innen\/jan-kowalzig\" target=\"_blank\" rel=\"noreferrer noopener\"><img loading=\"lazy\" decoding=\"async\" width=\"455\" height=\"606\" src=\"https:\/\/www.sinn-schaffen.de\/klima\/wp-content\/uploads\/sites\/17\/2019\/09\/Jan-Kowalzig.jpg\" alt=\"\" class=\"wp-image-206\" title=\"Foto: oxfam\"\/><\/a><\/figure>\n<\/div>\n\n\n\n<div class=\"wp-block-column is-layout-flow wp-block-column-is-layout-flow\" style=\"flex-basis:66.66%\">\n<p><a href=\"https:\/\/www.oxfam.de\/blog\/autor_innen\/jan-kowalzig\" target=\"_blank\" rel=\"noreferrer noopener\">Jan Kowalzig<\/a> ist Referent f\u00fcr Klimawandel und Klimapolitik bei <a href=\"https:\/\/www.oxfam.de\/\" target=\"_blank\" rel=\"noreferrer noopener\">Oxfam<\/a>.<\/p>\n\n\n\n<figure class=\"wp-block-image size-full is-resized\"><a href=\"https:\/\/www.oxfam.de\/\" target=\"_blank\" rel=\"noreferrer noopener\"><img loading=\"lazy\" decoding=\"async\" src=\"https:\/\/www.sinn-schaffen.de\/klima\/wp-content\/uploads\/sites\/17\/2019\/09\/OXFAM.png\" alt=\"\" class=\"wp-image-207\" width=\"255\" height=\"94\"\/><\/a><\/figure>\n<\/div>\n<\/div>\n\n\n\n<div class=\"wp-block-columns is-layout-flex wp-container-core-columns-is-layout-9d6595d7 wp-block-columns-is-layout-flex\">\n<div class=\"wp-block-column is-layout-flow wp-block-column-is-layout-flow\" style=\"flex-basis:33.33%\">\n<figure class=\"wp-block-image size-full\"><a href=\"https:\/\/cms-www.oxfam.de\/system\/files\/documents\/bn-climate-finance-short-changed-191022-en_embargoed.pdf\" target=\"_blank\" rel=\"noreferrer noopener\"><img loading=\"lazy\" decoding=\"async\" width=\"599\" height=\"846\" src=\"https:\/\/www.sinn-schaffen.de\/klima\/wp-content\/uploads\/sites\/17\/2022\/11\/bn-climate-finance-short-changed-191022-T.jpg\" alt=\"\" class=\"wp-image-675\"\/><\/a><\/figure>\n<\/div>\n\n\n\n<div class=\"wp-block-column is-layout-flow wp-block-column-is-layout-flow\" style=\"flex-basis:66.66%\">\n<p>Die Oxfam-Analyse &#8222;Climate Finance Short-Changed&#8220; steht <a href=\"https:\/\/cms-www.oxfam.de\/system\/files\/documents\/bn-climate-finance-short-changed-191022-en_embargoed.pdf\" target=\"_blank\" rel=\"noreferrer noopener\">\u00fcber diesen Link zum Download als PDF<\/a> bereit.<\/p>\n<\/div>\n<\/div>\n\n\n\n<div class=\"wp-block-columns is-layout-flex wp-container-core-columns-is-layout-9d6595d7 wp-block-columns-is-layout-flex\">\n<div class=\"wp-block-column is-layout-flow wp-block-column-is-layout-flow\" style=\"flex-basis:33.33%\">\n<figure class=\"wp-block-image size-full\"><a href=\"https:\/\/cms-www.oxfam.de\/system\/files\/documents\/mn-climate-finance-short-changed-methodology-note-191022-en_embargoed.pdf\" target=\"_blank\" rel=\"noreferrer noopener\"><img loading=\"lazy\" decoding=\"async\" width=\"599\" height=\"846\" src=\"https:\/\/www.sinn-schaffen.de\/klima\/wp-content\/uploads\/sites\/17\/2022\/11\/mn-climate-finance-short-changed-methodology-note-191022-T.jpg\" alt=\"\" class=\"wp-image-677\"\/><\/a><\/figure>\n<\/div>\n\n\n\n<div class=\"wp-block-column is-layout-flow wp-block-column-is-layout-flow\" style=\"flex-basis:66.66%\">\n<p>Detaillierte Informationen zur Methodik Oxfam-Analyse &#8222;Climate Finance Short-Changed&#8220; stehen <a href=\"https:\/\/cms-www.oxfam.de\/system\/files\/documents\/mn-climate-finance-short-changed-methodology-note-191022-en_embargoed.pdf\" target=\"_blank\" rel=\"noreferrer noopener\">\u00fcber diesen Link zum Download als PDF<\/a> bereit.<\/p>\n<\/div>\n<\/div>\n","protected":false},"excerpt":{"rendered":"<p>Eine gro\u00dfz\u00fcgige Anrechnungspraxis f\u00fcr die Klima-Hilfen f\u00fchrt auf dem Papier zu beeindruckenden Zahlen, die mit der tats\u00e4chlichen Unterst\u00fctzungsleistung nur wenig zu tun haben. So werden beispielsweise auch solche Programme gro\u00dfz\u00fcgig angerechnet, deren Klima-Fokus eher gering ausgepr\u00e4gt ist. Rund 70 Prozent der bereitgestellten \u00f6ffentlichen Mittel kommen in Form von Darlehen bei den Empf\u00e4ngerl\u00e4ndern an, sodass die &hellip; <\/p>\n<p class=\"link-more\"><a href=\"https:\/\/www.sinn-schaffen.de\/klima\/oxfam-geberlaender-rechnen-klima-hilfen-schoen-arme-laender-erhalten-deutlich-weniger-klima-hilfen-als-die-zahlen-der-geberlaender-suggerieren\/\" class=\"more-link\"><span class=\"screen-reader-text\">\u201eOxfam: Geberl\u00e4nder rechnen Klima-Hilfen sch\u00f6n, arme L\u00e4nder erhalten deutlich weniger Klima-Hilfen als die Zahlen der Geberl\u00e4nder suggerieren\u201c<\/span> weiterlesen<\/a><\/p>\n","protected":false},"author":1,"featured_media":0,"parent":0,"menu_order":56,"comment_status":"closed","ping_status":"closed","template":"","meta":{"footnotes":""},"class_list":["post-680","page","type-page","status-publish","hentry"],"_links":{"self":[{"href":"https:\/\/www.sinn-schaffen.de\/klima\/wp-json\/wp\/v2\/pages\/680","targetHints":{"allow":["GET"]}}],"collection":[{"href":"https:\/\/www.sinn-schaffen.de\/klima\/wp-json\/wp\/v2\/pages"}],"about":[{"href":"https:\/\/www.sinn-schaffen.de\/klima\/wp-json\/wp\/v2\/types\/page"}],"author":[{"embeddable":true,"href":"https:\/\/www.sinn-schaffen.de\/klima\/wp-json\/wp\/v2\/users\/1"}],"replies":[{"embeddable":true,"href":"https:\/\/www.sinn-schaffen.de\/klima\/wp-json\/wp\/v2\/comments?post=680"}],"version-history":[{"count":1,"href":"https:\/\/www.sinn-schaffen.de\/klima\/wp-json\/wp\/v2\/pages\/680\/revisions"}],"predecessor-version":[{"id":681,"href":"https:\/\/www.sinn-schaffen.de\/klima\/wp-json\/wp\/v2\/pages\/680\/revisions\/681"}],"wp:attachment":[{"href":"https:\/\/www.sinn-schaffen.de\/klima\/wp-json\/wp\/v2\/media?parent=680"}],"curies":[{"name":"wp","href":"https:\/\/api.w.org\/{rel}","templated":true}]}}