{"id":684,"date":"2022-11-05T15:21:45","date_gmt":"2022-11-05T14:21:45","guid":{"rendered":"https:\/\/www.sinn-schaffen.de\/klima\/?page_id=684"},"modified":"2022-11-05T15:21:45","modified_gmt":"2022-11-05T14:21:45","slug":"cop27-misereor-fordert-schutz-fuer-die-am-intensivsten-vom-klimawandel-betroffenen","status":"publish","type":"page","link":"https:\/\/www.sinn-schaffen.de\/klima\/cop27-misereor-fordert-schutz-fuer-die-am-intensivsten-vom-klimawandel-betroffenen\/","title":{"rendered":"COP27: Misereor fordert Schutz f\u00fcr die am intensivsten vom Klimawandel Betroffenen"},"content":{"rendered":"\n<p><em>Das Ziel, die Erderhitzung auf 1,5 Grad zu begrenzen, muss zur globalen Priorit\u00e4t staatlichen und unternehmerischen Handelns werden. Misereor fordert, bis zum Ende dieses Jahres die internationale Finanzierung f\u00fcr fossile Energietr\u00e4ger zu beenden: &#8222;Wir erwarten von der Bundesregierung, sich f\u00fcr eine konsequente nationale und globale Energiewende einzusetzen. Wer Klimaschutzversprechen verk\u00fcndet und gleichzeitig Gas-Deals aushandelt, f\u00f6rdert auch gegen\u00fcber afrikanischen Regierungen eine Entwicklung von gestern.&#8220;<\/em><\/p>\n\n\n\n<figure class=\"wp-block-image size-full\"><img loading=\"lazy\" decoding=\"async\" width=\"1024\" height=\"413\" src=\"https:\/\/www.sinn-schaffen.de\/klima\/wp-content\/uploads\/sites\/17\/2022\/11\/NU-221105-MISEREOR.jpg\" alt=\"\" class=\"wp-image-682\" title=\"Foto: Nata Uchava, Freiburg\"\/><\/figure>\n\n\n\n<p><strong>(Aachen\/Berlin, 4. November 2022)<\/strong> Zum Auftakt des internationalen Klimagipfels vom 6. bis 18. November 2022 in Scharm el-Scheich mahnt Misereor, die am intensivsten vom Klimawandel Betroffenen endlich ausreichend vor den Auswirkungen der Klimakrise zu sch\u00fctzen. Die Hauptverursacher m\u00fcssten einen Schutzschirm aus Klimaschutz und Anpassungsfinanzierung aufspannen und die Verantwortung f\u00fcr nicht mehr vermeidbare Sch\u00e4den und Verluste \u00fcbernehmen, fordert das katholische Werk f\u00fcr Entwicklungszusammenarbeit.<\/p>\n\n\n\n<p>\u201eDer Klimaschutz f\u00e4llt hinter weiteren dr\u00e4ngenden Krisen zur\u00fcck und die Finanzmittel zur Anpassung an die verheerenden Folgen der Erderhitzung sind v\u00f6llig unzureichend\u201c, sagt Hauptgesch\u00e4ftsf\u00fchrer Pirmin Spiegel. Sie liegen weit unter dem Bedarf und den gemachten Versprechen beim Pariser Klimagipfel. Von den versprochenen 100 Milliarden Dollar im Jahr f\u00fcr Klimaschutz und Anpassung wurden bisher insgesamt 82 Milliarden bereitgestellt. Gerade einmal 20 Prozent davon flie\u00dfen in Klimahilfen, die Menschen dabei unterst\u00fctzen, sich an ver\u00e4nderte Umweltbedingungen anzupassen, \u2011 die betroffenen Gemeinschaften vor Ort erhalten selbst davon nur einen geringen Teil.<\/p>\n\n\n\n<p>\u201eUnter diesen Bedingungen dreht sich die Krisenspirale ungebremst weiter. Wir erleben mit unseren Projektpartnern, dass vielerorts die Grenzen dessen erreicht sind, was zu bew\u00e4ltigen ist\u201c, verdeutlicht Spiegel. Ein Beispiel ist Nigeria, wo derzeit 20 Millionen Menschen nach verheerenden \u00dcberschwemmungen humanit\u00e4re Hilfe ben\u00f6tigen.<\/p>\n\n\n\n<p>Spiegel fordert: \u201eEs ist dringend n\u00f6tig, dass sich die Hauptverursacher der Klimakrise jetzt an der Verantwortungs\u00fcbernahme f\u00fcr nicht mehr vermeidbare Sch\u00e4den und Verluste st\u00e4rker beteiligen.\u201c Diesbez\u00fcgliche Bem\u00fchungen von Staatssekret\u00e4rin Jennifer Morgan werden von Misereor ausdr\u00fccklich bef\u00fcrwortet: \u201eNun m\u00fcssen diese Zusagen von der ganzen Bundesregierung umgesetzt werden\u201c, sagt Misereor-Klimaexpertin Anika Schroeder. Der Schutzschirm sei zudem nur stabil, wenn die Erderhitzung auf 1,5 Grad begrenzt wird. Dieses Ziel m\u00fcsse zur globalen Priorit\u00e4t staatlichen und unternehmerischen Handelns werden, so Schroeder.<\/p>\n\n\n\n<p>Es bleiben nur wenige Monate, um weltweit den zerst\u00f6rerischen fossilen Entwicklungspfad zu verlassen. Misereor fordert Kanzler Olaf Scholz daher auf, das auf der COP26 in Glasgow gemachte Versprechen einzul\u00f6sen: Bis zum Ende dieses Jahres muss die internationale Finanzierung f\u00fcr fossile Energietr\u00e4ger beendet werden. \u201eWir erwarten von der Bundesregierung, sich f\u00fcr eine konsequente nationale und globale Energiewende einzusetzen. Wer Klimaschutzversprechen verk\u00fcndet und gleichzeitig Gas-Deals aushandelt, f\u00f6rdert auch gegen\u00fcber afrikanischen Regierungen eine Entwicklung von gestern\u201c, sagt Misereor-Energiereferentin Madeleine Woerner.<\/p>\n\n\n\n<p>Die F\u00f6rderung fossiler Rohstoffe f\u00fchrt weltweit zu Naturzerst\u00f6rung und Menschenrechtsverletzungen. Besonders sichtbar ist dies im Gastland \u00c4gypten der COP27 selbst \u2013 potenzieller Lieferant von Erdgas f\u00fcr Europa: Von willk\u00fcrlichen Verhaftungen politischer Aktivist*innen wurde berichtet. \u201eDie Bundesregierung muss sich daf\u00fcr einsetzen, dass Menschen frei ihre Meinung \u00e4u\u00dfern k\u00f6nnen und auch nach der COP27 keine Repressionen f\u00fcrchten m\u00fcssen\u201c, macht Hauptgesch\u00e4ftsf\u00fchrer Spiegel deutlich.<\/p>\n\n\n\n<p>Misereor nimmt seit 2007 an den internationalen Klimaverhandlungen teil. Auch in diesem Jahr unterst\u00fctzt das Werk f\u00fcr Entwicklungszusammenarbeit die Teilnahme von Nichtregierungsorganisationen aus dem Globalen S\u00fcden auf der COP27. Die Partnerorganisationen arbeiten mit besonders von der Klimakrise betroffenen Menschen und setzen sich in ihren L\u00e4ndern f\u00fcr erneuerbare Energien, gerechte Klimastrategien und eine menschenrechtsbasierte Klimapolitik ein.<\/p>\n\n\n\n<div class=\"wp-block-columns is-layout-flex wp-container-core-columns-is-layout-9d6595d7 wp-block-columns-is-layout-flex\">\n<div class=\"wp-block-column is-layout-flow wp-block-column-is-layout-flow\" style=\"flex-basis:33.33%\">\n<figure class=\"wp-block-image size-large\"><a href=\"https:\/\/blog.misereor.de\/author\/schroeder\/\" target=\"_blank\" rel=\"noreferrer noopener\"><img loading=\"lazy\" decoding=\"async\" width=\"1024\" height=\"575\" src=\"https:\/\/www.sinn-schaffen.de\/klima\/wp-content\/uploads\/sites\/17\/2022\/11\/Annika-Schroeder-MISEREOR-K-1024x575.jpg\" alt=\"\" class=\"wp-image-683\" title=\"Foto: MISEREOR.\"\/><\/a><\/figure>\n<\/div>\n\n\n\n<div class=\"wp-block-column is-layout-flow wp-block-column-is-layout-flow\" style=\"flex-basis:66.66%\">\n<p><a href=\"https:\/\/blog.misereor.de\/author\/schroeder\/\" target=\"_blank\" rel=\"noreferrer noopener\">Anika Schroeder<\/a> ist Expertin f\u00fcr Klimawandel bei <a href=\"https:\/\/www.misereor.de\/\" target=\"_blank\" rel=\"noreferrer noopener\">MISEREOR<\/a>.<\/p>\n\n\n\n<figure class=\"wp-block-image size-large is-resized\"><a href=\"https:\/\/www.misereor.de\/\" target=\"_blank\" rel=\"noreferrer noopener\"><img loading=\"lazy\" decoding=\"async\" src=\"https:\/\/www.sinn-schaffen.de\/klima\/wp-content\/uploads\/sites\/17\/2022\/11\/MISEREOR-Logo-1024x576.jpg\" alt=\"\" class=\"wp-image-685\" width=\"318\" height=\"178\"\/><\/a><\/figure>\n<\/div>\n<\/div>\n","protected":false},"excerpt":{"rendered":"<p>Das Ziel, die Erderhitzung auf 1,5 Grad zu begrenzen, muss zur globalen Priorit\u00e4t staatlichen und unternehmerischen Handelns werden. Misereor fordert, bis zum Ende dieses Jahres die internationale Finanzierung f\u00fcr fossile Energietr\u00e4ger zu beenden: &#8222;Wir erwarten von der Bundesregierung, sich f\u00fcr eine konsequente nationale und globale Energiewende einzusetzen. Wer Klimaschutzversprechen verk\u00fcndet und gleichzeitig Gas-Deals aushandelt, f\u00f6rdert &hellip; <\/p>\n<p class=\"link-more\"><a href=\"https:\/\/www.sinn-schaffen.de\/klima\/cop27-misereor-fordert-schutz-fuer-die-am-intensivsten-vom-klimawandel-betroffenen\/\" class=\"more-link\"><span class=\"screen-reader-text\">\u201eCOP27: Misereor fordert Schutz f\u00fcr die am intensivsten vom Klimawandel Betroffenen\u201c<\/span> weiterlesen<\/a><\/p>\n","protected":false},"author":1,"featured_media":0,"parent":0,"menu_order":55,"comment_status":"closed","ping_status":"closed","template":"","meta":{"footnotes":""},"class_list":["post-684","page","type-page","status-publish","hentry"],"_links":{"self":[{"href":"https:\/\/www.sinn-schaffen.de\/klima\/wp-json\/wp\/v2\/pages\/684","targetHints":{"allow":["GET"]}}],"collection":[{"href":"https:\/\/www.sinn-schaffen.de\/klima\/wp-json\/wp\/v2\/pages"}],"about":[{"href":"https:\/\/www.sinn-schaffen.de\/klima\/wp-json\/wp\/v2\/types\/page"}],"author":[{"embeddable":true,"href":"https:\/\/www.sinn-schaffen.de\/klima\/wp-json\/wp\/v2\/users\/1"}],"replies":[{"embeddable":true,"href":"https:\/\/www.sinn-schaffen.de\/klima\/wp-json\/wp\/v2\/comments?post=684"}],"version-history":[{"count":1,"href":"https:\/\/www.sinn-schaffen.de\/klima\/wp-json\/wp\/v2\/pages\/684\/revisions"}],"predecessor-version":[{"id":686,"href":"https:\/\/www.sinn-schaffen.de\/klima\/wp-json\/wp\/v2\/pages\/684\/revisions\/686"}],"wp:attachment":[{"href":"https:\/\/www.sinn-schaffen.de\/klima\/wp-json\/wp\/v2\/media?parent=684"}],"curies":[{"name":"wp","href":"https:\/\/api.w.org\/{rel}","templated":true}]}}