{"id":732,"date":"2023-03-02T15:11:47","date_gmt":"2023-03-02T14:11:47","guid":{"rendered":"https:\/\/www.sinn-schaffen.de\/klima\/?page_id=732"},"modified":"2023-03-02T15:11:48","modified_gmt":"2023-03-02T14:11:48","slug":"100-klima-buergerraete-weltweit-zahl-der-losbasierten-buergerraete-zu-klimapolitischen-fragen-ist-nun-dreistellig","status":"publish","type":"page","link":"https:\/\/www.sinn-schaffen.de\/klima\/100-klima-buergerraete-weltweit-zahl-der-losbasierten-buergerraete-zu-klimapolitischen-fragen-ist-nun-dreistellig\/","title":{"rendered":"100 Klima-B\u00fcrgerr\u00e4te weltweit \u2013 Zahl der losbasierten B\u00fcrgerr\u00e4te zu klimapolitischen Fragen ist nun dreistellig"},"content":{"rendered":"\n<p><em>Die Citizens&#8216; Assembly on Climate Change and Biodiversity im Londoner Bezirk Barnet ist weltweit der 100. B\u00fcrgerrat zum Thema Klima. Bei einem B\u00fcrgerrat kommen zuf\u00e4llig ausgeloste Menschen zusammen, sie beraten ein politisches Thema, sie lassen sich von Fachleuten beraten und unterbreiten der Politik dann Vorschl\u00e4ge. Alle konkreten Entscheidungen trifft selbstverst\u00e4ndlich das Parlament.<\/em><\/p>\n\n\n\n<figure class=\"wp-block-image size-full\"><img loading=\"lazy\" decoding=\"async\" width=\"1024\" height=\"413\" src=\"https:\/\/www.sinn-schaffen.de\/klima\/wp-content\/uploads\/sites\/17\/2023\/03\/230302-NU-Buergerraete.jpg\" alt=\"\" class=\"wp-image-728\" title=\"Foto: Nata Uchava, Freiburg\"\/><\/figure>\n\n\n\n<p><strong>(Berlin, 27. Februar 2023)<\/strong> W\u00e4hrend Deutschland weiterhin debattiert, ob ein \u201eGesellschaftsrat\u201c zur Klimapolitik die Demokratie aush\u00f6hlen w\u00fcrde, findet parallel der weltweit 100. B\u00fcrgerrat zum Thema Klima statt. Das geht aus einer <a href=\"https:\/\/www.buergerrat.de\/aktuelles\/prima-klima-durch-buergerraete\/klima-buergerraete-weltweit\/\" target=\"_blank\" rel=\"noreferrer noopener\">Auflistung des Fachverbandes Mehr Demokratie<\/a> hervor. Der Jubil\u00e4ums-B\u00fcrgerrat ist die <a href=\"https:\/\/engage.barnet.gov.uk\/barnets-citizen-assembly\" target=\"_blank\" rel=\"noreferrer noopener\">Citizens&#8216; Assembly on Climate Change and Biodiversity im Londoner Bezirk Barnet<\/a>.<\/p>\n\n\n\n<p>\u201eBei einem B\u00fcrgerrat kommen zuf\u00e4llig ausgeloste Menschen zusammen, sie beraten ein politisches Thema, sie lassen sich von Fachleuten beraten und unterbreiten der Politik dann Vorschl\u00e4ge. Alle konkreten Entscheidungen trifft nat\u00fcrlich das Parlament\u201c, sagt Mehr-Demokratie-Vorstandssprecherin Claudine Nierth. \u201eDie 100 ist ein Grund zum Feiern. B\u00fcrgerr\u00e4te sind gekommen, um zu bleiben. Nicht nur in Deutschland und nicht nur beim Thema Klima\u201c.<\/p>\n\n\n\n<p>Aktuell schlagen die Wellen \u00fcber einen \u201eGesellschaftsrat\u201c zur Klimapolitik wieder hoch. Anlass ist der \u201eDeal\u201c von Hannover: Oberb\u00fcrgermeister Belit Onay hatte der \u201eLetzten Generation\u201c das Zugest\u00e4ndnis abgerungen, k\u00fcnftig auf Anklebeaktionen in Hannover zu verzichten. Im Gegenzug schrieb Onay einen Brief an die Fraktionsvorsitzenden im Bundestag. Darin forderte er ein Tempolimit auf Autobahnen, die Einf\u00fchrung eines 9-Euro-Tickets sowie losbasierte B\u00fcrgerr\u00e4te, wie sie im Koalitionsvertrag der Ampelkoalition vereinbart wurden. Er unterst\u00fctzte jedoch nicht den von LG geforderten und hoch umstrittenen \u201eGesellschaftsrat\u201c.<\/p>\n\n\n\n<div class=\"wp-block-columns is-layout-flex wp-container-core-columns-is-layout-9d6595d7 wp-block-columns-is-layout-flex\">\n<div class=\"wp-block-column is-layout-flow wp-block-column-is-layout-flow\" style=\"flex-basis:33.33%\">\n<figure class=\"wp-block-image size-full\"><a href=\"https:\/\/www.mehr-demokratie.de\/ueber-uns\/organisation\/vorstand#c43140\" target=\"_blank\" rel=\"noreferrer noopener\"><img loading=\"lazy\" decoding=\"async\" width=\"266\" height=\"155\" src=\"https:\/\/www.sinn-schaffen.de\/klima\/wp-content\/uploads\/sites\/17\/2020\/01\/Claudine-Nierth.jpg\" alt=\"\" class=\"wp-image-249\" title=\"Foto: mehr demokratie\"\/><\/a><\/figure>\n<\/div>\n\n\n\n<div class=\"wp-block-column is-layout-flow wp-block-column-is-layout-flow\" style=\"flex-basis:66.66%\">\n<p><a href=\"https:\/\/www.mehr-demokratie.de\/ueber-uns\/organisation\/vorstand#c43140\" target=\"_blank\" rel=\"noreferrer noopener\">Claudine Nierth<\/a> ist Vorstandssprecherin von <a href=\"https:\/\/www.mehr-demokratie.de\/\" target=\"_blank\" rel=\"noreferrer noopener\">Mehr Demokratie e.V.<\/a><\/p>\n\n\n\n<figure class=\"wp-block-image size-full\"><a href=\"https:\/\/www.mehr-demokratie.de\/\" target=\"_blank\" rel=\"noreferrer noopener\"><img loading=\"lazy\" decoding=\"async\" width=\"273\" height=\"27\" src=\"https:\/\/www.sinn-schaffen.de\/klima\/wp-content\/uploads\/sites\/17\/2020\/01\/logo_mehr-demokratie.gif\" alt=\"\" class=\"wp-image-250\"\/><\/a><\/figure>\n<\/div>\n<\/div>\n\n\n\n<div class=\"wp-block-columns is-layout-flex wp-container-core-columns-is-layout-9d6595d7 wp-block-columns-is-layout-flex\">\n<div class=\"wp-block-column is-layout-flow wp-block-column-is-layout-flow\" style=\"flex-basis:33.33%\">\n<figure class=\"wp-block-image size-full\"><a href=\"https:\/\/www.mehr-demokratie.de\/fileadmin\/pdf\/2023\/2023-02-15_Stellungenahme_zur_LG_final.pdf\" target=\"_blank\" rel=\"noreferrer noopener\"><img loading=\"lazy\" decoding=\"async\" width=\"599\" height=\"846\" src=\"https:\/\/www.sinn-schaffen.de\/klima\/wp-content\/uploads\/sites\/17\/2023\/03\/2023-02-15_Stellungenahme_zur_LG_final-T.jpg\" alt=\"\" class=\"wp-image-729\"\/><\/a><\/figure>\n<\/div>\n\n\n\n<div class=\"wp-block-column is-layout-flow wp-block-column-is-layout-flow\" style=\"flex-basis:66.66%\">\n<p>Die Stellungnahme von Mehr Demokratie e.V zur Forderung der Letzten Generation nach einem &#8222;Gesellschaftsrat&#8220; steht <a href=\"https:\/\/www.mehr-demokratie.de\/fileadmin\/pdf\/2023\/2023-02-15_Stellungenahme_zur_LG_final.pdf\" target=\"_blank\" rel=\"noreferrer noopener\">\u00fcber diesen Link zum Download als PDF<\/a> bereit.<\/p>\n<\/div>\n<\/div>\n","protected":false},"excerpt":{"rendered":"<p>Die Citizens&#8216; Assembly on Climate Change and Biodiversity im Londoner Bezirk Barnet ist weltweit der 100. B\u00fcrgerrat zum Thema Klima. Bei einem B\u00fcrgerrat kommen zuf\u00e4llig ausgeloste Menschen zusammen, sie beraten ein politisches Thema, sie lassen sich von Fachleuten beraten und unterbreiten der Politik dann Vorschl\u00e4ge. Alle konkreten Entscheidungen trifft selbstverst\u00e4ndlich das Parlament. (Berlin, 27. Februar &hellip; <\/p>\n<p class=\"link-more\"><a href=\"https:\/\/www.sinn-schaffen.de\/klima\/100-klima-buergerraete-weltweit-zahl-der-losbasierten-buergerraete-zu-klimapolitischen-fragen-ist-nun-dreistellig\/\" class=\"more-link\"><span class=\"screen-reader-text\">\u201e100 Klima-B\u00fcrgerr\u00e4te weltweit \u2013 Zahl der losbasierten B\u00fcrgerr\u00e4te zu klimapolitischen Fragen ist nun dreistellig\u201c<\/span> weiterlesen<\/a><\/p>\n","protected":false},"author":1,"featured_media":0,"parent":0,"menu_order":47,"comment_status":"closed","ping_status":"closed","template":"","meta":{"footnotes":""},"class_list":["post-732","page","type-page","status-publish","hentry"],"_links":{"self":[{"href":"https:\/\/www.sinn-schaffen.de\/klima\/wp-json\/wp\/v2\/pages\/732","targetHints":{"allow":["GET"]}}],"collection":[{"href":"https:\/\/www.sinn-schaffen.de\/klima\/wp-json\/wp\/v2\/pages"}],"about":[{"href":"https:\/\/www.sinn-schaffen.de\/klima\/wp-json\/wp\/v2\/types\/page"}],"author":[{"embeddable":true,"href":"https:\/\/www.sinn-schaffen.de\/klima\/wp-json\/wp\/v2\/users\/1"}],"replies":[{"embeddable":true,"href":"https:\/\/www.sinn-schaffen.de\/klima\/wp-json\/wp\/v2\/comments?post=732"}],"version-history":[{"count":1,"href":"https:\/\/www.sinn-schaffen.de\/klima\/wp-json\/wp\/v2\/pages\/732\/revisions"}],"predecessor-version":[{"id":733,"href":"https:\/\/www.sinn-schaffen.de\/klima\/wp-json\/wp\/v2\/pages\/732\/revisions\/733"}],"wp:attachment":[{"href":"https:\/\/www.sinn-schaffen.de\/klima\/wp-json\/wp\/v2\/media?parent=732"}],"curies":[{"name":"wp","href":"https:\/\/api.w.org\/{rel}","templated":true}]}}