{"id":745,"date":"2023-03-21T17:45:10","date_gmt":"2023-03-21T16:45:10","guid":{"rendered":"https:\/\/www.sinn-schaffen.de\/klima\/?page_id=745"},"modified":"2023-03-21T17:45:11","modified_gmt":"2023-03-21T16:45:11","slug":"die-klimakrise-macht-arm-sie-macht-hungrig-sie-macht-krank","status":"publish","type":"page","link":"https:\/\/www.sinn-schaffen.de\/klima\/die-klimakrise-macht-arm-sie-macht-hungrig-sie-macht-krank\/","title":{"rendered":"Die Klimakrise macht arm, sie macht hungrig, sie macht krank"},"content":{"rendered":"\n<p><em>Die kirchlichen Hilfswerke Brot f\u00fcr die Welt und Misereor beziehen eindeutig Stellung zum IPCC-Synthesebericht vom 20. M\u00e4rz 2023. Es gebe viel zu gewinnen, wenn wir endlich die Bek\u00e4mpfung der Klimakrise und das Abfedern ihrer Folgen priorisierten: bessere Luft, intakte W\u00e4lder, den Schutz der Biodiversit\u00e4t und mehr Gerechtigkeit auf einem begrenzten Planeten. Dagegen gebe es ohne ambitionierten Klimaschutz viel zu verlieren, darunter die Heimat f\u00fcr hunderte Millionen von Menschen, die neue Wohnorte finden m\u00fcssten.<\/em><\/p>\n\n\n\n<figure class=\"wp-block-image size-full\"><img loading=\"lazy\" decoding=\"async\" width=\"1024\" height=\"413\" src=\"https:\/\/www.sinn-schaffen.de\/klima\/wp-content\/uploads\/sites\/17\/2023\/03\/230321-ipcc-NU.jpg\" alt=\"\" class=\"wp-image-740\" title=\"Foto: Nata Uchava, Freiburg\"\/><\/figure>\n\n\n\n<p><strong>(Aachen\/ Berlin, 20. M\u00e4rz 2023)<\/strong> Am 20. M\u00e4rz 2023 hat der Intergovernmental Panel on Climate Change (IPCC) den als <a href=\"https:\/\/www.de-ipcc.de\/270.php\" target=\"_blank\" rel=\"noreferrer noopener\">Zusammenfassung des sechsten Bewertungszyklus dienenden Synthesebericht \u00fcber den aktuellen wissenschaftlichen Kenntnisstand zur globalen Erw\u00e4rmung<\/a> publiziert. Die Berichte im Rahmen des sechsten Bewertungszyklus unterstreichen die Dringlichkeit der Klimakrise und stellen unmissverst\u00e4ndlich fest: menschengemachte Treibhausgase treiben die Emissionen in die H\u00f6he und verursachen eine beispiellose globale Erw\u00e4rmung. Bev\u00f6lkerungsgruppen in vielen gef\u00e4hrdeten Regionen werden sich nicht mehr an die Folgen der Klimakrise anpassen k\u00f6nnen \u2013 und zwar noch bevor die Erderw\u00e4rmung um 1,5 Grad und der Anstieg des Meeresspiegels kleine Inseln und tiefliegende K\u00fcstengebiete existenziell bedrohen.<\/p>\n\n\n\n<p>\u201eDer aktuelle IPCC-Synthesebericht gibt den politischen Entscheidungstr\u00e4ger:innen den Auftrag zum unverz\u00fcglichen Handeln, um die schlimmsten Auswirkungen des Klimawandels abzufedern. Klimasch\u00e4dliche Emissionen m\u00fcssen sofort drastisch reduziert werden\u201c, sagt Dagmar Pruin, Pr\u00e4sidentin von Brot f\u00fcr die Welt. \u201eLeider befinden wir uns schon mitten in der Klimakrise, einige Auswirkungen des Klimawandels sind bereits unaufhaltsam und die M\u00f6glichkeiten zur Anpassung begrenzt. Der Klimawandel wird mehr humanit\u00e4re Katastrophen verursachen und soziale Ungerechtigkeiten werden sich versch\u00e4rfen. Die Auswirkungen sind weitaus schlimmer als der letzte gro\u00dfe IPCC-Synthesebericht vor neun Jahren vorhergesagt hat.\u201c<\/p>\n\n\n\n<p>Der Bericht ist besorgniserregender Wegweiser f\u00fcr die Entwicklungszusammenarbeit und auch die humanit\u00e4re Hilfe. \u201eDie bisher bereitgestellten Klimahilfen f\u00fcr \u00e4rmere L\u00e4nder sind nicht ausreichend und m\u00fcssen bei fortschreitendem Klimawandel massiv aufgestockt werden. Gerade die \u00e4rmsten Bev\u00f6lkerungsgruppen im Globalen S\u00fcden, die am wenigsten zur Klimakrise beigetragen haben, brauchen finanzielle und technische Unterst\u00fctzung bei der Anpassung an die Klimaver\u00e4nderungen\u201c, so Sabine Minninger, Klimaexpertin bei Brot f\u00fcr die Welt. \u201eZudem ben\u00f6tigen sie sofort Unterst\u00fctzung bei der Bew\u00e4ltigung von klimabedingten Sch\u00e4den und Verlusten. Dem beim vergangenen Klimagipfel in \u00c4gypten beschlossenen Fonds f\u00fcr Klimasch\u00e4den kommt eine sehr zentrale Rolle zu. Die politischen Entscheidungstr\u00e4ger:innen m\u00fcssen den Synthesebericht als Grundlage nehmen, wenn sie in diesem Jahr den Fonds aufstellen und finanziell auff\u00fcllen.\u201c<\/p>\n\n\n\n<p><strong>Die Menschheit befindet sich auf einem zerst\u00f6rerischen Entwicklungspfad<\/strong><\/p>\n\n\n\n<p>Anl\u00e4sslich der Ver\u00f6ffentlichung des Syntheseberichts des Weltklimarates IPCC \u00e4u\u00dfert sich Misereor-Klimaexpertin Anika Schroeder zur Einhaltung der planetaren Grenzen und Deutschlands Verantwortung in Bezug auf Klimagerechtigkeit:<\/p>\n\n\n\n<p>\u201eWieder einmal macht der IPCC auf Grundlage der Erkenntnisse von tausenden Wissenschaftler*innen weltweit deutlich, dass sich die Menschheit auf einem zerst\u00f6rerischen Entwicklungspfad befindet. Die Klimakrise macht arm. Sie macht hungrig. Sie macht krank. Und sie ist in vielen F\u00e4llen auch t\u00f6dlich. Wir sehen das gerade wieder nach dem schrecklichen Zyklon \u201aFreddy\u2018, der Madagaskar, Malawi und Mosambik getroffen hat. Er ist Sinnbild daf\u00fcr, was unsere Partnerorganisationen im Globalen S\u00fcden berichten: Auch wenn sich die Menschen vor Ort &#8211; aufbauend auf lokalen Erfahrungen \u2013 recht gut mit den neuen Umweltbedingungen arrangieren, sind vielerorts doch die Grenzen der Anpassung erreicht. Zum Beispiel wenn Wirbelst\u00fcrme immer h\u00e4ufiger und heftiger auftreten und auch das beste Wasserressourcen-Management nicht mehr hilft, da der Regen \u00fcber lange Zeit ausbleibt und Grundwasserquellen versiegen. Die nun vorliegende Zusammenfassung des IPCC darf nicht ohne entschiedene Konsequenzen verhallen:<\/p>\n\n\n\n<p>Technisch-physikalisch ist die Begrenzung der Erderhitzung auf 1,5 Grad Celsius noch m\u00f6glich. Bei genauer Betrachtung der aktuellen, bislang unzureichenden Klimaschutzziele vieler Staaten, auch Deutschlands, steuern wir aber auf etwa drei Grad Celsius bis Ende des Jahrhunderts zu. Es z\u00e4hlt jedes Zehntel Grad vermiedener Temperaturerh\u00f6hung. Auf den Philippinen beispielsweise werden bei 1,5 Grad Erderhitzung f\u00fcnf bis zehn Millionen Einwohner*innen infolge des Meeresspiegelanstiegs ihren angestammten Wohnort verlassen m\u00fcssen, bei 2 Grad w\u00e4ren es schon 20 Millionen. Vor allem jene Menschen, die in informellen Siedlungen leben und die sich kaum Schutz und angemessene Unterst\u00fctzung erhoffen d\u00fcrfen, sind von den Folgen der Klimakrise betroffen.<\/p>\n\n\n\n<p>Jedes Zehntel Grad vermiedene Temperatur-Erh\u00f6hung verbessert indes den Handlungsspielraum der Menschen, und insbesondere der verwundbarsten Bev\u00f6lkerungsgruppen, sich auf die heutigen und kommenden Herausforderungen vorzubereiten und sich anzupassen.<\/p>\n\n\n\n<p>Die begr\u00fc\u00dfenswerten Fortschritte f\u00fcr den Klimaschutz auf EU-Ebene drohen in Deutschland dadurch zunichte gemacht zu werden, dass mehr Gas und Kohle aus L\u00e4ndern des globalen S\u00fcdens importiert werden, und sogar direkt in die F\u00f6rderung dieser Rohstoffe investiert wird. Dies ist verheerend f\u00fcr Klima, Mensch und Natur \u2011 bei uns und in den Exportl\u00e4ndern. Zudem erschweren die vielen Pressebilder des Kanzlers zu neuen Gas-Deals die Arbeit vieler Partnerorganisationen von Misereor, vor allem in Afrika, ihre Regierungen f\u00fcr eine dezentrale, verl\u00e4ssliche und saubere Energieversorgung zu gewinnen.<\/p>\n\n\n\n<p>Die Synthese der Berichtsreihe macht deutlich: Es gibt zu viel zu verlieren, darunter die Heimat f\u00fcr hunderte Millionen von Menschen, die ohne ambitionierten Klimaschutz neue Wohnorte finden m\u00fcssten. Es gibt aber auch viel zu gewinnen, wenn wir endlich die Bek\u00e4mpfung der Klimakrise und das Abfedern ihrer Folgen priorisieren: bessere Luft, intakte W\u00e4lder, den Schutz der Biodiversit\u00e4t und mehr Gerechtigkeit auf einem begrenzten Planeten.\u201c<\/p>\n\n\n\n<div class=\"wp-block-columns is-layout-flex wp-container-core-columns-is-layout-9d6595d7 wp-block-columns-is-layout-flex\">\n<div class=\"wp-block-column is-layout-flow wp-block-column-is-layout-flow\" style=\"flex-basis:33.33%\">\n<figure class=\"wp-block-image size-full\"><a href=\"https:\/\/www.misereor.de\/presse\/expertinnen-und-experten\" target=\"_blank\" rel=\"noreferrer noopener\"><img loading=\"lazy\" decoding=\"async\" width=\"600\" height=\"338\" src=\"https:\/\/www.sinn-schaffen.de\/klima\/wp-content\/uploads\/sites\/17\/2023\/03\/Anika-Schroeder-copyright-misereor.jpg\" alt=\"\" class=\"wp-image-741\" title=\"Foto: Copyright Misereor\"\/><\/a><\/figure>\n<\/div>\n\n\n\n<div class=\"wp-block-column is-layout-flow wp-block-column-is-layout-flow\" style=\"flex-basis:66.66%\">\n<p><a href=\"https:\/\/www.misereor.de\/presse\/expertinnen-und-experten\" target=\"_blank\" rel=\"noreferrer noopener\">Anika Schroeder<\/a> ist Klimaexpertin bei <a href=\"https:\/\/www.misereor.de\/\" target=\"_blank\" rel=\"noreferrer noopener\">Misereor<\/a>.<\/p>\n\n\n\n<figure class=\"wp-block-image size-large is-resized\"><a href=\"https:\/\/www.misereor.de\/\" target=\"_blank\" rel=\"noreferrer noopener\"><img loading=\"lazy\" decoding=\"async\" src=\"https:\/\/www.sinn-schaffen.de\/klima\/wp-content\/uploads\/sites\/17\/2022\/11\/MISEREOR-Logo-1024x576.jpg\" alt=\"\" class=\"wp-image-685\" width=\"260\" height=\"145\"\/><\/a><\/figure>\n<\/div>\n<\/div>\n\n\n\n<div class=\"wp-block-columns is-layout-flex wp-container-core-columns-is-layout-9d6595d7 wp-block-columns-is-layout-flex\">\n<div class=\"wp-block-column is-layout-flow wp-block-column-is-layout-flow\" style=\"flex-basis:33.33%\">\n<figure class=\"wp-block-image size-full\"><a href=\"https:\/\/www.brot-fuer-die-welt.de\/ueber-uns\/personen\/sabine-minninger\/\" target=\"_blank\" rel=\"noreferrer noopener\"><img loading=\"lazy\" decoding=\"async\" width=\"746\" height=\"415\" src=\"https:\/\/www.sinn-schaffen.de\/klima\/wp-content\/uploads\/sites\/17\/2023\/03\/Sabine-Minninger-Brot-fuer-die-Welt.jpg\" alt=\"\" class=\"wp-image-742\" title=\"Foto: Brot f\u00fcr die Welt\"\/><\/a><\/figure>\n<\/div>\n\n\n\n<div class=\"wp-block-column is-layout-flow wp-block-column-is-layout-flow\" style=\"flex-basis:66.66%\">\n<p><a href=\"https:\/\/www.brot-fuer-die-welt.de\/ueber-uns\/personen\/sabine-minninger\/\" target=\"_blank\" rel=\"noreferrer noopener\">Sabine Minninger<\/a> ist Referentin f\u00fcr Klimapolitik bei <a href=\"https:\/\/www.brot-fuer-die-welt.de\/\" target=\"_blank\" rel=\"noreferrer noopener\">Brot f\u00fcr die Welt<\/a>.<\/p>\n\n\n\n<figure class=\"wp-block-image size-full\"><a href=\"https:\/\/www.brot-fuer-die-welt.de\/\" target=\"_blank\" rel=\"noreferrer noopener\"><img loading=\"lazy\" decoding=\"async\" width=\"258\" height=\"132\" src=\"https:\/\/www.sinn-schaffen.de\/klima\/wp-content\/uploads\/sites\/17\/2020\/11\/BrotFuerDieWeltLogo.gif\" alt=\"\" class=\"wp-image-417\"\/><\/a><\/figure>\n<\/div>\n<\/div>\n\n\n\n<div class=\"wp-block-columns is-layout-flex wp-container-core-columns-is-layout-9d6595d7 wp-block-columns-is-layout-flex\">\n<div class=\"wp-block-column is-layout-flow wp-block-column-is-layout-flow\" style=\"flex-basis:33.33%\">\n<figure class=\"wp-block-image size-full\"><a href=\"https:\/\/www.de-ipcc.de\/media\/content\/Hauptaussagen_AR6-SYR.pdf\" target=\"_blank\" rel=\"noreferrer noopener\"><img loading=\"lazy\" decoding=\"async\" width=\"599\" height=\"846\" src=\"https:\/\/www.sinn-schaffen.de\/klima\/wp-content\/uploads\/sites\/17\/2023\/03\/Hauptaussagen_AR6-SYR-T.jpg\" alt=\"\" class=\"wp-image-743\"\/><\/a><\/figure>\n<\/div>\n\n\n\n<div class=\"wp-block-column is-layout-flow wp-block-column-is-layout-flow\" style=\"flex-basis:66.66%\">\n<p>Die Hauptaussagen aus der Zusammenfassung f\u00fcr die politische Entscheidungsfindung im Synthesebericht zum Sechsten IPCC-Sachstandsbericht (AR6) des IPCC stehen <a href=\"https:\/\/www.de-ipcc.de\/media\/content\/Hauptaussagen_AR6-SYR.pdf\" target=\"_blank\" rel=\"noreferrer noopener\">\u00fcber diesen Link zum Download als PDF<\/a> bereit.<br>Der Synthesebericht des Zwischenstaatlichen Ausschusses f\u00fcr Klima\u00e4nderungen (IPCC) im Rahmen des <a href=\"https:\/\/www.de-ipcc.de\/270.php\" target=\"_blank\" rel=\"noreferrer noopener\">sechsten Bewertungszyklus<\/a> wurde am 20. M\u00e4rz 2023 ver\u00f6ffentlicht, nachdem vom 13. bis 19. M\u00e4rz 2023 eine Abstimmungssitzung mit den Regierungen stattgefunden hat. Der Bericht sammelt und destilliert wissenschaftliche Belege aus den Berichten und Sonderberichten der IPCC-Arbeitsgruppen, die zwischen 2018-2022 ver\u00f6ffentlicht wurden. Es wird der letzte derartige Bericht des IPCC in diesem Zyklus sein, bis weitere Berichte im n\u00e4chsten Bewertungszyklus ver\u00f6ffentlicht werden.<\/p>\n<\/div>\n<\/div>\n","protected":false},"excerpt":{"rendered":"<p>Die kirchlichen Hilfswerke Brot f\u00fcr die Welt und Misereor beziehen eindeutig Stellung zum IPCC-Synthesebericht vom 20. M\u00e4rz 2023. Es gebe viel zu gewinnen, wenn wir endlich die Bek\u00e4mpfung der Klimakrise und das Abfedern ihrer Folgen priorisierten: bessere Luft, intakte W\u00e4lder, den Schutz der Biodiversit\u00e4t und mehr Gerechtigkeit auf einem begrenzten Planeten. Dagegen gebe es ohne &hellip; <\/p>\n<p class=\"link-more\"><a href=\"https:\/\/www.sinn-schaffen.de\/klima\/die-klimakrise-macht-arm-sie-macht-hungrig-sie-macht-krank\/\" class=\"more-link\"><span class=\"screen-reader-text\">\u201eDie Klimakrise macht arm, sie macht hungrig, sie macht krank\u201c<\/span> weiterlesen<\/a><\/p>\n","protected":false},"author":1,"featured_media":0,"parent":0,"menu_order":45,"comment_status":"closed","ping_status":"closed","template":"","meta":{"footnotes":""},"class_list":["post-745","page","type-page","status-publish","hentry"],"_links":{"self":[{"href":"https:\/\/www.sinn-schaffen.de\/klima\/wp-json\/wp\/v2\/pages\/745","targetHints":{"allow":["GET"]}}],"collection":[{"href":"https:\/\/www.sinn-schaffen.de\/klima\/wp-json\/wp\/v2\/pages"}],"about":[{"href":"https:\/\/www.sinn-schaffen.de\/klima\/wp-json\/wp\/v2\/types\/page"}],"author":[{"embeddable":true,"href":"https:\/\/www.sinn-schaffen.de\/klima\/wp-json\/wp\/v2\/users\/1"}],"replies":[{"embeddable":true,"href":"https:\/\/www.sinn-schaffen.de\/klima\/wp-json\/wp\/v2\/comments?post=745"}],"version-history":[{"count":1,"href":"https:\/\/www.sinn-schaffen.de\/klima\/wp-json\/wp\/v2\/pages\/745\/revisions"}],"predecessor-version":[{"id":746,"href":"https:\/\/www.sinn-schaffen.de\/klima\/wp-json\/wp\/v2\/pages\/745\/revisions\/746"}],"wp:attachment":[{"href":"https:\/\/www.sinn-schaffen.de\/klima\/wp-json\/wp\/v2\/media?parent=745"}],"curies":[{"name":"wp","href":"https:\/\/api.w.org\/{rel}","templated":true}]}}