{"id":760,"date":"2023-04-25T17:00:01","date_gmt":"2023-04-25T15:00:01","guid":{"rendered":"https:\/\/www.sinn-schaffen.de\/klima\/?page_id=760"},"modified":"2023-04-25T17:00:03","modified_gmt":"2023-04-25T15:00:03","slug":"erfolgreiche-bundesweite-aktionstage-mobilitaetswende-jetzt-setzten-ein-zeichen-gegen-autozentrierte-verkehrspolitik","status":"publish","type":"page","link":"https:\/\/www.sinn-schaffen.de\/klima\/erfolgreiche-bundesweite-aktionstage-mobilitaetswende-jetzt-setzten-ein-zeichen-gegen-autozentrierte-verkehrspolitik\/","title":{"rendered":"Erfolgreiche bundesweite Aktionstage &#8222;Mobilit\u00e4tswende jetzt!&#8220; setzten ein Zeichen gegen autozentrierte Verkehrspolitik"},"content":{"rendered":"\n<p><em>Lokale Initiativen, Klimagruppen und Umweltverb\u00e4nde haben sich in gemeinsamen Aktionen am Wochenende des 22. und 23. April 2023 f\u00fcr eine ernst gemeinte Klimapolitik und eine Mobilit\u00e4tswende stark gemacht. Ziel war, die Politik \u2013 ob auf kommunaler, L\u00e4nder- oder Bundesebene \u2013 zum Handeln aufzufordern und die Bev\u00f6lkerung f\u00fcr das Thema zu mobilisieren; die Teilnehmenden forderten unter anderem die F\u00f6rderung des Schienennetzes und des Radverkehrs, einen bezahlbaren \u00f6ffentlichen Nahverkehr, ein fl\u00e4chendeckendes Tempolimit und den Schutz der nat\u00fcrlichen Lebensgrundlagen. Laut BUND betrug die Teilnehmerzahl allein in Hamburg etwa 1.000 Personen; die Stra\u00dfe &#8222;Lange Reihe&#8220; in der Innenstadt war w\u00e4hrend der Aktion f\u00fcr Autos und Busse komplett gesperrt.<\/em><\/p>\n\n\n\n<figure class=\"wp-block-image size-full\"><img loading=\"lazy\" decoding=\"async\" width=\"1024\" height=\"413\" src=\"https:\/\/www.sinn-schaffen.de\/klima\/wp-content\/uploads\/sites\/17\/2023\/04\/230424-mobilitaet.jpg\" alt=\"\" class=\"wp-image-759\" title=\"Foto: Nata Uchava, Freiburg\"\/><\/figure>\n\n\n\n<p><strong>(Frankfurt am Main, 24. April 2023)<\/strong> Am Wochenende des 22. und 23. April 2023 fanden zum dritten Mal in Folge die dezentralen <a href=\"https:\/\/wald-statt-asphalt.net\/soziale-und-klimagerechte-mobilitaetswende-jetzt-2023\/\" target=\"_blank\" rel=\"noreferrer noopener\">Aktionstage \u201eMobilit\u00e4tswende jetzt!\u201c<\/a> statt, bei denen zahlreiche und unterschiedlichste lokale Initiativen, Klimagruppen und Umweltverb\u00e4nde zusammenkamen, um sich gemeinsam f\u00fcr eine ernst gemeinte Klimapolitik und Mobilit\u00e4tswende stark zu machen.<\/p>\n\n\n\n<p>Beispielsweise meint Dirk Holm zur Veranstaltung des Green Breakfast in Hamburg: \u201eEs war eine freudvolle, sehr gelungene Veranstaltung. Laut BUND betrug die Teilnehmerzahl etwa 1.000 Personen. Die Stra\u00dfe \u201aLange Reihe\u2018 in der Innenstadt war f\u00fcr Autos und Busse komplett gesperrt. Es ging ja auch darum zu zeigen, wie man den \u00f6ffentlichen Stra\u00dfenraum anders nutzen kann. Viele kamen mit einem zum Teil \u00fcppigen Fr\u00fchst\u00fccksbuffet und feierten sich selbst und das sonnige Fr\u00fchlingswetter. Mit unserer Tafel waren wir als B\u00fcndnis Verkehrswende Hamburg prominent vertreten unter Gruppen wie dem BUND, Parents for Future, ADFC, XR, Greenpeace und anderen.\u201c<\/p>\n\n\n\n<p>Unter dem gemeinsamen Banner \u201eMobilit\u00e4tswende jetzt!\u201c wurden um die 40 vielf\u00e4ltige Aktionen durchgef\u00fchrt, davon viele Fahrraddemos, aber auch ein Konzert auf der Autobahn A100 sowie einige Stra\u00dfenpicknicke, die Innenst\u00e4dte ohne Autos erfahrbar machten. Ihnen gemeinsam ist: Der Hinweis auf die Dringlichkeit eines nachhaltigen Verkehrssystems und die Politik zum Handeln an vielen unterschiedlichen Stellschrauben aufzufordern.<\/p>\n\n\n\n<p>Malte Kleinwort von den Parents for Future Bonn meint zu ihrer Aktion: \u201eDas waren tolle Reden, laute Parolen und lustige Aktionen auf der Verkehrswende-Demo in Bonn mit 300 Teilnehmer*innen und ein paar Tage vorher umwerfende Bilder mit dem Mega-Banner \u201aKeine neuen Autobahnen\u2018. Wir lassen nicht zu, dass Wissing die Zukunft unserer Kinder betoniert.\u201c<\/p>\n\n\n\n<p>Claudia Roth vom BUND Hilden sagt zu ihrer Aktion, dass die Teilnehmer*innen der Trassenwanderung an der A3 sich einig w\u00e4ren: \u201eDie Pl\u00e4ne zum achtspurigen Ausbau sind ebenso wahnsinnig wie die zum Ausbau des Rastplatzes Ohligser Heide West. Inmitten eines europ\u00e4isch bedeutsamen Schutzgebietes soll dem Stra\u00dfenverkehr noch mehr Freifl\u00e4che zum Opfer fallen \u2013 hier sogar Lebensraum f\u00fcr seltenste Pflanzen und Tiere. W\u00e4hrend heute Millionen Euro in den Erhalt der Naturschutzfl\u00e4chen investiert werden, sollen sie demn\u00e4chst mit Hunderten von Millionen Euro wieder zerst\u00f6rt werden.\u201c<\/p>\n\n\n\n<p>Anette von Verkehrswende Ostwestfalen-Lippe sagt zur Demo zwischen Bielefeld und Herford: \u201eEs war eine sehr gelungene Veranstaltung, die sich schwerpunktm\u00e4\u00dfig gegen den Neubau zweier gigantischer Stra\u00dfenprojekte in einer \u00f6kologisch wertvollen Auenlandschaft richtete. Nach der Fahrraddemo gab es ein buntes Programm mit Musik und Poetry auf einer Kreuzung. Anschlie\u00dfend ein Picknick mit veganem Buffet und einer M\u00e4rchenerz\u00e4hlerin. Mitten auf der geplanten Trasse haben wir einen Baum gepflanzt, denn dazu ist es ja bekanntlich nie zu sp\u00e4t!\u201c<\/p>\n\n\n\n<p>Schlie\u00dflich fanden in Berlin neben der Fridays for Future Demo gegen die Politik der FDP am vergangenen Freitag und den vielen Aktionen der Letzten Generation auch ein klassisches Protestkonzert der Gruppe \u201eLebenslaute\u201c statt \u2013 auf der und gegen die A100, im Anschluss begleitet von einer Fahrraddemo.<\/p>\n\n\n\n<p>Das Ziel der Aktionstage war es, die Politik, ob auf kommunaler, L\u00e4nder- oder Bundesebene, zum Handeln aufzufordern und die Bev\u00f6lkerung f\u00fcr das Thema zu mobilisieren. Die Teilnehmenden forderten unter anderem die F\u00f6rderung des Schienennetzes und des Radverkehrs, einen bezahlbaren \u00f6ffentlichen Nahverkehr, ein fl\u00e4chendeckendes Tempolimit und den Schutz der nat\u00fcrlichen Lebensgrundlagen.<\/p>\n\n\n\n<p>\u201eStatt mehr Stra\u00dfen, die mehr Verkehr erzeugen und die Gesundheit durch giftige Emissionen und Mikroplastik (Reifenabrieb) belasten, m\u00fcssen wir die Naturr\u00e4ume erhalten. Dies ist wichtig f\u00fcr den Artenschutz, unser Trinkwasser und als CO2 Senken\u201c, sagt Gunnar Gl\u00e4nzel vom NABU Seeheim Jugenheim in Zusammenhang mit ihrer Protest Fahrradsternfahrt von unter anderem Darmstadt nach Bickenbach gegen den Ausbau der A67\/A5 und A60.<\/p>\n\n\n\n<p>Die vielf\u00e4ltigen Aktionen unter dem gemeinsamen Motto \u201eMobilit\u00e4tswende jetzt!\u201c verdeutlichten die breite Basis an Unterst\u00fctzung f\u00fcr eine nachhaltige Verkehrspolitik und die Notwendigkeit, bestehende Pl\u00e4ne zu \u00fcberdenken beziehungsweise. aufzugeben.<\/p>\n","protected":false},"excerpt":{"rendered":"<p>Lokale Initiativen, Klimagruppen und Umweltverb\u00e4nde haben sich in gemeinsamen Aktionen am Wochenende des 22. und 23. April 2023 f\u00fcr eine ernst gemeinte Klimapolitik und eine Mobilit\u00e4tswende stark gemacht. Ziel war, die Politik \u2013 ob auf kommunaler, L\u00e4nder- oder Bundesebene \u2013 zum Handeln aufzufordern und die Bev\u00f6lkerung f\u00fcr das Thema zu mobilisieren; die Teilnehmenden forderten unter &hellip; <\/p>\n<p class=\"link-more\"><a href=\"https:\/\/www.sinn-schaffen.de\/klima\/erfolgreiche-bundesweite-aktionstage-mobilitaetswende-jetzt-setzten-ein-zeichen-gegen-autozentrierte-verkehrspolitik\/\" class=\"more-link\"><span class=\"screen-reader-text\">\u201eErfolgreiche bundesweite Aktionstage &#8222;Mobilit\u00e4tswende jetzt!&#8220; setzten ein Zeichen gegen autozentrierte Verkehrspolitik\u201c<\/span> weiterlesen<\/a><\/p>\n","protected":false},"author":1,"featured_media":0,"parent":0,"menu_order":41,"comment_status":"closed","ping_status":"closed","template":"","meta":{"footnotes":""},"class_list":["post-760","page","type-page","status-publish","hentry"],"_links":{"self":[{"href":"https:\/\/www.sinn-schaffen.de\/klima\/wp-json\/wp\/v2\/pages\/760","targetHints":{"allow":["GET"]}}],"collection":[{"href":"https:\/\/www.sinn-schaffen.de\/klima\/wp-json\/wp\/v2\/pages"}],"about":[{"href":"https:\/\/www.sinn-schaffen.de\/klima\/wp-json\/wp\/v2\/types\/page"}],"author":[{"embeddable":true,"href":"https:\/\/www.sinn-schaffen.de\/klima\/wp-json\/wp\/v2\/users\/1"}],"replies":[{"embeddable":true,"href":"https:\/\/www.sinn-schaffen.de\/klima\/wp-json\/wp\/v2\/comments?post=760"}],"version-history":[{"count":1,"href":"https:\/\/www.sinn-schaffen.de\/klima\/wp-json\/wp\/v2\/pages\/760\/revisions"}],"predecessor-version":[{"id":761,"href":"https:\/\/www.sinn-schaffen.de\/klima\/wp-json\/wp\/v2\/pages\/760\/revisions\/761"}],"wp:attachment":[{"href":"https:\/\/www.sinn-schaffen.de\/klima\/wp-json\/wp\/v2\/media?parent=760"}],"curies":[{"name":"wp","href":"https:\/\/api.w.org\/{rel}","templated":true}]}}