{"id":786,"date":"2023-06-13T16:33:35","date_gmt":"2023-06-13T14:33:35","guid":{"rendered":"https:\/\/www.sinn-schaffen.de\/klima\/?page_id=786"},"modified":"2023-06-13T16:34:26","modified_gmt":"2023-06-13T14:34:26","slug":"verbaende-fordern-klima-und-naturvertraegliche-infrastrukturplanung-2","status":"publish","type":"page","link":"https:\/\/www.sinn-schaffen.de\/klima\/verbaende-fordern-klima-und-naturvertraegliche-infrastrukturplanung-2\/","title":{"rendered":"Verb\u00e4nde fordern klima- und naturvertr\u00e4gliche Infrastrukturplanung"},"content":{"rendered":"\n<p><strong>Forderungspapier von Verb\u00e4ndeb\u00fcndnis dr\u00e4ngt auf ernsthafte \u00dcberarbeitung des aktuellen Bundesverkehrswegeplans<\/strong><\/p>\n\n\n\n<p><em>Ein breites gesellschaftliches B\u00fcndnis aus Gewerkschaften, Umwelt-, Verkehrs- und Wirtschaftsverb\u00e4nden sowie Initiativen richtet sich an den Bundesverkehrsminister und die Bundesregierung: Mit dem aktuellen Bundesverkehrswegeplan als Bremsklotz bleibe die Mobilit\u00e4tswende auf der Strecke. Klima-, Naturschutz und Verkehrsverlagerung m\u00fcssten im Bundesverkehrswegeplan eine deutlich h\u00f6here Gewichtung bekommen; auch der Artenschutz d\u00fcrfe nicht l\u00e4nger bagatellisiert werden. Unter dem Strich w\u00fcrde dies eine deutliche Reduzierung von Neubauprojekten, insbesondere im Bereich des Stra\u00dfenbaus, bedeuten.<\/em><\/p>\n\n\n\n<figure class=\"wp-block-image size-full\"><img loading=\"lazy\" decoding=\"async\" width=\"1024\" height=\"413\" src=\"https:\/\/www.sinn-schaffen.de\/klima\/wp-content\/uploads\/sites\/17\/2023\/06\/230613-dgb-NU.jpg\" alt=\"\" class=\"wp-image-782\" title=\"Foto: Nata Uchava, Freiburg\"\/><\/figure>\n\n\n\n<p><strong>(Berlin, 13. Juni 2023) <\/strong>Wenig Transparenz und noch viel weniger Dialog \u2013 der von Bundesverkehrsminister Volker Wissing ins Leben gerufene Infrastrukturdialog zur \u00dcberarbeitung des Bundesverkehrswegeplans nimmt keine Fahrt auf. Nach zwei Sitzungen sind Mandat, Ziel und Ablauf noch immer nicht klar. Die Ungeduld der beteiligten Verb\u00e4nde w\u00e4chst: Der Beteiligungsprozess darf nicht zu einem Feigenblatt f\u00fcr Wissing werden. Aus diesem Grund richtet ein breites gesellschaftliches B\u00fcndnis aus Gewerkschaften, Umwelt-, Verkehrs- und Wirtschaftsverb\u00e4nden sowie Initiativen ein Forderungspapier an den Bundesverkehrsminister und die Bundesregierung, den Prozess ernsthaft fortzusetzen. Mit dem aktuellen Bundesverkehrswegeplan als Bremsklotz bleibt die Mobilit\u00e4tswende auf der Strecke.<\/p>\n\n\n\n<p>Stefan K\u00f6rzell, DGB-Vorstandsmitglied: \u201eDer DGB erwartet, dass Minister Wissing den Infrastrukturdialog strategisch ausrichtet: Es muss eine klare Priorit\u00e4t auf Erhalt und Sanierung gelegt werden, damit sich ein Desaster wie bei der Rahmedetalbr\u00fccke nicht wiederholt. Der Wirtschaftsstandort braucht einen entschlossenen Umbau zu einem klimavertr\u00e4glichen Verkehrssystem, damit Besch\u00e4ftigung in Deutschland gesichert und ausgebaut wird.\u201c<\/p>\n\n\n\n<p>Ma\u00dfnahmen gegen die Klima-, und Naturkrise dulden keinen Aufschub. Besonders im Verkehrsbereich stagnieren die CO2-Emissionen seit Jahren auf hohem Niveau, werden gro\u00dfe Fl\u00e4chen versiegelt und Naturgebiete zerschnitten. Klima-, Naturschutz und Verkehrsverlagerung m\u00fcssen im Bundesverkehrswegeplan eine deutlich h\u00f6here Gewichtung bekommen. Auch der Artenschutz darf nicht l\u00e4nger bagatellisiert werden. Unter dem Strich w\u00fcrde dies eine deutliche Reduzierung von Neubauprojekten, insbesondere im Bereich des Stra\u00dfenbaus, bedeuten. Der Fokus sollte stattdessen auf dem Erhalt beziehungsweise der Instandsetzung kritischer Infrastruktur wie etwa Br\u00fccken liegen. Eine Kapazit\u00e4tserweiterung w\u00fcrde dann weitestgehend nur noch f\u00fcr Infrastrukturvorhaben klimafreundlicher Verkehrstr\u00e4ger wie Rad- und Schienenwege in Frage kommen.<\/p>\n\n\n\n<p>Mit der Festlegung auf die Planungsbeschleunigung von 148 Autobahnausbauprojekten hatte der Bundesverkehrsminister im M\u00e4rz 2023 ein deutliches Zeichen gesetzt, dass Klima- und Naturschutz eine untergeordnete Rolle f\u00fcr ihn und die Bundesregierung spielen. Der Fokus auf Stra\u00dfenprojekte f\u00fchrt in eine Sackgasse.<\/p>\n\n\n\n<p>Wenn der Infrastrukturdialog nicht vollends zu einer Farce verkommen soll, muss Bundesverkehrsminister Volker Wissing sich pers\u00f6nlich einbringen und den aktuellen Bundesverkehrswegeplan auf Klima- und Naturvertr\u00e4glichkeit \u00fcberpr\u00fcfen und \u00fcberarbeiten lassen. Damit die Verlagerungsziele der Bundesregierung erreicht werden, muss die Verkn\u00fcpfung der Verkehrstr\u00e4ger ins Zentrum r\u00fccken. Die laufende Bedarfsplan\u00fcberpr\u00fcfung bietet daf\u00fcr den passenden Anlass.<\/p>\n\n\n\n<div class=\"wp-block-columns is-layout-flex wp-container-core-columns-is-layout-9d6595d7 wp-block-columns-is-layout-flex\">\n<div class=\"wp-block-column is-layout-flow wp-block-column-is-layout-flow\" style=\"flex-basis:33.33%\">\n<figure class=\"wp-block-image size-full\"><a href=\"https:\/\/www.dgb.de\/uber-uns\/dgb-heute\/organisation-und-bundesvorstand\/stefan-koerzell\/++co++2af7781a-0a48-11e3-881d-00188b4dc422\" target=\"_blank\" rel=\"noreferrer noopener\"><img loading=\"lazy\" decoding=\"async\" width=\"300\" height=\"351\" src=\"https:\/\/www.sinn-schaffen.de\/klima\/wp-content\/uploads\/sites\/17\/2023\/06\/Stefan-Koerzel-Foto-DGB-Simone-M-Neumann-K.jpg\" alt=\"\" class=\"wp-image-787\" title=\"Foto: DGB, Simone M Neumann\"\/><\/a><\/figure>\n<\/div>\n\n\n\n<div class=\"wp-block-column is-layout-flow wp-block-column-is-layout-flow\" style=\"flex-basis:66.66%\">\n<p><a href=\"https:\/\/www.dgb.de\/uber-uns\/dgb-heute\/organisation-und-bundesvorstand\/stefan-koerzell\/++co++2af7781a-0a48-11e3-881d-00188b4dc422\" target=\"_blank\" rel=\"noreferrer noopener\">Stefan K\u00f6rzell<\/a> ist Mitglied im Vorstand des <a href=\"https:\/\/www.dgb.de\/\" target=\"_blank\" rel=\"noreferrer noopener\">Deutschen Gewerkschaftsbundes<\/a>.<\/p>\n\n\n\n<figure class=\"wp-block-image size-full is-resized\"><a href=\"https:\/\/www.dgb.de\/\" target=\"_blank\" rel=\"noreferrer noopener\"><img loading=\"lazy\" decoding=\"async\" src=\"https:\/\/www.sinn-schaffen.de\/klima\/wp-content\/uploads\/sites\/17\/2023\/06\/DGBLOGO.png\" alt=\"\" class=\"wp-image-788\" width=\"232\" height=\"145\"\/><\/a><\/figure>\n<\/div>\n<\/div>\n","protected":false},"excerpt":{"rendered":"<p>Forderungspapier von Verb\u00e4ndeb\u00fcndnis dr\u00e4ngt auf ernsthafte \u00dcberarbeitung des aktuellen Bundesverkehrswegeplans Ein breites gesellschaftliches B\u00fcndnis aus Gewerkschaften, Umwelt-, Verkehrs- und Wirtschaftsverb\u00e4nden sowie Initiativen richtet sich an den Bundesverkehrsminister und die Bundesregierung: Mit dem aktuellen Bundesverkehrswegeplan als Bremsklotz bleibe die Mobilit\u00e4tswende auf der Strecke. Klima-, Naturschutz und Verkehrsverlagerung m\u00fcssten im Bundesverkehrswegeplan eine deutlich h\u00f6here Gewichtung bekommen; auch &hellip; <\/p>\n<p class=\"link-more\"><a href=\"https:\/\/www.sinn-schaffen.de\/klima\/verbaende-fordern-klima-und-naturvertraegliche-infrastrukturplanung-2\/\" class=\"more-link\"><span class=\"screen-reader-text\">\u201eVerb\u00e4nde fordern klima- und naturvertr\u00e4gliche Infrastrukturplanung\u201c<\/span> weiterlesen<\/a><\/p>\n","protected":false},"author":1,"featured_media":0,"parent":0,"menu_order":37,"comment_status":"closed","ping_status":"closed","template":"","meta":{"footnotes":""},"class_list":["post-786","page","type-page","status-publish","hentry"],"_links":{"self":[{"href":"https:\/\/www.sinn-schaffen.de\/klima\/wp-json\/wp\/v2\/pages\/786","targetHints":{"allow":["GET"]}}],"collection":[{"href":"https:\/\/www.sinn-schaffen.de\/klima\/wp-json\/wp\/v2\/pages"}],"about":[{"href":"https:\/\/www.sinn-schaffen.de\/klima\/wp-json\/wp\/v2\/types\/page"}],"author":[{"embeddable":true,"href":"https:\/\/www.sinn-schaffen.de\/klima\/wp-json\/wp\/v2\/users\/1"}],"replies":[{"embeddable":true,"href":"https:\/\/www.sinn-schaffen.de\/klima\/wp-json\/wp\/v2\/comments?post=786"}],"version-history":[{"count":2,"href":"https:\/\/www.sinn-schaffen.de\/klima\/wp-json\/wp\/v2\/pages\/786\/revisions"}],"predecessor-version":[{"id":790,"href":"https:\/\/www.sinn-schaffen.de\/klima\/wp-json\/wp\/v2\/pages\/786\/revisions\/790"}],"wp:attachment":[{"href":"https:\/\/www.sinn-schaffen.de\/klima\/wp-json\/wp\/v2\/media?parent=786"}],"curies":[{"name":"wp","href":"https:\/\/api.w.org\/{rel}","templated":true}]}}