{"id":800,"date":"2023-07-14T15:32:41","date_gmt":"2023-07-14T13:32:41","guid":{"rendered":"https:\/\/www.sinn-schaffen.de\/klima\/?page_id=800"},"modified":"2023-07-14T15:32:42","modified_gmt":"2023-07-14T13:32:42","slug":"umfassende-klimaschutzpflichten-fuer-unternehmen-existieren-bereits-allerdings-oft-unuebersichtlich","status":"publish","type":"page","link":"https:\/\/www.sinn-schaffen.de\/klima\/umfassende-klimaschutzpflichten-fuer-unternehmen-existieren-bereits-allerdings-oft-unuebersichtlich\/","title":{"rendered":"Umfassende Klimaschutzpflichten f\u00fcr Unternehmen existieren bereits \u2013 sind allerdings oft un\u00fcbersichtlich"},"content":{"rendered":"\n<p><em>Von gro\u00dfen Teilen der Wirtschaft bisher unbeachtet, sind Unternehmen schon heute nach deutschem Recht dazu verpflichtet, ihre Gesch\u00e4ftsmodelle am 1,5-Grad-Limit des Pariser Klimaabkommens auszurichten. Es ist f\u00fcr Unternehmen nicht einfach, bei den teils un\u00fcbersichtlichen Pflichten im Klimabereich zu einer klaren Einsch\u00e4tzung zu kommen. Sie sind sehr gut beraten, bereits jetzt ambitionierte und wissenschaftsbasierte Klimapl\u00e4ne zu verabschieden und bei der Emissionsreduzierung keine Zeit mehr zu verlieren.<\/em><\/p>\n\n\n\n<figure class=\"wp-block-image size-full\"><img loading=\"lazy\" decoding=\"async\" width=\"1024\" height=\"413\" src=\"https:\/\/www.sinn-schaffen.de\/klima\/wp-content\/uploads\/sites\/17\/2023\/07\/germanwatch-NU-230714.jpg\" alt=\"\" class=\"wp-image-794\" title=\"Foto: Nata Uchava, Freiburg\"\/><\/figure>\n\n\n\n<p><strong>(Berlin, 6. Juli 2023)<\/strong> Gro\u00dfe Unternehmen sind schon heute nach deutschem Recht dazu verpflichtet, ihre Gesch\u00e4ftsmodelle am 1,5-Grad-Limit des Pariser Klimaabkommens auszurichten. Von gro\u00dfen Teilen der Wirtschaft bisher unbeachtet, existieren schon jetzt handfeste klimabezogene Pflichten, die Unternehmen zum Handeln zwingen. Zu diesem Schluss kommt ein heute ver\u00f6ffentlichtes Rechtsgutachten der Hamburger Kanzlei G\u00fcnther, das die Sick-Umweltstiftung gemeinsam mit den Umweltorganisationen Germanwatch und Protect the Planet in Auftrag gegeben hat. \u201eEs ist f\u00fcr Unternehmen nicht einfach, bei den teils un\u00fcbersichtlichen Pflichten im Klimabereich zu einer klaren Einsch\u00e4tzung zu kommen. Dabei steht es au\u00dfer Frage, dass sie handeln und Verantwortung \u00fcbernehmen m\u00fcssen. Das Gutachten der renommierten Kanzlei G\u00fcnther schafft hier Klarheit. Angesichts der rechtlichen Entwicklungen sind Unternehmen sehr gut beraten, bereits jetzt ambitionierte und wissenschaftsbasierte Klimapl\u00e4ne zu verabschieden und bei der Emissionsreduzierung keine Zeit mehr zu verlieren\u201c, kommentiert Dorothea Sick-Thies, Unternehmerin, Aufsichtsr\u00e4tin der SICK AG und Gr\u00fcnderin der Sick-Umweltstiftung.<\/p>\n\n\n\n<p>Rechtsanw\u00e4ltin Dr. Roda Verheyen, Co-Autorin des Gutachtens, erg\u00e4nzt: \u201eBislang weitgehend unbeachtet geblieben sind die handfesten klimabezogenen Handlungspflichten, die sich f\u00fcr Unternehmen bereits heute aus den bestehenden Regeln im sogenannten Berichtspflichtenrecht ergeben. Zusammen mit weiteren Rechtsquellen besteht hier eine ganze Reihe an sich teils \u00fcberschneidenden Pflichten. Eine B\u00fcndelung und Konkretisierung w\u00e4re w\u00fcnschenswert.\u201c<\/p>\n\n\n\n<p><strong>Bundesregierung sollte sich f\u00fcr Vorschlag des Parlaments stark machen<\/strong><\/p>\n\n\n\n<p>Vor diesem Hintergrund verweist das Gutachten auf das kommende EU-Lieferkettengesetz, in dessen Rahmen derzeit \u00fcber Kriterien f\u00fcr unternehmerische Klimapl\u00e4ne verhandelt wird. Der vom EU-Parlament vorgeschlagene Text gibt aus Sicht der Autor:innen des Gutachtens klarere Leitplanken f\u00fcr Unternehmen vor als die von EU-Kommission und Ministerrat pr\u00e4sentierten Entw\u00fcrfe.<\/p>\n\n\n\n<p>\u201eDas EU-Lieferkettengesetz bietet die gro\u00dfe Chance, durch konkrete Kriterien f\u00fcr die Umsetzung der Klimapflichten von Unternehmen die dringend ben\u00f6tigte Klarheit zu schaffen. Dies w\u00fcrde Rechtsunsicherheit f\u00fcr Unternehmen reduzieren und zugleich die europ\u00e4ische Klimapolitik einen gro\u00dfen Schritt nach vorn bringen. Ausreichend klar ist allerdings nur der vom EU-Parlament vorgeschlagene Wortlaut. Diesen sollte die Bundesregierung unterst\u00fctzen\u201c, so Christoph Bals, Politischer Gesch\u00e4ftsf\u00fchrer der Umwelt- und Entwicklungsorganisation Germanwatch.<\/p>\n\n\n\n<div class=\"wp-block-columns is-layout-flex wp-container-core-columns-is-layout-9d6595d7 wp-block-columns-is-layout-flex\">\n<div class=\"wp-block-column is-layout-flow wp-block-column-is-layout-flow\" style=\"flex-basis:33.33%\">\n<figure class=\"wp-block-image size-full\"><a href=\"https:\/\/www.germanwatch.org\/de\/mitarbeiterinnen\" target=\"_blank\" rel=\"noreferrer noopener\"><img loading=\"lazy\" decoding=\"async\" width=\"231\" height=\"247\" src=\"https:\/\/www.sinn-schaffen.de\/klima\/wp-content\/uploads\/sites\/17\/2019\/08\/ChristophBalsKK.jpg\" alt=\"\" class=\"wp-image-190\" title=\"Foto: germanwatch\"\/><\/a><\/figure>\n<\/div>\n\n\n\n<div class=\"wp-block-column is-layout-flow wp-block-column-is-layout-flow\" style=\"flex-basis:66.66%\">\n<p>Christoph Bals ist Politischer Gesch\u00e4ftsf\u00fchrer von <a href=\"https:\/\/www.germanwatch.org\/de\" target=\"_blank\" rel=\"noreferrer noopener\">Germanwatch<\/a>.<\/p>\n\n\n\n<figure class=\"wp-block-image size-full\"><a href=\"https:\/\/www.germanwatch.org\/de\" target=\"_blank\" rel=\"noreferrer noopener\"><img loading=\"lazy\" decoding=\"async\" width=\"200\" height=\"73\" src=\"https:\/\/www.sinn-schaffen.de\/klima\/wp-content\/uploads\/sites\/17\/2018\/08\/logoGermanwatch.png\" alt=\"\" class=\"wp-image-39\"\/><\/a><\/figure>\n<\/div>\n<\/div>\n\n\n\n<div class=\"wp-block-columns is-layout-flex wp-container-core-columns-is-layout-9d6595d7 wp-block-columns-is-layout-flex\">\n<div class=\"wp-block-column is-layout-flow wp-block-column-is-layout-flow\" style=\"flex-basis:33.33%\">\n<figure class=\"wp-block-image size-full\"><a href=\"https:\/\/www.germanwatch.org\/sites\/default\/files\/germanwatch_rechtsgutachten_zu_unternehmerischen_klima-sorgfaltspflichten_2023.pdf\" target=\"_blank\" rel=\"noreferrer noopener\"><img loading=\"lazy\" decoding=\"async\" width=\"599\" height=\"846\" src=\"https:\/\/www.sinn-schaffen.de\/klima\/wp-content\/uploads\/sites\/17\/2023\/07\/germanwatch_rechtsgutachten_zu_unternehmerischen_klima-sorgfaltspflichten_2023-T.jpg\" alt=\"\" class=\"wp-image-795\"\/><\/a><\/figure>\n<\/div>\n\n\n\n<div class=\"wp-block-column is-layout-flow wp-block-column-is-layout-flow\" style=\"flex-basis:66.66%\">\n<p>Das Rechtsgutachten &#8222;Unternehmerische (Klima-)Sorgfaltspflichten als integraler Konzeptionsbestandteil des geltenden europ\u00e4ischen und nationalen Berichtspflichten- und Gesellschaftsrechts&#8220; steht <a href=\"https:\/\/www.germanwatch.org\/sites\/default\/files\/germanwatch_rechtsgutachten_zu_unternehmerischen_klima-sorgfaltspflichten_2023.pdf\" target=\"_blank\" rel=\"noreferrer noopener\">\u00fcber diesen Link zum Download als PDF<\/a> bereit.<\/p>\n<\/div>\n<\/div>\n\n\n\n<div class=\"wp-block-columns is-layout-flex wp-container-core-columns-is-layout-9d6595d7 wp-block-columns-is-layout-flex\">\n<div class=\"wp-block-column is-layout-flow wp-block-column-is-layout-flow\" style=\"flex-basis:33.33%\">\n<figure class=\"wp-block-image size-full\"><a href=\"https:\/\/www.germanwatch.org\/sites\/default\/files\/germanwatch_rechtsgutachten_zu_unternehmerischen_klima-sorgfaltspflichten_kurzfassung_2023.pdf\" target=\"_blank\" rel=\"noreferrer noopener\"><img loading=\"lazy\" decoding=\"async\" width=\"599\" height=\"846\" src=\"https:\/\/www.sinn-schaffen.de\/klima\/wp-content\/uploads\/sites\/17\/2023\/07\/germanwatch_rechtsgutachten_zu_unternehmerischen_klima-sorgfaltspflichten_kurzfassung_2023-T.jpg\" alt=\"\" class=\"wp-image-797\"\/><\/a><\/figure>\n<\/div>\n\n\n\n<div class=\"wp-block-column is-layout-flow wp-block-column-is-layout-flow\" style=\"flex-basis:66.66%\">\n<p>Eine zwei Seiten lange Zusammenfassung des Gutachtens steht <a href=\"https:\/\/www.germanwatch.org\/sites\/default\/files\/germanwatch_rechtsgutachten_zu_unternehmerischen_klima-sorgfaltspflichten_kurzfassung_2023.pdf\" target=\"_blank\" rel=\"noreferrer noopener\">\u00fcber diesen Link zum Download als PDF<\/a> bereit.<\/p>\n<\/div>\n<\/div>\n","protected":false},"excerpt":{"rendered":"<p>Von gro\u00dfen Teilen der Wirtschaft bisher unbeachtet, sind Unternehmen schon heute nach deutschem Recht dazu verpflichtet, ihre Gesch\u00e4ftsmodelle am 1,5-Grad-Limit des Pariser Klimaabkommens auszurichten. Es ist f\u00fcr Unternehmen nicht einfach, bei den teils un\u00fcbersichtlichen Pflichten im Klimabereich zu einer klaren Einsch\u00e4tzung zu kommen. Sie sind sehr gut beraten, bereits jetzt ambitionierte und wissenschaftsbasierte Klimapl\u00e4ne zu &hellip; <\/p>\n<p class=\"link-more\"><a href=\"https:\/\/www.sinn-schaffen.de\/klima\/umfassende-klimaschutzpflichten-fuer-unternehmen-existieren-bereits-allerdings-oft-unuebersichtlich\/\" class=\"more-link\"><span class=\"screen-reader-text\">\u201eUmfassende Klimaschutzpflichten f\u00fcr Unternehmen existieren bereits \u2013 sind allerdings oft un\u00fcbersichtlich\u201c<\/span> weiterlesen<\/a><\/p>\n","protected":false},"author":1,"featured_media":0,"parent":0,"menu_order":35,"comment_status":"closed","ping_status":"closed","template":"","meta":{"footnotes":""},"class_list":["post-800","page","type-page","status-publish","hentry"],"_links":{"self":[{"href":"https:\/\/www.sinn-schaffen.de\/klima\/wp-json\/wp\/v2\/pages\/800","targetHints":{"allow":["GET"]}}],"collection":[{"href":"https:\/\/www.sinn-schaffen.de\/klima\/wp-json\/wp\/v2\/pages"}],"about":[{"href":"https:\/\/www.sinn-schaffen.de\/klima\/wp-json\/wp\/v2\/types\/page"}],"author":[{"embeddable":true,"href":"https:\/\/www.sinn-schaffen.de\/klima\/wp-json\/wp\/v2\/users\/1"}],"replies":[{"embeddable":true,"href":"https:\/\/www.sinn-schaffen.de\/klima\/wp-json\/wp\/v2\/comments?post=800"}],"version-history":[{"count":1,"href":"https:\/\/www.sinn-schaffen.de\/klima\/wp-json\/wp\/v2\/pages\/800\/revisions"}],"predecessor-version":[{"id":801,"href":"https:\/\/www.sinn-schaffen.de\/klima\/wp-json\/wp\/v2\/pages\/800\/revisions\/801"}],"wp:attachment":[{"href":"https:\/\/www.sinn-schaffen.de\/klima\/wp-json\/wp\/v2\/media?parent=800"}],"curies":[{"name":"wp","href":"https:\/\/api.w.org\/{rel}","templated":true}]}}