{"id":841,"date":"2023-12-01T16:51:26","date_gmt":"2023-12-01T15:51:26","guid":{"rendered":"https:\/\/www.sinn-schaffen.de\/klima\/?page_id=841"},"modified":"2023-12-01T16:51:27","modified_gmt":"2023-12-01T15:51:27","slug":"die-transformation-der-deutschen-automobilindustrie-kann-zu-einer-erfolgsgeschichte-werden","status":"publish","type":"page","link":"https:\/\/www.sinn-schaffen.de\/klima\/die-transformation-der-deutschen-automobilindustrie-kann-zu-einer-erfolgsgeschichte-werden\/","title":{"rendered":"Die Transformation der deutschen Automobilindustrie kann zu einer Erfolgsgeschichte werden"},"content":{"rendered":"\n<p><em>Als geeinte Stimme aus Gewerkschaften, Sozial- und Umweltverb\u00e4nden sowie der Evangelischen Kirche in Deutschland spricht sich das B\u00fcndnis sozialvertr\u00e4gliche Mobilit\u00e4tswende ausdr\u00fccklich f\u00fcr eine aktiv gestaltete Transformation der Automobilwirtschaft als Schl\u00fcsselindustrie aus. Die notwendige Transformation des Mobilit\u00e4tssystems in Deutschland k\u00f6nne in ihrer Gesamtheit nur dann gelingen, wenn neben Schl\u00fcsselbereichen wie Finanzierung und Ausbau von Schiene und \u00d6PNV, Verlagerung von G\u00fctern und der Umgestaltung st\u00e4dtischer Verkehrsr\u00e4ume auch die deutsche Automobilindustrie sich sozial, innovativ und zukunftsgerichtet aufstelle.<\/em><\/p>\n\n\n\n<figure class=\"wp-block-image size-full\"><img loading=\"lazy\" decoding=\"async\" width=\"1024\" height=\"413\" src=\"https:\/\/www.sinn-schaffen.de\/klima\/wp-content\/uploads\/sites\/17\/2023\/12\/231201-NU-Strukturwandel-Automobil-Industrie.jpg\" alt=\"\" class=\"wp-image-835\" title=\"Foto: Nata Uchava, Freiburg\"\/><\/figure>\n\n\n\n<p><strong>(Berlin, 26. November 2023)<\/strong> Die notwendige Transformation des Mobilit\u00e4tssystems in Deutschland kann in ihrer Gesamtheit nur dann gelingen, wenn neben Schl\u00fcsselbereichen wie Finanzierung und Ausbau von Schiene und \u00d6PNV, Verlagerung von G\u00fctern und der Umgestaltung st\u00e4dtischer Verkehrsr\u00e4ume auch die deutsche Automobilindustrie ihr Potential im Bereich nachhaltigere Mobilit\u00e4t aussch\u00f6pft und sich sozial, innovativ und zukunftsgerichtet aufstellt. Als geeinte Stimme aus Gewerkschaften, Sozial- und Umweltverb\u00e4nden sowie der Evangelischen Kirche in Deutschland spricht sich das <em>B\u00fcndnis sozialvertr\u00e4gliche Mobilit\u00e4tswende<\/em> daher ausdr\u00fccklich f\u00fcr eine aktiv gestaltete Transformation der Automobilwirtschaft als Schl\u00fcsselindustrie aus und bedauert es, nicht erneut zum \u201eMobilit\u00e4tsgipfel\u201c im Kanzleramt am 27. November 2023 geladen zu sein.<\/p>\n\n\n\n<p>Die zahlreichen Besch\u00e4ftigten in der Automobil- und Zulieferindustrie sind von den laufenden und anstehenden Entwicklungen besonders betroffen, so das B\u00fcndnis. Arbeitspl\u00e4tze gehen bereits jetzt in hohem Tempo verloren, gleichzeitig fehlen qualifizierte Fachkr\u00e4fte in expandierenden Zukunftsbereichen. \u201eF\u00fcr eine vorausschauende Besch\u00e4ftigungs- und Rentenpolitik, Vorbeugung zunehmender Altersarmut sowie breitem gesellschaftlichen R\u00fcckhalt f\u00fcr die notwendige Mobilit\u00e4tswende und des Antriebswechsels ist eine sozialvertr\u00e4gliche und proaktive Gestaltung dieses Wandels unumg\u00e4nglich\u201c, so das B\u00fcndnis in seinem vorgelegten Papier.<\/p>\n\n\n\n<p>Der Ausstieg aus dem Verbrennungsmotor muss politisch eng begleitet und Besch\u00e4ftigung durch die Ansiedlung neuer Schl\u00fcsselbereiche gesichert werden. Das B\u00fcndnis fordert Unternehmen und Politik auf, ihrer Verantwortung schnell und umfassend nachzukommen:<\/p>\n\n\n\n<ul class=\"wp-block-list\">\n<li>Antriebswechsel unterst\u00fctzen: Durch ver\u00e4nderte Modellpolitik der Unternehmen hin zu kleinen, bedarfsorientierten und bezahlbaren Fahrzeugen, einen deutlichen Schub im Ausbau der Ladeinfrastruktur und gezielte F\u00f6rderinstrumente f\u00fcr Elektromobilit\u00e4t kann der Antriebswechsel in Deutschland wieder an Schwung gewinnen. Unter anderem sollte der produktions- und transportbedingte CO2-Fu\u00dfabdruck ma\u00dfgeblich f\u00fcr F\u00f6rdermittel sein und im internationalen Handel preislich ber\u00fccksichtigt werden.<\/li>\n\n\n\n<li>Neue Wertsch\u00f6pfung und Besch\u00e4ftigung erm\u00f6glichen: Durch aktive Industriepolitik zur Ansiedlung neuer Schl\u00fcsselbereiche, Transformationsfonds f\u00fcr kleine und mittelst\u00e4ndische Unternehmen sowie den Erhalt von Standorten m\u00fcssen betroffene Regionen und die Zulieferindustrie bei der Transformation unterst\u00fctzt werden.<\/li>\n\n\n\n<li>Weiterbildung intensivieren: Vorhandene Instrumente m\u00fcssen aktiv eingesetzt und M\u00f6glichkeiten zur Qualifizierung stetig weiterentwickelt werden. Ziel muss eine nahtlose Besch\u00e4ftigung f\u00fcr vollen Rentenanspruch sein.<\/li>\n<\/ul>\n\n\n\n<p>Das B\u00fcndnis sozialvertr\u00e4gliche Mobilit\u00e4tswende b\u00fcndelt die Expertise aus Gewerkschaften (IG Metall, ver.di, DGB), Sozial-, Wohlfahrts- und Umweltverb\u00e4nden (VdK, SoVD, AWO, VCD, BUND, NABU) sowie der Evangelischen Kirche in Deutschland (EKD), um zusammen die Transformation der Mobilit\u00e4t in Deutschland zu unterst\u00fctzen. Gemeinsam vertritt das B\u00fcndnis mehrere Millionen Mitglieder und bietet eine Plattform f\u00fcr die Fragestellungen rund um eine soziale und \u00f6kologische Mobilit\u00e4tswende.<\/p>\n\n\n\n<div class=\"wp-block-columns is-layout-flex wp-container-core-columns-is-layout-9d6595d7 wp-block-columns-is-layout-flex\">\n<div class=\"wp-block-column is-layout-flow wp-block-column-is-layout-flow\" style=\"flex-basis:33.33%\">\n<figure class=\"wp-block-image size-full\"><a href=\"https:\/\/elaine.dgb.de\/go\/qiddyjc2zemjdj9vla1l6u8x7790g6js6w7go8gs4sta\/1922\" target=\"_blank\" rel=\"noreferrer noopener\"><img loading=\"lazy\" decoding=\"async\" width=\"599\" height=\"846\" src=\"https:\/\/www.sinn-schaffen.de\/klima\/wp-content\/uploads\/sites\/17\/2023\/12\/Wie-der-Strukturwandel-in-der-Automobil-industrie-sozialvertraeglich-gelingen-kann-T.jpg\" alt=\"\" class=\"wp-image-836\"\/><\/a><\/figure>\n<\/div>\n\n\n\n<div class=\"wp-block-column is-layout-flow wp-block-column-is-layout-flow\" style=\"flex-basis:66.66%\">\n<p><\/p>\n\n\n\n<p>Das Positionspapier &#8222;Wie der Strukturwandel in der Automobilindustrie sozialvertr\u00e4glich gelingen kann&#8220; besch\u00e4ftigt sich mit der sozialvertr\u00e4glichen Mobilit\u00e4tswende und steht <a href=\"https:\/\/elaine.dgb.de\/go\/qiddyjc2zemjdj9vla1l6u8x7790g6js6w7go8gs4sta\/1922\" target=\"_blank\" data-type=\"link\" data-id=\"https:\/\/elaine.dgb.de\/go\/qiddyjc2zemjdj9vla1l6u8x7790g6js6w7go8gs4sta\/1922\" rel=\"noreferrer noopener\">\u00fcber diesen Link zum Download als PDF<\/a> bereit.<\/p>\n<\/div>\n<\/div>\n\n\n\n<div class=\"wp-block-columns is-layout-flex wp-container-core-columns-is-layout-9d6595d7 wp-block-columns-is-layout-flex\">\n<div class=\"wp-block-column is-layout-flow wp-block-column-is-layout-flow\" style=\"flex-basis:33.33%\">\n<figure class=\"wp-block-image size-full\"><a href=\"https:\/\/www.nabu.de\/imperia\/md\/nabu\/images\/umwelt\/verkehr\/broschuere_buendnis_sozialvertr__gliche_mobilit__tswende.pdf\" target=\"_blank\" rel=\"noreferrer noopener\"><img loading=\"lazy\" decoding=\"async\" width=\"599\" height=\"846\" src=\"https:\/\/www.sinn-schaffen.de\/klima\/wp-content\/uploads\/sites\/17\/2023\/12\/broschuere_buendnis_sozialvertr__gliche_mobilit__tswende-T.jpg\" alt=\"\" class=\"wp-image-838\"\/><\/a><\/figure>\n<\/div>\n\n\n\n<div class=\"wp-block-column is-layout-flow wp-block-column-is-layout-flow\" style=\"flex-basis:66.66%\">\n<p><\/p>\n\n\n\n<p>Die Brosch\u00fcre &#8222;Wie wir das Klima sch\u00fctzen und eine sozialvertr\u00e4gliche Mobilit\u00e4tswende umsetzen k\u00f6nnen&#8220; des B\u00fcndnis sozialvertr\u00e4gliche Mobilit\u00e4tswende steht <a href=\"https:\/\/www.nabu.de\/imperia\/md\/nabu\/images\/umwelt\/verkehr\/broschuere_buendnis_sozialvertr__gliche_mobilit__tswende.pdf\" target=\"_blank\" data-type=\"link\" data-id=\"https:\/\/www.nabu.de\/imperia\/md\/nabu\/images\/umwelt\/verkehr\/broschuere_buendnis_sozialvertr__gliche_mobilit__tswende.pdf\" rel=\"noreferrer noopener\">\u00fcber diesen Link zum Download als PDF<\/a> bereit.<\/p>\n<\/div>\n<\/div>\n","protected":false},"excerpt":{"rendered":"<p>Als geeinte Stimme aus Gewerkschaften, Sozial- und Umweltverb\u00e4nden sowie der Evangelischen Kirche in Deutschland spricht sich das B\u00fcndnis sozialvertr\u00e4gliche Mobilit\u00e4tswende ausdr\u00fccklich f\u00fcr eine aktiv gestaltete Transformation der Automobilwirtschaft als Schl\u00fcsselindustrie aus. Die notwendige Transformation des Mobilit\u00e4tssystems in Deutschland k\u00f6nne in ihrer Gesamtheit nur dann gelingen, wenn neben Schl\u00fcsselbereichen wie Finanzierung und Ausbau von Schiene und &hellip; <\/p>\n<p class=\"link-more\"><a href=\"https:\/\/www.sinn-schaffen.de\/klima\/die-transformation-der-deutschen-automobilindustrie-kann-zu-einer-erfolgsgeschichte-werden\/\" class=\"more-link\"><span class=\"screen-reader-text\">\u201eDie Transformation der deutschen Automobilindustrie kann zu einer Erfolgsgeschichte werden\u201c<\/span> weiterlesen<\/a><\/p>\n","protected":false},"author":1,"featured_media":0,"parent":0,"menu_order":29,"comment_status":"closed","ping_status":"closed","template":"","meta":{"footnotes":""},"class_list":["post-841","page","type-page","status-publish","hentry"],"_links":{"self":[{"href":"https:\/\/www.sinn-schaffen.de\/klima\/wp-json\/wp\/v2\/pages\/841","targetHints":{"allow":["GET"]}}],"collection":[{"href":"https:\/\/www.sinn-schaffen.de\/klima\/wp-json\/wp\/v2\/pages"}],"about":[{"href":"https:\/\/www.sinn-schaffen.de\/klima\/wp-json\/wp\/v2\/types\/page"}],"author":[{"embeddable":true,"href":"https:\/\/www.sinn-schaffen.de\/klima\/wp-json\/wp\/v2\/users\/1"}],"replies":[{"embeddable":true,"href":"https:\/\/www.sinn-schaffen.de\/klima\/wp-json\/wp\/v2\/comments?post=841"}],"version-history":[{"count":1,"href":"https:\/\/www.sinn-schaffen.de\/klima\/wp-json\/wp\/v2\/pages\/841\/revisions"}],"predecessor-version":[{"id":842,"href":"https:\/\/www.sinn-schaffen.de\/klima\/wp-json\/wp\/v2\/pages\/841\/revisions\/842"}],"wp:attachment":[{"href":"https:\/\/www.sinn-schaffen.de\/klima\/wp-json\/wp\/v2\/media?parent=841"}],"curies":[{"name":"wp","href":"https:\/\/api.w.org\/{rel}","templated":true}]}}