{"id":846,"date":"2023-12-19T17:10:08","date_gmt":"2023-12-19T16:10:08","guid":{"rendered":"https:\/\/www.sinn-schaffen.de\/klima\/?page_id=846"},"modified":"2023-12-19T17:13:38","modified_gmt":"2023-12-19T16:13:38","slug":"atomkraft-ist-kein-klimaretter","status":"publish","type":"page","link":"https:\/\/www.sinn-schaffen.de\/klima\/atomkraft-ist-kein-klimaretter\/","title":{"rendered":"Atomkraft ist kein Klimaretter"},"content":{"rendered":"\n<p><em>Der Anteil der Atomkraft am globalen Strommix ist auf den niedrigsten Stand seit 40 Jahren gesunken \u2013 ein Anzeichen daf\u00fcr, dass sich der Ausbau der Atomkraft wirtschaftlich nicht rechnet, wie auch der k\u00fcrzlich ver\u00f6ffentlichte unabh\u00e4ngige World Nuclear Industry Status Report 2023 aufzeigt. Von den durch den Ausbau der weltweiten atomaren Infrastruktur bedingten Abh\u00e4ngigkeiten profitieren vor allem die Atomwaffenstaaten und die von ihnen betriebenen oder subventionierten Atomunternehmen.<\/em><\/p>\n\n\n\n<figure class=\"wp-block-image size-full\"><img loading=\"lazy\" decoding=\"async\" width=\"1024\" height=\"413\" src=\"https:\/\/www.sinn-schaffen.de\/klima\/wp-content\/uploads\/sites\/17\/2023\/12\/231219-NU-ippnw.jpg\" alt=\"\" class=\"wp-image-843\" title=\"Foto: Nata Uchava, Freiburg\"\/><\/figure>\n\n\n\n<p><strong>(Berlin, 12. Dezember 2023)<\/strong> Ein Ausbau der Atomkraft entspricht weder der Forderung nach wirtschaftlicher Effizienz noch dem Ziel einer global gerechten Energiewende. Der Anteil der Atomkraft am globalen Strommix ist im vergangenen Jahr auf den niedrigsten Stand seit 40 Jahren gesunken \u2011 ein Anzeichen daf\u00fcr, dass sich der Ausbau der Atomkraft wirtschaftlich nicht rechnet, wie der k\u00fcrzlich ver\u00f6ffentlichte unabh\u00e4ngige <a href=\"https:\/\/www.worldnuclearreport.org\/IMG\/pdf\/wnisr2023-v3-hr.pdf\" target=\"_blank\" data-type=\"link\" data-id=\"https:\/\/www.worldnuclearreport.org\/IMG\/pdf\/wnisr2023-v3-hr.pdf\" rel=\"noreferrer noopener\">World Nuclear Industry Status Report 2023<\/a> aufzeigt. \u201eAtomkraft ist schlicht zu langsam, zu teuer, zu gef\u00e4hrlich und zu schlecht mit den Erneuerbaren kombinierbar, als dass sie einen Beitrag zum Klimaschutz leisten k\u00f6nnte\u201c, betont Dr. Angelika Clau\u00dfen, Vorsitzende von IPPNW Deutschland \u2013 Internationale \u00c4rzte f\u00fcr die Verh\u00fctung des Atomkrieges, \u00c4rzte in sozialer Verantwortung e. V. \u201eDie Abscheidungs- und Lagertechnologie, das sogenannte Carbon Capture and Storage, entspricht auf Seiten der fossilen Energien dem, was f\u00fcr die Atomlobby ihre Small Modular Reactors sind. Beide Technologien stehen absehbar nicht zu Verf\u00fcgung und sind \u00f6kologisch und wirtschaftlich h\u00f6chst fraglich\u201c, so Clau\u00dfen weiter. \u201eDas 1,5 Grad-Ziel wird verfehlt, von den \u00f6kologischen Auswirkungen beider Technologien und deren Anwendungen ganz zu schweigen.\u201c<\/p>\n\n\n\n<p>Von den durch den Ausbau der weltweiten atomaren Infrastruktur bedingten Abh\u00e4ngigkeiten profitieren vor allem die Atomwaffenstaaten und die von ihnen betriebenen oder subventionierten Atomunternehmen. In Anbetracht der vorgelegten Daten erscheint die Verdreifachung der Stromerzeugung aus Atomenergie bis zum Jahr 2050, wie es eine Absichtserkl\u00e4rung von 22 L\u00e4ndern auf der COP28 vorschl\u00e4gt, h\u00f6chst unrealistisch.<\/p>\n\n\n\n<p>\u00dcberdies liegt die Atomkraft in ihrer CO2-Bilanz deutlich \u00fcber den g\u00e4ngigen und marktf\u00e4higen Erneuerbaren, wobei die Emissionen aus der langwierigen Zwischen- und Endlagerung radioaktiver Abf\u00e4lle noch gar nicht mitgerechnet sind. Zwischen den Zeilen zeigt die Absichtserkl\u00e4rung f\u00fcr Atomkraft jedoch ein zentrales Problem der Atomindustrie auf: ihre Unwirtschaftlichkeit.<\/p>\n\n\n\n<p>Pro-Atom-Positionen werden auf den COP-Gipfeln vermehrt von Organisationen vertreten, die sich einen zivilgesellschaftlichen Anstrich geben, w\u00e4hrend sie tats\u00e4chlich aus der Atomindustrie stammen. \u201eWir haben vor Ort beobachtet, dass Organisationen der Atomlobby beispielsweise versuchen die Stimmung zu beeinflussen,\u201c berichtet Bimal Khadka vom Board of Directors der internationalen IPPNW. \u201eWir d\u00fcrfen nicht vergessen, dass die Treiber der Atomkraft weiterhin die Atomwaffenstaaten sind. Wir sehen eine drohende Querfinanzierung der Erneuerung von Atomwaffenarsenalen im Namen des Klimaschutzes\u201c, erg\u00e4nzt Angelika Clau\u00dfen.<\/p>\n\n\n\n<div class=\"wp-block-columns is-layout-flex wp-container-core-columns-is-layout-9d6595d7 wp-block-columns-is-layout-flex\">\n<div class=\"wp-block-column is-layout-flow wp-block-column-is-layout-flow\" style=\"flex-basis:33.33%\">\n<figure class=\"wp-block-image size-full\"><a href=\"https:\/\/www.ippnw.de\/der-verein\/vorstand.html\" target=\"_blank\" rel=\"noreferrer noopener\"><img loading=\"lazy\" decoding=\"async\" width=\"250\" height=\"250\" src=\"https:\/\/www.sinn-schaffen.de\/klima\/wp-content\/uploads\/sites\/17\/2023\/12\/Angelika-Claussen-ippnw-K.jpg\" alt=\"\" class=\"wp-image-847\" title=\"Foto: IPPNW\"\/><\/a><\/figure>\n<\/div>\n\n\n\n<div class=\"wp-block-column is-layout-flow wp-block-column-is-layout-flow\" style=\"flex-basis:66.66%\">\n<p><\/p>\n\n\n\n<p><a href=\"https:\/\/www.ippnw.de\/der-verein\/vorstand.html\" target=\"_blank\" data-type=\"link\" data-id=\"https:\/\/www.ippnw.de\/der-verein\/vorstand.html\" rel=\"noreferrer noopener\">Dr. Angelika Clau\u00dfen<\/a> ist Vorsitzende von <a href=\"https:\/\/www.ippnw.de\/startseite.html\" target=\"_blank\" data-type=\"link\" data-id=\"https:\/\/www.ippnw.de\/startseite.html\" rel=\"noreferrer noopener\">IPPNW Deutschland \u2013 Internationale \u00c4rzte f\u00fcr die Verh\u00fctung des Atomkrieges, \u00c4rzte in sozialer Verantwortung e. V.<\/a><\/p>\n\n\n\n<figure class=\"wp-block-image size-large is-resized\"><a href=\"https:\/\/www.ippnw.de\/startseite.html\" target=\"_blank\" rel=\"noreferrer noopener\"><img loading=\"lazy\" decoding=\"async\" width=\"827\" height=\"1024\" src=\"https:\/\/www.sinn-schaffen.de\/klima\/wp-content\/uploads\/sites\/17\/2023\/12\/1200px-IPPNW_Logo.svg_-827x1024.png\" alt=\"\" class=\"wp-image-848\" style=\"width:205px;height:auto\"\/><\/a><\/figure>\n<\/div>\n<\/div>\n\n\n\n<div class=\"wp-block-columns is-layout-flex wp-container-core-columns-is-layout-9d6595d7 wp-block-columns-is-layout-flex\">\n<div class=\"wp-block-column is-layout-flow wp-block-column-is-layout-flow\" style=\"flex-basis:33.33%\">\n<figure class=\"wp-block-image size-full\"><a href=\"https:\/\/www.worldnuclearreport.org\/IMG\/pdf\/wnisr2023-v3-hr.pdf\" target=\"_blank\" rel=\"noreferrer noopener\"><img loading=\"lazy\" decoding=\"async\" width=\"599\" height=\"846\" src=\"https:\/\/www.sinn-schaffen.de\/klima\/wp-content\/uploads\/sites\/17\/2023\/12\/wnisr2023-v3-hr-T.jpg\" alt=\"\" class=\"wp-image-844\"\/><\/a><\/figure>\n<\/div>\n\n\n\n<div class=\"wp-block-column is-layout-flow wp-block-column-is-layout-flow\" style=\"flex-basis:66.66%\">\n<p><\/p>\n\n\n\n<p>Der &#8222;World Nuclear Industry Status Report 2023&#8220; steht <a href=\"https:\/\/www.worldnuclearreport.org\/IMG\/pdf\/wnisr2023-v3-hr.pdf\" target=\"_blank\" data-type=\"link\" data-id=\"https:\/\/www.worldnuclearreport.org\/IMG\/pdf\/wnisr2023-v3-hr.pdf\" rel=\"noreferrer noopener\">\u00fcber diesen Link zum Download als PDF<\/a> bereit.<\/p>\n<\/div>\n<\/div>\n","protected":false},"excerpt":{"rendered":"<p>Der Anteil der Atomkraft am globalen Strommix ist auf den niedrigsten Stand seit 40 Jahren gesunken \u2013 ein Anzeichen daf\u00fcr, dass sich der Ausbau der Atomkraft wirtschaftlich nicht rechnet, wie auch der k\u00fcrzlich ver\u00f6ffentlichte unabh\u00e4ngige World Nuclear Industry Status Report 2023 aufzeigt. Von den durch den Ausbau der weltweiten atomaren Infrastruktur bedingten Abh\u00e4ngigkeiten profitieren vor &hellip; <\/p>\n<p class=\"link-more\"><a href=\"https:\/\/www.sinn-schaffen.de\/klima\/atomkraft-ist-kein-klimaretter\/\" class=\"more-link\"><span class=\"screen-reader-text\">\u201eAtomkraft ist kein Klimaretter\u201c<\/span> weiterlesen<\/a><\/p>\n","protected":false},"author":1,"featured_media":0,"parent":0,"menu_order":28,"comment_status":"closed","ping_status":"closed","template":"","meta":{"footnotes":""},"class_list":["post-846","page","type-page","status-publish","hentry"],"_links":{"self":[{"href":"https:\/\/www.sinn-schaffen.de\/klima\/wp-json\/wp\/v2\/pages\/846","targetHints":{"allow":["GET"]}}],"collection":[{"href":"https:\/\/www.sinn-schaffen.de\/klima\/wp-json\/wp\/v2\/pages"}],"about":[{"href":"https:\/\/www.sinn-schaffen.de\/klima\/wp-json\/wp\/v2\/types\/page"}],"author":[{"embeddable":true,"href":"https:\/\/www.sinn-schaffen.de\/klima\/wp-json\/wp\/v2\/users\/1"}],"replies":[{"embeddable":true,"href":"https:\/\/www.sinn-schaffen.de\/klima\/wp-json\/wp\/v2\/comments?post=846"}],"version-history":[{"count":3,"href":"https:\/\/www.sinn-schaffen.de\/klima\/wp-json\/wp\/v2\/pages\/846\/revisions"}],"predecessor-version":[{"id":852,"href":"https:\/\/www.sinn-schaffen.de\/klima\/wp-json\/wp\/v2\/pages\/846\/revisions\/852"}],"wp:attachment":[{"href":"https:\/\/www.sinn-schaffen.de\/klima\/wp-json\/wp\/v2\/media?parent=846"}],"curies":[{"name":"wp","href":"https:\/\/api.w.org\/{rel}","templated":true}]}}