{"id":861,"date":"2024-01-17T16:25:54","date_gmt":"2024-01-17T15:25:54","guid":{"rendered":"https:\/\/www.sinn-schaffen.de\/klima\/?page_id=861"},"modified":"2024-01-17T16:25:56","modified_gmt":"2024-01-17T15:25:56","slug":"eu-parlament-schiebt-irrefuehrender-klimaneutral-werbung-einen-riegel-vor","status":"publish","type":"page","link":"https:\/\/www.sinn-schaffen.de\/klima\/eu-parlament-schiebt-irrefuehrender-klimaneutral-werbung-einen-riegel-vor\/","title":{"rendered":"EU-Parlament schiebt irref\u00fchrender Klimaneutral-Werbung einen Riegel vor"},"content":{"rendered":"\n<p><em>Die am 17. Januar 2024 beschlossene EU-Richtlinie &#8222;Empowering Consumers for the Green Transition&#8220; verbietet Klimaneutral-Werbung, wenn sie auf Kompensation beruht. Die Regulierung bezieht sich dabei auf Produkte und Dienstleistungen. Auch Begriffe wie &#8222;biologisch abbaubar&#8220; oder &#8222;biobasiert&#8220; werden als allgemeine Umweltaussagen verboten, wenn Unternehmen keine besondere Umweltleistung in Bezug auf die Aussage nachweisen k\u00f6nnen.<\/em><\/p>\n\n\n\n<figure class=\"wp-block-image size-full\"><img loading=\"lazy\" decoding=\"async\" width=\"1024\" height=\"413\" src=\"https:\/\/www.sinn-schaffen.de\/klima\/wp-content\/uploads\/sites\/17\/2024\/01\/240117-NU-foodwatch.jpg\" alt=\"\" class=\"wp-image-853\" title=\"Foto: Nata Uchava, Freiburg\"\/><\/figure>\n\n\n\n<p><strong>(Berlin, 17. Januar 2024)<\/strong> Das europ\u00e4ische Parlament hat heute mit 94 Prozent Zustimmung f\u00fcr ein Verbot von umweltbezogenen Werbeversprechen wie \u201eklimaneutral\u201c gestimmt. Die Aussage prangt beispielsweise auf Lebensmitteln und steht als irref\u00fchrend in der Kritik. Dazu erkl\u00e4rt Manuel Wiemann von der Verbraucherorganisation foodwatch:<\/p>\n\n\n\n<p>\u201eDas EU-Parlament hat heute f\u00fcr die Rechte der Verbraucher:innen und f\u00fcr den Schutz des Klimas gestimmt. Aus dem Wunsch der Menschen nach mehr Klimaschutz will die Lebensmittelindustrie Profit schlagen und vermarktet selbst klimasch\u00e4dliche Produkte wie Mineralwasser in Plastikflaschen oder Fleisch als \u2018klimaneutral\u2019. Es ist ein richtiger Schritt, dass das EU-Parlament der irref\u00fchrenden Klimaneutral-Werbung einen Riegel vorgeschoben hat.<\/p>\n\n\n\n<p>Hinter Klimaneutral-Labels steckt ein Riesenbusiness: Unternehmen m\u00fcssen nicht ihre eigenen Emissionen reduzieren, sondern k\u00f6nnen durch g\u00fcnstige Zertifikate von fragw\u00fcrdigen Klimaschutzprojekten ihre CO2-Bilanz sch\u00f6nrechnen. Durch den modernen Ablasshandel k\u00f6nnen Konzerne bei der Produktion weiterhin nach Belieben CO2 aussto\u00dfen, anstatt ihre Emissionen f\u00fcr echten Klimaschutzes zu reduzieren.\u201c<\/p>\n\n\n\n<p><strong>Hintergrund<\/strong><\/p>\n\n\n\n<p>Die EU-Richtlinie \u201cEmpowering Consumers for the Green Transition\u201d verbietet Klimaneutral-Werbung, wenn sie auf Kompensation beruht. Die Regulierung bezieht sich dabei auf Produkte und Dienstleistungen. Somit w\u00e4re die Aussage zum Beispiel auf Lebensmitteln nicht mehr erlaubt.<\/p>\n\n\n\n<p>Auch Begriffe wie \u201cbiologisch abbaubar\u201d oder \u201cbiobasiert\u201d werden als allgemeine Umweltaussagen verboten, wenn Unternehmen keine besondere Umweltleistung in Bezug auf die Aussage nachweisen k\u00f6nnen. Laut Umweltbundesamt ist biobasierter Kunststoff nicht nachhaltiger als konventionelle Kunststoffe. Einwegprodukte aus biologisch abbaubaren Kunststoffen bieten keine Vorteile gegen\u00fcber anderen Einweg-Kunststoffprodukten.<\/p>\n\n\n\n<p>Die Richtlinie wird bereits seit zwei Jahren diskutiert. Zuletzt einigten sich Vertreter:innen des Europ\u00e4ischen Parlaments, der Europ\u00e4ischen Kommission und des Ministerrats auf einen Kompromiss im Trilog. Nach der heutigen Zustimmung des Parlaments muss das Gesetz auch noch vom Ministerrat best\u00e4tigt werden, was jedoch in der Regel eine Formsache ist.<\/p>\n\n\n\n<div class=\"wp-block-columns is-layout-flex wp-container-core-columns-is-layout-9d6595d7 wp-block-columns-is-layout-flex\">\n<div class=\"wp-block-column is-layout-flow wp-block-column-is-layout-flow\" style=\"flex-basis:33.33%\">\n<figure class=\"wp-block-image size-full\"><a href=\"https:\/\/www.foodwatch.org\/de\/ueber-uns\/team\/manuel-wiemann\" target=\"_blank\" rel=\"noreferrer noopener\"><img loading=\"lazy\" decoding=\"async\" width=\"700\" height=\"700\" src=\"https:\/\/www.sinn-schaffen.de\/klima\/wp-content\/uploads\/sites\/17\/2024\/01\/foodwatch_Manuel_Wiemann.jpg\" alt=\"\" class=\"wp-image-854\" title=\"Foto: foodwatch\"\/><\/a><\/figure>\n<\/div>\n\n\n\n<div class=\"wp-block-column is-layout-flow wp-block-column-is-layout-flow\" style=\"flex-basis:66.66%\">\n<p><\/p>\n\n\n\n<p>Manuel Wiemann ist Campaigner bei <a href=\"https:\/\/www.foodwatch.org\/de\/startseite\" target=\"_blank\" data-type=\"link\" data-id=\"https:\/\/www.foodwatch.org\/de\/startseite\" rel=\"noreferrer noopener\">foodwatch<\/a>.<\/p>\n\n\n\n<figure class=\"wp-block-image size-large is-resized\"><a href=\"https:\/\/www.foodwatch.org\/de\/startseite\" target=\"_blank\" rel=\"noreferrer noopener\"><img loading=\"lazy\" decoding=\"async\" width=\"1024\" height=\"308\" src=\"https:\/\/www.sinn-schaffen.de\/klima\/wp-content\/uploads\/sites\/17\/2024\/01\/2560px-Foodwatch_logo-1024x308.jpg\" alt=\"\" class=\"wp-image-862\" style=\"width:442px;height:auto\"\/><\/a><\/figure>\n<\/div>\n<\/div>\n\n\n\n<div class=\"wp-block-columns is-layout-flex wp-container-core-columns-is-layout-9d6595d7 wp-block-columns-is-layout-flex\">\n<div class=\"wp-block-column is-layout-flow wp-block-column-is-layout-flow\" style=\"flex-basis:33.33%\">\n<figure class=\"wp-block-image size-full\"><a href=\"https:\/\/www.foodwatch.org\/fileadmin\/-DE\/Themen\/Klimaluegen\/Report_Klima_Claims\/Klima_Report_2022_2.pdf\" target=\"_blank\" rel=\"noreferrer noopener\"><img loading=\"lazy\" decoding=\"async\" width=\"595\" height=\"842\" src=\"https:\/\/www.sinn-schaffen.de\/klima\/wp-content\/uploads\/sites\/17\/2024\/01\/foodwatch-Report-Klima-Fake-2022.jpg\" alt=\"\" class=\"wp-image-855\"\/><\/a><\/figure>\n<\/div>\n\n\n\n<div class=\"wp-block-column is-layout-flow wp-block-column-is-layout-flow\" style=\"flex-basis:66.66%\">\n<p><\/p>\n\n\n\n<p>Der foodwatch-Report zu Klima-Werbung unter dem Titel &#8222;Der gro\u00dfe Klima-Fake&#8220; steht <a href=\"https:\/\/www.foodwatch.org\/fileadmin\/-DE\/Themen\/Klimaluegen\/Report_Klima_Claims\/Klima_Report_2022_2.pdf\" target=\"_blank\" data-type=\"link\" data-id=\"https:\/\/www.foodwatch.org\/fileadmin\/-DE\/Themen\/Klimaluegen\/Report_Klima_Claims\/Klima_Report_2022_2.pdf\" rel=\"noreferrer noopener\">\u00fcber diesen Link zum Download im Format PDF<\/a> bereit.<\/p>\n<\/div>\n<\/div>\n\n\n\n<div class=\"wp-block-columns is-layout-flex wp-container-core-columns-is-layout-9d6595d7 wp-block-columns-is-layout-flex\">\n<div class=\"wp-block-column is-layout-flow wp-block-column-is-layout-flow\" style=\"flex-basis:33.33%\">\n<figure class=\"wp-block-image size-full\"><a href=\"https:\/\/www.umweltbundesamt.de\/sites\/default\/files\/medien\/5750\/publikationen\/210722_fachbrosch_5_bf.pdf\" target=\"_blank\" rel=\"noreferrer noopener\"><img loading=\"lazy\" decoding=\"async\" width=\"599\" height=\"846\" src=\"https:\/\/www.sinn-schaffen.de\/klima\/wp-content\/uploads\/sites\/17\/2024\/01\/Umweltbundesamt-Einwegverpackungen-2021.jpg\" alt=\"\" class=\"wp-image-857\"\/><\/a><\/figure>\n<\/div>\n\n\n\n<div class=\"wp-block-column is-layout-flow wp-block-column-is-layout-flow\" style=\"flex-basis:66.66%\">\n<p><\/p>\n\n\n\n<p>Ein Report des Umweltbundesamtes von 2021 zu biobasierten und biologisch abbaubaren Einwegverpackungen steht <a href=\"https:\/\/www.umweltbundesamt.de\/sites\/default\/files\/medien\/5750\/publikationen\/210722_fachbrosch_5_bf.pdf\" target=\"_blank\" data-type=\"link\" data-id=\"https:\/\/www.umweltbundesamt.de\/sites\/default\/files\/medien\/5750\/publikationen\/210722_fachbrosch_5_bf.pdf\" rel=\"noreferrer noopener\">\u00fcber diesen Link zum Download im Format PDF<\/a> bereit.<\/p>\n<\/div>\n<\/div>\n","protected":false},"excerpt":{"rendered":"<p>Die am 17. Januar 2024 beschlossene EU-Richtlinie &#8222;Empowering Consumers for the Green Transition&#8220; verbietet Klimaneutral-Werbung, wenn sie auf Kompensation beruht. Die Regulierung bezieht sich dabei auf Produkte und Dienstleistungen. Auch Begriffe wie &#8222;biologisch abbaubar&#8220; oder &#8222;biobasiert&#8220; werden als allgemeine Umweltaussagen verboten, wenn Unternehmen keine besondere Umweltleistung in Bezug auf die Aussage nachweisen k\u00f6nnen.<\/p>\n","protected":false},"author":1,"featured_media":0,"parent":0,"menu_order":27,"comment_status":"closed","ping_status":"closed","template":"","meta":{"footnotes":""},"class_list":["post-861","page","type-page","status-publish","hentry"],"_links":{"self":[{"href":"https:\/\/www.sinn-schaffen.de\/klima\/wp-json\/wp\/v2\/pages\/861","targetHints":{"allow":["GET"]}}],"collection":[{"href":"https:\/\/www.sinn-schaffen.de\/klima\/wp-json\/wp\/v2\/pages"}],"about":[{"href":"https:\/\/www.sinn-schaffen.de\/klima\/wp-json\/wp\/v2\/types\/page"}],"author":[{"embeddable":true,"href":"https:\/\/www.sinn-schaffen.de\/klima\/wp-json\/wp\/v2\/users\/1"}],"replies":[{"embeddable":true,"href":"https:\/\/www.sinn-schaffen.de\/klima\/wp-json\/wp\/v2\/comments?post=861"}],"version-history":[{"count":1,"href":"https:\/\/www.sinn-schaffen.de\/klima\/wp-json\/wp\/v2\/pages\/861\/revisions"}],"predecessor-version":[{"id":863,"href":"https:\/\/www.sinn-schaffen.de\/klima\/wp-json\/wp\/v2\/pages\/861\/revisions\/863"}],"wp:attachment":[{"href":"https:\/\/www.sinn-schaffen.de\/klima\/wp-json\/wp\/v2\/media?parent=861"}],"curies":[{"name":"wp","href":"https:\/\/api.w.org\/{rel}","templated":true}]}}