{"id":878,"date":"2024-02-07T17:33:57","date_gmt":"2024-02-07T16:33:57","guid":{"rendered":"https:\/\/www.sinn-schaffen.de\/klima\/?page_id=878"},"modified":"2024-02-07T17:33:58","modified_gmt":"2024-02-07T16:33:58","slug":"net-zero-industry-act-anstatt-sich-klar-zu-erneuerbaren-energien-zu-bekennen-setzt-die-eu-auf-gefaehrliche-und-noch-dazu-teure-scheinloesungen","status":"publish","type":"page","link":"https:\/\/www.sinn-schaffen.de\/klima\/net-zero-industry-act-anstatt-sich-klar-zu-erneuerbaren-energien-zu-bekennen-setzt-die-eu-auf-gefaehrliche-und-noch-dazu-teure-scheinloesungen\/","title":{"rendered":"Net-Zero-Industry-Act: Anstatt sich klar zu Erneuerbaren Energien zu bekennen, setzt die EU auf gef\u00e4hrliche und noch dazu teure Scheinl\u00f6sungen"},"content":{"rendered":"\n<p><em>Bis zum Jahr 2030 sollen 40 Prozent der j\u00e4hrlich eingesetzten Netto-Null-Technologien durch eine in Europa angesiedelte Produktion gedeckt werden. Dazu geh\u00f6ren neben gr\u00fcnen Technologien wie Solar, Wind und W\u00e4rmepumpen nun auch solche mit erheblichen Klima- und Umweltrisiken wie Kohlendioxid-Verpressung (CCS) und Kernenergie.<\/em><\/p>\n\n\n\n<figure class=\"wp-block-image size-full\"><img loading=\"lazy\" decoding=\"async\" width=\"1024\" height=\"413\" src=\"https:\/\/www.sinn-schaffen.de\/klima\/wp-content\/uploads\/sites\/17\/2024\/02\/240207-NU-DUH-NZIA.jpg\" alt=\"\" class=\"wp-image-877\" title=\"Foto: Nata Uchava, Freiburg\"\/><\/figure>\n\n\n\n<p><strong>(Berlin, 6. Februar 2024)<\/strong> Heute haben sich EU-Parlament, Rat und Kommission auf ein Gesetz zur F\u00f6rderung von Zukunftstechnologien geeinigt \u2013 den europ\u00e4ischen Net-Zero-Industry-Act (NZIA). Die Deutsche Umwelthilfe sieht darin einen zweifelhaften Kompromiss zugunsten teurer Hochrisikotechnologien: Demnach sollen neben Solar- und Windenergie oder W\u00e4rmepumpen auch Atomenergie und Kohlendioxid-Verpressung (CCS) profitieren.<\/p>\n\n\n\n<p>Sascha M\u00fcller-Kraenner, Bundesgesch\u00e4ftsf\u00fchrer der Deutschen Umwelthilfe: \u201eEine europ\u00e4ische Industriepolitik, die die Herstellung von gr\u00fcnen Technologien in Europa beg\u00fcnstigt, ist l\u00e4ngst \u00fcberf\u00e4llig. Doch die Antwort auf den internationalen Wettlauf um Zukunftstechnologien f\u00e4llt verhalten aus. Anstatt sich klar zu Erneuerbaren zu bekennen, setzt die EU auf gef\u00e4hrliche und noch dazu teure Scheinl\u00f6sungen. Atomkraft und CCS helfen uns keinesfalls dabei, unseren CO2-Fu\u00dfabdruck noch in diesem Jahrzehnt erheblich zu reduzieren. Die Bundesregierung muss jetzt bei der nationalen Umsetzung konsequent auf etablierte erneuerbare Technologien wie Solar, Wind und W\u00e4rmepumpen setzen und alles andere von der F\u00f6rderung ausschlie\u00dfen.\u201c<\/p>\n\n\n\n<p>Mit dem Net-Zero-Industry-Act (NZIA) will die EU die Produktionskapazit\u00e4ten betreffender Technologien in Europa erh\u00f6hen, indem die Genehmigung und der Bau von Anlagen entlang der Wertsch\u00f6pfungskette beschleunigt werden. Daf\u00fcr sind eine zentrale Anlaufstelle auf Beh\u00f6rdenseite, verk\u00fcrzte Genehmigungsverfahren und qualitative Kriterien bei der Vergabe \u00f6ffentlicher Auftr\u00e4ge und in Ausschreibungen vorgesehen.<\/p>\n\n\n\n<p>\u201eLeider m\u00fcssen Resilienz- und Nachhaltigkeitskriterien nur f\u00fcr einen kleinen Teil der \u00f6ffentlichen Ausschreibungen gelten und sind schwach ausgestaltet. Wir erwarten, dass die EU-Kommission hier schnellstm\u00f6glich mit ambitionierten, technologiespezifischen Regelungen nachlegt. Es d\u00fcrfen ausschlie\u00dflich jene Technologien in Europa gef\u00f6rdert werden, die unsere Umwelt sch\u00fctzen und auf Klima- und Ressourcenschutzziele einzahlen\u201c, so M\u00fcller-Kraenner.<\/p>\n\n\n\n<p><strong>Hintergrund<\/strong><\/p>\n\n\n\n<p>Der Net-Zero-Industry-Act (NZIA) soll die Widerstandsf\u00e4higkeit und die Wettbewerbsposition europ\u00e4ischer Klimaschutz-Industrien st\u00e4rken und hochwertige Arbeitspl\u00e4tze schaffen. Bis zum Jahr 2030 sollen 40 Prozent der j\u00e4hrlich eingesetzten Netto-Null-Technologien durch eine in Europa angesiedelte Produktion gedeckt werden. Dazu geh\u00f6ren neben gr\u00fcnen Technologien wie Solar, Wind und W\u00e4rmepumpen nun auch solche mit erheblichen Klima- und Umweltrisiken wie Kohlendioxid-Verpressung (CCS) und Kernenergie.<\/p>\n\n\n\n<p>Die Deutsche Umwelthilfe fordert nun die EU-Kommission auf, zeitnahe nachzusteuern und in einem erg\u00e4nzenden Rechtsakt ambitionierte Ausschreibungskriterien festzulegen. Von der Bundesregierung erwartet sie eine rasche Umsetzung mit klarem Fokus auf gr\u00fcnen Technologien. Denn Mitgliedsstaaten k\u00f6nnen selbst entscheiden, welche der sogenannten Netto-Null-Technologien sie f\u00f6rdern.<\/p>\n\n\n\n<div class=\"wp-block-columns is-layout-flex wp-container-core-columns-is-layout-9d6595d7 wp-block-columns-is-layout-flex\">\n<div class=\"wp-block-column is-layout-flow wp-block-column-is-layout-flow\" style=\"flex-basis:33.33%\">\n<figure class=\"wp-block-image size-full\"><a href=\"https:\/\/www.duh.de\/ueberuns\/team-der-duh\/\" target=\"_blank\" rel=\"noreferrer noopener\"><img loading=\"lazy\" decoding=\"async\" width=\"300\" height=\"212\" src=\"https:\/\/www.sinn-schaffen.de\/klima\/wp-content\/uploads\/sites\/17\/2019\/12\/Sascha_Mueller-Kraenner-300.jpg\" alt=\"\" class=\"wp-image-231\" title=\"Foto: Deutsche Umwelthilfe\"\/><\/a><\/figure>\n<\/div>\n\n\n\n<div class=\"wp-block-column is-layout-flow wp-block-column-is-layout-flow\" style=\"flex-basis:66.66%\">\n<p><\/p>\n\n\n\n<p>Sascha M\u00fcller-Kraenner ist Bundesgesch\u00e4ftsf\u00fchrer der <a href=\"https:\/\/www.duh.de\/\" target=\"_blank\" data-type=\"link\" data-id=\"https:\/\/www.duh.de\/\" rel=\"noreferrer noopener\">Deutschen Umwelthilfe<\/a>.<\/p>\n\n\n\n<figure class=\"wp-block-image size-large is-resized\"><a href=\"https:\/\/www.duh.de\/\" target=\"_blank\" rel=\"noreferrer noopener\"><img loading=\"lazy\" decoding=\"async\" width=\"1024\" height=\"125\" src=\"https:\/\/www.sinn-schaffen.de\/klima\/wp-content\/uploads\/sites\/17\/2019\/01\/DUHLogo-1024x125.png\" alt=\"\" class=\"wp-image-104\" style=\"width:362px;height:auto\"\/><\/a><\/figure>\n<\/div>\n<\/div>\n","protected":false},"excerpt":{"rendered":"<p>Bis zum Jahr 2030 sollen 40 Prozent der j\u00e4hrlich eingesetzten Netto-Null-Technologien durch eine in Europa angesiedelte Produktion gedeckt werden. Dazu geh\u00f6ren neben gr\u00fcnen Technologien wie Solar, Wind und W\u00e4rmepumpen nun auch solche mit erheblichen Klima- und Umweltrisiken wie Kohlendioxid-Verpressung (CCS) und Kernenergie.<\/p>\n","protected":false},"author":1,"featured_media":0,"parent":0,"menu_order":24,"comment_status":"closed","ping_status":"closed","template":"","meta":{"footnotes":""},"class_list":["post-878","page","type-page","status-publish","hentry"],"_links":{"self":[{"href":"https:\/\/www.sinn-schaffen.de\/klima\/wp-json\/wp\/v2\/pages\/878","targetHints":{"allow":["GET"]}}],"collection":[{"href":"https:\/\/www.sinn-schaffen.de\/klima\/wp-json\/wp\/v2\/pages"}],"about":[{"href":"https:\/\/www.sinn-schaffen.de\/klima\/wp-json\/wp\/v2\/types\/page"}],"author":[{"embeddable":true,"href":"https:\/\/www.sinn-schaffen.de\/klima\/wp-json\/wp\/v2\/users\/1"}],"replies":[{"embeddable":true,"href":"https:\/\/www.sinn-schaffen.de\/klima\/wp-json\/wp\/v2\/comments?post=878"}],"version-history":[{"count":1,"href":"https:\/\/www.sinn-schaffen.de\/klima\/wp-json\/wp\/v2\/pages\/878\/revisions"}],"predecessor-version":[{"id":879,"href":"https:\/\/www.sinn-schaffen.de\/klima\/wp-json\/wp\/v2\/pages\/878\/revisions\/879"}],"wp:attachment":[{"href":"https:\/\/www.sinn-schaffen.de\/klima\/wp-json\/wp\/v2\/media?parent=878"}],"curies":[{"name":"wp","href":"https:\/\/api.w.org\/{rel}","templated":true}]}}