{"id":884,"date":"2024-02-13T16:28:38","date_gmt":"2024-02-13T15:28:38","guid":{"rendered":"https:\/\/www.sinn-schaffen.de\/klima\/?page_id=884"},"modified":"2024-02-13T16:28:39","modified_gmt":"2024-02-13T15:28:39","slug":"studie-zum-eu-emissionshandel-verbaende-fordern-nationalen-mindestpreis-klimageld-und-zielgerichtete-foerderung","status":"publish","type":"page","link":"https:\/\/www.sinn-schaffen.de\/klima\/studie-zum-eu-emissionshandel-verbaende-fordern-nationalen-mindestpreis-klimageld-und-zielgerichtete-foerderung\/","title":{"rendered":"Studie zum EU-Emissionshandel: Verb\u00e4nde fordern nationalen Mindestpreis, Klimageld und zielgerichtete F\u00f6rderung"},"content":{"rendered":"\n<p><em>Um Preisschocks zu vermeiden und die Planbarkeit zu verbessern, sollte der nationale CO2-Preispfad bereits vor Ausweitung des europ\u00e4ischen Emissionshandels auf Verkehr und Geb\u00e4ude (ETS II) angehoben und gleichzeitig ein sozialer Ausgleich geschaffen werden. Vorsorge f\u00fcr soziale Gerechtigkeit schafft Akzeptanz f\u00fcr ambitionierten Klimaschutz. Neben dem Klimageld sollte die Bundesregierung jetzt die Weichen daf\u00fcr stellen, dass auch einkommensschwache Haushalte in den n\u00e4chsten Jahren auf klimaneutrale Mobilit\u00e4t umsteigen k\u00f6nnen.<\/em><\/p>\n\n\n\n<figure class=\"wp-block-image size-full\"><img loading=\"lazy\" decoding=\"async\" width=\"1024\" height=\"413\" src=\"https:\/\/www.sinn-schaffen.de\/klima\/wp-content\/uploads\/sites\/17\/2024\/02\/240213-NU-germanwatch-et-al.jpg\" alt=\"\" class=\"wp-image-880\" title=\"Foto: Nata Uchava, Freiburg\"\/><\/figure>\n\n\n\n<p><strong>(Berlin, 13. Februar 2024)<\/strong> Die f\u00fcr 2027 geplante Ausweitung des europ\u00e4ischen Emissionshandels auf Verkehr und Geb\u00e4ude (ETS II) kann zu h\u00f6heren und schwankenden CO2-Preisen f\u00fchren. Um Preisschocks zu vermeiden und die Planbarkeit zu verbessern, sollte der nationale CO2-Preispfad bereits vor Einf\u00fchrung des ETS II angehoben und gleichzeitig ein sozialer Ausgleich geschaffen werden. Zu diesen Ergebnissen kommt eine neue Studie des Forums \u00d6kologisch-Soziale Marktwirtschaft und des \u00d6ko-Instituts. Die Autorinnen und Autoren der Studie empfehlen die Einf\u00fchrung eines nationalen Mindestpreises und gezielte Klimaschutzma\u00dfnahmen f\u00fcr untere Einkommensgruppen. Die Studie entstand im Auftrag der Klima-Allianz Deutschland und ihrer Mitglieder<\/p>\n\n\n\n<ul class=\"wp-block-list\">\n<li>Bund f\u00fcr Umwelt- und Naturschutz Deutschland (BUND),<\/li>\n\n\n\n<li>Diakonie Deutschland,<\/li>\n\n\n\n<li>Germanwatch,<\/li>\n\n\n\n<li>Institut f\u00fcr Kirche und Gesellschaft,<\/li>\n\n\n\n<li>WWF Deutschland sowie des<\/li>\n\n\n\n<li>Deutschen Naturschutzrings.<\/li>\n<\/ul>\n\n\n\n<p>Der erste Teil der Studie untersucht politische Optionen und Handlungsbedarfe zur nationalen Ausgestaltung des neuen EU-Emissionshandels und zu seiner Zusammenf\u00fchrung mit dem bestehenden nationalen CO2-Preis f\u00fcr Geb\u00e4ude und Verkehr. Dazu schlagen die Wissenschaftlerinnen und Wissenschaftler einen nationalen Mindestpreis vor, um mehr Planbarkeit f\u00fcr private Haushalte und Unternehmen zu schaffen. Zudem sollte die Bundesregierung den nationalen CO2-Preis bereits vor dem \u00dcbergang zum EU-Emissionshandel \u00fcber den bisherigen Preiskorridor hinaus anheben, um sprunghafte Preisanstiege zu vermeiden.<\/p>\n\n\n\n<p>Im zweiten Teil analysiert die Studie, welche M\u00f6glichkeiten des sozialen Ausgleichs bestehen, um Preissteigerungen abzufedern. Dazu werden Optionen gepr\u00fcft, wie die Einnahmen aus der CO2-Bepreisung verwendet werden k\u00f6nnen. Demnach w\u00e4ren sowohl gezielte F\u00f6rderprogramme als auch ein Klimageld m\u00f6glich. Gezielte F\u00f6rderprogramme sollen Menschen mit wenig Geld dabei unterst\u00fctzen, ihre Wohnung und Mobilit\u00e4t klimafreundlicher zu gestalten und sie damit vor hohen Kosten sch\u00fctzen.<\/p>\n\n\n\n<p>Stefanie Langkamp, Politische Gesch\u00e4ftsleiterin der Klima-Allianz Deutschland, kommentiert: \u201eDie Ausweitung des europ\u00e4ischen Emissionshandels ist ein Meilenstein f\u00fcr die europ\u00e4ische Klimapolitik. Damit die CO2-Bepreisung in Deutschland wirkungsvoll und sozial gerecht wird, muss die Bundesregierung jetzt ein kluges Gesamtpaket f\u00fcr den \u00dcbergang gestalten. Dies sollte aus einem Dreiklang aus nationalem Mindestpreis, der Einf\u00fchrung des Klimagelds und gezielten F\u00f6rderprogrammen f\u00fcr Menschen mit geringem Einkommen bestehen. Nur so kann beispielsweise auch die alleinerziehende Pflegekraft in einer Mietwohnung in Zukunft klimafreundlich und g\u00fcnstig heizen.\u201c<\/p>\n\n\n\n<p>Oldag Caspar, Bereichsleiter Deutsche und Europ\u00e4ische Klimapolitik bei Germanwatch, erkl\u00e4rt: \u201eDie Studie zeigt, dass es dringenden Handlungsbedarf gibt. Wir m\u00fcssen Deutschland vorbereiten auf einen schnellen CO2-Preis-Anstieg, wie er 2027-2028 mit der Einf\u00fchrung des EU-Emissionshandels f\u00fcr Geb\u00e4ude und Verkehr wahrscheinlich eintritt. Vorsorge f\u00fcr soziale Gerechtigkeit schafft Akzeptanz f\u00fcr ambitionierten Klimaschutz. Neben dem Klimageld sollte die Bundesregierung jetzt die Weichen daf\u00fcr stellen, dass auch einkommensschwache Haushalte in den n\u00e4chsten Jahren auf klimaneutrale Mobilit\u00e4t umsteigen k\u00f6nnen.\u201c<\/p>\n\n\n\n<p>Dr. Jan-Dirk D\u00f6hling, designierter Leiter des Instituts f\u00fcr Kirche und Gesellschaft der evangelischen Kirche von Westfalen, sagt mit Blick auf das Klimageld: \u201eDas Wirrwarr beim Klimageld ist nicht akzeptabel. Das im Koalitionsvertrag versprochene Klimageld muss jetzt umgesetzt werden. Denn gerade Menschen mit wenig Einkommen brauchen das Klimageld und d\u00fcrfen nicht weiter vertr\u00f6stet werden. Akzeptanz f\u00fcr den Klimaschutz schafft, wer jedem und jeder Einzelnen zeigt, Klimaschutz lohnt sich \u2011 f\u00fcr die Sch\u00f6pfung, f\u00fcr die Zukunft und dann auch pers\u00f6nlich. Die Studie zeigt, dass mit dem neuen europ\u00e4ischen Emissionshandel schwankende CO2-Preise und damit zus\u00e4tzliche Belastungen f\u00fcr die Haushalte kommen werden. Das Klimageld garantiert hier einen verl\u00e4sslichen sozialen Ausgleich. Die Ampel steht im Wort, die Finanzierungsfrage zu beantworten und einen Gesetzentwurf vorzulegen.\u201d<\/p>\n\n\n\n<p>Maria Loheide, Vorst\u00e4ndin Sozialpolitik der Diakonie Deutschland, erkl\u00e4rt: \u201eDie Studie macht deutlich: Das Klimageld ist ein wichtiger Baustein f\u00fcr eine sozial gerechte Klimapolitik. Damit auch Menschen mit geringem Einkommen nicht mehr auf teure fossile Brennstoffe angewiesen sind, muss aber noch mehr passieren. Wir appellieren an die Bundesregierung, jetzt einen nationalen Klima-Sozialplan auf den Weg zu bringen, um weitere gezielte F\u00f6rderprogramme aufzusetzen, die Menschen mit geringem Einkommen unterst\u00fctzen. Wirksam w\u00e4ren zum Beispiel ein deutschlandweites Sozialticket, der Ausbau des \u00f6ffentlichen Personennahverkehrs im l\u00e4ndlichen Raum und gezielte Sanierungsf\u00f6rderung f\u00fcr einkommensschwache Haushalte. Das Geld, das im Klima-Sozialfonds zur Verf\u00fcgung steht, ist leider nicht ausreichend. F\u00fcr eine erfolgreiche sozial-\u00f6kologische Transformation braucht es mehr Mittel.\u201c<\/p>\n\n\n\n<div class=\"wp-block-columns is-layout-flex wp-container-core-columns-is-layout-9d6595d7 wp-block-columns-is-layout-flex\">\n<div class=\"wp-block-column is-layout-flow wp-block-column-is-layout-flow\" style=\"flex-basis:33.33%\">\n<figure class=\"wp-block-image size-full\"><a href=\"https:\/\/www.germanwatch.org\/de\/user\/oldagcaspar\" target=\"_blank\" rel=\"noreferrer noopener\"><img loading=\"lazy\" decoding=\"async\" width=\"200\" height=\"280\" src=\"https:\/\/www.sinn-schaffen.de\/klima\/wp-content\/uploads\/sites\/17\/2024\/01\/Oldag-Caspar-Foto-Germanwatch.jpg\" alt=\"\" class=\"wp-image-865\" title=\"Foto: germanwatch\"\/><\/a><\/figure>\n<\/div>\n\n\n\n<div class=\"wp-block-column is-layout-flow wp-block-column-is-layout-flow\" style=\"flex-basis:66.66%\">\n<p><\/p>\n\n\n\n<p>Oldag Caspar ist Bereichsleiter Deutsche und Europ\u00e4ische Klimapolitik bei <a href=\"https:\/\/www.germanwatch.org\/de\" target=\"_blank\" data-type=\"link\" data-id=\"https:\/\/www.germanwatch.org\/de\" rel=\"noreferrer noopener\">Germanwatch e.V.<\/a><\/p>\n\n\n\n<figure class=\"wp-block-image size-full is-resized\"><a href=\"https:\/\/www.germanwatch.org\/de\" target=\"_blank\" rel=\"noreferrer noopener\"><img loading=\"lazy\" decoding=\"async\" width=\"200\" height=\"73\" src=\"https:\/\/www.sinn-schaffen.de\/klima\/wp-content\/uploads\/sites\/17\/2018\/08\/logoGermanwatch.png\" alt=\"\" class=\"wp-image-39\" style=\"width:211px;height:auto\"\/><\/a><\/figure>\n<\/div>\n<\/div>\n\n\n\n<div class=\"wp-block-columns is-layout-flex wp-container-core-columns-is-layout-9d6595d7 wp-block-columns-is-layout-flex\">\n<div class=\"wp-block-column is-layout-flow wp-block-column-is-layout-flow\" style=\"flex-basis:33.33%\">\n<figure class=\"wp-block-image size-full\"><a href=\"https:\/\/www.klima-allianz.de\/fileadmin\/user_upload\/2024\/2024-02_KAD_ETS2-KSF-final.pdf\" target=\"_blank\" rel=\"noreferrer noopener\"><img loading=\"lazy\" decoding=\"async\" width=\"599\" height=\"846\" src=\"https:\/\/www.sinn-schaffen.de\/klima\/wp-content\/uploads\/sites\/17\/2024\/02\/2024-02_KAD_ETS2-KSF-final-T.jpg\" alt=\"\" class=\"wp-image-881\"\/><\/a><\/figure>\n<\/div>\n\n\n\n<div class=\"wp-block-column is-layout-flow wp-block-column-is-layout-flow\" style=\"flex-basis:66.66%\">\n<p><\/p>\n\n\n\n<p>Die Studie &#8222;CO2-Preis in Deutschland \u2013 Umsetzung des ETS II und des Klima-Sozialfonds in Deutschland&#8220; steht <a href=\"https:\/\/www.klima-allianz.de\/fileadmin\/user_upload\/2024\/2024-02_KAD_ETS2-KSF-final.pdf\" target=\"_blank\" data-type=\"link\" data-id=\"https:\/\/www.klima-allianz.de\/fileadmin\/user_upload\/2024\/2024-02_KAD_ETS2-KSF-final.pdf\" rel=\"noreferrer noopener\">\u00fcber diesen Link zum Download als PDF-Datei<\/a> bereit.<\/p>\n<\/div>\n<\/div>\n","protected":false},"excerpt":{"rendered":"<p>Um Preisschocks zu vermeiden und die Planbarkeit zu verbessern, sollte der nationale CO2-Preispfad bereits vor Ausweitung des europ\u00e4ischen Emissionshandels auf Verkehr und Geb\u00e4ude (ETS II) angehoben und gleichzeitig ein sozialer Ausgleich geschaffen werden. Vorsorge f\u00fcr soziale Gerechtigkeit schafft Akzeptanz f\u00fcr ambitionierten Klimaschutz. Neben dem Klimageld sollte die Bundesregierung jetzt die Weichen daf\u00fcr stellen, dass auch einkommensschwache Haushalte in den n\u00e4chsten Jahren auf klimaneutrale Mobilit\u00e4t umsteigen k\u00f6nnen.<\/p>\n","protected":false},"author":1,"featured_media":0,"parent":0,"menu_order":23,"comment_status":"closed","ping_status":"closed","template":"","meta":{"footnotes":""},"class_list":["post-884","page","type-page","status-publish","hentry"],"_links":{"self":[{"href":"https:\/\/www.sinn-schaffen.de\/klima\/wp-json\/wp\/v2\/pages\/884","targetHints":{"allow":["GET"]}}],"collection":[{"href":"https:\/\/www.sinn-schaffen.de\/klima\/wp-json\/wp\/v2\/pages"}],"about":[{"href":"https:\/\/www.sinn-schaffen.de\/klima\/wp-json\/wp\/v2\/types\/page"}],"author":[{"embeddable":true,"href":"https:\/\/www.sinn-schaffen.de\/klima\/wp-json\/wp\/v2\/users\/1"}],"replies":[{"embeddable":true,"href":"https:\/\/www.sinn-schaffen.de\/klima\/wp-json\/wp\/v2\/comments?post=884"}],"version-history":[{"count":1,"href":"https:\/\/www.sinn-schaffen.de\/klima\/wp-json\/wp\/v2\/pages\/884\/revisions"}],"predecessor-version":[{"id":885,"href":"https:\/\/www.sinn-schaffen.de\/klima\/wp-json\/wp\/v2\/pages\/884\/revisions\/885"}],"wp:attachment":[{"href":"https:\/\/www.sinn-schaffen.de\/klima\/wp-json\/wp\/v2\/media?parent=884"}],"curies":[{"name":"wp","href":"https:\/\/api.w.org\/{rel}","templated":true}]}}