{"id":909,"date":"2024-05-16T14:26:19","date_gmt":"2024-05-16T12:26:19","guid":{"rendered":"https:\/\/www.sinn-schaffen.de\/klima\/?page_id=909"},"modified":"2024-05-16T14:26:20","modified_gmt":"2024-05-16T12:26:20","slug":"vor-eu-wahl-2024-breites-bahn-buendnis-fordert-europaweiten-aufbruch-auf-der-schiene","status":"publish","type":"page","link":"https:\/\/www.sinn-schaffen.de\/klima\/vor-eu-wahl-2024-breites-bahn-buendnis-fordert-europaweiten-aufbruch-auf-der-schiene\/","title":{"rendered":"Vor EU-Wahl 2024: Breites Bahn-B\u00fcndnis fordert europaweiten Aufbruch auf der Schiene"},"content":{"rendered":"\n<p><em>Die EU muss die Schiene sofort nach der Europawahl in den Mittelpunkt ihrer Gesetzgebung und Investitionsentscheidungen stellen, fordert ein B\u00fcndnis von Unternehmen, Branchenverb\u00e4nden und Umweltorganisationen, die deutlich \u00fcber 1.000 einzelne Mitgliedsorganisationen repr\u00e4sentieren: &#8222;Die Eisenbahn ist der mit Abstand klimafreundlichste Verkehrstr\u00e4ger auf der Mittel- und Langstrecke in Europa. Darum braucht es nach der EU-Wahl ein starkes Bekenntnis der Br\u00fcsseler Institutionen zur Verkehrsverlagerung auf die Schiene. Die EU ben\u00f6tigt dazu neue Ziele f\u00fcr Modernisierung, Digitalisierung und den Ausbau der Schieneninfrastruktur.&#8220;<\/em><\/p>\n\n\n\n<figure class=\"wp-block-image size-full\"><img loading=\"lazy\" decoding=\"async\" width=\"1024\" height=\"413\" src=\"https:\/\/www.sinn-schaffen.de\/klima\/wp-content\/uploads\/sites\/17\/2024\/05\/240516-NU-germanwatch-et-al.jpg\" alt=\"\" class=\"wp-image-905\" title=\"Foto: Nata Uchava, Freiburg\"\/><\/figure>\n\n\n\n<p><strong>(Berlin, 14. Mai 2024) <\/strong>14 Unternehmen, Branchenverb\u00e4nde und Umweltorganisationen fordern in der hei\u00dfen Phase des EU-Wahlkampfes einen europ\u00e4ischen Aufbruch f\u00fcr die klimafreundliche Schiene. In einer heute ver\u00f6ffentlichten gemeinsamen Erkl\u00e4rung hei\u00dft es: \u201eWir erwarten vom Europ\u00e4ischen Parlament, der EU-Kommission und den EU-Mitgliedstaaten einen Aufbruch bei der EU-Rahmensetzung f\u00fcr eine Verlagerung von Investitionen und Verkehr auf die Schiene.\u201c<\/p>\n\n\n\n<p>Die EU m\u00fcsse die Schiene sofort nach der Europawahl in den Mittelpunkt ihrer Gesetzgebung und Investitionsentscheidungen stellen. Es gehe darum, Attraktivit\u00e4t und Kapazit\u00e4t des Schienenverkehrs EU-weit massiv zu steigern. Die EU brauche bereits bis 2030 eine konsequente Verkehrsverlagerung auf die klimafreundliche Schiene, vorangetrieben durch konkrete Ziele, steigende Investitionen und optimierte Rahmenbedingungen f\u00fcr eine schnelle Umsetzung. Anders seien die Klimaziele in Deutschland und der EU nicht zu erreichen.<\/p>\n\n\n\n<p>\u201eDie EU muss die neue Wahlperiode zur Legislatur der Schiene machen\u201c, sagt Lutz Weischer, Leiter des Berliner B\u00fcros von Germanwatch. \u201eDie Bahn ist bis zu 28-mal klimafreundlicher als das Flugzeug, \u00fcber sechsmal energieeffizienter als der Lkw und viermal energieeffizienter als das Auto. Jahrzehntelang wurde die Schiene EU-weit kaputtgespart. Jetzt brauchen wir f\u00fcr das Erreichen der Klimaziele von der Politik einen Turbo bei der Reform der europ\u00e4ischen Rahmensetzung f\u00fcr den Umstieg in die Bahn.\u201c<\/p>\n\n\n\n<p>Neben EU-Kommission und Europaparlament solle gerade Deutschland die Entwicklung zur Klimaneutralit\u00e4t im Verkehrssektor auf EU-Ebene vorantreiben, hei\u00dft es in der Erkl\u00e4rung. F\u00fcr Deutschland als gr\u00f6\u00dfter Volkswirtschaft und Verkehrsknotenpunkt im Herzen Europas sei die EU-Rahmensetzung besonders entscheidend.<\/p>\n\n\n\n<p><strong>Investitionsschub, beschleunigte Modernisierung, Verkehrsverlagerung<\/strong><\/p>\n\n\n\n<p>In ihrer Erkl\u00e4rung schlagen die unterzeichnenden Organisationen ein Ma\u00dfnahmenpaket aus konkreten Umsetzungsschritten vor, mit denen der Schienenverkehr zum R\u00fcckgrat einer klimafreundlichen europ\u00e4ischen Mobilit\u00e4t werden kann. Dazu geh\u00f6ren unter anderem:<\/p>\n\n\n\n<ul class=\"wp-block-list\">\n<li>Ausbau, Modernisierung und Digitalisierung des Schienenverkehrs m\u00fcssen \u00fcber einen Investitionsschub europaweit beschleunigt werden, f\u00fcr den mehr EU-Mittel leichter abrufbar sein m\u00fcssen<\/li>\n\n\n\n<li>Ein Masterplan f\u00fcr ein grenz\u00fcberschreitendes Zugnetz 2030 sowie einen Europatakt<\/li>\n\n\n\n<li>Die Transformation muss nachhaltig finanziert werden, auch \u00fcber den Abbau umweltpolitisch kontraproduktiver Subventionen im Verkehr<\/li>\n\n\n\n<li>Zudem geht es um die Verlagerung von G\u00fcterverkehr auf die Schiene, die Gewinnung von Fachkr\u00e4ften und optimierte Regelwerke im Schienenbereich, die eine beschleunigte Modernisierung der Schiene vereinfachen und an den klima- und verkehrspolitischen Zielen ausgerichtet werden<\/li>\n<\/ul>\n\n\n\n<p>Sarah Stark, Hauptgesch\u00e4ftsf\u00fchrerin, Verband der Bahnindustrie in Deutschland (VDB) e.V.: \u201eDer Bahnsektor sichert zukunftsf\u00e4hige Arbeitspl\u00e4tze und industrielle Wertsch\u00f6pfung mit derzeit rund 550.000 Arbeitspl\u00e4tzen und 50 Milliarden Euro Wertsch\u00f6pfung j\u00e4hrlich alleine in Deutschland. Die EU muss jetzt den richtigen Rahmen f\u00fcr die schnelle Modernisierung, Digitalisierung und den Ausbau sowie die europ\u00e4ische Harmonisierung der Schiene setzen, damit diese ihre Rolle als R\u00fcckgrat einer nachhaltigen europ\u00e4ischen Mobilit\u00e4t und eines innovativen Wirtschaftsstandorts einnehmen kann.\u201c<\/p>\n\n\n\n<p>Dirk Flege, Gesch\u00e4ftsf\u00fchrer der Allianz pro Schiene, erg\u00e4nzt: \u201eDie Eisenbahn ist der mit Abstand klimafreundlichste Verkehrstr\u00e4ger auf der Mittel- und Langstrecke in Europa. Darum braucht es nach der EU-Wahl ein starkes Bekenntnis der Br\u00fcsseler Institutionen zur Verkehrsverlagerung auf die Schiene. Die EU ben\u00f6tigt dazu neue Ziele f\u00fcr Modernisierung, Digitalisierung und den Ausbau der Schieneninfrastruktur.\u201c<\/p>\n\n\n\n<p><strong>Hintergrund<\/strong><\/p>\n\n\n\n<p>Die Erkl\u00e4rung wurde koordiniert von Allianz pro Schiene, Germanwatch und dem Verband der Bahnindustrie in Deutschland. Zeichner sind zudem Unternehmen wie die Deutsche Bahn, Flix oder Trainline, Unternehmensverb\u00e4nde aus der Bahnbranche, wie der Verband Deutscher Verkehrsunternehmen, der Verband der G\u00fcterwagenhalter in Deutschland, der Bundesverband SchienenNahverkehr und MOFAIR sowie der Fahrgastverband PRO BAHN und der Verband Deutscher Eisenbahningenieure. Die beiden Dachverb\u00e4nde Klima-Allianz Deutschland und der Deutsche Naturschutzring zeichnen f\u00fcr die Klimaschutzzivilgesellschaft, inklusive Gewerkschaften, Kirchen und Sozialverb\u00e4nden. In Summe vertreten die Unterzeichnenden deutlich \u00fcber 1.000 Mitgliedsorganisationen.<\/p>\n\n\n\n<div class=\"wp-block-columns is-layout-flex wp-container-core-columns-is-layout-9d6595d7 wp-block-columns-is-layout-flex\">\n<div class=\"wp-block-column is-layout-flow wp-block-column-is-layout-flow\" style=\"flex-basis:33.33%\">\n<figure class=\"wp-block-image size-full\"><a href=\"https:\/\/www.germanwatch.org\/de\/user\/lutzweischer\" target=\"_blank\" rel=\"noreferrer noopener\"><img loading=\"lazy\" decoding=\"async\" width=\"200\" height=\"280\" src=\"https:\/\/www.sinn-schaffen.de\/klima\/wp-content\/uploads\/sites\/17\/2024\/05\/Lutz-Weischer-germanwatch.jpg\" alt=\"\" class=\"wp-image-906\" title=\"Foto: germanwatch\"\/><\/a><\/figure>\n<\/div>\n\n\n\n<div class=\"wp-block-column is-layout-flow wp-block-column-is-layout-flow\" style=\"flex-basis:66.66%\">\n<p><\/p>\n\n\n\n<p>Lutz Weischer leitet das Berliner B\u00fcro von <a href=\"https:\/\/www.germanwatch.org\/de\" target=\"_blank\" data-type=\"link\" data-id=\"https:\/\/www.germanwatch.org\/de\" rel=\"noreferrer noopener\">Germanwatch<\/a>.<\/p>\n\n\n\n<figure class=\"wp-block-image size-full is-resized\"><a href=\"https:\/\/www.germanwatch.org\/de\" target=\"_blank\" rel=\"noreferrer noopener\"><img loading=\"lazy\" decoding=\"async\" width=\"200\" height=\"73\" src=\"https:\/\/www.sinn-schaffen.de\/klima\/wp-content\/uploads\/sites\/17\/2018\/08\/logoGermanwatch.png\" alt=\"\" class=\"wp-image-39\" style=\"width:281px;height:auto\"\/><\/a><\/figure>\n<\/div>\n<\/div>\n\n\n\n<div class=\"wp-block-columns is-layout-flex wp-container-core-columns-is-layout-9d6595d7 wp-block-columns-is-layout-flex\">\n<div class=\"wp-block-column is-layout-flow wp-block-column-is-layout-flow\" style=\"flex-basis:33.33%\">\n<figure class=\"wp-block-image size-full\"><a href=\"https:\/\/www.germanwatch.org\/sites\/default\/files\/Gemeinsame%20Erkl%C3%A4rung_Aufbruch%20Schiene_2024.pdf\" target=\"_blank\" rel=\"noreferrer noopener\"><img loading=\"lazy\" decoding=\"async\" width=\"599\" height=\"846\" src=\"https:\/\/www.sinn-schaffen.de\/klima\/wp-content\/uploads\/sites\/17\/2024\/05\/Gemeinsame-Erklaerung_Aufbruch-Schiene_2024-T.jpg\" alt=\"\" class=\"wp-image-907\"\/><\/a><\/figure>\n<\/div>\n\n\n\n<div class=\"wp-block-column is-layout-flow wp-block-column-is-layout-flow\" style=\"flex-basis:66.66%\">\n<p><\/p>\n\n\n\n<p>Die Gemeinsame Erkl\u00e4rung von Bahnsektor und Zivilgesellschaft: &#8222;Aufbruch Schiene&#8220; steht <a href=\"https:\/\/www.germanwatch.org\/sites\/default\/files\/Gemeinsame%20Erkl%C3%A4rung_Aufbruch%20Schiene_2024.pdf\" target=\"_blank\" data-type=\"link\" data-id=\"https:\/\/www.germanwatch.org\/sites\/default\/files\/Gemeinsame%20Erkl%C3%A4rung_Aufbruch%20Schiene_2024.pdf\" rel=\"noreferrer noopener\">\u00fcber diesen Link zum Download als PDF-Datei<\/a> bereit.<\/p>\n<\/div>\n<\/div>\n","protected":false},"excerpt":{"rendered":"<p>Die EU muss die Schiene sofort nach der Europawahl in den Mittelpunkt ihrer Gesetzgebung und Investitionsentscheidungen stellen, fordert ein B\u00fcndnis von Unternehmen, Branchenverb\u00e4nden und Umweltorganisationen, die deutlich \u00fcber 1.000 einzelne Mitgliedsorganisationen repr\u00e4sentieren: &#8222;Die Eisenbahn ist der mit Abstand klimafreundlichste Verkehrstr\u00e4ger auf der Mittel- und Langstrecke in Europa. Darum braucht es nach der EU-Wahl ein starkes Bekenntnis der Br\u00fcsseler Institutionen zur Verkehrsverlagerung auf die Schiene. Die EU ben\u00f6tigt dazu neue Ziele f\u00fcr Modernisierung, Digitalisierung und den Ausbau der Schieneninfrastruktur.&#8220;<\/p>\n","protected":false},"author":1,"featured_media":0,"parent":0,"menu_order":19,"comment_status":"closed","ping_status":"closed","template":"","meta":{"footnotes":""},"class_list":["post-909","page","type-page","status-publish","hentry"],"_links":{"self":[{"href":"https:\/\/www.sinn-schaffen.de\/klima\/wp-json\/wp\/v2\/pages\/909","targetHints":{"allow":["GET"]}}],"collection":[{"href":"https:\/\/www.sinn-schaffen.de\/klima\/wp-json\/wp\/v2\/pages"}],"about":[{"href":"https:\/\/www.sinn-schaffen.de\/klima\/wp-json\/wp\/v2\/types\/page"}],"author":[{"embeddable":true,"href":"https:\/\/www.sinn-schaffen.de\/klima\/wp-json\/wp\/v2\/users\/1"}],"replies":[{"embeddable":true,"href":"https:\/\/www.sinn-schaffen.de\/klima\/wp-json\/wp\/v2\/comments?post=909"}],"version-history":[{"count":1,"href":"https:\/\/www.sinn-schaffen.de\/klima\/wp-json\/wp\/v2\/pages\/909\/revisions"}],"predecessor-version":[{"id":910,"href":"https:\/\/www.sinn-schaffen.de\/klima\/wp-json\/wp\/v2\/pages\/909\/revisions\/910"}],"wp:attachment":[{"href":"https:\/\/www.sinn-schaffen.de\/klima\/wp-json\/wp\/v2\/media?parent=909"}],"curies":[{"name":"wp","href":"https:\/\/api.w.org\/{rel}","templated":true}]}}