{"id":940,"date":"2024-09-03T17:49:30","date_gmt":"2024-09-03T15:49:30","guid":{"rendered":"https:\/\/www.sinn-schaffen.de\/klima\/?page_id=940"},"modified":"2024-09-03T17:49:31","modified_gmt":"2024-09-03T15:49:31","slug":"hvo100-e10-und-co-studie-belegt-erschreckende-auswirkungen-von-agrokraftstoffen-auf-natur-und-biodiversitaet","status":"publish","type":"page","link":"https:\/\/www.sinn-schaffen.de\/klima\/hvo100-e10-und-co-studie-belegt-erschreckende-auswirkungen-von-agrokraftstoffen-auf-natur-und-biodiversitaet\/","title":{"rendered":"HVO100, E10 und Co.: Studie belegt erschreckende Auswirkungen von Agrokraftstoffen auf Natur und Biodiversit\u00e4t"},"content":{"rendered":"\n<p><em>Deutschland hat sich mit der F\u00f6rderung von HVO100, E10 und anderen Agrokraftstoffen in Scheinl\u00f6sungen verrannt. Allein mit dem weltweiten Anbau der Pflanzen f\u00fcr in Deutschland getankte Agrokraftstoffe verbraucht Deutschland laut Studie 27,5 Prozent seines Budgets an Stickstoff- und 24,3 Prozent seines Budgets an Phosphor-D\u00fcngern. Der j\u00e4hrliche Einsatz von giftigen Pestiziden f\u00fcr den deutschen Konsum k\u00f6nnte um 24 Prozent reduziert werden, wenn hierzulande kein Agrosprit mehr getankt w\u00fcrde.<\/em><\/p>\n\n\n\n<figure class=\"wp-block-image size-full\"><img loading=\"lazy\" decoding=\"async\" width=\"1024\" height=\"413\" src=\"https:\/\/www.sinn-schaffen.de\/klima\/wp-content\/uploads\/sites\/17\/2024\/09\/240903-NU-DUH-Kraftstoffe.jpg\" alt=\"\" class=\"wp-image-934\" title=\"Foto: Nata Uchava, Freiburg\"\/><\/figure>\n\n\n\n<p><strong>(Berlin, 22. August 2024)<\/strong> Eine heute ver\u00f6ffentlichte Studie im Auftrag der Deutschen Umwelthilfe offenbart die erschreckenden Auswirkungen des deutschen Agrosprit-Verbrauchs auf die Natur. Allein mit dem weltweiten Anbau der Pflanzen f\u00fcr in Deutschland getankte Agrokraftstoffe verbraucht Deutschland laut Studie 27,5 Prozent seines Budgets an Stickstoff- und 24,3 Prozent seines Budgets an Phosphor-D\u00fcngern. Und der j\u00e4hrliche Einsatz von giftigen Pestiziden f\u00fcr den deutschen Konsum k\u00f6nnte um 24 Prozent beziehungsweise knapp 10.000 Tonnen reduziert werden, wenn hierzulande kein Agrosprit mehr getankt w\u00fcrde. F\u00fcr Agrosprit wird zudem teils mehr fossile Energie verbraucht als am Ende entsteht: Pro Megajoule Agrodiesel werden 0,6 Megajoule fossile Ressourcen verbraucht, f\u00fcr Agroethanol sind es pro Megajoule sogar 1,1 Megajoule fossile Ressourcen.<\/p>\n\n\n\n<p>Die Deutsche Umwelthilfe fordert die Bundesregierung auf, die staatliche F\u00f6rderung von Agrokraftstoffen sofort zu beenden und einen CO2-Preis auf Agrokraftstoffe einzuf\u00fchren. Die Studie im Auftrag der Deutschen Umwelthilfe wurden vom <a href=\"https:\/\/www.ifeu.de\/\" target=\"_blank\" data-type=\"link\" data-id=\"https:\/\/www.ifeu.de\/\" rel=\"noreferrer noopener\">Institut f\u00fcr Energie- und Umweltforschung Heidelberg (ifeu)<\/a> erstellt.<\/p>\n\n\n\n<p>Sascha M\u00fcller-Kraenner, Bundesgesch\u00e4ftsf\u00fchrer der Deutschen Umwelthilfe: \u201eDie neue Studie l\u00e4sst keine Zweifel daran, dass Deutschland sich mit der F\u00f6rderung von HVO100, E10 und anderen Agrokraftstoffen in Scheinl\u00f6sungen verrannt hat, die unserer Umwelt schaden. Die Nutzung von Agrokraftstoffen findet unter dem massiven Einsatz von fossilen Rohstoffen, D\u00fcngemitteln und Pestiziden statt und geht dadurch mit einer enormen Belastung f\u00fcr Biodiversit\u00e4t und Klima einher. Deutschland hat sich in verschiedenen Abkommen zum Erhalt der Biodiversit\u00e4t verpflichtet. Mit einem Beimischungsstopp von Agrokraftstoffen k\u00f6nnte Deutschland beispielsweise das Ziel aus dem <a href=\"https:\/\/www.bmuv.de\/download\/der-beschluss-von-montreal-zum-schutz-der-natur\" data-type=\"link\" data-id=\"https:\/\/www.bmuv.de\/download\/der-beschluss-von-montreal-zum-schutz-der-natur\" target=\"_blank\" rel=\"noopener\">Kunming-Montr\u00e9al-<\/a><a href=\"https:\/\/www.bmuv.de\/download\/der-beschluss-von-montreal-zum-schutz-der-natur\" target=\"_blank\" data-type=\"link\" data-id=\"https:\/\/www.bmuv.de\/download\/der-beschluss-von-montreal-zum-schutz-der-natur\" rel=\"noreferrer noopener\">Abkommen<\/a>, eine Halbierung des Pestizid-Einsatzes bis 2030 zu erreichen, bereits zur H\u00e4lfte erf\u00fcllen. Die Bundesregierung muss die umweltsch\u00e4dliche Subventionierung von Agrosprit jetzt beenden.\u201c<\/p>\n\n\n\n<p><strong>Hintergrund<\/strong><\/p>\n\n\n\n<p>Die Studie bezieht sich auf Agrokraftstoffe, die aus Ackerpflanzen wie Raps, Mais und Palm\u00f6l hergestellt werden. Diese werden meist fossilen Kraftstoffen beigemischt und als E5, E10, B7 oder B10 verkauft, k\u00f6nnen aber auch Bestandteil des neuen Lobbyskandal-Kraftstoffs HVO100 sein. Um die Umweltauswirkungen zu bemessen, betrachtet die Studie insbesondere drei Indikatoren: Einsatz von Pestiziden, D\u00fcngemitteln und fossilen Rohstoffen.<\/p>\n\n\n\n<ul class=\"wp-block-list\">\n<li>Bei den Pestiziden orientiert sich die Studie unter anderem an den Vorgaben des Kunming-Montr\u00e9al-Abkommens, wonach der j\u00e4hrliche Einsatz von 41.900 Tonnen auf 20.950 Tonnen bis 2030 abgesenkt werden soll. Ein Beimischungs-Stopp von Agrokraftstoffen w\u00fcrde den Pestizid-Einsatz in Deutschland demnach bereits um fast 24 Prozent reduzieren.<\/li>\n\n\n\n<li>F\u00fcr den Einsatz von D\u00fcngemitteln wurde ein \u201eBudget\u201c zur Einhaltung der planetaren Grenzen errechnet. Dieses liegt f\u00fcr Deutschland bei j\u00e4hrlich 833.000 Tonnen Stickstoff und 100.000 Tonnen Phosphor. Vorrangig sollten damit Nahrungsmittel produziert werden. Doch die Studie zeigt: Bereits je ein Viertel des Budgets frisst der Einsatz von Agrokraftstoffen.<\/li>\n\n\n\n<li>F\u00fcr den Verbrauch an fossiler Energie wurde untersucht, wieviel sogenannte Prim\u00e4renergie verbraucht wird f\u00fcr den Anbau der Ackerpflanzen, f\u00fcr die Verarbeitung zu Diesel beziehungsweise Ethanol und f\u00fcr den Transport des Agrokraftstoffs bis hin zur Tankstelle. Dabei wird angenommen, dass die gesamte Prozesskette auf fossilen Energien beruht, da gegebenenfalls eingesetzte Prozessreststoffe oder alternative Energietr\u00e4ger nicht mehr f\u00fcr die Allgemeinheit zur Verf\u00fcgung st\u00fcnden und dort dann vermehrt fossile Rohstoffe eingesetzt werden m\u00fcssten.<\/li>\n<\/ul>\n\n\n\n<div class=\"wp-block-columns is-layout-flex wp-container-core-columns-is-layout-9d6595d7 wp-block-columns-is-layout-flex\">\n<div class=\"wp-block-column is-layout-flow wp-block-column-is-layout-flow\" style=\"flex-basis:33.33%\">\n<figure class=\"wp-block-image size-full\"><a href=\"https:\/\/www.duh.de\/ueberuns\/team-der-duh\/\" target=\"_blank\" rel=\"noreferrer noopener\"><img loading=\"lazy\" decoding=\"async\" width=\"300\" height=\"212\" src=\"https:\/\/www.sinn-schaffen.de\/klima\/wp-content\/uploads\/sites\/17\/2019\/12\/Sascha_Mueller-Kraenner-300.jpg\" alt=\"\" class=\"wp-image-231\" title=\"Foto: deutsche Umwelthilfe\"\/><\/a><\/figure>\n<\/div>\n\n\n\n<div class=\"wp-block-column is-layout-flow wp-block-column-is-layout-flow\" style=\"flex-basis:66.66%\">\n<p><\/p>\n\n\n\n<p>Sascha M\u00fcller-Kraenner ist Bundesgesch\u00e4ftsf\u00fchrer der <a href=\"https:\/\/www.duh.de\/\" data-type=\"link\" data-id=\"https:\/\/www.duh.de\/\" target=\"_blank\" rel=\"noopener\">Deutschen <\/a><a href=\"https:\/\/www.duh.de\/\" target=\"_blank\" data-type=\"link\" data-id=\"https:\/\/www.duh.de\/\" rel=\"noreferrer noopener\">Umwelthilfe<\/a>.<\/p>\n\n\n\n<figure class=\"wp-block-image size-large is-resized\"><a href=\"https:\/\/www.duh.de\/\" target=\"_blank\" rel=\"noreferrer noopener\"><img loading=\"lazy\" decoding=\"async\" width=\"1024\" height=\"125\" src=\"https:\/\/www.sinn-schaffen.de\/klima\/wp-content\/uploads\/sites\/17\/2019\/01\/DUHLogo-1024x125.png\" alt=\"\" class=\"wp-image-104\" style=\"width:351px;height:auto\"\/><\/a><\/figure>\n<\/div>\n<\/div>\n\n\n\n<p><\/p>\n\n\n\n<div class=\"wp-block-columns is-layout-flex wp-container-core-columns-is-layout-9d6595d7 wp-block-columns-is-layout-flex\">\n<div class=\"wp-block-column is-layout-flow wp-block-column-is-layout-flow\" style=\"flex-basis:33.33%\">\n<figure class=\"wp-block-image size-full\"><a href=\"https:\/\/www.duh.de\/fileadmin\/user_upload\/download\/Projektinformation\/Agrokraftstoffe\/Studie_%C3%B6kologische_Auswirkungen_Agrosprit.pdf\" target=\"_blank\" rel=\"noreferrer noopener\"><img loading=\"lazy\" decoding=\"async\" width=\"599\" height=\"846\" src=\"https:\/\/www.sinn-schaffen.de\/klima\/wp-content\/uploads\/sites\/17\/2024\/09\/Studie_oekologische_Auswirkungen_Agrosprit-T.jpg\" alt=\"\" class=\"wp-image-935\"\/><\/a><\/figure>\n<\/div>\n\n\n\n<div class=\"wp-block-column is-layout-flow wp-block-column-is-layout-flow\" style=\"flex-basis:66.66%\">\n<p><\/p>\n\n\n\n<p>Die komplette Studie &#8222;\u00d6kologische Auswirkungen von Agrokraftstoffen&#8220; steht <a href=\"https:\/\/www.duh.de\/fileadmin\/user_upload\/download\/Projektinformation\/Agrokraftstoffe\/Studie_%C3%B6kologische_Auswirkungen_Agrosprit.pdf\" target=\"_blank\" data-type=\"link\" data-id=\"https:\/\/www.duh.de\/fileadmin\/user_upload\/download\/Projektinformation\/Agrokraftstoffe\/Studie_%C3%B6kologische_Auswirkungen_Agrosprit.pdf\" rel=\"noreferrer noopener\">\u00fcber diesen Link zum Download als PDF-Datei<\/a> bereit.<\/p>\n<\/div>\n<\/div>\n\n\n\n<p><\/p>\n\n\n\n<div class=\"wp-block-columns is-layout-flex wp-container-core-columns-is-layout-9d6595d7 wp-block-columns-is-layout-flex\">\n<div class=\"wp-block-column is-layout-flow wp-block-column-is-layout-flow\" style=\"flex-basis:33.33%\">\n<figure class=\"wp-block-image size-full\"><a href=\"https:\/\/www.duh.de\/fileadmin\/user_upload\/download\/Projektinformation\/Agrokraftstoffe\/Briefing_Biodiversit%C3%A4t_statt_Bio-Sprit.pdf\" target=\"_blank\" rel=\"noreferrer noopener\"><img loading=\"lazy\" decoding=\"async\" width=\"599\" height=\"846\" src=\"https:\/\/www.sinn-schaffen.de\/klima\/wp-content\/uploads\/sites\/17\/2024\/09\/Briefing_Biodiversitaet_statt_Bio-Sprit-T.jpg\" alt=\"\" class=\"wp-image-937\"\/><\/a><\/figure>\n<\/div>\n\n\n\n<div class=\"wp-block-column is-layout-flow wp-block-column-is-layout-flow\" style=\"flex-basis:66.66%\">\n<p><\/p>\n\n\n\n<p>Ein kurzes Briefing (6 Seiten) zum Thema unter dem Titel &#8222;Biodiversit\u00e4t statt &#8218;Bio&#8216;-Sprit!&#8220; steht <a href=\"https:\/\/www.duh.de\/fileadmin\/user_upload\/download\/Projektinformation\/Agrokraftstoffe\/Briefing_Biodiversit%C3%A4t_statt_Bio-Sprit.pdf\" target=\"_blank\" data-type=\"link\" data-id=\"https:\/\/www.duh.de\/fileadmin\/user_upload\/download\/Projektinformation\/Agrokraftstoffe\/Briefing_Biodiversit%C3%A4t_statt_Bio-Sprit.pdf\" rel=\"noreferrer noopener\">\u00fcber diesen Link zum Download als PDF-Datei<\/a> bereit.<\/p>\n<\/div>\n<\/div>\n","protected":false},"excerpt":{"rendered":"<p>Deutschland hat sich mit der F\u00f6rderung von HVO100, E10 und anderen Agrokraftstoffen in Scheinl\u00f6sungen verrannt. Allein mit dem weltweiten Anbau der Pflanzen f\u00fcr in Deutschland getankte Agrokraftstoffe verbraucht Deutschland laut Studie 27,5 Prozent seines Budgets an Stickstoff- und 24,3 Prozent seines Budgets an Phosphor-D\u00fcngern. Der j\u00e4hrliche Einsatz von giftigen Pestiziden f\u00fcr den deutschen Konsum k\u00f6nnte um 24 Prozent reduziert werden, wenn hierzulande kein Agrosprit mehr getankt w\u00fcrde.<\/p>\n","protected":false},"author":1,"featured_media":0,"parent":0,"menu_order":14,"comment_status":"closed","ping_status":"closed","template":"","meta":{"footnotes":""},"class_list":["post-940","page","type-page","status-publish","hentry"],"_links":{"self":[{"href":"https:\/\/www.sinn-schaffen.de\/klima\/wp-json\/wp\/v2\/pages\/940","targetHints":{"allow":["GET"]}}],"collection":[{"href":"https:\/\/www.sinn-schaffen.de\/klima\/wp-json\/wp\/v2\/pages"}],"about":[{"href":"https:\/\/www.sinn-schaffen.de\/klima\/wp-json\/wp\/v2\/types\/page"}],"author":[{"embeddable":true,"href":"https:\/\/www.sinn-schaffen.de\/klima\/wp-json\/wp\/v2\/users\/1"}],"replies":[{"embeddable":true,"href":"https:\/\/www.sinn-schaffen.de\/klima\/wp-json\/wp\/v2\/comments?post=940"}],"version-history":[{"count":1,"href":"https:\/\/www.sinn-schaffen.de\/klima\/wp-json\/wp\/v2\/pages\/940\/revisions"}],"predecessor-version":[{"id":941,"href":"https:\/\/www.sinn-schaffen.de\/klima\/wp-json\/wp\/v2\/pages\/940\/revisions\/941"}],"wp:attachment":[{"href":"https:\/\/www.sinn-schaffen.de\/klima\/wp-json\/wp\/v2\/media?parent=940"}],"curies":[{"name":"wp","href":"https:\/\/api.w.org\/{rel}","templated":true}]}}