{"id":969,"date":"2024-10-24T16:45:57","date_gmt":"2024-10-24T14:45:57","guid":{"rendered":"https:\/\/www.sinn-schaffen.de\/klima\/?page_id=969"},"modified":"2024-10-24T16:45:58","modified_gmt":"2024-10-24T14:45:58","slug":"wohnen-in-der-gefahrenzone-klimakrise-trifft-arme-in-staedten-besonders-hart","status":"publish","type":"page","link":"https:\/\/www.sinn-schaffen.de\/klima\/wohnen-in-der-gefahrenzone-klimakrise-trifft-arme-in-staedten-besonders-hart\/","title":{"rendered":"Wohnen in der Gefahrenzone: Klimakrise trifft Arme in St\u00e4dten besonders hart"},"content":{"rendered":"\n<p><em>Aktuell leben weltweit 1,1 Milliarden Menschen in informellen Siedlungen, oft auch abwertend &#8222;Slums&#8220; genannt. Laut Prognosen werden in den n\u00e4chsten 30 Jahren noch einmal zwei Milliarden Menschen dazukommen, die meisten auf den asiatischen und afrikanischen Kontinenten. H\u00e4ufig mangelt es Menschen dort an grundlegender Versorgung: an Leitungswasser, verl\u00e4sslichem Strom, eigenen Toiletten mit Sp\u00fclung oder Gesundheitseinrichtungen; sie sind dadurch enorm verwundbar und k\u00f6nnen Wetterextreme und Klimaver\u00e4nderungen kaum bew\u00e4ltigen.<\/em><\/p>\n\n\n\n<figure class=\"wp-block-image size-full\"><img loading=\"lazy\" decoding=\"async\" width=\"1024\" height=\"413\" src=\"https:\/\/www.sinn-schaffen.de\/klima\/wp-content\/uploads\/sites\/17\/2024\/10\/241024-NU-misereor.jpg\" alt=\"\" class=\"wp-image-964\" title=\"Foto: Nata Uchava, Freiburg\"\/><\/figure>\n\n\n\n<p><strong>(Aachen, 10. Oktober 2024)<\/strong> Die Klimakrise und damit einhergehende Wetterextreme bedrohen arme Stadtbewohner*innen in besonderem Ma\u00dfe. Zu diesem Ergebnis kommt die aktuelle Studie zu \u201eklimabedingten Verlusten und Sch\u00e4den\u201c von Misereor und dem Institut f\u00fcr Umwelt und menschliche Sicherheit der UN-Universit\u00e4t (UNU-EHS) in Bonn. Anl\u00e4sslich des \u201eUN-Tages zur Verringerung des Katastrophenrisikos\u201c am 13. Oktober 2024 fordert Misereor mehr Unterst\u00fctzung f\u00fcr die Menschen in informellen Siedlungen. Die Studie empfiehlt Ma\u00dfnahmen zur Vermeidung, Eind\u00e4mmung und zum Umgang mit Klimasch\u00e4den in diesen Stadtvierteln.<\/p>\n\n\n\n<p><strong>Stadtbewohner*innen im Globalen S\u00fcden in Sorge<\/strong><\/p>\n\n\n\n<p>\u201eDie Lebensgrundlagen von Menschen, die in informellen Siedlungen leben, oft auch abwertend \u201aSlums\u2018 genannt, sind zunehmend gef\u00e4hrdet\u201c, warnt Kai Klause, Experte f\u00fcr st\u00e4dtische Entwicklung bei Misereor. \u201eDie Menschen, die dort leben, befinden sich ohnehin in einer extrem heiklen Situation. H\u00e4ufig mangelt es an grundlegender Versorgung: an Leitungswasser, verl\u00e4sslichem Strom, eigenen Toiletten mit Sp\u00fclung oder Gesundheitseinrichtungen. Dadurch sind sie enorm verwundbar und k\u00f6nnen Wetterextreme und Klimaver\u00e4nderungen kaum bew\u00e4ltigen.\u201c<\/p>\n\n\n\n<p>Die Studie dokumentiert am Beispiel der St\u00e4dte Jakarta (Indonesien), Nairobi (Kenia) und S\u00e3o Paulo (Brasilien), dass informelle Siedlungen besonders stark von Klimasch\u00e4den betroffen sind. Dazu z\u00e4hlen die zunehmende Anzahl und Intensit\u00e4t von \u00dcberschwemmungen, Erdrutschen, St\u00fcrmen und Hitzewellen. Misereor-Partnerorganisationen \u00e4u\u00dfern sich besorgt \u00fcber die Wohnverh\u00e4ltnisse in den informellen Siedlungen, so Klause: \u201eDie Menschen w\u00fcnschen sich lebenswerte und krisenfeste St\u00e4dte. Stattdessen ist die Angst vor neuen Wetterextremen immer pr\u00e4sent, wie Partner*innen aus Nairobi mit Blick auf die diesj\u00e4hrigen \u00dcberflutungen berichten.\u201c<\/p>\n\n\n\n<p><strong>St\u00e4dte krisenfest machen<\/strong><\/p>\n\n\n\n<p>Aktuell leben weltweit 1,1 Milliarden Menschen in informellen Siedlungen. Laut Prognosen werden in den n\u00e4chsten 30 Jahren noch einmal zwei Milliarden Menschen dazukommen, die meisten auf den asiatischen und afrikanischen Kontinenten. Die zunehmende Verst\u00e4dterung und wachsende Klimakrise erfordern unmittelbares politisches Handeln von st\u00e4dtischer bis internationaler Ebene, empfiehlt Simone Sandholz, Studienleiterin der UNU-EHS. \u201eDie Studie zeigt, dass informelle Siedlungen nach Katastrophen h\u00e4ufig bei der Verteilung von Hilfsg\u00fctern und beim Wiederaufbau zu wenig ber\u00fccksichtigt werden. Das erh\u00f6ht ihre Anf\u00e4lligkeit f\u00fcr k\u00fcnftige Katastrophen \u2011 ein Teufelskreis. Gleichzeitig hat die Studie in allen drei St\u00e4dten gezeigt, dass die Verkn\u00fcpfung bereits etablierter lokaler Ma\u00dfnahmen, auch durch die betroffenen Menschen selbst, mit staatlich gesteuerten Initiativen zur Risikominderung sehr wirkungsvoll sein kann.\u201c<\/p>\n\n\n\n<p><strong>Menschenrecht auf Wohnen einhalten<\/strong><\/p>\n\n\n\n<p>Bestehende Finanzmittel f\u00fcr die Bew\u00e4ltigung klimabedingter Verluste und Sch\u00e4den decken bei Weitem nicht den Bedarf, hei\u00dft es in der Studie. Im Rahmen der internationalen UN-Klimakonferenzen wird derzeit diskutiert, wie ein bereits beschlossener Fonds Regierungen und betroffene Gemeinschaften in der Zukunft beim Umgang mit Klimasch\u00e4den besser unterst\u00fctzen kann. \u201eEntscheidend ist, dass die Unterst\u00fctzung die verwundbarsten Menschen in den informellen Siedlungen effektiv erreicht\u201c, so Klause. \u201eDas erfordert die Behebung der strukturellen Schwachstellen, die zu der hohen Verwundbarkeit der Menschen f\u00fchren. Hierzu z\u00e4hlt, dass sie ihr Recht auf angemessenen Wohnraum wahrnehmen k\u00f6nnen und den uneingeschr\u00e4nkten Zugang zu Land- und Wohnrechten, sozialen Sicherungssysteme sowie st\u00e4dtischer Infrastruktur erhalten. Zudem zeigt die Studie, wie wichtig das politische Mitspracherecht der betroffenen Stadtbewohner*innen ist \u2013 auch bei Klimafragen\u201c.<\/p>\n\n\n\n<div class=\"wp-block-columns is-layout-flex wp-container-core-columns-is-layout-9d6595d7 wp-block-columns-is-layout-flex\">\n<div class=\"wp-block-column is-layout-flow wp-block-column-is-layout-flow\" style=\"flex-basis:33.33%\">\n<figure class=\"wp-block-image size-large\"><a href=\"https:\/\/www.misereor.de\/presse\/expertinnen-und-experten\/kai-klause-staedtische-transformation\" target=\"_blank\" rel=\"noreferrer noopener\"><img loading=\"lazy\" decoding=\"async\" width=\"1024\" height=\"512\" src=\"https:\/\/www.sinn-schaffen.de\/klima\/wp-content\/uploads\/sites\/17\/2024\/10\/Kai-Klause-Misereor-1024x512.jpg\" alt=\"\" class=\"wp-image-965\" title=\"Foto: misereor\"\/><\/a><\/figure>\n<\/div>\n\n\n\n<div class=\"wp-block-column is-layout-flow wp-block-column-is-layout-flow\" style=\"flex-basis:66.66%\">\n<p><\/p>\n\n\n\n<p>Kai Klause ist Experte f\u00fcr st\u00e4dtische Transformation bei <a href=\"https:\/\/www.misereor.de\/\" target=\"_blank\" data-type=\"link\" data-id=\"https:\/\/www.misereor.de\/\" rel=\"noreferrer noopener\">misereor<\/a>.<\/p>\n\n\n\n<figure class=\"wp-block-image size-large is-resized\"><a href=\"https:\/\/www.misereor.de\/\" target=\"_blank\" rel=\"noreferrer noopener\"><img loading=\"lazy\" decoding=\"async\" width=\"1024\" height=\"576\" src=\"https:\/\/www.sinn-schaffen.de\/klima\/wp-content\/uploads\/sites\/17\/2022\/11\/MISEREOR-Logo-1024x576.jpg\" alt=\"\" class=\"wp-image-685\" style=\"width:216px;height:auto\"\/><\/a><\/figure>\n<\/div>\n<\/div>\n\n\n\n<p><\/p>\n\n\n\n<div class=\"wp-block-columns is-layout-flex wp-container-core-columns-is-layout-9d6595d7 wp-block-columns-is-layout-flex\">\n<div class=\"wp-block-column is-layout-flow wp-block-column-is-layout-flow\" style=\"flex-basis:33.33%\">\n<figure class=\"wp-block-image size-full\"><a href=\"https:\/\/www.misereor.org\/fileadmin\/user_upload_misereororg\/publication\/en\/climatechange_energy\/losss_and_damage_in_informal_urban_settlement.pdf\" target=\"_blank\" rel=\"noreferrer noopener\"><img loading=\"lazy\" decoding=\"async\" width=\"599\" height=\"846\" src=\"https:\/\/www.sinn-schaffen.de\/klima\/wp-content\/uploads\/sites\/17\/2024\/10\/losss_and_damage_in_informal_urban_settlement-T.jpg\" alt=\"\" class=\"wp-image-966\"\/><\/a><\/figure>\n<\/div>\n\n\n\n<div class=\"wp-block-column is-layout-flow wp-block-column-is-layout-flow\" style=\"flex-basis:66.66%\">\n<p><\/p>\n\n\n\n<p>Die Studie &#8222;Loss and Damage in Informal Urban Settlements&#8220; steht <a href=\"https:\/\/www.misereor.org\/fileadmin\/user_upload_misereororg\/publication\/en\/climatechange_energy\/losss_and_damage_in_informal_urban_settlement.pdf\" target=\"_blank\" rel=\"noreferrer noopener\">\u00fcber diesen Link zum Download als PDF-Datei<\/a> bereit.<\/p>\n<\/div>\n<\/div>\n","protected":false},"excerpt":{"rendered":"<p>Aktuell leben weltweit 1,1 Milliarden Menschen in informellen Siedlungen, oft auch abwertend &#8222;Slums&#8220; genannt. Laut Prognosen werden in den n\u00e4chsten 30 Jahren noch einmal zwei Milliarden Menschen dazukommen, die meisten auf den asiatischen und afrikanischen Kontinenten. H\u00e4ufig mangelt es Menschen dort an grundlegender Versorgung: an Leitungswasser, verl\u00e4sslichem Strom, eigenen Toiletten mit Sp\u00fclung oder Gesundheitseinrichtungen; sie sind dadurch enorm verwundbar und k\u00f6nnen Wetterextreme und Klimaver\u00e4nderungen kaum bew\u00e4ltigen.<\/p>\n","protected":false},"author":1,"featured_media":0,"parent":0,"menu_order":10,"comment_status":"closed","ping_status":"closed","template":"","meta":{"footnotes":""},"class_list":["post-969","page","type-page","status-publish","hentry"],"_links":{"self":[{"href":"https:\/\/www.sinn-schaffen.de\/klima\/wp-json\/wp\/v2\/pages\/969","targetHints":{"allow":["GET"]}}],"collection":[{"href":"https:\/\/www.sinn-schaffen.de\/klima\/wp-json\/wp\/v2\/pages"}],"about":[{"href":"https:\/\/www.sinn-schaffen.de\/klima\/wp-json\/wp\/v2\/types\/page"}],"author":[{"embeddable":true,"href":"https:\/\/www.sinn-schaffen.de\/klima\/wp-json\/wp\/v2\/users\/1"}],"replies":[{"embeddable":true,"href":"https:\/\/www.sinn-schaffen.de\/klima\/wp-json\/wp\/v2\/comments?post=969"}],"version-history":[{"count":1,"href":"https:\/\/www.sinn-schaffen.de\/klima\/wp-json\/wp\/v2\/pages\/969\/revisions"}],"predecessor-version":[{"id":970,"href":"https:\/\/www.sinn-schaffen.de\/klima\/wp-json\/wp\/v2\/pages\/969\/revisions\/970"}],"wp:attachment":[{"href":"https:\/\/www.sinn-schaffen.de\/klima\/wp-json\/wp\/v2\/media?parent=969"}],"curies":[{"name":"wp","href":"https:\/\/api.w.org\/{rel}","templated":true}]}}