{"id":245,"date":"2020-07-17T17:44:12","date_gmt":"2020-07-17T15:44:12","guid":{"rendered":"https:\/\/www.sinn-schaffen.de\/lesetipp\/?page_id=245"},"modified":"2020-07-17T17:47:26","modified_gmt":"2020-07-17T15:47:26","slug":"endkampf-um-nord-stream-2-ueberraschungsangriff-der-usa-landet-volltreffer","status":"publish","type":"page","link":"https:\/\/www.sinn-schaffen.de\/lesetipp\/endkampf-um-nord-stream-2-ueberraschungsangriff-der-usa-landet-volltreffer\/","title":{"rendered":"Endkampf um Nord Stream 2: \u00dcberraschungsangriff der USA landet Volltreffer"},"content":{"rendered":"\n<p>Der transatlantische \u201e(Wirtschafts-)Krieg\u201c, der um Nord Stream 2 (NS2) und den zweiten Strang von TurkStream seit drei Jahren gef\u00fchrt wird, ist in die Endphase getreten. Kriegsgegner sind die USA einerseits und etliche europ\u00e4ische NATO-Partner (Deutschland, die T\u00fcrkei und die Niederlande) andererseits. \u201eAgressor\u201c sind die USA \u2013 die sind definitiv und \u00fcberparteilich entschlossen, die Fertigstellung beider Pipelines zu verhindern, um ihrem auf Tankertransporte angewiesenen und deswegen nicht-konkurrenzf\u00e4higen Fracking-Gas in Europa die T\u00fcr zu \u00f6ffnen. Es handelt sich nebenbei um einen Angriff auf Europas industriepolitische Klimapolitik.<\/p>\n\n\n\n<p>Bis vor wenigen Tagen meinten die Auguren noch, man befinde sich in einem Stellungskrieg, in der Schlachtvorbereitung, beim Schaufeln von Sch\u00fctzengr\u00e4ben. Man glaubte, das Verfahrens-Modell sei das von 2019, mit dem die USA Erfolg hatten: Sie nahmen das weltweit modernste Verlegeschiff des Schweiz-Niederl\u00e4ndischen Unternehmens Allseas aus dem Spiel und stoppten damit die Abschluss-Verlegearbeiten gut 100 Kilometer vor dem Ziel. Das lief im letzten Jahr legislativ, im US-Kongress, \u00fcber den \u201e<em>Protecting Europe\u2019s Energy Security Act of 2019<\/em>\u201c (PEESA). Den hatte der Ausw\u00e4rtge Ausschuss des Senats am 31. Juli 2019 gebilligt. Vorher wurde eine sogenannte \u201c<em>companion bill<\/em>\u201d, \u201e<em>H.R.3206 \u2011 Protecting Europe&#8217;s Energy Security Act of 2019<\/em>\u201c, vom Ausw\u00e4rtigen Ausschuss im Repr\u00e4sentantenhaus einstimmig (!) genehmigt. Eingestellt wurde das dann als Section 7503 in das Gesetz f\u00fcr den Milit\u00e4rhaushalt f\u00fcr das Jahr 2020, welches Pr\u00e4sident Trump am 20. Dezember 2019 gebilligt hatte. So sollte es, so die Erwartung, mit dem<a href=\"https:\/\/kinzinger.house.gov\/news\/documentsingle.aspx?DocumentID=402440\" target=\"_blank\" aria-label=\" PEESA Clarification Act of 2020 (opens in a new tab)\" rel=\"noreferrer noopener\" class=\"rank-math-link\"> <em>PEESA Clarification Act of 2020<\/em><\/a><em>, <\/em>eine Versch\u00e4rfung des PEESA von 2019, welcherMitte Juni 2020 im Kongress eingef\u00fchrt worden war, auch dieses Mal laufen. Doch weit gefehlt.<\/p>\n\n\n\n<div class=\"wp-block-image\"><figure class=\"alignleft size-large is-resized\"><a href=\"https:\/\/www.state.gov\/wp-content\/uploads\/2020\/07\/Updated-CAATSA-Section-232-Guidance-July-15-2020.pdf\" target=\"_blank\" rel=\"noopener noreferrer\"><img decoding=\"async\" src=\"https:\/\/www.sinn-schaffen.de\/lesetipp\/wp-content\/uploads\/sites\/19\/2020\/07\/Updated-CAATSA-Section-232-Guidance-July-15-2020-T.jpg\" alt=\"\" class=\"wp-image-247\" width=\"320\"\/><\/a><\/figure><\/div>\n\n\n\n<p>Am 15. Juli 2020 jedoch startete US-Au\u00dfenminister Pompeo den Angriff, den die Europ\u00e4er erst f\u00fcr den Herbst des Jahres erwartet hatten. Quasi \u00fcber Nacht und ohne Vorwarnung der verb\u00fcndeten Europ\u00e4er wurde <a href=\"https:\/\/www.state.gov\/updated-public-guidance-for-section-232-of-the-countering-americas-adversaries-through-sanctions-act-caatsa\/\" target=\"_blank\" aria-label=\"in einem Statement des Foreign Office (opens in a new tab)\" rel=\"noreferrer noopener\" class=\"rank-math-link\">in einem Statement des Foreign Office<\/a> der Angriff angek\u00fcndigt. Die h\u00f6chst wirksamen Geschosse sind, wie immer, \u00c4nderungen im Kleingedruckten \u2013 damit unterhalb des Radars der Medien. Es wurde eine Bestimmung gekippt, die alle Energieprojekte, die vor dem 2. August 2017 begonnen worden sind, von Sanktionen im Rahmen des CAATSA-Gesetzes ausgenommen hatte. Alle Gesch\u00e4ftsaktivit\u00e4ten nach dem 15. Juli 2020 in Zusammenhang mit Nord Stream 2 und dem zweiten Strang von TurkStream k\u00f6nnten nunmehr sanktioniert werden, wenn drei Bedingungen vorliegen:<\/p>\n\n\n\n<ol class=\"wp-block-list\" type=\"a\"><li>sie ein gewisses Volumen erreichen (1 Million US-Dollar) oder<\/li><li>die F\u00e4higkeiten Russlands zum Bau der Pipeline ausweiten und<\/li><li>wenn hinsichtlich der Aktivit\u00e4ten aufgrund von Vertr\u00e4gen, die vor dem 15. Juli 2020 geschlossen wurden, <strong>nicht<br><\/strong><em>\u201e(3) the person making such investments or engaging in such activities is <strong>taking reasonable steps to wind down the operations, contracts, or other agreements as soon as possible<\/strong> after July 15, 2020.<\/em>\u201c<\/li><\/ol>\n\n\n\n<p>Das hei\u00dft: Wer im Zusammenhang der Abschlussarbeiten beider Pipelines Leistungen vertraglich zugesagt hat, soll sich schleunigst zur\u00fcckziehen. Er soll die in allen Vertr\u00e4gen enthaltene <em>force majeure<\/em>-Klausel ziehen, weil die USA als \u00fcberlegene Macht drohend den Anlass geben. Das wird dann als \u201enicht-r\u00fcckwirkend\u201c verkauft.<\/p>\n\n\n\n<p>Wenige Stunden nach der Ank\u00fcndigung Pompeos <a href=\"https:\/\/www.state.gov\/wp-content\/uploads\/2020\/07\/Updated-CAATSA-Section-232-Guidance-July-15-2020.pdf\" target=\"_blank\" aria-label=\"ver\u00f6ffentlichte das OFAC, die f\u00fcr Sanktionen zust\u00e4ndige Beh\u00f6rde in den USA, entsprechende Richtlinien (opens in a new tab)\" rel=\"noreferrer noopener\" class=\"rank-math-link\">ver\u00f6ffentlichte das OFAC, die f\u00fcr Sanktionen zust\u00e4ndige Beh\u00f6rde in den USA, entsprechende Richtlinien<\/a>. Damit sind die ersten Sch\u00fcsse im Endkampf gefallen.<\/p>\n\n\n\n<p>Die Bundesregierung ist von diesem \u00dcberraschungsangriff \u00fcberrumpelt. Die lediglich ins Grunds\u00e4tzliche zielenden Reaktionen von Au\u00dfenminister Maas (\u201e<em>Extraterritoriale Sanktionen lehnen wir klar ab.<\/em>\u201c) und Wirtschaftsminister Altmaier (via AFP \u201eDeutschland lehne extraterritoriale Sanktionen ab, \u00ab<em>denn wir erachten sie als v\u00f6lkerrechtswidrig<\/em>\u00bb, erkl\u00e4rte das Bundeswirtschaftsministerium am Donnerstag. \u00ab<em>Das ist die klare Haltung der Bundesregierung.<\/em>\u00bb\u201c) sprechen f\u00fcr sich. Da muss noch erheblich nachgelegt werden. Es steht an, die Entschiedenheit der USA ernst zu nehmen und sich Verb\u00fcndete gegen die USA zu suchen. Die bisherige Strategie der Deutschlands, das Thema dilatorisch zu behandeln und es unentschieden \u00fcber die Ziellinie \u201e3. November\u201c zu schieben, ist gescheitert. Vielleicht wird dieser Krieg ja doch noch NATO-Thema.<\/p>\n\n\n\n<hr class=\"wp-block-separator\"\/>\n\n\n\n<p><\/p>\n\n\n\n<p> <\/p>\n\n\n\n<p>&nbsp;&nbsp;&nbsp;&nbsp; <\/p>\n","protected":false},"excerpt":{"rendered":"<p>Der transatlantische \u201e(Wirtschafts-)Krieg\u201c, der um Nord Stream 2 (NS2) und den zweiten Strang von TurkStream seit drei Jahren gef\u00fchrt wird, ist in die Endphase getreten. Kriegsgegner sind die USA einerseits und etliche europ\u00e4ische NATO-Partner (Deutschland, die T\u00fcrkei und die Niederlande) andererseits. \u201eAgressor\u201c sind die USA \u2013 die sind definitiv und \u00fcberparteilich entschlossen, die Fertigstellung beider &hellip; <\/p>\n<p class=\"link-more\"><a href=\"https:\/\/www.sinn-schaffen.de\/lesetipp\/endkampf-um-nord-stream-2-ueberraschungsangriff-der-usa-landet-volltreffer\/\" class=\"more-link\"><span class=\"screen-reader-text\">\u201eEndkampf um Nord Stream 2: \u00dcberraschungsangriff der USA landet Volltreffer\u201c<\/span> weiterlesen<\/a><\/p>\n","protected":false},"author":1,"featured_media":0,"parent":0,"menu_order":26,"comment_status":"closed","ping_status":"closed","template":"","meta":{"footnotes":""},"class_list":["post-245","page","type-page","status-publish","hentry"],"_links":{"self":[{"href":"https:\/\/www.sinn-schaffen.de\/lesetipp\/wp-json\/wp\/v2\/pages\/245","targetHints":{"allow":["GET"]}}],"collection":[{"href":"https:\/\/www.sinn-schaffen.de\/lesetipp\/wp-json\/wp\/v2\/pages"}],"about":[{"href":"https:\/\/www.sinn-schaffen.de\/lesetipp\/wp-json\/wp\/v2\/types\/page"}],"author":[{"embeddable":true,"href":"https:\/\/www.sinn-schaffen.de\/lesetipp\/wp-json\/wp\/v2\/users\/1"}],"replies":[{"embeddable":true,"href":"https:\/\/www.sinn-schaffen.de\/lesetipp\/wp-json\/wp\/v2\/comments?post=245"}],"version-history":[{"count":2,"href":"https:\/\/www.sinn-schaffen.de\/lesetipp\/wp-json\/wp\/v2\/pages\/245\/revisions"}],"predecessor-version":[{"id":249,"href":"https:\/\/www.sinn-schaffen.de\/lesetipp\/wp-json\/wp\/v2\/pages\/245\/revisions\/249"}],"wp:attachment":[{"href":"https:\/\/www.sinn-schaffen.de\/lesetipp\/wp-json\/wp\/v2\/media?parent=245"}],"curies":[{"name":"wp","href":"https:\/\/api.w.org\/{rel}","templated":true}]}}