{"id":351,"date":"2022-07-12T17:48:36","date_gmt":"2022-07-12T15:48:36","guid":{"rendered":"https:\/\/www.sinn-schaffen.de\/lesetipp\/?page_id=351"},"modified":"2022-07-12T17:50:29","modified_gmt":"2022-07-12T15:50:29","slug":"der-krieg-in-der-ukraine-hoehepunkt-der-geschichte-eines-zerruetteten-verhaeltnisses","status":"publish","type":"page","link":"https:\/\/www.sinn-schaffen.de\/lesetipp\/der-krieg-in-der-ukraine-hoehepunkt-der-geschichte-eines-zerruetteten-verhaeltnisses\/","title":{"rendered":"Der Krieg in der Ukraine: H\u00f6hepunkt der Geschichte eines zerr\u00fctteten Verh\u00e4ltnisses"},"content":{"rendered":"\n<p>Mit der Invasion Russlands in die Ukraine sind der Westen und Russland nicht mehr nur Gegner sondern Feinde geworden. \u201eDer Westen\u201c sind im wesentlichen die USA und die Europ\u00e4er. Grundlage ihrer Beziehungen ist die Landkarte. Die \u201eEurop\u00e4er\u201c haben mit Russland eine Landgrenze \u2013 die USA sind durch den Atlantik getrennt. Diese territoriale Unverr\u00fcckbarkeit erzwingt, dass die drei sich zueinander verhalten. Anders als ein Verh\u00e4ltnis ist die Bezogenheit der drei aufeinander kategorial nicht zu beschreiben.<\/p>\n\n\n\n<p>Es geht um ein Verh\u00e4ltnis zwischen Menschengruppen. Nehmen wir \u201eden Westen\u201c als Einheit, so handelt es sich um eine Paarbeziehung. Wir konstatieren. In dieser Beziehung greift ein Partner, beginnend am 24. Februar 2022, zu massiver Gewalt. Dabei war dieser Partner auch schon vorher als gewaltbereit aufgefallen.<\/p>\n\n\n\n<p>Unsere Seite hat dieses Geschehen nun zu beurteilen. Kategorial gibt es zwei Optionen: moralisch oder als Beziehungsgeschehen. Anders gesagt: Wollen wir Russland als \u201eschuldig\u201c verurteilen oder wollen wir Russlands Verhalten als \u201eAusrasten\u201c in einem von zunehmender Zerr\u00fcttung gekennzeichneten Verh\u00e4ltnis\/Partnerschaft nehmen?<\/p>\n\n\n\n<p>Wer zu letzterer Option neigt, dem kann zum H\u00f6ren ein dreiteiliges Feature von Andreas von Westphalen empfohlen werden. Die Titel der vom Deutschlandfunk bauftragten Serie:<\/p>\n\n\n\n<ol class=\"wp-block-list\" type=\"1\"><li><a href=\"https:\/\/www.hoerspielundfeature.de\/russland-und-die-deutsche-einheit-1990-die-wurzeln-des-102.html\" target=\"_blank\" rel=\"noreferrer noopener\">Die Wurzeln des Misstrauens.<\/a> Russland und die Deutsche Einheit 1990.<\/li><li><a href=\"https:\/\/www.hoerspielundfeature.de\/russland-und-der-westen-waehrend-jelzin-und-clinton-die-100.html\" target=\"_blank\" rel=\"noreferrer noopener\">Die Samen des Misstrauens.<\/a> Russland und der Westen w\u00e4hrend Jelzin und Clinton.<\/li><li><a href=\"https:\/\/www.hoerspielundfeature.de\/von-kooperation-zum-krieg-russland-und-der-westen-waehrend-bush-und-putin-dlf-c7a1811d-100.html\" target=\"_blank\" rel=\"noreferrer noopener\">Russland und der Westen w\u00e4hrend Bush und Putin.<\/a><\/li><\/ol>\n\n\n\n<p>Von Westphalen hat sich wissenschaftlich beraten lassen von Christian N\u00fcnlist, der inzwischen f\u00fcr das Schweizer Milit\u00e4r arbeitet. Vorher war er Projektleiter und f\u00fchrender Autor eines Berichts zum Prozess der Zerr\u00fcttung, der im Rahmen einer Think-Tank Community aus etlichen Mitgliedstaaten der OSZE, des OSCE Network of Think Tanks and Academic Institutions, erarbeitet wurde. So gut m\u00f6glich war das zu diesem Zeitpunkt, weil die Akten da gerade alle ver\u00f6ffentlicht worden waren. Finanziert wurde das umfangreiche Vorhaben von Deutschland und der Schweiz, den OSZE-Vorsitzl\u00e4ndern in 2016 und in 2014. <a href=\"https:\/\/www.sinn-schaffen.de\/hans-jochen-luhmann\/wann-trat-die-ost-west-spaltung-ein\/\" target=\"_blank\" rel=\"noreferrer noopener\">Der Bericht wurde hier vorgestellt.<\/a><\/p>\n\n\n\n<p>Das Audio-Feature macht das alles noch einmal viel anschaulicher, weil die Originalt\u00f6ne zu h\u00f6ren sind, zum Teil f\u00fcr diesen Zweck aus den Akten eingesprochen.<\/p>\n\n\n\n<p>Die junge Generation, gerade in Deustchland, muss sich klarmachen, dass es sich hier um einen Zerr\u00fcttungsprozess in Dezennien handelt. Bei normalen Paaren l\u00e4uft so etwas viel schneller ab, um den Faktor Zehn etwa. Hier aber, zwischen Staaten, kann man das nur wahrnehmen, wenn man sich der Geschichte aus Berichten \u00f6ffnet, die eigene Wahrnehmung aus Augenzeugenschaft reicht bei weitem nicht hin. Putin hat, als Mitarbeiter unter Jelzin, das zerr\u00fcttete Ende des Verh\u00e4ltnisses von Jelzin und Clinton noch pers\u00f6nlich wahrgenommen.<\/p>\n\n\n\n<p>Das kontrastiert extrem zu Lars Klingbeils Stationen seiner Augenzeugenschaft von Weltgeschichte. Der hat in seiner <a href=\"https:\/\/augengeradeaus.net\/wp-content\/uploads\/2022\/06\/Klingbeil_FES_Zeitenwende_21jun2022.pdf\" target=\"_blank\" rel=\"noreferrer noopener\">au\u00dfenpolitischen Grundsatzrede zum Thema \u201eZeitenwende\u201c am 21. Juni 2022<\/a> in einer <a href=\"https:\/\/www.blog-der-republik.de\/der-spd-vorsitzende-zu-unserem-anteil-an-russlands-einmarsch-in-die-ukraine\/\" target=\"_blank\" rel=\"noreferrer noopener\">geradezu r\u00fchrenden Weise bekannt<\/a>:<\/p>\n\n\n\n<p>\u201e<em>Als ich 11 Jahre alt war, fiel die Mauer in Berlin und der Kalte Krieg war vorbei. &#8230; Als ich mit 23 Jahren f\u00fcr ein Praktikum in New York war, habe ich die Anschl\u00e4ge 9\/11 in dieser gro\u00dfartigen Stadt hautnah miterleben m\u00fcssen. &#8230; Und jetzt: der 24. Februar 2022. &#8230; Heute bin ich 44 Jahre alt. Als Parteivorsitzender der SPD trage ich Verantwortung.<\/em>\u201c<\/p>\n\n\n\n<p>Mit anderen Worten: Er hat von Weltgeschichte pers\u00f6nlich so gut wie nichts bislang mitbekommen! Das muss man als gut vierzigj\u00e4hrige politische F\u00fchrungskraft in Rechung stellen.<\/p>\n\n\n\n<figure class=\"wp-block-table\"><table class=\"has-subtle-light-gray-background-color has-background\"><tbody><tr><td width=\"25%\"><a rel=\"noopener noreferrer\" href=\"https:\/\/www.wupperinst.org\/c\/wi\/c\/s\/cd\/70\/\" target=\"_blank\"><img decoding=\"async\" title=\" \" class=\"aligncenter wp-image-313\" src=\"https:\/\/www.sinn-schaffen.de\/lesetipp\/wp-content\/uploads\/sites\/19\/2020\/11\/Luhmann_Jochen_FG1_farb-1024x853-1.jpg\" alt=\"\" width=\"180\"><\/a><\/td><td width=\"75%\">Dr. Hans-Jochen Luhmann ist Senior Expert am <a href=\"https:\/\/www.wupperinst.org\/\" target=\"_blank\" rel=\"noopener noreferrer\">Wuppertal Institut f\u00fcr Klima, Umwelt, Energie GmbH<\/a>.<\/td><\/tr><\/tbody><\/table><\/figure>\n\n\n\n<hr class=\"wp-block-separator has-alpha-channel-opacity\"\/>\n","protected":false},"excerpt":{"rendered":"<p>Mit der Invasion Russlands in die Ukraine sind der Westen und Russland nicht mehr nur Gegner sondern Feinde geworden. \u201eDer Westen\u201c sind im wesentlichen die USA und die Europ\u00e4er. Grundlage ihrer Beziehungen ist die Landkarte. Die \u201eEurop\u00e4er\u201c haben mit Russland eine Landgrenze \u2013 die USA sind durch den Atlantik getrennt. Diese territoriale Unverr\u00fcckbarkeit erzwingt, dass &hellip; <\/p>\n<p class=\"link-more\"><a href=\"https:\/\/www.sinn-schaffen.de\/lesetipp\/der-krieg-in-der-ukraine-hoehepunkt-der-geschichte-eines-zerruetteten-verhaeltnisses\/\" class=\"more-link\"><span class=\"screen-reader-text\">\u201eDer Krieg in der Ukraine: H\u00f6hepunkt der Geschichte eines zerr\u00fctteten Verh\u00e4ltnisses\u201c<\/span> weiterlesen<\/a><\/p>\n","protected":false},"author":1,"featured_media":0,"parent":0,"menu_order":12,"comment_status":"closed","ping_status":"closed","template":"","meta":{"footnotes":""},"class_list":["post-351","page","type-page","status-publish","hentry"],"_links":{"self":[{"href":"https:\/\/www.sinn-schaffen.de\/lesetipp\/wp-json\/wp\/v2\/pages\/351","targetHints":{"allow":["GET"]}}],"collection":[{"href":"https:\/\/www.sinn-schaffen.de\/lesetipp\/wp-json\/wp\/v2\/pages"}],"about":[{"href":"https:\/\/www.sinn-schaffen.de\/lesetipp\/wp-json\/wp\/v2\/types\/page"}],"author":[{"embeddable":true,"href":"https:\/\/www.sinn-schaffen.de\/lesetipp\/wp-json\/wp\/v2\/users\/1"}],"replies":[{"embeddable":true,"href":"https:\/\/www.sinn-schaffen.de\/lesetipp\/wp-json\/wp\/v2\/comments?post=351"}],"version-history":[{"count":2,"href":"https:\/\/www.sinn-schaffen.de\/lesetipp\/wp-json\/wp\/v2\/pages\/351\/revisions"}],"predecessor-version":[{"id":354,"href":"https:\/\/www.sinn-schaffen.de\/lesetipp\/wp-json\/wp\/v2\/pages\/351\/revisions\/354"}],"wp:attachment":[{"href":"https:\/\/www.sinn-schaffen.de\/lesetipp\/wp-json\/wp\/v2\/media?parent=351"}],"curies":[{"name":"wp","href":"https:\/\/api.w.org\/{rel}","templated":true}]}}