{"id":376,"date":"2024-06-19T15:42:47","date_gmt":"2024-06-19T13:42:47","guid":{"rendered":"https:\/\/www.sinn-schaffen.de\/lesetipp\/?page_id=376"},"modified":"2024-06-19T15:42:48","modified_gmt":"2024-06-19T13:42:48","slug":"der-gemeinsame-vorschlag-zum-ukraine-konflikt-von-china-und-brasilien","status":"publish","type":"page","link":"https:\/\/www.sinn-schaffen.de\/lesetipp\/der-gemeinsame-vorschlag-zum-ukraine-konflikt-von-china-und-brasilien\/","title":{"rendered":"Der gemeinsame Vorschlag zum Ukraine-Konflikt von China und Brasilien"},"content":{"rendered":"\n<p><em>Am 23. Mai 2024 haben China und Brasilien einen Text vorgelegt, der eine realistische Alternative darstellt zu dem, was bei der Internationalen Hochrangigen Konferenz zum Frieden in der Ukraine am 15. und 16. Juni 2024 in der Schweiz ausgearbeitet wurde. Die Bedeutung dieser Initiative wird deutlich, wenn man sich klar macht, dass Verhandlungen zwischen Konfliktpartnern, um erfolgreich zu sein, immer eines Dritten, eines Mediators, bed\u00fcrfen.<\/em><\/p>\n\n\n\n<p>China und Brasilien haben <a href=\"https:\/\/www.fmprc.gov.cn\/mfa_eng\/zxxx_662805\/202405\/t20240523_11310698.html#:~:text=The%20two%20sides%20believe%20that,realization%20of%20a%20comprehensive%20ceasefire.\" data-type=\"link\" data-id=\"https:\/\/www.fmprc.gov.cn\/mfa_eng\/zxxx_662805\/202405\/t20240523_11310698.html#:~:text=The%20two%20sides%20believe%20that,realization%20of%20a%20comprehensive%20ceasefire.\" target=\"_blank\" rel=\"noopener\">am 23. Mai 2024 einen Text zu <\/a><a href=\"https:\/\/www.fmprc.gov.cn\/mfa_eng\/zxxx_662805\/202405\/t20240523_11310698.html#:~:text=The%20two%20sides%20believe%20that,realization%20of%20a%20comprehensive%20ceasefire.\" data-type=\"link\" data-id=\"https:\/\/www.fmprc.gov.cn\/mfa_eng\/zxxx_662805\/202405\/t20240523_11310698.html#:~:text=The%20two%20sides%20believe%20that,realization%20of%20a%20comprehensive%20ceasefire.\" target=\"_blank\" rel=\"noreferrer noopener\">ihren <\/a><a href=\"https:\/\/www.fmprc.gov.cn\/mfa_eng\/zxxx_662805\/202405\/t20240523_11310698.html#:~:text=The%20two%20sides%20believe%20that,realization%20of%20a%20comprehensive%20ceasefire.\" data-type=\"link\" data-id=\"https:\/\/www.fmprc.gov.cn\/mfa_eng\/zxxx_662805\/202405\/t20240523_11310698.html#:~:text=The%20two%20sides%20believe%20that,realization%20of%20a%20comprehensive%20ceasefire.\" target=\"_blank\" rel=\"noopener\">Vorstellungen vorgelegt<\/a>, wie der Konflikt um die Ukraine politisch eingehegt werden kann. Stichwort ist nicht \u201eFrieden\u201c sondern \u201e<em>Political Settlement<\/em>\u201c. Inhaltlich werden sechs Punkte vorgelegt. Grundideen sind die der Deeskalation und einer Verhandlungsl\u00f6sung. Die beiden Autoren-Staaten rufen die Staaten der Weltgemeinschaft auf, sich diesen sechs Punkten anzuschlie\u00dfen. Damit liegt ein Text auf dem Tisch, der relativ zu dem, <a href=\"https:\/\/www.eda.admin.ch\/eda\/en\/fdfa\/fdfa\/aktuell\/dossiers\/konferenz-zum-frieden-ukraine.html\" target=\"_blank\" data-type=\"link\" data-id=\"https:\/\/www.eda.admin.ch\/eda\/en\/fdfa\/fdfa\/aktuell\/dossiers\/konferenz-zum-frieden-ukraine.html\" rel=\"noreferrer noopener\">was am 15. und 16. Juni 2024 in der Schweiz unter dem offenkundig \u00fcberzeichnenden Stichwort \u201eFrieden\u201c ausgearbeitet wurde<\/a>, eine realistische Alternative darstellt, weil auf die Kernpunkte gezielt wird.<\/p>\n\n\n\n<p>Die Bedeutung dieser Initiative wird deutlich, wenn man sich klar macht, dass Verhandlungen zwischen Konfliktpartnern, um erfolgreich zu sein, immer eines Dritten, eines Mediators, bed\u00fcrfen. Gesteht man zu beziehungsweise sich ein, dass der Krieg in der Ukraine eigentlich der blutige Austrag eines Konflikts zwischen Russland und den USA ist, dass, was die USA angeht, sie einen Stellvertreter-Krieg f\u00fchren mit dem Ziel der milit\u00e4risch-strategischen Schw\u00e4chung Russlands, dann ist klar, dass in einer solchen Konstellation Mediator nur die dritte Weltmacht, das ist China, sein kann. Europa als Allianzpartner der USA kann es nicht sein.<\/p>\n\n\n\n<p>Medial hat dieser Vorschlag in Deutschland trotz seiner objektiven Bedeutung wenig Aufmerksamkeit gefunden. Das B\u00fcndnis Sarah Wagenknecht (BSW) hat versucht das auszugleichen, indem es <a href=\"https:\/\/dserver.bundestag.de\/btd\/20\/116\/2011654.pdf\" target=\"_blank\" data-type=\"link\" data-id=\"https:\/\/dserver.bundestag.de\/btd\/20\/116\/2011654.pdf\" rel=\"noreferrer noopener\">einen Antrag im Deutschen Bundestag vorgelegt<\/a> hat. Inhalt ist im Wesentlichen die Wiedergabe des Inhalts des chinesisch-brasilianischen Vorschlags. Am Ende wird die Bundesregierung aufgefordert, die Initiative zu unterst\u00fctzen sowie einen eigenen Sonderbeauftragten f\u00fcr die Beilegung des Ukraine-Konflikts zu benennen.<\/p>\n\n\n\n<p>Abgerundet ist das durch die am selben Tag (6. Juni 2024) vorgelegte Antwort der Bundesregierung auf einen Kleine Anfrage der BSW. Darin wurde ein Bericht zu den bisherigen \u201e<em>diplomatischen Bem\u00fchungen der Bundesregierung zur Beendigung des Ukraine-Kriegs\u201c<\/em> erbeten. <\/p>\n\n\n\n<p><a href=\"https:\/\/dserver.bundestag.de\/btd\/20\/116\/2011639.pdf\" target=\"_blank\" data-type=\"link\" data-id=\"https:\/\/dserver.bundestag.de\/btd\/20\/116\/2011639.pdf\" rel=\"noreferrer noopener\">Die Auskunft, die die Bundesregierung gibt, ist lesenswert und erhellend<\/a>. Entscheidend ist dieser Positionsbezug der Bundesregierung:<\/p>\n\n\n\n<p>\u201e<em>Aus Sicht der Bundesregierung ist es <strong>allein an der Regierung der Ukraine<\/strong>, \u00fcber Stattfinden, Zeitpunkt, Format und Inhalt m\u00f6glicher Verhandlungen mit der Russischen F\u00f6deration \u00fcber eine <strong>friedliche L\u00f6sung zur Beendigung<\/strong> <strong>des<\/strong> v\u00f6lkerrechtswidrigen russischen <strong>Angriffskrieges<\/strong> zu entscheiden.<\/em>\u201c.<\/p>\n\n\n\n<p>Damit hat die Bundesregierung Zweierlei entschieden:<\/p>\n\n\n\n<ul class=\"wp-block-list\">\n<li>eine allein rechtliche Positionierung zum Krieg einzunehmen, also auf eine realistische Einordung als eines politischen Konflikts zu verzichten. Sie nimmt sich und die gesamte unterst\u00fctzende Allianz aus dem Spiel;<\/li>\n\n\n\n<li>als Ziel einer Initiative eine \u201e<em>friedliche L\u00f6sung zur Beendigung des \u2026 Angriffskrieges<\/em>\u201c auszugeben.<\/li>\n<\/ul>\n\n\n\n<p>Letzteres ist sprachlich ein Wolkenkuckucksheim. Die \u201eBeendigung des Krieges\u201c und die \u201eL\u00f6sung des Konflikts\u201c, mit der Perspektive, dass Frieden in den Beziehungen einziehen m\u00f6ge, sind zwei deutlich unterschiedliche Ziele.<\/p>\n\n\n\n<p>Man lernt: Die Bundesregierung scheut begriffliche Pr\u00e4zision und eine <em>politische<\/em> Perspektive auf den Krieg, weil sie aktuell nichts Konkretes will.<\/p>\n\n\n\n<div class=\"wp-block-columns is-layout-flex wp-container-core-columns-is-layout-9d6595d7 wp-block-columns-is-layout-flex\">\n<div class=\"wp-block-column is-layout-flow wp-block-column-is-layout-flow\" style=\"flex-basis:33.33%\">\n<figure class=\"wp-block-image size-full\"><a href=\"https:\/\/wupperinst.org\/\" target=\"_blank\" rel=\"noreferrer noopener\"><img loading=\"lazy\" decoding=\"async\" width=\"1024\" height=\"853\" src=\"https:\/\/www.sinn-schaffen.de\/lesetipp\/wp-content\/uploads\/sites\/19\/2020\/11\/Luhmann_Jochen_FG1_farb-1024x853-1.jpg\" alt=\"\" class=\"wp-image-259\"\/><\/a><\/figure>\n<\/div>\n\n\n\n<div class=\"wp-block-column is-layout-flow wp-block-column-is-layout-flow\" style=\"flex-basis:66.66%\">\n<p><\/p>\n\n\n\n<p>Dr. Hans-Jochen Luhmann ist Senior Expert am\u00a0<a href=\"https:\/\/www.wupperinst.org\/\" target=\"_blank\" rel=\"noreferrer noopener\">Wuppertal Institut f\u00fcr Klima, Umwelt, Energie GmbH<\/a>.<\/p>\n<\/div>\n<\/div>\n","protected":false},"excerpt":{"rendered":"<p>Am 23. Mai 2024 haben China und Brasilien einen Text vorgelegt, der eine realistische Alternative darstellt zu dem, was bei der Internationalen Hochrangigen Konferenz zum Frieden in der Ukraine am 15. und 16. Juni 2024 in der Schweiz ausgearbeitet  wurde. Die Bedeutung dieser Initiative wird deutlich, wenn man sich klar macht, dass Verhandlungen zwischen Konfliktpartnern, um erfolgreich zu sein, immer eines Dritten, eines Mediators, bed\u00fcrfen.<\/p>\n","protected":false},"author":1,"featured_media":0,"parent":0,"menu_order":7,"comment_status":"closed","ping_status":"closed","template":"","meta":{"footnotes":""},"class_list":["post-376","page","type-page","status-publish","hentry"],"_links":{"self":[{"href":"https:\/\/www.sinn-schaffen.de\/lesetipp\/wp-json\/wp\/v2\/pages\/376","targetHints":{"allow":["GET"]}}],"collection":[{"href":"https:\/\/www.sinn-schaffen.de\/lesetipp\/wp-json\/wp\/v2\/pages"}],"about":[{"href":"https:\/\/www.sinn-schaffen.de\/lesetipp\/wp-json\/wp\/v2\/types\/page"}],"author":[{"embeddable":true,"href":"https:\/\/www.sinn-schaffen.de\/lesetipp\/wp-json\/wp\/v2\/users\/1"}],"replies":[{"embeddable":true,"href":"https:\/\/www.sinn-schaffen.de\/lesetipp\/wp-json\/wp\/v2\/comments?post=376"}],"version-history":[{"count":1,"href":"https:\/\/www.sinn-schaffen.de\/lesetipp\/wp-json\/wp\/v2\/pages\/376\/revisions"}],"predecessor-version":[{"id":377,"href":"https:\/\/www.sinn-schaffen.de\/lesetipp\/wp-json\/wp\/v2\/pages\/376\/revisions\/377"}],"wp:attachment":[{"href":"https:\/\/www.sinn-schaffen.de\/lesetipp\/wp-json\/wp\/v2\/media?parent=376"}],"curies":[{"name":"wp","href":"https:\/\/api.w.org\/{rel}","templated":true}]}}