{"id":136,"date":"2023-01-12T15:32:28","date_gmt":"2023-01-12T14:32:28","guid":{"rendered":"https:\/\/www.sinn-schaffen.de\/medien\/?page_id=136"},"modified":"2023-01-12T15:32:29","modified_gmt":"2023-01-12T14:32:29","slug":"einsamkeit-verstehen","status":"publish","type":"page","link":"https:\/\/www.sinn-schaffen.de\/medien\/einsamkeit-verstehen\/","title":{"rendered":"Einsamkeit verstehen"},"content":{"rendered":"\n<p><em>Nathalie Schnoor, \u201eEinsamkeit verstehen\u201c, 2023, Psychiatrie Verlag, K\u00f6ln, 215 Seiten, 18.00 Euro.<\/em><\/p>\n\n\n\n<p>Das Thema hat seit der Zeit der Coronapandemie Konjunktur. Ob man Einsamkeit allerdings, wie es der Titel verspricht, verstehen kann, ist f\u00fcr mich fraglich.<\/p>\n\n\n\n<p>Man kann versuchen, den damit verbundenen Empfindungen \u2011 denn Einsamkeit ist etwas, was im Gef\u00fchlsbereich zu suchen ist\u2011 auf die Spur zu kommen. Und das tut das Buch von Nathalie Schnoor. Ein Ratgeber, der viele Arbeitsbl\u00e4tter und Beispiele anbietet.<\/p>\n\n\n\n<p>M\u00f6glichkeiten der Selbsterforschung werden angeboten, die Abgrenzung zur Krankheit vorgenommen. Am Schluss gibt es gute Ratschl\u00e4ge gegen das Einsamkeitsgef\u00fchl: zum Beispiel Achtsamkeitsspazierg\u00e4nge und birding (V\u00f6gel beobachten).<\/p>\n\n\n\n<p><em>Dr. Heiderose G\u00e4rtner-Schultz.<\/em><\/p>\n\n\n\n<p><em><a href=\"https:\/\/www.gaertner-schultz.de\" target=\"_blank\" rel=\"noreferrer noopener\">www.gaertner-schultz.de<\/a><\/em><\/p>\n\n\n\n<div class=\"wp-block-columns is-layout-flex wp-container-core-columns-is-layout-9d6595d7 wp-block-columns-is-layout-flex\">\n<div class=\"wp-block-column is-layout-flow wp-block-column-is-layout-flow\" style=\"flex-basis:33.33%\">\n<figure class=\"wp-block-image size-large\"><a href=\"https:\/\/psychiatrie-verlag.de\/product\/einsamkeit-verstehen\/\" target=\"_blank\" rel=\"noreferrer noopener\"><img loading=\"lazy\" decoding=\"async\" width=\"656\" height=\"1024\" src=\"https:\/\/www.sinn-schaffen.de\/medien\/wp-content\/uploads\/sites\/21\/2023\/01\/einsamkeit-verstehen-cover-656x1024.jpg\" alt=\"\" class=\"wp-image-135\"\/><\/a><\/figure>\n<\/div>\n\n\n\n<div class=\"wp-block-column is-layout-flow wp-block-column-is-layout-flow\" style=\"flex-basis:66.66%\">\n<p><em><a href=\"https:\/\/psychiatrie-verlag.de\/product\/einsamkeit-verstehen\/\" target=\"_blank\" rel=\"noreferrer noopener\">Hariet Kirschner, Simon Forstmeier, Bernhard Strau\u00df, \u201eDas Lebensr\u00fcckblickgespr\u00e4ch\u201c, 2022, Psychosozial-Verlag, Gie\u00dfen, 145 Seiten, 22.90 Euro.<\/a><\/em><\/p>\n<\/div>\n<\/div>\n","protected":false},"excerpt":{"rendered":"<p>Nathalie Schnoor, \u201eEinsamkeit verstehen\u201c, 2023, Psychiatrie Verlag, K\u00f6ln, 215 Seiten, 18.00 Euro. Das Thema hat seit der Zeit der Coronapandemie Konjunktur. Ob man Einsamkeit allerdings, wie es der Titel verspricht, verstehen kann, ist f\u00fcr mich fraglich. Man kann versuchen, den damit verbundenen Empfindungen \u2011 denn Einsamkeit ist etwas, was im Gef\u00fchlsbereich zu suchen ist\u2011 auf &hellip; <\/p>\n<p class=\"link-more\"><a href=\"https:\/\/www.sinn-schaffen.de\/medien\/einsamkeit-verstehen\/\" class=\"more-link\"><span class=\"screen-reader-text\">\u201eEinsamkeit verstehen\u201c<\/span> weiterlesen<\/a><\/p>\n","protected":false},"author":1,"featured_media":0,"parent":0,"menu_order":15,"comment_status":"closed","ping_status":"closed","template":"","meta":{"footnotes":""},"class_list":["post-136","page","type-page","status-publish","hentry"],"_links":{"self":[{"href":"https:\/\/www.sinn-schaffen.de\/medien\/wp-json\/wp\/v2\/pages\/136","targetHints":{"allow":["GET"]}}],"collection":[{"href":"https:\/\/www.sinn-schaffen.de\/medien\/wp-json\/wp\/v2\/pages"}],"about":[{"href":"https:\/\/www.sinn-schaffen.de\/medien\/wp-json\/wp\/v2\/types\/page"}],"author":[{"embeddable":true,"href":"https:\/\/www.sinn-schaffen.de\/medien\/wp-json\/wp\/v2\/users\/1"}],"replies":[{"embeddable":true,"href":"https:\/\/www.sinn-schaffen.de\/medien\/wp-json\/wp\/v2\/comments?post=136"}],"version-history":[{"count":1,"href":"https:\/\/www.sinn-schaffen.de\/medien\/wp-json\/wp\/v2\/pages\/136\/revisions"}],"predecessor-version":[{"id":137,"href":"https:\/\/www.sinn-schaffen.de\/medien\/wp-json\/wp\/v2\/pages\/136\/revisions\/137"}],"wp:attachment":[{"href":"https:\/\/www.sinn-schaffen.de\/medien\/wp-json\/wp\/v2\/media?parent=136"}],"curies":[{"name":"wp","href":"https:\/\/api.w.org\/{rel}","templated":true}]}}