{"id":228,"date":"2025-02-13T17:39:54","date_gmt":"2025-02-13T16:39:54","guid":{"rendered":"https:\/\/www.sinn-schaffen.de\/medien\/?page_id=228"},"modified":"2025-02-13T17:41:23","modified_gmt":"2025-02-13T16:41:23","slug":"equipment-fuer-die-innere-spurensuche","status":"publish","type":"page","link":"https:\/\/www.sinn-schaffen.de\/medien\/equipment-fuer-die-innere-spurensuche\/","title":{"rendered":"Equipment f\u00fcr die innere Spurensuche"},"content":{"rendered":"\n<p><em>Susanne V\u00f6mel: Selbstwahrnehmung mit allen Sinnen \u2011 Wie ein gest\u00e4rktes K\u00f6rperbewusstsein zu mehr Selbstwert, Lebendigkeit und Lebensfreude verhilft, Gie\u00dfen, Psychosozial Verlag, 2025, 145 Seiten, 22,90 Euro.<\/em><\/p>\n\n\n\n<p>Die gelernte Physiotherapeutin Susanne V\u00f6mel hat zur Psychotherapeutin umgesattelt und verarbeitet ihre Erfahrungen aus dem ersten Beruf im zweiten. Der K\u00f6rper und das K\u00f6rperged\u00e4chtnis spielen eine gro\u00dfe Rolle bei der Entwicklung und im Leben des Menschen. Ein gest\u00e4rktes K\u00f6rperbewusstsein f\u00fchrt zu Selbstwert, Lebendigkeit und Freude, das ist ihre These.<\/p>\n\n\n\n<p>Ihr Versprechen lautet: \u201eF\u00fcr den Fall, dass Sie sich auf die Spur der in Ihnen wirkenden Kr\u00e4fte begeben m\u00f6chten, bem\u00fche ich mich, Ihnen im Laufe der folgenden Kapitel f\u00f6rderliches Equipment mit auf den Weg zu geben.\u201c (S.11)<\/p>\n\n\n\n<p>Psychologische und physiologische Konzepte m\u00f6chte sie in verst\u00e4ndlicher Form in einen Sinnzusammenhang stellen, um Anregung zu geben, sich besser zu verstehen und ergr\u00fcnden zu k\u00f6nnen. (S.15) Unbewusste W\u00fcnsche, Vorstellungen, Bed\u00fcrfnisse, Sehns\u00fcchte und Fantasien sollen ans Licht gebracht und verstehbar gemacht und ins Leben integriert werden. Anregungen zur K\u00f6rper- und Selbstwahrnehmung werden gegeben. (S. 89ff)<\/p>\n\n\n\n<p>Der Ritt durch die Fachliteratur enth\u00e4lt auch viele Erkenntnisse aus den 70er Jahren, ihre Zusammenstellung vergleicht sie selbst mit dem Jonglieren und ermutigt die Lesenden, auch mit Wissen und Erkenntnissen zu jonglieren.<\/p>\n\n\n\n<p>Das letzte Kapitel handelt von der Freude. Freude, die jeden Menschen verwandeln kann, wenn er sie sp\u00fcrt. Erinnern an sch\u00f6ne Momente hilft dabei, der Bleistift quer im Mund, wenn das L\u00e4cheln sich nicht von selbst einstellt.<\/p>\n\n\n\n<p><em>Dr. Heiderose G\u00e4rtner-Schultz<\/em><\/p>\n\n\n\n<p><a href=\"https:\/\/www.gaertner-schultz.de\/\" target=\"_blank\" data-type=\"link\" data-id=\"https:\/\/www.gaertner-schultz.de\/\" rel=\"noreferrer noopener\">www.gaertner-schultz.de<\/a><\/p>\n\n\n\n<div class=\"wp-block-columns is-layout-flex wp-container-core-columns-is-layout-9d6595d7 wp-block-columns-is-layout-flex\">\n<div class=\"wp-block-column is-layout-flow wp-block-column-is-layout-flow\" style=\"flex-basis:33.33%\">\n<figure class=\"wp-block-image size-large\"><a href=\"https:\/\/psychosozial-verlag.de\/programm\/2000\/2120\/3379-detail\" target=\"_blank\" rel=\" noreferrer noopener\"><img loading=\"lazy\" decoding=\"async\" width=\"723\" height=\"1024\" src=\"https:\/\/www.sinn-schaffen.de\/medien\/wp-content\/uploads\/sites\/21\/2025\/02\/Susanne-Voemel-selbstwahrnehmung-mit-allen-sinnen-T-723x1024.jpg\" alt=\"\" class=\"wp-image-227\"\/><\/a><\/figure>\n<\/div>\n\n\n\n<div class=\"wp-block-column is-layout-flow wp-block-column-is-layout-flow\" style=\"flex-basis:66.66%\">\n<p><\/p>\n\n\n\n<p><em><a href=\"https:\/\/psychosozial-verlag.de\/programm\/2000\/2120\/3379-detail\" target=\"_blank\" data-type=\"link\" data-id=\"https:\/\/psychosozial-verlag.de\/programm\/2000\/2120\/3379-detail\" rel=\"noreferrer noopener\">Susanne V\u00f6mel: Selbstwahrnehmung mit allen Sinnen \u2011 Wie ein gest\u00e4rktes K\u00f6rperbewusstsein zu mehr Selbstwert, Lebendigkeit und Lebensfreude verhilft, Gie\u00dfen, Psychosozial Verlag, 2025, 145 Seiten, 22,90 Euro.<\/a><\/em><\/p>\n<\/div>\n<\/div>\n","protected":false},"excerpt":{"rendered":"<p>Der K\u00f6rper und das K\u00f6rperged\u00e4chtnis spielen eine gro\u00dfe Rolle bei der Entwicklung und im Leben des Menschen. Unbewusste W\u00fcnsche, Vorstellungen, Bed\u00fcrfnisse, Sehns\u00fcchte und Fantasien sollen ans Licht gebracht und verstehbar gemacht und ins Leben integriert werden. Das letzte Kapitel handelt von der Freude: Freude, die jeden Menschen verwandeln kann, wenn er sie sp\u00fcrt.<\/p>\n","protected":false},"author":1,"featured_media":0,"parent":0,"menu_order":0,"comment_status":"closed","ping_status":"closed","template":"","meta":{"footnotes":""},"class_list":["post-228","page","type-page","status-publish","hentry"],"_links":{"self":[{"href":"https:\/\/www.sinn-schaffen.de\/medien\/wp-json\/wp\/v2\/pages\/228","targetHints":{"allow":["GET"]}}],"collection":[{"href":"https:\/\/www.sinn-schaffen.de\/medien\/wp-json\/wp\/v2\/pages"}],"about":[{"href":"https:\/\/www.sinn-schaffen.de\/medien\/wp-json\/wp\/v2\/types\/page"}],"author":[{"embeddable":true,"href":"https:\/\/www.sinn-schaffen.de\/medien\/wp-json\/wp\/v2\/users\/1"}],"replies":[{"embeddable":true,"href":"https:\/\/www.sinn-schaffen.de\/medien\/wp-json\/wp\/v2\/comments?post=228"}],"version-history":[{"count":2,"href":"https:\/\/www.sinn-schaffen.de\/medien\/wp-json\/wp\/v2\/pages\/228\/revisions"}],"predecessor-version":[{"id":231,"href":"https:\/\/www.sinn-schaffen.de\/medien\/wp-json\/wp\/v2\/pages\/228\/revisions\/231"}],"wp:attachment":[{"href":"https:\/\/www.sinn-schaffen.de\/medien\/wp-json\/wp\/v2\/media?parent=228"}],"curies":[{"name":"wp","href":"https:\/\/api.w.org\/{rel}","templated":true}]}}