{"id":35,"date":"2018-10-16T15:07:13","date_gmt":"2018-10-16T13:07:13","guid":{"rendered":"https:\/\/www.sinn-schaffen.de\/medien\/?page_id=35"},"modified":"2018-10-16T15:07:13","modified_gmt":"2018-10-16T13:07:13","slug":"ewiges-leben-im-umbau","status":"publish","type":"page","link":"https:\/\/www.sinn-schaffen.de\/medien\/ewiges-leben-im-umbau\/","title":{"rendered":"&#8222;Ewiges Leben&#8220; im Umbau"},"content":{"rendered":"<p>Die Reihe \u201eDogmatik in der Moderne\u201c widmet sich \u201ematerialdogmatischen Themen\u201c. In ihr werden Untersuchungen pr\u00e4sentiert, die das durch die Moderne gestellte Problemniveau eines unverzichtbaren, aber unterschiedlich ausfallenden Erfahrungsbezuges und der perspektivischen Pluralit\u00e4t methodischer Ans\u00e4tze im Blick auf materialdogmatische Fragen reflektieren. Sie versteht sich als Forum f\u00fcr Untersuchungen, denen es darum geht, die unterschiedlichen fundamentaltheologischen und methodischen Konzeptionen der j\u00fcngsten Zeit f\u00fcr das Verst\u00e4ndnis einzelner Themen und Probleme der christlichen Lehre fruchtbar zu machen und darin zu bew\u00e4hren oder neue Anregungen f\u00fcr die Dogmatik zu erhalten.<\/p>\n<p>G\u00fcnter Thomas, Professor f\u00fcr Systematische Theologie an der Ruhr-Universit\u00e4t Bochum, und Markus H\u00f6fner, gesch\u00e4ftsf\u00fchrender Oberassistent am Institut f\u00fcr Hermeneutik und Religionsphilosophie an der Universit\u00e4t Z\u00fcrich, und ihre Mitautoren gehen das Thema \u201eEnde oder Umbau einer Erl\u00f6sungsreligion\u201c in drei Schritten an:<\/p>\n<ol>\n<li>Historische Perspektiven und Analysen: Erl\u00f6sung und \u201aewiges Leben\u2018 in der christlichen Tradition,<\/li>\n<li>Gegenw\u00e4rtige Zug\u00e4nge: Systematische und religionsphilosophische Perspektiven auf Umbau oder Ende der Erl\u00f6sung und<\/li>\n<li>Resonanzr\u00e4ume: Religion-Diakonie-Literatur-Biomedizin.<\/li>\n<\/ol>\n<p>Der theologische Begriff eines \u201eewigen Lebens\u201c ist ein wesentlicher Kristallisationspunkt f\u00fcr die christliche Idee von Erl\u00f6sung. Versteht man Erl\u00f6sung formal als \u00dcbergang von einem defizit\u00e4ren zu einem vollendeten Zustand, so bezeichnet \u201eewiges Leben\u201c dieses Zweite; Erl\u00f6sung geschieht auf ewiges Leben hin. Umbauten der Idee von Erl\u00f6sung, wie sie sich in der Moderne angesichts gesellschaftlicher und wissenschaftlicher Herausforderungen christlicher Tradition vollziehen, lassen sich daher am Begriff des ewigen Lebens pr\u00e4gnant beobachten. Dabei zeigen sich sowohl charakterisitsch unterschiedliche Optionen als auch \u00fcbergreifende Entwicklungen. In Orientierung am Begriff des ewigen Lebens gehen die hilfreichen und stoffreichen Beitr\u00e4ge des vorliegenden Bandes diesen \u201eUmbauten\u201c nach.<\/p>\n<p><em>Walter Schmidt.<\/em><\/p>\n<p>&nbsp;<\/p>\n<p>&nbsp;<\/p>\n","protected":false},"excerpt":{"rendered":"<p>Die Reihe \u201eDogmatik in der Moderne\u201c widmet sich \u201ematerialdogmatischen Themen\u201c. In ihr werden Untersuchungen pr\u00e4sentiert, die das durch die Moderne gestellte Problemniveau eines unverzichtbaren, aber unterschiedlich ausfallenden Erfahrungsbezuges und der perspektivischen Pluralit\u00e4t methodischer Ans\u00e4tze im Blick auf materialdogmatische Fragen reflektieren. Sie versteht sich als Forum f\u00fcr Untersuchungen, denen es darum geht, die unterschiedlichen fundamentaltheologischen und &hellip; <\/p>\n<p class=\"link-more\"><a href=\"https:\/\/www.sinn-schaffen.de\/medien\/ewiges-leben-im-umbau\/\" class=\"more-link\"><span class=\"screen-reader-text\">\u201e&#8222;Ewiges Leben&#8220; im Umbau\u201c<\/span> weiterlesen<\/a><\/p>\n","protected":false},"author":1,"featured_media":0,"parent":0,"menu_order":29,"comment_status":"closed","ping_status":"closed","template":"","meta":{"footnotes":""},"class_list":["post-35","page","type-page","status-publish","hentry"],"_links":{"self":[{"href":"https:\/\/www.sinn-schaffen.de\/medien\/wp-json\/wp\/v2\/pages\/35","targetHints":{"allow":["GET"]}}],"collection":[{"href":"https:\/\/www.sinn-schaffen.de\/medien\/wp-json\/wp\/v2\/pages"}],"about":[{"href":"https:\/\/www.sinn-schaffen.de\/medien\/wp-json\/wp\/v2\/types\/page"}],"author":[{"embeddable":true,"href":"https:\/\/www.sinn-schaffen.de\/medien\/wp-json\/wp\/v2\/users\/1"}],"replies":[{"embeddable":true,"href":"https:\/\/www.sinn-schaffen.de\/medien\/wp-json\/wp\/v2\/comments?post=35"}],"version-history":[{"count":1,"href":"https:\/\/www.sinn-schaffen.de\/medien\/wp-json\/wp\/v2\/pages\/35\/revisions"}],"predecessor-version":[{"id":36,"href":"https:\/\/www.sinn-schaffen.de\/medien\/wp-json\/wp\/v2\/pages\/35\/revisions\/36"}],"wp:attachment":[{"href":"https:\/\/www.sinn-schaffen.de\/medien\/wp-json\/wp\/v2\/media?parent=35"}],"curies":[{"name":"wp","href":"https:\/\/api.w.org\/{rel}","templated":true}]}}