{"id":48,"date":"2020-05-07T16:27:29","date_gmt":"2020-05-07T14:27:29","guid":{"rendered":"https:\/\/www.sinn-schaffen.de\/medien\/?page_id=48"},"modified":"2020-05-07T17:13:57","modified_gmt":"2020-05-07T15:13:57","slug":"attac-basistext-verkehr-der-zukunft-nicht-den-konzernen-ueberlassen","status":"publish","type":"page","link":"https:\/\/www.sinn-schaffen.de\/medien\/attac-basistext-verkehr-der-zukunft-nicht-den-konzernen-ueberlassen\/","title":{"rendered":"Neuer Attac-Basistext: Verkehr der Zukunft nicht den Konzernen \u00fcberlassen!"},"content":{"rendered":"\n<p><strong>Ein Attac-Basistext<\/strong><\/p>\n\n\n\n<p>Um den Klimakollaps zu verhindern und gleichzeitig allen Menschen Mobilit\u00e4t zu erm\u00f6glichen, muss motorisierter Individualverkehr radikal verringert, Fu\u00df- und Radverkehr sowie das Angebot von Bus und Bahn schnell und umfassend ausgebaut und f\u00fcr alle erschwinglich werden. Das ist die Kernbotschaft des neuen Attac-Basistextes \u201eKlimagerechte Mobilit\u00e4t f\u00fcr alle\u201c, der p\u00fcnktlich zum \u201eAutogipfel\u201c im Kanzleramt am 5. April 2020 erschienen ist.<\/p>\n\n\n\n<p>Die acht Autoren, Mitglieder der Attac-Kampagne \u201eEinfach umsteigen \u2013 Klimagerechte Mobilit\u00e4t f\u00fcr alle\u201c, analysieren in dem Text die Verfehlungen der Verkehrspolitik und beschreiben die notwendigen Ma\u00dfnahmen, um von einer autofixierten zu einer klima- und menschengerechten Mobilit\u00e4t zu kommen. Mit einer utopischen Reise im Jahr 2035 wird die angenehme und klimafreundliche Mobilit\u00e4t f\u00fcr die Leserinnen und Leser erfahrbar gemacht.<\/p>\n\n\n\n<p>Im Unterschied zu anderen verkehrspolitischen Akteuren sehen die Autoren individuelle Elektromobilit\u00e4t und digitale Mobilit\u00e4tsangebote kritisch und halten eine Entmachtung der Automobilkonzerne f\u00fcr eine konsequente Verkehrswende f\u00fcr unabdingbar.<\/p>\n\n\n\n<p>So hei\u00dft es im Schlusskapitel: \u201eWir haben nicht viel Zeit, um die sch\u00e4dlichen Emissionen durch ein wahnwitziges und ungerechtes Verkehrssystem zur\u00fcckzudr\u00e4ngen. Angesichts der relativ langen Planungs- und Umsetzungszeiten gilt es, schnell zu handeln.\u201c Der Basistext will seine Leserinnen und Leser zum Engagement f\u00fcr eine andere Mobilit\u00e4t animieren.<\/p>\n","protected":false},"excerpt":{"rendered":"<p>Ein Attac-Basistext Um den Klimakollaps zu verhindern und gleichzeitig allen Menschen Mobilit\u00e4t zu erm\u00f6glichen, muss motorisierter Individualverkehr radikal verringert, Fu\u00df- und Radverkehr sowie das Angebot von Bus und Bahn schnell und umfassend ausgebaut und f\u00fcr alle erschwinglich werden. Das ist die Kernbotschaft des neuen Attac-Basistextes \u201eKlimagerechte Mobilit\u00e4t f\u00fcr alle\u201c, der p\u00fcnktlich zum \u201eAutogipfel\u201c im Kanzleramt &hellip; <\/p>\n<p class=\"link-more\"><a href=\"https:\/\/www.sinn-schaffen.de\/medien\/attac-basistext-verkehr-der-zukunft-nicht-den-konzernen-ueberlassen\/\" class=\"more-link\"><span class=\"screen-reader-text\">\u201eNeuer Attac-Basistext: Verkehr der Zukunft nicht den Konzernen \u00fcberlassen!\u201c<\/span> weiterlesen<\/a><\/p>\n","protected":false},"author":1,"featured_media":0,"parent":0,"menu_order":27,"comment_status":"closed","ping_status":"closed","template":"","meta":{"footnotes":""},"class_list":["post-48","page","type-page","status-publish","hentry"],"_links":{"self":[{"href":"https:\/\/www.sinn-schaffen.de\/medien\/wp-json\/wp\/v2\/pages\/48","targetHints":{"allow":["GET"]}}],"collection":[{"href":"https:\/\/www.sinn-schaffen.de\/medien\/wp-json\/wp\/v2\/pages"}],"about":[{"href":"https:\/\/www.sinn-schaffen.de\/medien\/wp-json\/wp\/v2\/types\/page"}],"author":[{"embeddable":true,"href":"https:\/\/www.sinn-schaffen.de\/medien\/wp-json\/wp\/v2\/users\/1"}],"replies":[{"embeddable":true,"href":"https:\/\/www.sinn-schaffen.de\/medien\/wp-json\/wp\/v2\/comments?post=48"}],"version-history":[{"count":1,"href":"https:\/\/www.sinn-schaffen.de\/medien\/wp-json\/wp\/v2\/pages\/48\/revisions"}],"predecessor-version":[{"id":49,"href":"https:\/\/www.sinn-schaffen.de\/medien\/wp-json\/wp\/v2\/pages\/48\/revisions\/49"}],"wp:attachment":[{"href":"https:\/\/www.sinn-schaffen.de\/medien\/wp-json\/wp\/v2\/media?parent=48"}],"curies":[{"name":"wp","href":"https:\/\/api.w.org\/{rel}","templated":true}]}}