{"id":62,"date":"2021-06-24T16:08:34","date_gmt":"2021-06-24T14:08:34","guid":{"rendered":"https:\/\/www.sinn-schaffen.de\/medien\/?page_id=62"},"modified":"2021-06-24T16:08:35","modified_gmt":"2021-06-24T14:08:35","slug":"christine-und-frido-mann-im-lichte-der-quanten","status":"publish","type":"page","link":"https:\/\/www.sinn-schaffen.de\/medien\/christine-und-frido-mann-im-lichte-der-quanten\/","title":{"rendered":"Christine und Frido Mann: Im Lichte der Quanten"},"content":{"rendered":"\n<p><em>Christine Mann, Frido Mann, Im Lichte der Quanten, Konsequenzen eines neuen Weltbilds, 334 Seiten, Wissenschaftliche Buchgesellschaft, Darmstadt, 2021, EUR 28,00.<\/em><\/p>\n\n\n\n<p>Die Quantenphysik und die Konsequenzen f\u00fcr ein neues Weltbild soll dem geneigten Leser, Leserin nahegebracht werden. Das ist ein \u00e4hnlich schwieriges Unterfangen, wie wenn ich als Theologin den Heiligen Geist erkl\u00e4ren will. Es sind beides Ph\u00e4nomen oder mehr als das, die die Wirklichkeit bestimmen aber nicht wirklich fassbar sind.<\/p>\n\n\n\n<p>Christine und Frido Mann berufen sich auf die Erkenntnisse des Physikers Thomas G\u00f6rnitz und sein Konzept der \u201eProtyposis\u201c. Am Beginn der Entwicklung steht die bedeutungsfreie Quanteninformation als eine Art Urstoff von Materie, Leben und Bewusstsein. Sie stellt die M\u00f6glichkeiten verschiedener Seinsformen dar. Es geht darum, zu zeigen, dass die Welt nicht festgelegt ist. Der Mensch ist frei und kann gestalten und muss sein Handeln verantworten.<\/p>\n\n\n\n<p>Dieser Ansatz der Quantenphysik bezieht sich darauf, dass die Bewusstseinsvorg\u00e4nge in einem das Universum durchdringenden Netz elektromagnetischer Wellen eingebettet sind. Dies soll als Chance f\u00fcr eine andere Gestaltung der Zukunft verstanden werden. Eine Weltanschauung, in der sowohl Intuition und Verbundenheit als auch Freiheit vorhanden sind, wird entfaltet. Bedeutet das, dass die hier dargestellte Quantentheorie eine Br\u00fccke zur Religion schl\u00e4gt?<\/p>\n\n\n\n<p>Die in diesem Buch zusammengestellten Aufs\u00e4tze regen zum Nachdenken an.<\/p>\n\n\n\n<p><em>Dr. Heiderose G\u00e4rtner-Schultz.<\/em><\/p>\n\n\n\n<figure class=\"wp-block-table\"><table class=\"has-subtle-light-gray-background-color has-background\"><tbody><tr><td width=\"25%\"><a href=\"https:\/\/www.wbg-wissenverbindet.de\/shop\/35016\/im-lichte-der-quanten\" target=\"_blank\" rel=\"noopener noreferrer\"><img decoding=\"async\" title=\" \" width=\"180\" class=\"aligncenter wp-image-313\" src=\"https:\/\/www.sinn-schaffen.de\/medien\/wp-content\/uploads\/sites\/21\/2021\/06\/Frido-und-Christine-Mann.jpg\" alt=\"\"><\/a><\/td><td width=\"75%\"><a href=\"https:\/\/www.wbg-wissenverbindet.de\/shop\/35016\/im-lichte-der-quanten\" target=\"_blank\" rel=\"noopener noreferrer\">Christine Mann, Frido Mann, Im Lichte der Quanten, Konsequenzen eines neuen Weltbilds, 334 Seiten, Wissenschaftliche Buchgesellschaft, Darmstadt, 2021, EUR 28,00.<\/a><\/td><\/tr><\/tbody><\/table><\/figure>\n","protected":false},"excerpt":{"rendered":"<p>Christine Mann, Frido Mann, Im Lichte der Quanten, Konsequenzen eines neuen Weltbilds, 334 Seiten, Wissenschaftliche Buchgesellschaft, Darmstadt, 2021, EUR 28,00. Die Quantenphysik und die Konsequenzen f\u00fcr ein neues Weltbild soll dem geneigten Leser, Leserin nahegebracht werden. Das ist ein \u00e4hnlich schwieriges Unterfangen, wie wenn ich als Theologin den Heiligen Geist erkl\u00e4ren will. Es sind beides &hellip; <\/p>\n<p class=\"link-more\"><a href=\"https:\/\/www.sinn-schaffen.de\/medien\/christine-und-frido-mann-im-lichte-der-quanten\/\" class=\"more-link\"><span class=\"screen-reader-text\">\u201eChristine und Frido Mann: Im Lichte der Quanten\u201c<\/span> weiterlesen<\/a><\/p>\n","protected":false},"author":1,"featured_media":0,"parent":0,"menu_order":25,"comment_status":"closed","ping_status":"closed","template":"","meta":{"footnotes":""},"class_list":["post-62","page","type-page","status-publish","hentry"],"_links":{"self":[{"href":"https:\/\/www.sinn-schaffen.de\/medien\/wp-json\/wp\/v2\/pages\/62","targetHints":{"allow":["GET"]}}],"collection":[{"href":"https:\/\/www.sinn-schaffen.de\/medien\/wp-json\/wp\/v2\/pages"}],"about":[{"href":"https:\/\/www.sinn-schaffen.de\/medien\/wp-json\/wp\/v2\/types\/page"}],"author":[{"embeddable":true,"href":"https:\/\/www.sinn-schaffen.de\/medien\/wp-json\/wp\/v2\/users\/1"}],"replies":[{"embeddable":true,"href":"https:\/\/www.sinn-schaffen.de\/medien\/wp-json\/wp\/v2\/comments?post=62"}],"version-history":[{"count":1,"href":"https:\/\/www.sinn-schaffen.de\/medien\/wp-json\/wp\/v2\/pages\/62\/revisions"}],"predecessor-version":[{"id":63,"href":"https:\/\/www.sinn-schaffen.de\/medien\/wp-json\/wp\/v2\/pages\/62\/revisions\/63"}],"wp:attachment":[{"href":"https:\/\/www.sinn-schaffen.de\/medien\/wp-json\/wp\/v2\/media?parent=62"}],"curies":[{"name":"wp","href":"https:\/\/api.w.org\/{rel}","templated":true}]}}