{"id":1119,"date":"2025-11-03T17:42:29","date_gmt":"2025-11-03T16:42:29","guid":{"rendered":"https:\/\/www.sinn-schaffen.de\/buerger\/?page_id=1119"},"modified":"2025-11-03T17:43:03","modified_gmt":"2025-11-03T16:43:03","slug":"warenverraeumung","status":"publish","type":"page","link":"https:\/\/www.sinn-schaffen.de\/buerger\/warenverraeumung\/","title":{"rendered":"Warenverr\u00e4umung"},"content":{"rendered":"\n<p>Einkaufengehen ist je nach Machart und Lebenssituation eines Menschen unterschiedlich beliebt \u2011 und als Aufgabe angesagt. Mancher wird zur Shopping-Queen, der andere l\u00e4sst sich nur liefern, was unbedingt zum Leben n\u00f6tig ist. In Familienzeiten wird Einkaufen oft zum Stress, neben Beruf und Kindern muss f\u00fcr alles im Haushalt gesorgt werden, damit Essen da ist und die Familie funktioniert.<\/p>\n\n\n\n<p>F\u00fcr Menschen, die \u00e4lter sind, eventuell im Ruhestand, ist Einkaufen oft eine Hauptbesch\u00e4ftigung und die M\u00f6glichkeit unter Leute zu kommen; auch um ein \u201ePl\u00e4uschchen\u201c zu halten. Gerade beim Warten in der Schlange vor der Kasse oder an der Kasse selbst. Bei den neuen neuen Selbstkassier-Kassen gibt es selten Warteschlangen. Wenn doch: nur gehetzte Menschen, die nicht schnell genug einen freien Platz ergattern k\u00f6nnen. Und ein weiterer Punkt: Die neuen Selbstkassier-Kassen sprechen nicht. Der Preis meiner Waren aus dem Mund der Kassiererin war das, au\u00dfer dem \u201eguten Tag\u201c am Anfang und \u201esch\u00f6nen Tag noch\u201c am Ende, auf das man sich verlassen konnte.<\/p>\n\n\n\n<p>Am Nachmittag, nachdem ich diese Zeilen geschrieben hatte, wurde mir in einem Discounter klar gemacht, wie diese Kassen hei\u00dfen: <em>\u201eExpresskassen\u201c<\/em> \u2011 was selbst das Personal nicht glaubt, denn handschriftlich war auf einem Plakat angemerkt, die <em>\u201eSelbstbedienungskassen\u201c(<\/em>!) seien defekt.<\/p>\n\n\n\n<p>Gem\u00fctlich von Regal zu Regal schlendern, die Sonderangebote pr\u00fcfen: Das k\u00f6nnen sch\u00f6ne Stunden im Dasein manchen Rentners sein. Und auch dieses Vergn\u00fcgen ist nicht mehr ungetr\u00fcbt. Seit noch nicht allzu langer Zeit werden w\u00e4hrend der Einkaufszeiten die Waren in die Regale sortiert. Gro\u00dfe Metallgittergestelle versperren den Kundinnen den Weg, da sind lauter Kartons drin. Andere Vehikel transportieren Waren oder gefrorene Lebensmittel an die entsprechenden Stellen im Ladengesch\u00e4ft. Mit einem gro\u00dfen Einkaufswagen daran vorbeizuziehen, ist nicht ohne k\u00f6rperlichen Einsatz der Kundinnen zum Verschieben des anderen Ger\u00e4tes m\u00f6glich.<\/p>\n\n\n\n<p>Problematisch bei diesem K\u00f6rpereinsatz wird die Begegnung mit dem warenverr\u00e4umenden Personal. Sie flitzen von Ecke zu Ecke und manchmal wird Ausweichen kaum mehr m\u00f6glich. \u201eAch, ich habe sie gar nicht gesehen\u201c, hei\u00dft es dann. \u201eNa ja\u201c, frage ich mich, was hat eigentlich ein Kunde, eine Kundin in einem Gesch\u00e4ft zu suchen\u2026<\/p>\n\n\n\n<p><em>Dr. Heiderose G\u00e4rtner-Schultz, <a href=\"https:\/\/www.gaertner-schultz.de\/\" target=\"_blank\" rel=\"noreferrer noopener\">www.gaertner-schultz.de<\/a><\/em><\/p>\n\n\n\n<figure data-wp-context=\"{&quot;imageId&quot;:&quot;69d4355856475&quot;}\" data-wp-interactive=\"core\/image\" data-wp-key=\"69d4355856475\" class=\"wp-block-image size-large wp-lightbox-container\"><img loading=\"lazy\" decoding=\"async\" width=\"1024\" height=\"683\" data-wp-class--hide=\"state.isContentHidden\" data-wp-class--show=\"state.isContentVisible\" data-wp-init=\"callbacks.setButtonStyles\" data-wp-on--click=\"actions.showLightbox\" data-wp-on--load=\"callbacks.setButtonStyles\" data-wp-on-window--resize=\"callbacks.setButtonStyles\" src=\"https:\/\/www.sinn-schaffen.de\/buerger\/wp-content\/uploads\/sites\/18\/2025\/11\/251027-hg-warenverraeumung-text-1024x683.png\" alt=\"\" class=\"wp-image-1118\" title=\"Foto: Heiderose G\u00e4rtner-Schultz\"\/><button\n\t\t\tclass=\"lightbox-trigger\"\n\t\t\ttype=\"button\"\n\t\t\taria-haspopup=\"dialog\"\n\t\t\taria-label=\"Vergr\u00f6\u00dfern\"\n\t\t\tdata-wp-init=\"callbacks.initTriggerButton\"\n\t\t\tdata-wp-on--click=\"actions.showLightbox\"\n\t\t\tdata-wp-style--right=\"state.imageButtonRight\"\n\t\t\tdata-wp-style--top=\"state.imageButtonTop\"\n\t\t>\n\t\t\t<svg xmlns=\"http:\/\/www.w3.org\/2000\/svg\" width=\"12\" height=\"12\" fill=\"none\" viewBox=\"0 0 12 12\">\n\t\t\t\t<path fill=\"#fff\" d=\"M2 0a2 2 0 0 0-2 2v2h1.5V2a.5.5 0 0 1 .5-.5h2V0H2Zm2 10.5H2a.5.5 0 0 1-.5-.5V8H0v2a2 2 0 0 0 2 2h2v-1.5ZM8 12v-1.5h2a.5.5 0 0 0 .5-.5V8H12v2a2 2 0 0 1-2 2H8Zm2-12a2 2 0 0 1 2 2v2h-1.5V2a.5.5 0 0 0-.5-.5H8V0h2Z\" \/>\n\t\t\t<\/svg>\n\t\t<\/button><\/figure>\n","protected":false},"excerpt":{"rendered":"<p>Einkaufengehen ist je nach Machart und Lebenssituation eines Menschen unterschiedlich beliebt \u2011 und als Aufgabe angesagt. Mancher wird zur Shopping-Queen, der andere l\u00e4sst sich nur liefern, was unbedingt zum Leben n\u00f6tig ist. In Familienzeiten wird Einkaufen oft zum Stress, neben Beruf und Kindern muss f\u00fcr alles im Haushalt gesorgt werden, damit Essen da ist und &hellip; <\/p>\n<p class=\"link-more\"><a href=\"https:\/\/www.sinn-schaffen.de\/buerger\/warenverraeumung\/\" class=\"more-link\"><span class=\"screen-reader-text\">\u201eWarenverr\u00e4umung\u201c<\/span> weiterlesen<\/a><\/p>\n","protected":false},"author":1,"featured_media":0,"parent":0,"menu_order":0,"comment_status":"closed","ping_status":"closed","template":"","meta":{"footnotes":""},"class_list":["post-1119","page","type-page","status-publish","hentry"],"_links":{"self":[{"href":"https:\/\/www.sinn-schaffen.de\/buerger\/wp-json\/wp\/v2\/pages\/1119","targetHints":{"allow":["GET"]}}],"collection":[{"href":"https:\/\/www.sinn-schaffen.de\/buerger\/wp-json\/wp\/v2\/pages"}],"about":[{"href":"https:\/\/www.sinn-schaffen.de\/buerger\/wp-json\/wp\/v2\/types\/page"}],"author":[{"embeddable":true,"href":"https:\/\/www.sinn-schaffen.de\/buerger\/wp-json\/wp\/v2\/users\/1"}],"replies":[{"embeddable":true,"href":"https:\/\/www.sinn-schaffen.de\/buerger\/wp-json\/wp\/v2\/comments?post=1119"}],"version-history":[{"count":2,"href":"https:\/\/www.sinn-schaffen.de\/buerger\/wp-json\/wp\/v2\/pages\/1119\/revisions"}],"predecessor-version":[{"id":1121,"href":"https:\/\/www.sinn-schaffen.de\/buerger\/wp-json\/wp\/v2\/pages\/1119\/revisions\/1121"}],"wp:attachment":[{"href":"https:\/\/www.sinn-schaffen.de\/buerger\/wp-json\/wp\/v2\/media?parent=1119"}],"curies":[{"name":"wp","href":"https:\/\/api.w.org\/{rel}","templated":true}]}}